{"id":28277,"date":"2025-11-28T15:55:33","date_gmt":"2025-11-28T15:55:33","guid":{"rendered":"https:\/\/catedraldevalencia.es\/en\/?page_id=28277"},"modified":"2026-01-23T10:45:55","modified_gmt":"2026-01-23T10:45:55","slug":"archaeological-excavation","status":"publish","type":"page","link":"https:\/\/catedraldevalencia.es\/en\/cultural-visit\/archaeological-excavation\/","title":{"rendered":"Archaeological Excavation"},"content":{"rendered":"<p>[et_pb_section admin_label=&#8221;Header&#8221; fullwidth=&#8221;on&#8221; specialty=&#8221;off&#8221; transparent_background=&#8221;on&#8221; background_color=&#8221;#ffffff&#8221; allow_player_pause=&#8221;off&#8221; inner_shadow=&#8221;off&#8221; parallax=&#8221;on&#8221; parallax_method=&#8221;on&#8221; padding_mobile=&#8221;off&#8221; make_fullwidth=&#8221;off&#8221; use_custom_width=&#8221;off&#8221; width_unit=&#8221;on&#8221; make_equal=&#8221;off&#8221; use_custom_gutter=&#8221;off&#8221; module_id=&#8221;marquee&#8221; module_class=&#8221;full animated introduction w_bg&#8221;][et_pb_fullwidth_header admin_label=&#8221;Header &#8211; Archaeological excavation&#8221; title=&#8221;Archaeological Excavation&#8221; background_layout=&#8221;dark&#8221; text_orientation=&#8221;center&#8221; header_fullscreen=&#8221;on&#8221; header_scroll_down=&#8221;off&#8221; scroll_down_icon=&#8221;%%1%%&#8221; button_one_text=&#8221;View virtual tour&#8221; button_one_url=&#8221;https:\/\/catedraldevalencia.es\/virtualtour\/&#8221; parallax=&#8221;off&#8221; parallax_method=&#8221;on&#8221; content_orientation=&#8221;center&#8221; image_orientation=&#8221;center&#8221; custom_button_one=&#8221;off&#8221; button_one_letter_spacing=&#8221;0&#8243; button_one_use_icon=&#8221;default&#8221; button_one_icon_placement=&#8221;right&#8221; button_one_on_hover=&#8221;on&#8221; button_one_letter_spacing_hover=&#8221;0&#8243; custom_button_two=&#8221;off&#8221; button_two_letter_spacing=&#8221;0&#8243; button_two_use_icon=&#8221;default&#8221; button_two_icon_placement=&#8221;right&#8221; button_two_on_hover=&#8221;on&#8221; button_two_letter_spacing_hover=&#8221;0&#8243; module_class=&#8221;animated&#8221; module_id=&#8221;introduction&#8221; background_overlay_color=&#8221;rgba(27,27,27,0.6)&#8221; leadtitle=&#8221;Virtual Tour&#8221;]<\/p>\n<p>[\/et_pb_fullwidth_header][\/et_pb_section][et_pb_section admin_label=&#8221;Section 1 &#8211; Highlights&#8221; fullwidth=&#8221;off&#8221; specialty=&#8221;off&#8221; collapsed=&#8221;off&#8221; transparent_background=&#8221;on&#8221; background_color=&#8221;#f03c25&#8243; allow_player_pause=&#8221;off&#8221; inner_shadow=&#8221;off&#8221; parallax=&#8221;off&#8221; parallax_method=&#8221;off&#8221; padding_mobile=&#8221;off&#8221; make_fullwidth=&#8221;off&#8221; use_custom_width=&#8221;off&#8221; width_unit=&#8221;on&#8221; make_equal=&#8221;off&#8221; use_custom_gutter=&#8221;off&#8221; module_id=&#8221;row-1&#8243;][et_pb_row admin_label=&#8221;Fila&#8221; make_fullwidth=&#8221;off&#8221; use_custom_width=&#8221;off&#8221; width_unit=&#8221;on&#8221; use_custom_gutter=&#8221;off&#8221; padding_mobile=&#8221;off&#8221; allow_player_pause=&#8221;off&#8221; parallax=&#8221;off&#8221; parallax_method=&#8221;off&#8221; make_equal=&#8221;off&#8221; parallax_1=&#8221;off&#8221; parallax_method_1=&#8221;off&#8221; column_padding_mobile=&#8221;on&#8221; module_id=&#8221;header&#8221;][et_pb_column type=&#8221;4_4&#8243;][et_pb_text admin_label=&#8221;Text &#8211; Enjoy an immersive experience&#8221; background_layout=&#8221;light&#8221; text_orientation=&#8221;center&#8221; use_border_color=&#8221;off&#8221; border_color=&#8221;#ffffff&#8221; border_style=&#8221;solid&#8221;]<\/p>\n<h3>Enjoy an immersive experience<\/h3>\n<p class=\"lead\">We invite you to embark on a unique journey to the very origins of our cathedral through our museum&#8217;s virtual tour of the archaeological excavation.<\/p>\n<p class=\"lead\">This immersive experience will allow you to explore the findings unearthed beneath the ground, discovering firsthand the material remains and structures that narrate the living history which has shaped this sacred space over the centuries.<\/p>\n<p>[\/et_pb_text][et_pb_button admin_label=&#8221;Button &#8211; Go to tour&#8221; button_url=&#8221;https:\/\/catedraldevalencia.es\/virtualtour\/&#8221; url_new_window=&#8221;on&#8221; button_text=&#8221;Go to tour&#8221; button_alignment=&#8221;center&#8221; background_layout=&#8221;dark&#8221; is_nobtn=&#8221;off&#8221; custom_button=&#8221;off&#8221; button_letter_spacing=&#8221;0&#8243; button_use_icon=&#8221;default&#8221; button_icon_placement=&#8221;right&#8221; button_on_hover=&#8221;on&#8221; button_letter_spacing_hover=&#8221;0&#8243; module_class=&#8221;btn_cm&#8221;]<\/p>\n<p>[\/et_pb_button][et_pb_text admin_label=&#8221;Text &#8211; This virtual project has been made possible thanks&#8221; background_layout=&#8221;light&#8221; text_orientation=&#8221;center&#8221; use_border_color=&#8221;off&#8221; border_color=&#8221;#ffffff&#8221; border_style=&#8221;solid&#8221;]<\/p>\n<p class=\"note\">This virtual project has been made possible thanks to the meticulous work carried out by <strong>Victoria John<\/strong> and <strong>Mar\u00eda Jos\u00e9 Vi\u00f1als<\/strong> <em>(Polytechnic University of Valencia, 2025)<\/em><\/p>\n<p>[\/et_pb_text][\/et_pb_column][\/et_pb_row][\/et_pb_section]<\/p>\n","protected":false},"excerpt":{"rendered":"<p>[et_pb_section admin_label=&#8221;Header&#8221; fullwidth=&#8221;on&#8221; specialty=&#8221;off&#8221; transparent_background=&#8221;on&#8221; background_color=&#8221;#ffffff&#8221; allow_player_pause=&#8221;off&#8221; inner_shadow=&#8221;off&#8221; parallax=&#8221;on&#8221; parallax_method=&#8221;on&#8221; padding_mobile=&#8221;off&#8221; make_fullwidth=&#8221;off&#8221; use_custom_width=&#8221;off&#8221; width_unit=&#8221;on&#8221; make_equal=&#8221;off&#8221; use_custom_gutter=&#8221;off&#8221; module_id=&#8221;marquee&#8221; module_class=&#8221;full animated introduction w_bg&#8221;][et_pb_fullwidth_header admin_label=&#8221;Header &#8211; Archaeological excavation&#8221; title=&#8221;Archaeological Excavation&#8221; background_layout=&#8221;dark&#8221; text_orientation=&#8221;center&#8221; header_fullscreen=&#8221;on&#8221; header_scroll_down=&#8221;off&#8221; scroll_down_icon=&#8221;%%1%%&#8221; button_one_text=&#8221;View virtual tour&#8221; button_one_url=&#8221;https:\/\/catedraldevalencia.es\/virtualtour\/&#8221; parallax=&#8221;off&#8221; parallax_method=&#8221;on&#8221; content_orientation=&#8221;center&#8221; image_orientation=&#8221;center&#8221; custom_button_one=&#8221;off&#8221; button_one_letter_spacing=&#8221;0&#8243; button_one_use_icon=&#8221;default&#8221; button_one_icon_placement=&#8221;right&#8221; button_one_on_hover=&#8221;on&#8221; button_one_letter_spacing_hover=&#8221;0&#8243; custom_button_two=&#8221;off&#8221; button_two_letter_spacing=&#8221;0&#8243; button_two_use_icon=&#8221;default&#8221; button_two_icon_placement=&#8221;right&#8221; button_two_on_hover=&#8221;on&#8221; button_two_letter_spacing_hover=&#8221;0&#8243; module_class=&#8221;animated&#8221; module_id=&#8221;introduction&#8221; background_overlay_color=&#8221;rgba(27,27,27,0.6)&#8221; [&hellip;]<\/p>\n","protected":false},"author":1,"featured_media":28666,"parent":40,"menu_order":2,"comment_status":"closed","ping_status":"closed","template":"","meta":{"footnotes":""},"class_list":["post-28277","page","type-page","status-publish","has-post-thumbnail","hentry"],"yoast_head":"<!-- This site is optimized with the Yoast SEO plugin v27.3 - https:\/\/yoast.com\/product\/yoast-seo-wordpress\/ -->\n<title>Archaeological Excavation - Valencia Cathedral<\/title>\n<meta name=\"robots\" content=\"index, follow, max-snippet:-1, max-image-preview:large, max-video-preview:-1\" \/>\n<link rel=\"canonical\" href=\"https:\/\/catedraldevalencia.es\/en\/cultural-visit\/archaeological-excavation\/\" \/>\n<meta property=\"og:locale\" content=\"en_GB\" \/>\n<meta property=\"og:type\" content=\"article\" \/>\n<meta property=\"og:title\" content=\"Archaeological Excavation - Valencia Cathedral\" \/>\n<meta property=\"og:description\" content=\"[et_pb_section admin_label=&#8221;Header&#8221; fullwidth=&#8221;on&#8221; specialty=&#8221;off&#8221; transparent_background=&#8221;on&#8221; background_color=&#8221;#ffffff&#8221; allow_player_pause=&#8221;off&#8221; inner_shadow=&#8221;off&#8221; parallax=&#8221;on&#8221; parallax_method=&#8221;on&#8221; padding_mobile=&#8221;off&#8221; make_fullwidth=&#8221;off&#8221; use_custom_width=&#8221;off&#8221; width_unit=&#8221;on&#8221; make_equal=&#8221;off&#8221; use_custom_gutter=&#8221;off&#8221; module_id=&#8221;marquee&#8221; module_class=&#8221;full animated introduction w_bg&#8221;][et_pb_fullwidth_header admin_label=&#8221;Header &#8211; Archaeological excavation&#8221; title=&#8221;Archaeological Excavation&#8221; background_layout=&#8221;dark&#8221; text_orientation=&#8221;center&#8221; header_fullscreen=&#8221;on&#8221; header_scroll_down=&#8221;off&#8221; scroll_down_icon=&#8221;&#8221; button_one_text=&#8221;View virtual tour&#8221; button_one_url=&#8221;https:\/\/catedraldevalencia.es\/virtualtour\/&#8221; parallax=&#8221;off&#8221; parallax_method=&#8221;on&#8221; content_orientation=&#8221;center&#8221; image_orientation=&#8221;center&#8221; custom_button_one=&#8221;off&#8221; button_one_letter_spacing=&#8221;0&#8243; button_one_use_icon=&#8221;default&#8221; button_one_icon_placement=&#8221;right&#8221; button_one_on_hover=&#8221;on&#8221; button_one_letter_spacing_hover=&#8221;0&#8243; custom_button_two=&#8221;off&#8221; button_two_letter_spacing=&#8221;0&#8243; button_two_use_icon=&#8221;default&#8221; button_two_icon_placement=&#8221;right&#8221; button_two_on_hover=&#8221;on&#8221; button_two_letter_spacing_hover=&#8221;0&#8243; module_class=&#8221;animated&#8221; module_id=&#8221;introduction&#8221; background_overlay_color=&#8221;rgba(27,27,27,0.6)&#8221; [&hellip;]\" \/>\n<meta property=\"og:url\" content=\"https:\/\/catedraldevalencia.es\/en\/cultural-visit\/archaeological-excavation\/\" \/>\n<meta property=\"og:site_name\" content=\"Valencia Cathedral\" \/>\n<meta property=\"article:modified_time\" content=\"2026-01-23T10:45:55+00:00\" \/>\n<meta property=\"og:image\" content=\"https:\/\/catedraldevalencia.es\/en\/wp-content\/uploads\/2026\/01\/ft-archaeological-excavation.jpg\" \/>\n\t<meta property=\"og:image:width\" content=\"700\" \/>\n\t<meta property=\"og:image:height\" content=\"525\" \/>\n\t<meta property=\"og:image:type\" content=\"image\/jpeg\" \/>\n<meta name=\"twitter:card\" content=\"summary_large_image\" \/>\n<meta name=\"twitter:label1\" content=\"Estimated reading time\" \/>\n\t<meta name=\"twitter:data1\" content=\"2 minutes\" \/>\n<script type=\"application\/ld+json\" class=\"yoast-schema-graph\">{\"@context\":\"https:\\\/\\\/schema.org\",\"@graph\":[{\"@type\":\"WebPage\",\"@id\":\"https:\\\/\\\/catedraldevalencia.es\\\/en\\\/cultural-visit\\\/archaeological-excavation\\\/\",\"url\":\"https:\\\/\\\/catedraldevalencia.es\\\/en\\\/cultural-visit\\\/archaeological-excavation\\\/\",\"name\":\"Archaeological Excavation - Valencia Cathedral\",\"isPartOf\":{\"@id\":\"https:\\\/\\\/catedraldevalencia.es\\\/en\\\/#website\"},\"primaryImageOfPage\":{\"@id\":\"https:\\\/\\\/catedraldevalencia.es\\\/en\\\/cultural-visit\\\/archaeological-excavation\\\/#primaryimage\"},\"image\":{\"@id\":\"https:\\\/\\\/catedraldevalencia.es\\\/en\\\/cultural-visit\\\/archaeological-excavation\\\/#primaryimage\"},\"thumbnailUrl\":\"https:\\\/\\\/catedraldevalencia.es\\\/en\\\/wp-content\\\/uploads\\\/2026\\\/01\\\/ft-archaeological-excavation.jpg\",\"datePublished\":\"2025-11-28T15:55:33+00:00\",\"dateModified\":\"2026-01-23T10:45:55+00:00\",\"breadcrumb\":{\"@id\":\"https:\\\/\\\/catedraldevalencia.es\\\/en\\\/cultural-visit\\\/archaeological-excavation\\\/#breadcrumb\"},\"inLanguage\":\"en-GB\",\"potentialAction\":[{\"@type\":\"ReadAction\",\"target\":[\"https:\\\/\\\/catedraldevalencia.es\\\/en\\\/cultural-visit\\\/archaeological-excavation\\\/\"]}]},{\"@type\":\"ImageObject\",\"inLanguage\":\"en-GB\",\"@id\":\"https:\\\/\\\/catedraldevalencia.es\\\/en\\\/cultural-visit\\\/archaeological-excavation\\\/#primaryimage\",\"url\":\"https:\\\/\\\/catedraldevalencia.es\\\/en\\\/wp-content\\\/uploads\\\/2026\\\/01\\\/ft-archaeological-excavation.jpg\",\"contentUrl\":\"https:\\\/\\\/catedraldevalencia.es\\\/en\\\/wp-content\\\/uploads\\\/2026\\\/01\\\/ft-archaeological-excavation.jpg\",\"width\":700,\"height\":525},{\"@type\":\"BreadcrumbList\",\"@id\":\"https:\\\/\\\/catedraldevalencia.es\\\/en\\\/cultural-visit\\\/archaeological-excavation\\\/#breadcrumb\",\"itemListElement\":[{\"@type\":\"ListItem\",\"position\":1,\"name\":\"Portada\",\"item\":\"https:\\\/\\\/catedraldevalencia.es\\\/en\\\/\"},{\"@type\":\"ListItem\",\"position\":2,\"name\":\"The Visit\",\"item\":\"https:\\\/\\\/catedraldevalencia.es\\\/en\\\/cultural-visit\\\/\"},{\"@type\":\"ListItem\",\"position\":3,\"name\":\"Archaeological Excavation\"}]},{\"@type\":\"WebSite\",\"@id\":\"https:\\\/\\\/catedraldevalencia.es\\\/en\\\/#website\",\"url\":\"https:\\\/\\\/catedraldevalencia.es\\\/en\\\/\",\"name\":\"Valencia Cathedral\",\"description\":\"The Holy Chalice Cathedral\",\"potentialAction\":[{\"@type\":\"SearchAction\",\"target\":{\"@type\":\"EntryPoint\",\"urlTemplate\":\"https:\\\/\\\/catedraldevalencia.es\\\/en\\\/?s={search_term_string}\"},\"query-input\":{\"@type\":\"PropertyValueSpecification\",\"valueRequired\":true,\"valueName\":\"search_term_string\"}}],\"inLanguage\":\"en-GB\"}]}<\/script>\n<!-- \/ Yoast SEO plugin. -->","yoast_head_json":{"title":"Archaeological Excavation - Valencia Cathedral","robots":{"index":"index","follow":"follow","max-snippet":"max-snippet:-1","max-image-preview":"max-image-preview:large","max-video-preview":"max-video-preview:-1"},"canonical":"https:\/\/catedraldevalencia.es\/en\/cultural-visit\/archaeological-excavation\/","og_locale":"en_GB","og_type":"article","og_title":"Archaeological Excavation - Valencia Cathedral","og_description":"[et_pb_section admin_label=&#8221;Header&#8221; fullwidth=&#8221;on&#8221; specialty=&#8221;off&#8221; transparent_background=&#8221;on&#8221; background_color=&#8221;#ffffff&#8221; allow_player_pause=&#8221;off&#8221; inner_shadow=&#8221;off&#8221; parallax=&#8221;on&#8221; parallax_method=&#8221;on&#8221; padding_mobile=&#8221;off&#8221; make_fullwidth=&#8221;off&#8221; use_custom_width=&#8221;off&#8221; width_unit=&#8221;on&#8221; make_equal=&#8221;off&#8221; use_custom_gutter=&#8221;off&#8221; module_id=&#8221;marquee&#8221; module_class=&#8221;full animated introduction w_bg&#8221;][et_pb_fullwidth_header admin_label=&#8221;Header &#8211; Archaeological excavation&#8221; title=&#8221;Archaeological Excavation&#8221; background_layout=&#8221;dark&#8221; text_orientation=&#8221;center&#8221; header_fullscreen=&#8221;on&#8221; header_scroll_down=&#8221;off&#8221; scroll_down_icon=&#8221;&#8221; button_one_text=&#8221;View virtual tour&#8221; button_one_url=&#8221;https:\/\/catedraldevalencia.es\/virtualtour\/&#8221; parallax=&#8221;off&#8221; parallax_method=&#8221;on&#8221; content_orientation=&#8221;center&#8221; image_orientation=&#8221;center&#8221; custom_button_one=&#8221;off&#8221; button_one_letter_spacing=&#8221;0&#8243; button_one_use_icon=&#8221;default&#8221; button_one_icon_placement=&#8221;right&#8221; button_one_on_hover=&#8221;on&#8221; button_one_letter_spacing_hover=&#8221;0&#8243; custom_button_two=&#8221;off&#8221; button_two_letter_spacing=&#8221;0&#8243; button_two_use_icon=&#8221;default&#8221; button_two_icon_placement=&#8221;right&#8221; button_two_on_hover=&#8221;on&#8221; button_two_letter_spacing_hover=&#8221;0&#8243; module_class=&#8221;animated&#8221; module_id=&#8221;introduction&#8221; background_overlay_color=&#8221;rgba(27,27,27,0.6)&#8221; [&hellip;]","og_url":"https:\/\/catedraldevalencia.es\/en\/cultural-visit\/archaeological-excavation\/","og_site_name":"Valencia Cathedral","article_modified_time":"2026-01-23T10:45:55+00:00","og_image":[{"width":700,"height":525,"url":"https:\/\/catedraldevalencia.es\/en\/wp-content\/uploads\/2026\/01\/ft-archaeological-excavation.jpg","type":"image\/jpeg"}],"twitter_card":"summary_large_image","twitter_misc":{"Estimated reading time":"2 minutes"},"schema":{"@context":"https:\/\/schema.org","@graph":[{"@type":"WebPage","@id":"https:\/\/catedraldevalencia.es\/en\/cultural-visit\/archaeological-excavation\/","url":"https:\/\/catedraldevalencia.es\/en\/cultural-visit\/archaeological-excavation\/","name":"Archaeological Excavation - Valencia Cathedral","isPartOf":{"@id":"https:\/\/catedraldevalencia.es\/en\/#website"},"primaryImageOfPage":{"@id":"https:\/\/catedraldevalencia.es\/en\/cultural-visit\/archaeological-excavation\/#primaryimage"},"image":{"@id":"https:\/\/catedraldevalencia.es\/en\/cultural-visit\/archaeological-excavation\/#primaryimage"},"thumbnailUrl":"https:\/\/catedraldevalencia.es\/en\/wp-content\/uploads\/2026\/01\/ft-archaeological-excavation.jpg","datePublished":"2025-11-28T15:55:33+00:00","dateModified":"2026-01-23T10:45:55+00:00","breadcrumb":{"@id":"https:\/\/catedraldevalencia.es\/en\/cultural-visit\/archaeological-excavation\/#breadcrumb"},"inLanguage":"en-GB","potentialAction":[{"@type":"ReadAction","target":["https:\/\/catedraldevalencia.es\/en\/cultural-visit\/archaeological-excavation\/"]}]},{"@type":"ImageObject","inLanguage":"en-GB","@id":"https:\/\/catedraldevalencia.es\/en\/cultural-visit\/archaeological-excavation\/#primaryimage","url":"https:\/\/catedraldevalencia.es\/en\/wp-content\/uploads\/2026\/01\/ft-archaeological-excavation.jpg","contentUrl":"https:\/\/catedraldevalencia.es\/en\/wp-content\/uploads\/2026\/01\/ft-archaeological-excavation.jpg","width":700,"height":525},{"@type":"BreadcrumbList","@id":"https:\/\/catedraldevalencia.es\/en\/cultural-visit\/archaeological-excavation\/#breadcrumb","itemListElement":[{"@type":"ListItem","position":1,"name":"Portada","item":"https:\/\/catedraldevalencia.es\/en\/"},{"@type":"ListItem","position":2,"name":"The Visit","item":"https:\/\/catedraldevalencia.es\/en\/cultural-visit\/"},{"@type":"ListItem","position":3,"name":"Archaeological Excavation"}]},{"@type":"WebSite","@id":"https:\/\/catedraldevalencia.es\/en\/#website","url":"https:\/\/catedraldevalencia.es\/en\/","name":"Valencia Cathedral","description":"The Holy Chalice Cathedral","potentialAction":[{"@type":"SearchAction","target":{"@type":"EntryPoint","urlTemplate":"https:\/\/catedraldevalencia.es\/en\/?s={search_term_string}"},"query-input":{"@type":"PropertyValueSpecification","valueRequired":true,"valueName":"search_term_string"}}],"inLanguage":"en-GB"}]}},"_links":{"self":[{"href":"https:\/\/catedraldevalencia.es\/en\/wp-json\/wp\/v2\/pages\/28277","targetHints":{"allow":["GET"]}}],"collection":[{"href":"https:\/\/catedraldevalencia.es\/en\/wp-json\/wp\/v2\/pages"}],"about":[{"href":"https:\/\/catedraldevalencia.es\/en\/wp-json\/wp\/v2\/types\/page"}],"author":[{"embeddable":true,"href":"https:\/\/catedraldevalencia.es\/en\/wp-json\/wp\/v2\/users\/1"}],"replies":[{"embeddable":true,"href":"https:\/\/catedraldevalencia.es\/en\/wp-json\/wp\/v2\/comments?post=28277"}],"version-history":[{"count":0,"href":"https:\/\/catedraldevalencia.es\/en\/wp-json\/wp\/v2\/pages\/28277\/revisions"}],"up":[{"embeddable":true,"href":"https:\/\/catedraldevalencia.es\/en\/wp-json\/wp\/v2\/pages\/40"}],"wp:featuredmedia":[{"embeddable":true,"href":"https:\/\/catedraldevalencia.es\/en\/wp-json\/wp\/v2\/media\/28666"}],"wp:attachment":[{"href":"https:\/\/catedraldevalencia.es\/en\/wp-json\/wp\/v2\/media?parent=28277"}],"curies":[{"name":"wp","href":"https:\/\/api.w.org\/{rel}","templated":true}]}}