{"id":69,"date":"2017-10-31T13:05:26","date_gmt":"2017-10-31T13:05:26","guid":{"rendered":"https:\/\/catedraldevalencia.es\/?page_id=69"},"modified":"2025-04-02T08:35:56","modified_gmt":"2025-04-02T08:35:56","slug":"the-royal-brotherhood-of-the-holy-chalice","status":"publish","type":"page","link":"https:\/\/catedraldevalencia.es\/en\/the-holy-chalice\/the-royal-brotherhood-of-the-holy-chalice\/","title":{"rendered":"The Royal Brotherhood of the Holy Chalice"},"content":{"rendered":"<p>[et_pb_section admin_label=&#8221;Section&#8221; fullwidth=&#8221;on&#8221; specialty=&#8221;off&#8221; transparent_background=&#8221;off&#8221; background_color=&#8221;#1b1b1b&#8221; allow_player_pause=&#8221;off&#8221; inner_shadow=&#8221;off&#8221; parallax=&#8221;on&#8221; parallax_method=&#8221;on&#8221; padding_mobile=&#8221;off&#8221; make_fullwidth=&#8221;off&#8221; use_custom_width=&#8221;off&#8221; width_unit=&#8221;on&#8221; make_equal=&#8221;off&#8221; use_custom_gutter=&#8221;off&#8221; module_id=&#8221;marquee&#8221; module_class=&#8221;full w_image animated&#8221; background_image=&#8221;https:\/\/catedraldevalencia.es\/wp-content\/uploads\/2020\/01\/hd-real-brotherhood-holy-chalice.jpg&#8221;]\n[et_pb_fullwidth_header admin_label=&#8221;Header &#8211; The Royal Brotherhood of the Holy Chalice&#8221; title=&#8221;The Royal Brotherhood&#8221; subhead=&#8221;The Holy Chalice of the Lord&#8217;s Supper&#8221; background_layout=&#8221;dark&#8221; text_orientation=&#8221;center&#8221; header_fullscreen=&#8221;on&#8221; header_scroll_down=&#8221;off&#8221; background_overlay_color=&#8221;rgba(27,27,27,0.35)&#8221; parallax=&#8221;off&#8221; parallax_method=&#8221;off&#8221; content_orientation=&#8221;center&#8221; image_orientation=&#8221;center&#8221; custom_button_one=&#8221;off&#8221; button_one_letter_spacing=&#8221;0&#8243; button_one_use_icon=&#8221;default&#8221; button_one_icon_placement=&#8221;right&#8221; button_one_on_hover=&#8221;on&#8221; button_one_letter_spacing_hover=&#8221;0&#8243; custom_button_two=&#8221;off&#8221; button_two_letter_spacing=&#8221;0&#8243; button_two_use_icon=&#8221;default&#8221; button_two_icon_placement=&#8221;right&#8221; button_two_on_hover=&#8221;on&#8221; button_two_letter_spacing_hover=&#8221;0&#8243; scroll_down_icon=&#8221;%%1%%&#8221; logo_image_url=&#8221;https:\/\/catedraldevalencia.es\/wp-content\/uploads\/2020\/01\/img-emblem-the-real-brotherhood-of-the-holy-chalice.png&#8221;]\n[\/et_pb_fullwidth_header]\n[\/et_pb_section]\n[et_pb_section admin_label=&#8221;Section&#8221; fullwidth=&#8221;off&#8221; specialty=&#8221;off&#8221; transparent_background=&#8221;on&#8221; background_color=&#8221;#f7f7f4&#8243; allow_player_pause=&#8221;off&#8221; inner_shadow=&#8221;off&#8221; parallax=&#8221;off&#8221; parallax_method=&#8221;off&#8221; padding_mobile=&#8221;off&#8221; make_fullwidth=&#8221;off&#8221; use_custom_width=&#8221;off&#8221; width_unit=&#8221;on&#8221; make_equal=&#8221;off&#8221; use_custom_gutter=&#8221;off&#8221; module_id=&#8221;row-1&#8243;]\n[et_pb_row admin_label=&#8221;Row&#8221; make_fullwidth=&#8221;off&#8221; use_custom_width=&#8221;on&#8221; width_unit=&#8221;on&#8221; use_custom_gutter=&#8221;off&#8221; custom_padding=&#8221;20px|||&#8221; padding_mobile=&#8221;on&#8221; allow_player_pause=&#8221;off&#8221; parallax=&#8221;off&#8221; parallax_method=&#8221;off&#8221; make_equal=&#8221;off&#8221; parallax_1=&#8221;off&#8221; parallax_method_1=&#8221;off&#8221; parallax_2=&#8221;off&#8221; parallax_method_2=&#8221;off&#8221; column_padding_mobile=&#8221;on&#8221; custom_padding_tablet=&#8221;0px|||&#8221; custom_padding_last_edited=&#8221;on|tablet&#8221; custom_width_px=&#8221;980px&#8221; module_class=&#8221;cm-column&#8221; module_class_1=&#8221;col-1&#8243; module_class_2=&#8221;col-2&#8243;]\n[et_pb_column type=&#8221;2_3&#8243;]\n[et_pb_number_counter admin_label=&#8221;1955&#8243; number=&#8221;1955&#8243; percent_sign=&#8221;off&#8221; counter_color=&#8221;#990000&#8243; background_layout=&#8221;light&#8221; use_border_color=&#8221;off&#8221; border_color=&#8221;#ffffff&#8221; border_style=&#8221;solid&#8221;]\n[\/et_pb_number_counter]\n[et_pb_text admin_label=&#8221;Text &#8211; Presentation&#8221; background_layout=&#8221;light&#8221; text_orientation=&#8221;left&#8221; use_border_color=&#8221;off&#8221; border_color=&#8221;#ffffff&#8221; border_style=&#8221;solid&#8221; text_font_size_last_edited=&#8221;off|tablet&#8221;]<\/p>\n<h2>The Royal Brotherhood of the Holy Chalice<\/h2>\n<p class=\"lead\">When on January 6, 1916, the Holy Chalice was definitively exhibited in the old <em>Gothic Chapter House (14th century)<\/em>, the Archbishop <strong>Mr. Jos\u00e9 Mar\u00eda Salvador y Barrera<\/strong> approved in February 1918, the statutes of the <em>\u201cRoyal Brotherhood of the Holy Chalice, collegiate body of the Valencian titled nobility\u201d<\/em>, in order to contribute to the worship of the sacred relic.<\/p>\n<p>[\/et_pb_text]\n[\/et_pb_column]\n[et_pb_column type=&#8221;1_3&#8243;]\n[et_pb_image admin_label=&#8221;Image &#8211; Jos\u00e9 Mar\u00eda Salvador y Barrera&#8221; src=&#8221;https:\/\/catedraldevalencia.es\/wp-content\/uploads\/2020\/01\/img-archbishop-jose-maria-salvador-barrera.jpg&#8221; show_in_lightbox=&#8221;on&#8221; url_new_window=&#8221;off&#8221; use_overlay=&#8221;on&#8221; animation=&#8221;fade_in&#8221; sticky=&#8221;on&#8221; align=&#8221;center&#8221; force_fullwidth=&#8221;off&#8221; always_center_on_mobile=&#8221;on&#8221; use_border_color=&#8221;off&#8221; border_color=&#8221;#ffffff&#8221; border_style=&#8221;solid&#8221; custom_margin=&#8221;0px|||&#8221; alt=&#8221;Jos\u00e9 Mar\u00eda Salvador y Barrera&#8221; title_text=&#8221;Jos\u00e9 Mar\u00eda Salvador y Barrera&#8221; hover_icon=&#8221;%%51%%&#8221;]\n[\/et_pb_image]\n[et_pb_text admin_label=&#8221;Epigraph&#8221; background_layout=&#8221;light&#8221; text_orientation=&#8221;center&#8221; use_border_color=&#8221;off&#8221; border_color=&#8221;#ffffff&#8221; border_style=&#8221;solid&#8221; custom_margin_last_edited=&#8221;on|phone&#8221; text_font_size_last_edited=&#8221;off|desktop&#8221; disabled=&#8221;off&#8221; disabled_on=&#8221;off|off|&#8221; text_line_height=&#8221;1.2em&#8221;]<\/p>\n<p class=\"epigraph\">Archbishop <br>Jos\u00e9 Mar\u00eda Salvador y Barrera.<\/p>\n<p>[\/et_pb_text]\n[\/et_pb_column]\n[\/et_pb_row]\n[\/et_pb_section]\n[et_pb_section admin_label=&#8221;Section&#8221; fullwidth=&#8221;off&#8221; specialty=&#8221;off&#8221; module_id=&#8221;row-2&#8243; transparent_background=&#8221;on&#8221; background_color=&#8221;#ffffff&#8221; allow_player_pause=&#8221;off&#8221; inner_shadow=&#8221;off&#8221; parallax=&#8221;off&#8221; parallax_method=&#8221;off&#8221; padding_mobile=&#8221;off&#8221; make_fullwidth=&#8221;off&#8221; use_custom_width=&#8221;off&#8221; width_unit=&#8221;on&#8221; make_equal=&#8221;off&#8221; use_custom_gutter=&#8221;off&#8221;]\n[et_pb_row admin_label=&#8221;Row&#8221; make_fullwidth=&#8221;off&#8221; use_custom_width=&#8221;on&#8221; width_unit=&#8221;on&#8221; use_custom_gutter=&#8221;on&#8221; padding_mobile=&#8221;on&#8221; allow_player_pause=&#8221;off&#8221; parallax=&#8221;off&#8221; parallax_method=&#8221;off&#8221; make_equal=&#8221;off&#8221; parallax_1=&#8221;off&#8221; parallax_method_1=&#8221;off&#8221; column_padding_mobile=&#8221;on&#8221; custom_padding_last_edited=&#8221;off|phone&#8221; custom_width_px=&#8221;980px&#8221; parallax_2=&#8221;off&#8221; parallax_method_2=&#8221;off&#8221; module_class=&#8221;inner_header&#8221;]\n[et_pb_column type=&#8221;4_4&#8243;]\n[et_pb_text admin_label=&#8221;Text &#8211; Su primer presidente fue &#8230;&#8221; background_layout=&#8221;light&#8221; text_orientation=&#8221;left&#8221; max_width=&#8221;980px&#8221; use_border_color=&#8221;off&#8221; border_color=&#8221;#ffffff&#8221; border_style=&#8221;solid&#8221; custom_margin=&#8221;40px||0px|&#8221; text_font_size_last_edited=&#8221;off|tablet&#8221; custom_margin_phone=&#8221;0px||0px|&#8221; custom_margin_last_edited=&#8221;on|phone&#8221;]<\/p>\n<p class=\"lead with_caps\">The first president of the Royal Brotherhood of the Holy Chalice was Mr. <strong>Lu\u00eds Vich, Baron of Llaur\u00ed,<\/strong> co-founder of this illustrious association together with the Baron of Santa B\u00e1rbara.<\/p>\n<p>[\/et_pb_text]\n[\/et_pb_column]\n[\/et_pb_row]\n[et_pb_row admin_label=&#8221;Row&#8221; make_fullwidth=&#8221;off&#8221; use_custom_width=&#8221;on&#8221; width_unit=&#8221;on&#8221; use_custom_gutter=&#8221;on&#8221; padding_mobile=&#8221;on&#8221; allow_player_pause=&#8221;off&#8221; parallax=&#8221;off&#8221; parallax_method=&#8221;off&#8221; make_equal=&#8221;off&#8221; parallax_1=&#8221;off&#8221; parallax_method_1=&#8221;off&#8221; column_padding_mobile=&#8221;on&#8221; custom_padding_tablet=&#8221;17px|||&#8221; custom_padding_last_edited=&#8221;off|tablet&#8221; custom_width_px=&#8221;980px&#8221; parallax_2=&#8221;off&#8221; parallax_method_2=&#8221;off&#8221; gutter_width=&#8221;2&#8243; module_class_1=&#8221;col-1&#8243; module_class_2=&#8221;col-2&#8243; module_class=&#8221;cm-column&#8221;]\n[et_pb_column type=&#8221;3_4&#8243;]\n[et_pb_image admin_label=&#8221;Image &#8211; Annual feast of the Royal Brotherhood of the Holy Chalice&#8221; src=&#8221;https:\/\/catedraldevalencia.es\/wp-content\/uploads\/2020\/01\/img-of-the-annual-feast-royal-brotherhood-holy-chalice.jpg&#8221; show_in_lightbox=&#8221;on&#8221; url_new_window=&#8221;off&#8221; use_overlay=&#8221;on&#8221; animation=&#8221;fade_in&#8221; sticky=&#8221;on&#8221; align=&#8221;left&#8221; force_fullwidth=&#8221;off&#8221; always_center_on_mobile=&#8221;on&#8221; use_border_color=&#8221;off&#8221; border_color=&#8221;#ffffff&#8221; border_style=&#8221;solid&#8221; hover_icon=&#8221;%%51%%&#8221; alt=&#8221;Annual feast of the Royal Brotherhood of the Holy Chalice&#8221; title_text=&#8221;Annual feast of the Royal Brotherhood of the Holy Chalice \/ V\u00edctor Guti\u00e9rrez&#8221;]\n[\/et_pb_image]\n[et_pb_text admin_label=&#8221;Epigraph&#8221; background_layout=&#8221;light&#8221; text_orientation=&#8221;left&#8221; use_border_color=&#8221;off&#8221; border_color=&#8221;#ffffff&#8221; border_style=&#8221;solid&#8221; text_font_size=&#8221;12&#8243; text_line_height=&#8221;1.2em&#8221; custom_margin=&#8221;6px|||&#8221;]<\/p>\n<p class=\"epigraph\">Annual feast of the Royal Brotherhood of the Holy Chalice.<\/p>\n<p>[\/et_pb_text]\n[\/et_pb_column]\n[et_pb_column type=&#8221;1_4&#8243;]\n[et_pb_image admin_label=&#8221;Image &#8211; Banner&#8221; src=&#8221;https:\/\/catedraldevalencia.es\/wp-content\/uploads\/2020\/01\/img-banner-royal-brotherhood-holy-chalice.jpg&#8221; show_in_lightbox=&#8221;on&#8221; url_new_window=&#8221;off&#8221; use_overlay=&#8221;off&#8221; animation=&#8221;fade_in&#8221; sticky=&#8221;on&#8221; align=&#8221;center&#8221; force_fullwidth=&#8221;off&#8221; always_center_on_mobile=&#8221;on&#8221; use_border_color=&#8221;off&#8221; border_color=&#8221;#ffffff&#8221; border_style=&#8221;solid&#8221; custom_margin=&#8221;-48px|||&#8221; alt=&#8221;Standard of the Royal Brotherhood of the Holy Chalice&#8221; title_text=&#8221;Standard of the Royal Brotherhood of the Holy Chalice&#8221; custom_margin_phone=&#8221;0px|||&#8221; custom_margin_last_edited=&#8221;on|phone&#8221;]\n[\/et_pb_image]\n[et_pb_text admin_label=&#8221;Epigraph&#8221; background_layout=&#8221;light&#8221; text_orientation=&#8221;center&#8221; use_border_color=&#8221;off&#8221; border_color=&#8221;#ffffff&#8221; border_style=&#8221;solid&#8221; custom_margin_last_edited=&#8221;on|phone&#8221; text_font_size_last_edited=&#8221;off|desktop&#8221; disabled=&#8221;off&#8221; disabled_on=&#8221;off|off|&#8221; text_line_height=&#8221;1.2em&#8221;]<\/p>\n<p class=\"epigraph\">Standard <br>of the Royal Brotherhood <br>of the Holy Chalice.<\/p>\n<p>[\/et_pb_text]\n[\/et_pb_column]\n[\/et_pb_row]\n[et_pb_row admin_label=&#8221;Row&#8221; make_fullwidth=&#8221;off&#8221; use_custom_width=&#8221;on&#8221; width_unit=&#8221;on&#8221; use_custom_gutter=&#8221;on&#8221; padding_mobile=&#8221;on&#8221; allow_player_pause=&#8221;off&#8221; parallax=&#8221;off&#8221; parallax_method=&#8221;off&#8221; make_equal=&#8221;off&#8221; parallax_1=&#8221;off&#8221; parallax_method_1=&#8221;off&#8221; column_padding_mobile=&#8221;on&#8221; custom_padding_tablet=&#8221;17px|||&#8221; custom_padding_last_edited=&#8221;off|tablet&#8221; custom_width_px=&#8221;980px&#8221; parallax_2=&#8221;off&#8221; parallax_method_2=&#8221;off&#8221;]\n[et_pb_column type=&#8221;4_4&#8243;]\n[et_pb_text admin_label=&#8221;Text &#8211; There are many improvements that have been sponsored&#8221; background_layout=&#8221;light&#8221; text_orientation=&#8221;left&#8221; use_border_color=&#8221;off&#8221; border_color=&#8221;#ffffff&#8221; border_style=&#8221;solid&#8221; text_font_size_last_edited=&#8221;off|tablet&#8221;]<\/p>\n<p>There are many improvements to the <strong>Chapel of the Holy Chalice<\/strong> that the Royal Brotherhood has sponsored, which adopted the celebration of the <em>\u201cThursday of the Holy Chalice\u201d<\/em> on the first Thursdays of the month.<\/p>\n<p class=\"note\">This Royal Brotherhood also has a division in Madrid.<\/p>\n<p>[\/et_pb_text]\n[\/et_pb_column]\n[\/et_pb_row]\n[\/et_pb_section]\n[et_pb_section admin_label=&#8221;Section&#8221; fullwidth=&#8221;off&#8221; specialty=&#8221;off&#8221; transparent_background=&#8221;on&#8221; background_color=&#8221;#ffffff&#8221; allow_player_pause=&#8221;off&#8221; inner_shadow=&#8221;off&#8221; parallax=&#8221;off&#8221; parallax_method=&#8221;off&#8221; padding_mobile=&#8221;off&#8221; make_fullwidth=&#8221;off&#8221; use_custom_width=&#8221;off&#8221; width_unit=&#8221;on&#8221; make_equal=&#8221;off&#8221; use_custom_gutter=&#8221;off&#8221; module_id=&#8221;row-3&#8243; disabled=&#8221;off&#8221; disabled_on=&#8221;off|off|off&#8221;]\n[et_pb_row admin_label=&#8221;Row&#8221; make_fullwidth=&#8221;off&#8221; use_custom_width=&#8221;on&#8221; width_unit=&#8221;on&#8221; use_custom_gutter=&#8221;off&#8221; padding_mobile=&#8221;off&#8221; allow_player_pause=&#8221;off&#8221; parallax=&#8221;off&#8221; parallax_method=&#8221;off&#8221; make_equal=&#8221;on&#8221; parallax_1=&#8221;off&#8221; parallax_method_1=&#8221;off&#8221; column_padding_mobile=&#8221;on&#8221; parallax_2=&#8221;off&#8221; parallax_method_2=&#8221;off&#8221; module_class_1=&#8221;col-1&#8243; module_class_2=&#8221;col-2&#8243; module_id_1=&#8221;col-publicattention&#8221; module_id_2=&#8221;col-contactdata&#8221; custom_width_px=&#8221;980px&#8221;]\n[et_pb_column type=&#8221;4_4&#8243;]\n[et_pb_text admin_label=&#8221;Text &#8211; Royal Brotherhood of the Holy Chalice, Body of the Valencian Nobility&#8221; background_layout=&#8221;light&#8221; text_orientation=&#8221;left&#8221; use_border_color=&#8221;off&#8221; border_color=&#8221;#ffffff&#8221; border_style=&#8221;solid&#8221;]<\/p>\n<h4 class=\"pretitle\">Related links<\/h4>\n<h3>Royal Brotherhood of the Holy Chalice, Body of the Valencian Nobility<\/h3>\n<p>[\/et_pb_text]\n[et_pb_button admin_label=&#8221;Button &#8211; rhscvalencia.es&#8221; button_url=&#8221;http:\/\/www.rhscvalencia.es&#8221; url_new_window=&#8221;on&#8221; button_text=&#8221;Website of the Royal Brotherhood of the Holy Chalice \/ www.rhscvalencia.es&#8221; button_alignment=&#8221;left&#8221; background_layout=&#8221;light&#8221; is_nobtn=&#8221;on&#8221; custom_button=&#8221;off&#8221; button_letter_spacing=&#8221;0&#8243; button_use_icon=&#8221;default&#8221; button_icon_placement=&#8221;right&#8221; button_on_hover=&#8221;on&#8221; button_letter_spacing_hover=&#8221;0&#8243; module_class=&#8221;related_link&#8221;]\n[\/et_pb_button]\n[\/et_pb_column]\n[\/et_pb_row]\n[\/et_pb_section]<\/p>\n","protected":false},"excerpt":{"rendered":"<p>Collegiate body of the Valencian titled nobility.<\/p>\n","protected":false},"author":1,"featured_media":26262,"parent":42,"menu_order":5,"comment_status":"closed","ping_status":"closed","template":"page-withmenu.php","meta":{"footnotes":""},"class_list":["post-69","page","type-page","status-publish","has-post-thumbnail","hentry"],"yoast_head":"<!-- This site is optimized with the Yoast SEO plugin v27.4 - https:\/\/yoast.com\/product\/yoast-seo-wordpress\/ -->\n<title>The Royal Brotherhood of the Holy Chalice - Valencia Cathedral<\/title>\n<meta name=\"robots\" content=\"index, follow, max-snippet:-1, max-image-preview:large, max-video-preview:-1\" \/>\n<link rel=\"canonical\" href=\"https:\/\/catedraldevalencia.es\/en\/the-holy-chalice\/the-royal-brotherhood-of-the-holy-chalice\/\" \/>\n<meta property=\"og:locale\" content=\"en_GB\" \/>\n<meta property=\"og:type\" content=\"article\" \/>\n<meta property=\"og:title\" content=\"The Royal Brotherhood of the Holy Chalice - Valencia Cathedral\" \/>\n<meta property=\"og:description\" content=\"Collegiate body of the Valencian titled nobility.\" \/>\n<meta property=\"og:url\" content=\"https:\/\/catedraldevalencia.es\/en\/the-holy-chalice\/the-royal-brotherhood-of-the-holy-chalice\/\" \/>\n<meta property=\"og:site_name\" content=\"Valencia Cathedral\" \/>\n<meta property=\"article:modified_time\" content=\"2025-04-02T08:35:56+00:00\" \/>\n<meta property=\"og:image\" content=\"https:\/\/catedraldevalencia.es\/en\/wp-content\/uploads\/2020\/01\/ft-holy-chalice-real-brotherhood.jpg\" \/>\n\t<meta property=\"og:image:width\" content=\"700\" \/>\n\t<meta property=\"og:image:height\" content=\"525\" \/>\n\t<meta property=\"og:image:type\" content=\"image\/jpeg\" \/>\n<meta name=\"twitter:card\" content=\"summary_large_image\" \/>\n<meta name=\"twitter:label1\" content=\"Estimated reading time\" \/>\n\t<meta name=\"twitter:data1\" content=\"4 minutes\" \/>\n<script type=\"application\/ld+json\" class=\"yoast-schema-graph\">{\"@context\":\"https:\\\/\\\/schema.org\",\"@graph\":[{\"@type\":\"WebPage\",\"@id\":\"https:\\\/\\\/catedraldevalencia.es\\\/en\\\/the-holy-chalice\\\/the-royal-brotherhood-of-the-holy-chalice\\\/\",\"url\":\"https:\\\/\\\/catedraldevalencia.es\\\/en\\\/the-holy-chalice\\\/the-royal-brotherhood-of-the-holy-chalice\\\/\",\"name\":\"The Royal Brotherhood of the Holy Chalice - Valencia Cathedral\",\"isPartOf\":{\"@id\":\"https:\\\/\\\/catedraldevalencia.es\\\/en\\\/#website\"},\"primaryImageOfPage\":{\"@id\":\"https:\\\/\\\/catedraldevalencia.es\\\/en\\\/the-holy-chalice\\\/the-royal-brotherhood-of-the-holy-chalice\\\/#primaryimage\"},\"image\":{\"@id\":\"https:\\\/\\\/catedraldevalencia.es\\\/en\\\/the-holy-chalice\\\/the-royal-brotherhood-of-the-holy-chalice\\\/#primaryimage\"},\"thumbnailUrl\":\"https:\\\/\\\/catedraldevalencia.es\\\/en\\\/wp-content\\\/uploads\\\/2020\\\/01\\\/ft-holy-chalice-real-brotherhood.jpg\",\"datePublished\":\"2017-10-31T13:05:26+00:00\",\"dateModified\":\"2025-04-02T08:35:56+00:00\",\"breadcrumb\":{\"@id\":\"https:\\\/\\\/catedraldevalencia.es\\\/en\\\/the-holy-chalice\\\/the-royal-brotherhood-of-the-holy-chalice\\\/#breadcrumb\"},\"inLanguage\":\"en-GB\",\"potentialAction\":[{\"@type\":\"ReadAction\",\"target\":[\"https:\\\/\\\/catedraldevalencia.es\\\/en\\\/the-holy-chalice\\\/the-royal-brotherhood-of-the-holy-chalice\\\/\"]}]},{\"@type\":\"ImageObject\",\"inLanguage\":\"en-GB\",\"@id\":\"https:\\\/\\\/catedraldevalencia.es\\\/en\\\/the-holy-chalice\\\/the-royal-brotherhood-of-the-holy-chalice\\\/#primaryimage\",\"url\":\"https:\\\/\\\/catedraldevalencia.es\\\/en\\\/wp-content\\\/uploads\\\/2020\\\/01\\\/ft-holy-chalice-real-brotherhood.jpg\",\"contentUrl\":\"https:\\\/\\\/catedraldevalencia.es\\\/en\\\/wp-content\\\/uploads\\\/2020\\\/01\\\/ft-holy-chalice-real-brotherhood.jpg\",\"width\":700,\"height\":525},{\"@type\":\"BreadcrumbList\",\"@id\":\"https:\\\/\\\/catedraldevalencia.es\\\/en\\\/the-holy-chalice\\\/the-royal-brotherhood-of-the-holy-chalice\\\/#breadcrumb\",\"itemListElement\":[{\"@type\":\"ListItem\",\"position\":1,\"name\":\"Portada\",\"item\":\"https:\\\/\\\/catedraldevalencia.es\\\/en\\\/\"},{\"@type\":\"ListItem\",\"position\":2,\"name\":\"The Holy Chalice\",\"item\":\"https:\\\/\\\/catedraldevalencia.es\\\/en\\\/the-holy-chalice\\\/\"},{\"@type\":\"ListItem\",\"position\":3,\"name\":\"The Royal Brotherhood of the Holy Chalice\"}]},{\"@type\":\"WebSite\",\"@id\":\"https:\\\/\\\/catedraldevalencia.es\\\/en\\\/#website\",\"url\":\"https:\\\/\\\/catedraldevalencia.es\\\/en\\\/\",\"name\":\"Valencia Cathedral\",\"description\":\"The Holy Chalice Cathedral\",\"potentialAction\":[{\"@type\":\"SearchAction\",\"target\":{\"@type\":\"EntryPoint\",\"urlTemplate\":\"https:\\\/\\\/catedraldevalencia.es\\\/en\\\/?s={search_term_string}\"},\"query-input\":{\"@type\":\"PropertyValueSpecification\",\"valueRequired\":true,\"valueName\":\"search_term_string\"}}],\"inLanguage\":\"en-GB\"}]}<\/script>\n<!-- \/ Yoast SEO plugin. -->","yoast_head_json":{"title":"The Royal Brotherhood of the Holy Chalice - Valencia Cathedral","robots":{"index":"index","follow":"follow","max-snippet":"max-snippet:-1","max-image-preview":"max-image-preview:large","max-video-preview":"max-video-preview:-1"},"canonical":"https:\/\/catedraldevalencia.es\/en\/the-holy-chalice\/the-royal-brotherhood-of-the-holy-chalice\/","og_locale":"en_GB","og_type":"article","og_title":"The Royal Brotherhood of the Holy Chalice - Valencia Cathedral","og_description":"Collegiate body of the Valencian titled nobility.","og_url":"https:\/\/catedraldevalencia.es\/en\/the-holy-chalice\/the-royal-brotherhood-of-the-holy-chalice\/","og_site_name":"Valencia Cathedral","article_modified_time":"2025-04-02T08:35:56+00:00","og_image":[{"width":700,"height":525,"url":"https:\/\/catedraldevalencia.es\/en\/wp-content\/uploads\/2020\/01\/ft-holy-chalice-real-brotherhood.jpg","type":"image\/jpeg"}],"twitter_card":"summary_large_image","twitter_misc":{"Estimated reading time":"4 minutes"},"schema":{"@context":"https:\/\/schema.org","@graph":[{"@type":"WebPage","@id":"https:\/\/catedraldevalencia.es\/en\/the-holy-chalice\/the-royal-brotherhood-of-the-holy-chalice\/","url":"https:\/\/catedraldevalencia.es\/en\/the-holy-chalice\/the-royal-brotherhood-of-the-holy-chalice\/","name":"The Royal Brotherhood of the Holy Chalice - Valencia Cathedral","isPartOf":{"@id":"https:\/\/catedraldevalencia.es\/en\/#website"},"primaryImageOfPage":{"@id":"https:\/\/catedraldevalencia.es\/en\/the-holy-chalice\/the-royal-brotherhood-of-the-holy-chalice\/#primaryimage"},"image":{"@id":"https:\/\/catedraldevalencia.es\/en\/the-holy-chalice\/the-royal-brotherhood-of-the-holy-chalice\/#primaryimage"},"thumbnailUrl":"https:\/\/catedraldevalencia.es\/en\/wp-content\/uploads\/2020\/01\/ft-holy-chalice-real-brotherhood.jpg","datePublished":"2017-10-31T13:05:26+00:00","dateModified":"2025-04-02T08:35:56+00:00","breadcrumb":{"@id":"https:\/\/catedraldevalencia.es\/en\/the-holy-chalice\/the-royal-brotherhood-of-the-holy-chalice\/#breadcrumb"},"inLanguage":"en-GB","potentialAction":[{"@type":"ReadAction","target":["https:\/\/catedraldevalencia.es\/en\/the-holy-chalice\/the-royal-brotherhood-of-the-holy-chalice\/"]}]},{"@type":"ImageObject","inLanguage":"en-GB","@id":"https:\/\/catedraldevalencia.es\/en\/the-holy-chalice\/the-royal-brotherhood-of-the-holy-chalice\/#primaryimage","url":"https:\/\/catedraldevalencia.es\/en\/wp-content\/uploads\/2020\/01\/ft-holy-chalice-real-brotherhood.jpg","contentUrl":"https:\/\/catedraldevalencia.es\/en\/wp-content\/uploads\/2020\/01\/ft-holy-chalice-real-brotherhood.jpg","width":700,"height":525},{"@type":"BreadcrumbList","@id":"https:\/\/catedraldevalencia.es\/en\/the-holy-chalice\/the-royal-brotherhood-of-the-holy-chalice\/#breadcrumb","itemListElement":[{"@type":"ListItem","position":1,"name":"Portada","item":"https:\/\/catedraldevalencia.es\/en\/"},{"@type":"ListItem","position":2,"name":"The Holy Chalice","item":"https:\/\/catedraldevalencia.es\/en\/the-holy-chalice\/"},{"@type":"ListItem","position":3,"name":"The Royal Brotherhood of the Holy Chalice"}]},{"@type":"WebSite","@id":"https:\/\/catedraldevalencia.es\/en\/#website","url":"https:\/\/catedraldevalencia.es\/en\/","name":"Valencia Cathedral","description":"The Holy Chalice Cathedral","potentialAction":[{"@type":"SearchAction","target":{"@type":"EntryPoint","urlTemplate":"https:\/\/catedraldevalencia.es\/en\/?s={search_term_string}"},"query-input":{"@type":"PropertyValueSpecification","valueRequired":true,"valueName":"search_term_string"}}],"inLanguage":"en-GB"}]}},"_links":{"self":[{"href":"https:\/\/catedraldevalencia.es\/en\/wp-json\/wp\/v2\/pages\/69","targetHints":{"allow":["GET"]}}],"collection":[{"href":"https:\/\/catedraldevalencia.es\/en\/wp-json\/wp\/v2\/pages"}],"about":[{"href":"https:\/\/catedraldevalencia.es\/en\/wp-json\/wp\/v2\/types\/page"}],"author":[{"embeddable":true,"href":"https:\/\/catedraldevalencia.es\/en\/wp-json\/wp\/v2\/users\/1"}],"replies":[{"embeddable":true,"href":"https:\/\/catedraldevalencia.es\/en\/wp-json\/wp\/v2\/comments?post=69"}],"version-history":[{"count":0,"href":"https:\/\/catedraldevalencia.es\/en\/wp-json\/wp\/v2\/pages\/69\/revisions"}],"up":[{"embeddable":true,"href":"https:\/\/catedraldevalencia.es\/en\/wp-json\/wp\/v2\/pages\/42"}],"wp:featuredmedia":[{"embeddable":true,"href":"https:\/\/catedraldevalencia.es\/en\/wp-json\/wp\/v2\/media\/26262"}],"wp:attachment":[{"href":"https:\/\/catedraldevalencia.es\/en\/wp-json\/wp\/v2\/media?parent=69"}],"curies":[{"name":"wp","href":"https:\/\/api.w.org\/{rel}","templated":true}]}}