{"id":95,"date":"2017-11-02T13:16:34","date_gmt":"2017-11-02T13:16:34","guid":{"rendered":"https:\/\/catedraldevalencia.es\/?page_id=95"},"modified":"2025-04-18T17:46:13","modified_gmt":"2025-04-18T17:46:13","slug":"complete-list-metropolitan-council","status":"publish","type":"page","link":"https:\/\/catedraldevalencia.es\/en\/the-cathedral\/the-metropolitan-chapter\/complete-list-metropolitan-council\/","title":{"rendered":"Full list"},"content":{"rendered":"<p>[et_pb_section admin_label=&#8221;Header&#8221; fullwidth=&#8221;on&#8221; transparent_background=&#8221;on&#8221; allow_player_pause=&#8221;off&#8221; inner_shadow=&#8221;off&#8221; parallax=&#8221;off&#8221; parallax_method=&#8221;off&#8221; padding_mobile=&#8221;off&#8221; make_fullwidth=&#8221;off&#8221; use_custom_width=&#8221;off&#8221; width_unit=&#8221;on&#8221; make_equal=&#8221;off&#8221; use_custom_gutter=&#8221;off&#8221; module_id=&#8221;marquee&#8221; module_class=&#8221;medium animated&#8221; background_color=&#8221;#ffffff&#8221; background_image=&#8221;https:\/\/catedraldevalencia.es\/wp-content\/uploads\/2018\/10\/hd-chapter-complete-list.jpg&#8221;][et_pb_fullwidth_header admin_label=&#8221;Header &#8211; The Metropolitan Chapter &#8211; Complete list&#8221; title=&#8221;Complete list&#8221; subhead=&#8221;The Metropolitan Chapter&#8221; background_layout=&#8221;dark&#8221; text_orientation=&#8221;left&#8221; header_fullscreen=&#8221;off&#8221; header_scroll_down=&#8221;off&#8221; parallax=&#8221;off&#8221; parallax_method=&#8221;off&#8221; content_orientation=&#8221;center&#8221; image_orientation=&#8221;center&#8221; custom_button_one=&#8221;off&#8221; button_one_letter_spacing=&#8221;0&#8243; button_one_use_icon=&#8221;default&#8221; button_one_icon_placement=&#8221;right&#8221; button_one_on_hover=&#8221;on&#8221; button_one_letter_spacing_hover=&#8221;0&#8243; custom_button_two=&#8221;off&#8221; button_two_letter_spacing=&#8221;0&#8243; button_two_use_icon=&#8221;default&#8221; button_two_icon_placement=&#8221;right&#8221; button_two_on_hover=&#8221;on&#8221; button_two_letter_spacing_hover=&#8221;0&#8243; background_overlay_color=&#8221;rgba(27,27,27,0)&#8221;]<\/p>\n<p>[\/et_pb_fullwidth_header][\/et_pb_section][et_pb_section admin_label=&#8221;Section&#8221; transparent_background=&#8221;on&#8221; background_color=&#8221;#ffffff&#8221; allow_player_pause=&#8221;off&#8221; inner_shadow=&#8221;off&#8221; parallax=&#8221;off&#8221; parallax_method=&#8221;off&#8221; padding_mobile=&#8221;off&#8221; make_fullwidth=&#8221;off&#8221; use_custom_width=&#8221;off&#8221; width_unit=&#8221;on&#8221; make_equal=&#8221;off&#8221; use_custom_gutter=&#8221;off&#8221; module_id=&#8221;row-1&#8243;][et_pb_row admin_label=&#8221;Row&#8221; make_fullwidth=&#8221;off&#8221; use_custom_width=&#8221;off&#8221; width_unit=&#8221;on&#8221; use_custom_gutter=&#8221;off&#8221; padding_mobile=&#8221;off&#8221; allow_player_pause=&#8221;off&#8221; parallax=&#8221;off&#8221; parallax_method=&#8221;off&#8221; make_equal=&#8221;off&#8221; parallax_1=&#8221;off&#8221; parallax_method_1=&#8221;off&#8221; column_padding_mobile=&#8221;on&#8221; module_id=&#8221;int_row_1&#8243;][et_pb_column type=&#8221;4_4&#8243;][et_pb_text admin_label=&#8221;Canons\u2019 Chapter &#8211; Text&#8221; background_layout=&#8221;light&#8221; text_orientation=&#8221;left&#8221; use_border_color=&#8221;off&#8221; border_color=&#8221;#ffffff&#8221; border_style=&#8221;solid&#8221;]<\/p>\n<h2>Canons\u2019 Chapter<\/h2>\n<p>[\/et_pb_text][\/et_pb_column][\/et_pb_row][et_pb_row admin_label=&#8221;Row&#8221; make_fullwidth=&#8221;off&#8221; use_custom_width=&#8221;off&#8221; width_unit=&#8221;on&#8221; use_custom_gutter=&#8221;off&#8221; padding_mobile=&#8221;off&#8221; allow_player_pause=&#8221;off&#8221; parallax=&#8221;off&#8221; parallax_method=&#8221;off&#8221; make_equal=&#8221;on&#8221; parallax_1=&#8221;off&#8221; parallax_method_1=&#8221;off&#8221; column_padding_mobile=&#8221;on&#8221; module_id=&#8221;int_row_2&#8243; parallax_2=&#8221;off&#8221; parallax_method_2=&#8221;off&#8221;][et_pb_column type=&#8221;1_3&#8243;][et_pb_text admin_label=&#8221;Dean &#8211; Most Illustrious Mr. &#8211; Text&#8221; background_layout=&#8221;light&#8221; text_orientation=&#8221;left&#8221; use_border_color=&#8221;off&#8221; border_color=&#8221;#ffffff&#8221; border_style=&#8221;solid&#8221;]<\/p>\n<h3>Dean<\/h3>\n<h4 class=\"pretitle\">Most Illustrious Mr.<\/h4>\n<p>[\/et_pb_text][et_pb_code admin_label=&#8221;Dean List (shortcode)&#8221; module_id=&#8221;col_dean&#8221;]<div id=\"chapter-list\">\n<ul class=\"dean\">\n<li>\n<h5>Mr. Vicente Fontestad Pastor<\/h5><em>Dean-President<\/em><\/li><\/ul><\/div>[\/et_pb_code][\/et_pb_column][et_pb_column type=&#8221;2_3&#8243;][et_pb_text admin_label=&#8221;Canons &#8211; MM. II. Sirs. &#8211; Text&#8221; background_layout=&#8221;light&#8221; text_orientation=&#8221;left&#8221; use_border_color=&#8221;off&#8221; border_color=&#8221;#ffffff&#8221; border_style=&#8221;solid&#8221;]<\/p>\n<h3>Canons<\/h3>\n<h4 class=\"pretitle\">Most Illustrious Messrs.<\/h4>\n<p>[\/et_pb_text][et_pb_code admin_label=&#8221;List of Canons (shortcode)&#8221; module_id=&#8221;col_canons&#8221;]<div id=\"chapter-list\">\n<ul class=\"canonigos\">\n<li>\n<h5>Mr. Antonio Andr\u00e9s Ferrandis<\/h5><\/li>\n<li>\n<h5>Mr. Vicente Pons Al\u00f3s<\/h5><em>Archivist - Librarian<\/em><em>Vice president<\/em><\/li>\n<li>\n<h5>Mr. Jorge Jos\u00e9 Mir\u00f3 Mir\u00f3<\/h5><em>Magistral<\/em><em>Syndic - Administrator<\/em><em>Visitor of the sick<\/em><\/li>\n<li>\n<h5>Mr. \u00c1lvaro Almenar Picallo<\/h5><em>Custodian of the Holy Chalice worship<\/em><em>Protocol manager<\/em><\/li>\n<li>\n<h5>Mr. Aquilino Mart\u00ednez Gallego<\/h5><em>Organist<\/em><em>Sacred Music Prefect<\/em><\/li>\n<li>\n<h5>Mr. Juan Dami\u00e1n Gand\u00eda Barber<\/h5><em>Accountant Judge<\/em><\/li>\n<li>\n<h5>Mr. Jos\u00e9 Francisco Castell\u00f3 Colomer<\/h5><em>Legal adviser<\/em><em>Accountant Judge<\/em><em>Chapter secretary<\/em><\/li>\n<li>\n<h5>Mr. Jorge Morant Morant<\/h5><em>Penitentiary<\/em><em>Visitor of the sick<\/em><\/li>\n<li>\n<h5>Mr. Jos\u00e9 Verdeguer Garc\u00eda<\/h5><em>Treasurer<\/em><em>Artistic Heritage Curator<\/em><em>Communications and Public Relations Delegate<\/em><em>Director of the Cathedral Museum<\/em><\/li>\n<li>\n<h5>Mr. Benjam\u00edn Mart\u00ednez Galva\u00f1<\/h5><em>Pastoral Office<\/em><em>Pastoral Prefect<\/em><\/li>\n<li>\n<h5>Mr. Jos\u00e9 Canet Canet<\/h5><em>Liturgy Prefect<\/em><\/li>\n<li>\n<h5>Mr. Rafael Cerd\u00e1 Capuz<\/h5><\/li>\n<li>\n<h5>Mr. Jaime Gonz\u00e1lez Argente<\/h5><em>Judge of Discipline<\/em><\/li>\n<li>\n<h5>Mr. Mariano Trenco Albiach<\/h5><em>Assistant to the Communications and Public Relations Delegate<\/em><em>Assistant to the Treasurer<\/em><\/li>\n<li>\n<h5>Mr. Santiago Pons Dom\u00e9nech<\/h5><\/li>\n<li>\n<h5>Mr. Jes\u00fas Gir\u00f3n Izquierdo<\/h5><\/li><\/ul><\/div>[\/et_pb_code][\/et_pb_column][\/et_pb_row][et_pb_row admin_label=&#8221;row&#8221; make_fullwidth=&#8221;off&#8221; use_custom_width=&#8221;off&#8221; width_unit=&#8221;on&#8221; use_custom_gutter=&#8221;off&#8221; padding_mobile=&#8221;off&#8221; allow_player_pause=&#8221;off&#8221; parallax=&#8221;off&#8221; parallax_method=&#8221;off&#8221; make_equal=&#8221;on&#8221; parallax_1=&#8221;off&#8221; parallax_method_1=&#8221;off&#8221; column_padding_mobile=&#8221;on&#8221; module_id=&#8221;int_row_3&#8243; parallax_2=&#8221;off&#8221; parallax_method_2=&#8221;off&#8221;][et_pb_column type=&#8221;1_3&#8243;][\/et_pb_column][et_pb_column type=&#8221;2_3&#8243;][et_pb_text admin_label=&#8221;Emeritus Canons &#8211; The Most Illustrious Gentlemen &#8211; Text&#8221; background_layout=&#8221;light&#8221; text_orientation=&#8221;left&#8221; use_border_color=&#8221;off&#8221; border_color=&#8221;#ffffff&#8221; border_style=&#8221;solid&#8221;]<\/p>\n<h3>Emeritus Canons<\/h3>\n<h4 class=\"pretitle\">The Most Illustrious Gentlemen<\/h4>\n<p>[\/et_pb_text][et_pb_code admin_label=&#8221;List of Emeritus Canons (shortcode)&#8221;]<div id=\"chapter-list\">\n<ul class=\"canonigos-emeritos\">\n<li>\n<h5>Mr. Emilio Aliaga Girb\u00e9s<\/h5><\/li>\n<li>\n<h5>Mr. Jaime Sancho Andreu<\/h5><\/li>\n<li>\n<h5>Mr. Ram\u00f3n Fita Revert<\/h5><\/li>\n<li>\n<h5>Mr. Adolfo Barrachina Carbonell<\/h5><\/li>\n<li>\n<h5>Mr. Miguel Bou Pi\u00f1\u00f3n<\/h5><\/li>\n<li>\n<h5>Mr. Arturo Llin Ch\u00e1fer<\/h5><\/li>\n<li>\n<h5>Mr. Jos\u00e9 P\u00e9rez Leal<\/h5><\/li>\n<li>\n<h5>Mr. Arturo Climent Bonaf\u00e9<\/h5><\/li><\/ul><\/div>[\/et_pb_code][\/et_pb_column][\/et_pb_row][et_pb_row admin_label=&#8221;row&#8221; make_fullwidth=&#8221;off&#8221; use_custom_width=&#8221;off&#8221; width_unit=&#8221;on&#8221; use_custom_gutter=&#8221;off&#8221; padding_mobile=&#8221;off&#8221; allow_player_pause=&#8221;off&#8221; parallax=&#8221;off&#8221; parallax_method=&#8221;off&#8221; make_equal=&#8221;on&#8221; parallax_1=&#8221;off&#8221; parallax_method_1=&#8221;off&#8221; column_padding_mobile=&#8221;on&#8221; module_id=&#8221;int_row_3&#8243; parallax_2=&#8221;off&#8221; parallax_method_2=&#8221;off&#8221;][et_pb_column type=&#8221;1_3&#8243;][\/et_pb_column][et_pb_column type=&#8221;2_3&#8243;][et_pb_text admin_label=&#8221;Honorary Canons &#8211; Honorary canons &#8211; Text&#8221; background_layout=&#8221;light&#8221; text_orientation=&#8221;left&#8221; use_border_color=&#8221;off&#8221; border_color=&#8221;#ffffff&#8221; border_style=&#8221;solid&#8221;]<\/p>\n<h3>Honorary Canons<\/h3>\n<h4 class=\"pretitle\">The Most Illustrious Gentlemen<\/h4>\n<p>[\/et_pb_text][et_pb_code admin_label=&#8221;List of Honorary Canons (shortcode)&#8221;]<div id=\"chapter-list\">\n<ul class=\"canonigos-honorarios\">\n<li>\n<h5>Mr. Juan Ant\u00f3n Alonso<\/h5><\/li>\n<li>\n<h5>Mr. Juan Ricardo Company Marqu\u00e9s<\/h5><\/li>\n<li>\n<h5>Mr. Gil Herrero Ant\u00f3n<\/h5><\/li>\n<li>\n<h5>Mr. Juan Jos\u00e9 Garrido Zaragoz\u00e1<\/h5><\/li>\n<li>\n<h5>Mr. Bernab\u00e9 P\u00e9rez Polo<\/h5><\/li><\/ul><\/div>[\/et_pb_code][\/et_pb_column][\/et_pb_row][et_pb_row admin_label=&#8221;Row&#8221; make_fullwidth=&#8221;off&#8221; use_custom_width=&#8221;off&#8221; width_unit=&#8221;on&#8221; use_custom_gutter=&#8221;off&#8221; padding_mobile=&#8221;off&#8221; allow_player_pause=&#8221;off&#8221; parallax=&#8221;off&#8221; parallax_method=&#8221;off&#8221; make_equal=&#8221;off&#8221; parallax_1=&#8221;off&#8221; parallax_method_1=&#8221;off&#8221; column_padding_mobile=&#8221;on&#8221; module_id=&#8221;related&#8221;][et_pb_column type=&#8221;4_4&#8243;][et_pb_text admin_label=&#8221;Related &#8211; Text&#8221; background_layout=&#8221;light&#8221; text_orientation=&#8221;left&#8221; use_border_color=&#8221;off&#8221; border_color=&#8221;#ffffff&#8221; border_style=&#8221;solid&#8221;]<\/p>\n<h5>Related<\/h5>\n<p>[\/et_pb_text][et_pb_list admin_label=&#8221;Related &#8211; Listing&#8221; horizontal_line=&#8221;on&#8221; use_border_color=&#8221;off&#8221; border_color=&#8221;#ffffff&#8221; border_style=&#8221;solid&#8221; numbered_list=&#8221;off&#8221; is_button_link=&#8221;on&#8221;]<\/p>\n<p>[et_pb_list_item title=&#8221;Statutes of the Metropolitan Cathedral\u2013Basilica of Our Lady Saint Mary of Valencia.&#8221; use_icon=&#8221;off&#8221; custom_icon=&#8221;off&#8221; animation=&#8221;top&#8221; button_link=&#8221;https:\/\/catedraldevalencia.es\/en\/the-cathedral\/the-metropolitan-chapter\/statutes\/&#8221;]\nDownload file in PDF <em>(183 kb)<\/em>\n[\/et_pb_list_item]<\/p>\n<p>[\/et_pb_list][\/et_pb_column][\/et_pb_row][\/et_pb_section]<\/p>\n","protected":false},"excerpt":{"rendered":"<p>[et_pb_section admin_label=&#8221;Header&#8221; fullwidth=&#8221;on&#8221; transparent_background=&#8221;on&#8221; allow_player_pause=&#8221;off&#8221; inner_shadow=&#8221;off&#8221; parallax=&#8221;off&#8221; parallax_method=&#8221;off&#8221; padding_mobile=&#8221;off&#8221; make_fullwidth=&#8221;off&#8221; use_custom_width=&#8221;off&#8221; width_unit=&#8221;on&#8221; make_equal=&#8221;off&#8221; use_custom_gutter=&#8221;off&#8221; module_id=&#8221;marquee&#8221; module_class=&#8221;medium animated&#8221; background_color=&#8221;#ffffff&#8221; background_image=&#8221;https:\/\/catedraldevalencia.es\/wp-content\/uploads\/2018\/10\/hd-chapter-complete-list.jpg&#8221;][et_pb_fullwidth_header admin_label=&#8221;Header &#8211; The Metropolitan Chapter &#8211; Complete list&#8221; title=&#8221;Complete list&#8221; subhead=&#8221;The Metropolitan Chapter&#8221; background_layout=&#8221;dark&#8221; text_orientation=&#8221;left&#8221; header_fullscreen=&#8221;off&#8221; header_scroll_down=&#8221;off&#8221; parallax=&#8221;off&#8221; parallax_method=&#8221;off&#8221; content_orientation=&#8221;center&#8221; image_orientation=&#8221;center&#8221; custom_button_one=&#8221;off&#8221; button_one_letter_spacing=&#8221;0&#8243; button_one_use_icon=&#8221;default&#8221; button_one_icon_placement=&#8221;right&#8221; button_one_on_hover=&#8221;on&#8221; button_one_letter_spacing_hover=&#8221;0&#8243; custom_button_two=&#8221;off&#8221; button_two_letter_spacing=&#8221;0&#8243; button_two_use_icon=&#8221;default&#8221; button_two_icon_placement=&#8221;right&#8221; button_two_on_hover=&#8221;on&#8221; button_two_letter_spacing_hover=&#8221;0&#8243; background_overlay_color=&#8221;rgba(27,27,27,0)&#8221;] [\/et_pb_fullwidth_header][\/et_pb_section][et_pb_section admin_label=&#8221;Section&#8221; [&hellip;]<\/p>\n","protected":false},"author":1,"featured_media":3462,"parent":63,"menu_order":3,"comment_status":"closed","ping_status":"closed","template":"page-chapter-council.php","meta":{"footnotes":""},"class_list":["post-95","page","type-page","status-publish","has-post-thumbnail","hentry"],"yoast_head":"<!-- This site is optimized with the Yoast SEO plugin v27.4 - https:\/\/yoast.com\/product\/yoast-seo-wordpress\/ -->\n<title>Full list - Valencia Cathedral<\/title>\n<meta name=\"robots\" content=\"index, follow, max-snippet:-1, max-image-preview:large, max-video-preview:-1\" \/>\n<link rel=\"canonical\" href=\"https:\/\/catedraldevalencia.es\/en\/the-cathedral\/the-metropolitan-chapter\/complete-list-metropolitan-council\/\" \/>\n<meta property=\"og:locale\" content=\"en_GB\" \/>\n<meta property=\"og:type\" content=\"article\" \/>\n<meta property=\"og:title\" content=\"Full list - Valencia Cathedral\" \/>\n<meta property=\"og:description\" content=\"[et_pb_section admin_label=&#8221;Header&#8221; fullwidth=&#8221;on&#8221; transparent_background=&#8221;on&#8221; allow_player_pause=&#8221;off&#8221; inner_shadow=&#8221;off&#8221; parallax=&#8221;off&#8221; parallax_method=&#8221;off&#8221; padding_mobile=&#8221;off&#8221; make_fullwidth=&#8221;off&#8221; use_custom_width=&#8221;off&#8221; width_unit=&#8221;on&#8221; make_equal=&#8221;off&#8221; use_custom_gutter=&#8221;off&#8221; module_id=&#8221;marquee&#8221; module_class=&#8221;medium animated&#8221; background_color=&#8221;#ffffff&#8221; background_image=&#8221;https:\/\/catedraldevalencia.es\/wp-content\/uploads\/2018\/10\/hd-chapter-complete-list.jpg&#8221;][et_pb_fullwidth_header admin_label=&#8221;Header &#8211; The Metropolitan Chapter &#8211; Complete list&#8221; title=&#8221;Complete list&#8221; subhead=&#8221;The Metropolitan Chapter&#8221; background_layout=&#8221;dark&#8221; text_orientation=&#8221;left&#8221; header_fullscreen=&#8221;off&#8221; header_scroll_down=&#8221;off&#8221; parallax=&#8221;off&#8221; parallax_method=&#8221;off&#8221; content_orientation=&#8221;center&#8221; image_orientation=&#8221;center&#8221; custom_button_one=&#8221;off&#8221; button_one_letter_spacing=&#8221;0&#8243; button_one_use_icon=&#8221;default&#8221; button_one_icon_placement=&#8221;right&#8221; button_one_on_hover=&#8221;on&#8221; button_one_letter_spacing_hover=&#8221;0&#8243; custom_button_two=&#8221;off&#8221; button_two_letter_spacing=&#8221;0&#8243; button_two_use_icon=&#8221;default&#8221; button_two_icon_placement=&#8221;right&#8221; button_two_on_hover=&#8221;on&#8221; button_two_letter_spacing_hover=&#8221;0&#8243; background_overlay_color=&#8221;rgba(27,27,27,0)&#8221;] [\/et_pb_fullwidth_header][\/et_pb_section][et_pb_section admin_label=&#8221;Section&#8221; [&hellip;]\" \/>\n<meta property=\"og:url\" content=\"https:\/\/catedraldevalencia.es\/en\/the-cathedral\/the-metropolitan-chapter\/complete-list-metropolitan-council\/\" \/>\n<meta property=\"og:site_name\" content=\"Valencia Cathedral\" \/>\n<meta property=\"article:modified_time\" content=\"2025-04-18T17:46:13+00:00\" \/>\n<meta property=\"og:image\" content=\"https:\/\/catedraldevalencia.es\/en\/wp-content\/uploads\/2018\/10\/ft-complete-list.jpg\" \/>\n\t<meta property=\"og:image:width\" content=\"700\" \/>\n\t<meta property=\"og:image:height\" content=\"525\" \/>\n\t<meta property=\"og:image:type\" content=\"image\/jpeg\" \/>\n<meta name=\"twitter:card\" content=\"summary_large_image\" \/>\n<meta name=\"twitter:label1\" content=\"Estimated reading time\" \/>\n\t<meta name=\"twitter:data1\" content=\"2 minutes\" \/>\n<script type=\"application\/ld+json\" class=\"yoast-schema-graph\">{\"@context\":\"https:\\\/\\\/schema.org\",\"@graph\":[{\"@type\":\"WebPage\",\"@id\":\"https:\\\/\\\/catedraldevalencia.es\\\/en\\\/the-cathedral\\\/the-metropolitan-chapter\\\/complete-list-metropolitan-council\\\/\",\"url\":\"https:\\\/\\\/catedraldevalencia.es\\\/en\\\/the-cathedral\\\/the-metropolitan-chapter\\\/complete-list-metropolitan-council\\\/\",\"name\":\"Full list - Valencia Cathedral\",\"isPartOf\":{\"@id\":\"https:\\\/\\\/catedraldevalencia.es\\\/en\\\/#website\"},\"primaryImageOfPage\":{\"@id\":\"https:\\\/\\\/catedraldevalencia.es\\\/en\\\/the-cathedral\\\/the-metropolitan-chapter\\\/complete-list-metropolitan-council\\\/#primaryimage\"},\"image\":{\"@id\":\"https:\\\/\\\/catedraldevalencia.es\\\/en\\\/the-cathedral\\\/the-metropolitan-chapter\\\/complete-list-metropolitan-council\\\/#primaryimage\"},\"thumbnailUrl\":\"https:\\\/\\\/catedraldevalencia.es\\\/en\\\/wp-content\\\/uploads\\\/2018\\\/10\\\/ft-complete-list.jpg\",\"datePublished\":\"2017-11-02T13:16:34+00:00\",\"dateModified\":\"2025-04-18T17:46:13+00:00\",\"breadcrumb\":{\"@id\":\"https:\\\/\\\/catedraldevalencia.es\\\/en\\\/the-cathedral\\\/the-metropolitan-chapter\\\/complete-list-metropolitan-council\\\/#breadcrumb\"},\"inLanguage\":\"en-GB\",\"potentialAction\":[{\"@type\":\"ReadAction\",\"target\":[\"https:\\\/\\\/catedraldevalencia.es\\\/en\\\/the-cathedral\\\/the-metropolitan-chapter\\\/complete-list-metropolitan-council\\\/\"]}]},{\"@type\":\"ImageObject\",\"inLanguage\":\"en-GB\",\"@id\":\"https:\\\/\\\/catedraldevalencia.es\\\/en\\\/the-cathedral\\\/the-metropolitan-chapter\\\/complete-list-metropolitan-council\\\/#primaryimage\",\"url\":\"https:\\\/\\\/catedraldevalencia.es\\\/en\\\/wp-content\\\/uploads\\\/2018\\\/10\\\/ft-complete-list.jpg\",\"contentUrl\":\"https:\\\/\\\/catedraldevalencia.es\\\/en\\\/wp-content\\\/uploads\\\/2018\\\/10\\\/ft-complete-list.jpg\",\"width\":700,\"height\":525},{\"@type\":\"BreadcrumbList\",\"@id\":\"https:\\\/\\\/catedraldevalencia.es\\\/en\\\/the-cathedral\\\/the-metropolitan-chapter\\\/complete-list-metropolitan-council\\\/#breadcrumb\",\"itemListElement\":[{\"@type\":\"ListItem\",\"position\":1,\"name\":\"Portada\",\"item\":\"https:\\\/\\\/catedraldevalencia.es\\\/en\\\/\"},{\"@type\":\"ListItem\",\"position\":2,\"name\":\"The Cathedral\",\"item\":\"https:\\\/\\\/catedraldevalencia.es\\\/en\\\/the-cathedral\\\/\"},{\"@type\":\"ListItem\",\"position\":3,\"name\":\"The Metropolitan Chapter\",\"item\":\"https:\\\/\\\/catedraldevalencia.es\\\/en\\\/the-cathedral\\\/the-metropolitan-chapter\\\/\"},{\"@type\":\"ListItem\",\"position\":4,\"name\":\"Full list\"}]},{\"@type\":\"WebSite\",\"@id\":\"https:\\\/\\\/catedraldevalencia.es\\\/en\\\/#website\",\"url\":\"https:\\\/\\\/catedraldevalencia.es\\\/en\\\/\",\"name\":\"Valencia Cathedral\",\"description\":\"The Holy Chalice Cathedral\",\"potentialAction\":[{\"@type\":\"SearchAction\",\"target\":{\"@type\":\"EntryPoint\",\"urlTemplate\":\"https:\\\/\\\/catedraldevalencia.es\\\/en\\\/?s={search_term_string}\"},\"query-input\":{\"@type\":\"PropertyValueSpecification\",\"valueRequired\":true,\"valueName\":\"search_term_string\"}}],\"inLanguage\":\"en-GB\"}]}<\/script>\n<!-- \/ Yoast SEO plugin. -->","yoast_head_json":{"title":"Full list - Valencia Cathedral","robots":{"index":"index","follow":"follow","max-snippet":"max-snippet:-1","max-image-preview":"max-image-preview:large","max-video-preview":"max-video-preview:-1"},"canonical":"https:\/\/catedraldevalencia.es\/en\/the-cathedral\/the-metropolitan-chapter\/complete-list-metropolitan-council\/","og_locale":"en_GB","og_type":"article","og_title":"Full list - Valencia Cathedral","og_description":"[et_pb_section admin_label=&#8221;Header&#8221; fullwidth=&#8221;on&#8221; transparent_background=&#8221;on&#8221; allow_player_pause=&#8221;off&#8221; inner_shadow=&#8221;off&#8221; parallax=&#8221;off&#8221; parallax_method=&#8221;off&#8221; padding_mobile=&#8221;off&#8221; make_fullwidth=&#8221;off&#8221; use_custom_width=&#8221;off&#8221; width_unit=&#8221;on&#8221; make_equal=&#8221;off&#8221; use_custom_gutter=&#8221;off&#8221; module_id=&#8221;marquee&#8221; module_class=&#8221;medium animated&#8221; background_color=&#8221;#ffffff&#8221; background_image=&#8221;https:\/\/catedraldevalencia.es\/wp-content\/uploads\/2018\/10\/hd-chapter-complete-list.jpg&#8221;][et_pb_fullwidth_header admin_label=&#8221;Header &#8211; The Metropolitan Chapter &#8211; Complete list&#8221; title=&#8221;Complete list&#8221; subhead=&#8221;The Metropolitan Chapter&#8221; background_layout=&#8221;dark&#8221; text_orientation=&#8221;left&#8221; header_fullscreen=&#8221;off&#8221; header_scroll_down=&#8221;off&#8221; parallax=&#8221;off&#8221; parallax_method=&#8221;off&#8221; content_orientation=&#8221;center&#8221; image_orientation=&#8221;center&#8221; custom_button_one=&#8221;off&#8221; button_one_letter_spacing=&#8221;0&#8243; button_one_use_icon=&#8221;default&#8221; button_one_icon_placement=&#8221;right&#8221; button_one_on_hover=&#8221;on&#8221; button_one_letter_spacing_hover=&#8221;0&#8243; custom_button_two=&#8221;off&#8221; button_two_letter_spacing=&#8221;0&#8243; button_two_use_icon=&#8221;default&#8221; button_two_icon_placement=&#8221;right&#8221; button_two_on_hover=&#8221;on&#8221; button_two_letter_spacing_hover=&#8221;0&#8243; background_overlay_color=&#8221;rgba(27,27,27,0)&#8221;] [\/et_pb_fullwidth_header][\/et_pb_section][et_pb_section admin_label=&#8221;Section&#8221; [&hellip;]","og_url":"https:\/\/catedraldevalencia.es\/en\/the-cathedral\/the-metropolitan-chapter\/complete-list-metropolitan-council\/","og_site_name":"Valencia Cathedral","article_modified_time":"2025-04-18T17:46:13+00:00","og_image":[{"width":700,"height":525,"url":"https:\/\/catedraldevalencia.es\/en\/wp-content\/uploads\/2018\/10\/ft-complete-list.jpg","type":"image\/jpeg"}],"twitter_card":"summary_large_image","twitter_misc":{"Estimated reading time":"2 minutes"},"schema":{"@context":"https:\/\/schema.org","@graph":[{"@type":"WebPage","@id":"https:\/\/catedraldevalencia.es\/en\/the-cathedral\/the-metropolitan-chapter\/complete-list-metropolitan-council\/","url":"https:\/\/catedraldevalencia.es\/en\/the-cathedral\/the-metropolitan-chapter\/complete-list-metropolitan-council\/","name":"Full list - Valencia Cathedral","isPartOf":{"@id":"https:\/\/catedraldevalencia.es\/en\/#website"},"primaryImageOfPage":{"@id":"https:\/\/catedraldevalencia.es\/en\/the-cathedral\/the-metropolitan-chapter\/complete-list-metropolitan-council\/#primaryimage"},"image":{"@id":"https:\/\/catedraldevalencia.es\/en\/the-cathedral\/the-metropolitan-chapter\/complete-list-metropolitan-council\/#primaryimage"},"thumbnailUrl":"https:\/\/catedraldevalencia.es\/en\/wp-content\/uploads\/2018\/10\/ft-complete-list.jpg","datePublished":"2017-11-02T13:16:34+00:00","dateModified":"2025-04-18T17:46:13+00:00","breadcrumb":{"@id":"https:\/\/catedraldevalencia.es\/en\/the-cathedral\/the-metropolitan-chapter\/complete-list-metropolitan-council\/#breadcrumb"},"inLanguage":"en-GB","potentialAction":[{"@type":"ReadAction","target":["https:\/\/catedraldevalencia.es\/en\/the-cathedral\/the-metropolitan-chapter\/complete-list-metropolitan-council\/"]}]},{"@type":"ImageObject","inLanguage":"en-GB","@id":"https:\/\/catedraldevalencia.es\/en\/the-cathedral\/the-metropolitan-chapter\/complete-list-metropolitan-council\/#primaryimage","url":"https:\/\/catedraldevalencia.es\/en\/wp-content\/uploads\/2018\/10\/ft-complete-list.jpg","contentUrl":"https:\/\/catedraldevalencia.es\/en\/wp-content\/uploads\/2018\/10\/ft-complete-list.jpg","width":700,"height":525},{"@type":"BreadcrumbList","@id":"https:\/\/catedraldevalencia.es\/en\/the-cathedral\/the-metropolitan-chapter\/complete-list-metropolitan-council\/#breadcrumb","itemListElement":[{"@type":"ListItem","position":1,"name":"Portada","item":"https:\/\/catedraldevalencia.es\/en\/"},{"@type":"ListItem","position":2,"name":"The Cathedral","item":"https:\/\/catedraldevalencia.es\/en\/the-cathedral\/"},{"@type":"ListItem","position":3,"name":"The Metropolitan Chapter","item":"https:\/\/catedraldevalencia.es\/en\/the-cathedral\/the-metropolitan-chapter\/"},{"@type":"ListItem","position":4,"name":"Full list"}]},{"@type":"WebSite","@id":"https:\/\/catedraldevalencia.es\/en\/#website","url":"https:\/\/catedraldevalencia.es\/en\/","name":"Valencia Cathedral","description":"The Holy Chalice Cathedral","potentialAction":[{"@type":"SearchAction","target":{"@type":"EntryPoint","urlTemplate":"https:\/\/catedraldevalencia.es\/en\/?s={search_term_string}"},"query-input":{"@type":"PropertyValueSpecification","valueRequired":true,"valueName":"search_term_string"}}],"inLanguage":"en-GB"}]}},"_links":{"self":[{"href":"https:\/\/catedraldevalencia.es\/en\/wp-json\/wp\/v2\/pages\/95","targetHints":{"allow":["GET"]}}],"collection":[{"href":"https:\/\/catedraldevalencia.es\/en\/wp-json\/wp\/v2\/pages"}],"about":[{"href":"https:\/\/catedraldevalencia.es\/en\/wp-json\/wp\/v2\/types\/page"}],"author":[{"embeddable":true,"href":"https:\/\/catedraldevalencia.es\/en\/wp-json\/wp\/v2\/users\/1"}],"replies":[{"embeddable":true,"href":"https:\/\/catedraldevalencia.es\/en\/wp-json\/wp\/v2\/comments?post=95"}],"version-history":[{"count":0,"href":"https:\/\/catedraldevalencia.es\/en\/wp-json\/wp\/v2\/pages\/95\/revisions"}],"up":[{"embeddable":true,"href":"https:\/\/catedraldevalencia.es\/en\/wp-json\/wp\/v2\/pages\/63"}],"wp:featuredmedia":[{"embeddable":true,"href":"https:\/\/catedraldevalencia.es\/en\/wp-json\/wp\/v2\/media\/3462"}],"wp:attachment":[{"href":"https:\/\/catedraldevalencia.es\/en\/wp-json\/wp\/v2\/media?parent=95"}],"curies":[{"name":"wp","href":"https:\/\/api.w.org\/{rel}","templated":true}]}}