{"id":26415,"date":"2020-01-25T09:46:51","date_gmt":"2020-01-25T09:46:51","guid":{"rendered":"https:\/\/catedraldevalencia.es\/va\/?page_id=26415"},"modified":"2025-04-25T08:46:08","modified_gmt":"2025-04-25T08:46:08","slug":"cronologia-del-sant-calze","status":"publish","type":"page","link":"https:\/\/catedraldevalencia.es\/va\/el-sant-calze\/cronologia-del-sant-calze\/","title":{"rendered":"Cronologia del Sant Calze"},"content":{"rendered":"<p>[et_pb_section admin_label=&#8221;Secci\u00f3&#8221; fullwidth=&#8221;on&#8221; specialty=&#8221;off&#8221; transparent_background=&#8221;on&#8221; background_color=&#8221;#ffffff&#8221; allow_player_pause=&#8221;off&#8221; inner_shadow=&#8221;off&#8221; parallax=&#8221;off&#8221; parallax_method=&#8221;off&#8221; padding_mobile=&#8221;off&#8221; make_fullwidth=&#8221;off&#8221; use_custom_width=&#8221;off&#8221; width_unit=&#8221;on&#8221; make_equal=&#8221;off&#8221; use_custom_gutter=&#8221;off&#8221; module_id=&#8221;marquee&#8221; module_class=&#8221;medium animated w_bg&#8221; background_image=&#8221;https:\/\/catedraldevalencia.es\/va\/wp-content\/uploads\/2020\/01\/hd-facts-holy-chalice.jpg&#8221;][et_pb_fullwidth_header admin_label=&#8221;Cap\u00e7alera &#8211; Hist\u00f2ria del Sant Calze&#8221; title=&#8221;Hist\u00f2ria <em>del<\/em> Sant Calze&#8221; subhead=&#8221;Una cronologia entre tradici\u00f3 i hist\u00f2ria&#8221; background_layout=&#8221;dark&#8221; text_orientation=&#8221;center&#8221; header_fullscreen=&#8221;off&#8221; header_scroll_down=&#8221;off&#8221; parallax=&#8221;off&#8221; parallax_method=&#8221;off&#8221; content_orientation=&#8221;center&#8221; image_orientation=&#8221;center&#8221; custom_button_one=&#8221;off&#8221; button_one_letter_spacing=&#8221;0&#8243; button_one_use_icon=&#8221;default&#8221; button_one_icon_placement=&#8221;right&#8221; button_one_on_hover=&#8221;on&#8221; button_one_letter_spacing_hover=&#8221;0&#8243; custom_button_two=&#8221;off&#8221; button_two_letter_spacing=&#8221;0&#8243; button_two_use_icon=&#8221;default&#8221; button_two_icon_placement=&#8221;right&#8221; button_two_on_hover=&#8221;on&#8221; button_two_letter_spacing_hover=&#8221;0&#8243; module_class=&#8221;animated&#8221; disabled=&#8221;off&#8221; disabled_on=&#8221;off|off|off|off&#8221; background_overlay_color=&#8221;rgba(27,27,27,0)&#8221;]<\/p>\n<p>[\/et_pb_fullwidth_header][\/et_pb_section][et_pb_section admin_label=&#8221;Secci\u00f3&#8221; transparent_background=&#8221;on&#8221; background_color=&#8221;#ffffff&#8221; allow_player_pause=&#8221;off&#8221; inner_shadow=&#8221;off&#8221; parallax=&#8221;off&#8221; parallax_method=&#8221;off&#8221; padding_mobile=&#8221;off&#8221; make_fullwidth=&#8221;off&#8221; use_custom_width=&#8221;off&#8221; width_unit=&#8221;on&#8221; make_equal=&#8221;off&#8221; use_custom_gutter=&#8221;off&#8221; module_id=&#8221;row-1&#8243; module_class=&#8221;timeline-block&#8221;][et_pb_row admin_label=&#8221;Fila&#8221; make_fullwidth=&#8221;off&#8221; use_custom_width=&#8221;off&#8221; width_unit=&#8221;on&#8221; use_custom_gutter=&#8221;off&#8221; padding_mobile=&#8221;off&#8221; allow_player_pause=&#8221;off&#8221; parallax=&#8221;off&#8221; parallax_method=&#8221;off&#8221; make_equal=&#8221;off&#8221; parallax_1=&#8221;off&#8221; parallax_method_1=&#8221;off&#8221; column_padding_mobile=&#8221;on&#8221;][et_pb_column type=&#8221;4_4&#8243;][et_pb_timeline admin_label=&#8221;Timeline &#8211; Sant Calze&#8221; horizontal_line=&#8221;on&#8221; use_border_color=&#8221;off&#8221; border_color=&#8221;#ffffff&#8221; border_style=&#8221;solid&#8221;]<\/p>\n<p>[et_pb_timeline_item title=&#8221;Jerusalem&#8221; date=&#8221;S. I&#8221; use_icon=&#8221;off&#8221; custom_icon=&#8221;off&#8221; animation=&#8221;top&#8221; item_admin_label=&#8221;S. I&#8221; image=&#8221;https:\/\/catedraldevalencia.es\/va\/wp-content\/uploads\/2020\/01\/facts-holy-chalice-1.jpg&#8221; alt=&#8221;L&#8217;\u00daltim sopar de Joan de Joanes (entre 1555 i 1562).&#8221;]<\/p>\n<p>\u00daltim Sopar de Jes\u00fas amb els seus ap\u00f2stols.<\/p>\n<p>[\/et_pb_timeline_item][et_pb_timeline_item title=&#8221;Roma&#8221; date=&#8221;S. I&#8221; use_icon=&#8221;off&#8221; custom_icon=&#8221;off&#8221; animation=&#8221;top&#8221; item_admin_label=&#8221;S. I&#8221; image=&#8221;https:\/\/catedraldevalencia.es\/va\/wp-content\/uploads\/2020\/01\/facts-holy-chalice-2.jpg&#8221;]<\/p>\n<p><strong>Sant Pere<\/strong> trasllada la copa a Roma.<\/p>\n<p>[\/et_pb_timeline_item][et_pb_timeline_item title=&#8221;Roma&#8221; date=&#8221;S. III&#8221; use_icon=&#8221;off&#8221; custom_icon=&#8221;off&#8221; animation=&#8221;top&#8221; item_admin_label=&#8221;S. III&#8221; image=&#8221;https:\/\/catedraldevalencia.es\/va\/wp-content\/uploads\/2020\/01\/facts-holy-chalice-3.jpg&#8221; alt=&#8221;Lloren\u00e7 enfront de Valeri\u00e0, d&#8217;un fresc de Fra Angelico.&#8221;]<\/p>\n<p>Edicte de persecuci\u00f3 de l&#8217;emperador <strong>Valeri\u00e0<\/strong> ue prohibeix el culte cristi\u00e0.<strong>Sant Lloren\u00e7,<\/strong> diaca de Roma durant el papat de <strong>Sixt II<\/strong>, envia a Huesca el Sant Greal.<\/p>\n<p>[\/et_pb_timeline_item][et_pb_timeline_item title=&#8221;Huesca&#8221; date=&#8221;S. VIII&#8221; use_icon=&#8221;off&#8221; custom_icon=&#8221;off&#8221; animation=&#8221;top&#8221; item_admin_label=&#8221;712&#8243; image=&#8221;https:\/\/catedraldevalencia.es\/va\/wp-content\/uploads\/2020\/01\/facts-holy-chalice-4.jpg&#8221; alt=&#8221;Altar major del Monestir de San Juan de la Pe\u00f1a.&#8221;]<\/p>\n<p><strong>Any 712.<\/strong> Amb motiu de la dominaci\u00f3 musulmana, el Sant Calze es refugia en diferents localitats del Pirineu aragon\u00e9s, fins a romandre a San Juan de la Pe\u00f1a.<\/p>\n<p>[\/et_pb_timeline_item][et_pb_timeline_item title=&#8221;Sant Joan de la Penya&#8221; date=&#8221;1399&#8243; use_icon=&#8221;off&#8221; custom_icon=&#8221;off&#8221; animation=&#8221;top&#8221; item_admin_label=&#8221;1399&#8243; image=&#8221;https:\/\/catedraldevalencia.es\/va\/wp-content\/uploads\/2020\/01\/facts-holy-chalice-5.jpg&#8221; alt=&#8221;Mart\u00ed I l&#8217;Hum\u00e0.&#8221;]<\/p>\n<p>El prior del monestir entrega el calze al rei <strong>Mart\u00edn I el Humano<\/strong>, entrant a formar part del reliquiari Reial.<\/p>\n<p>[\/et_pb_timeline_item][et_pb_timeline_item title=&#8221;A Saragossa&#8221; date=&#8221;1399-1410&#8243; use_icon=&#8221;off&#8221; custom_icon=&#8221;off&#8221; animation=&#8221;top&#8221; item_admin_label=&#8221;1399-1410&#8243; image=&#8221;https:\/\/catedraldevalencia.es\/va\/wp-content\/uploads\/2020\/01\/facts-holy-chalice-6.jpg&#8221; alt=&#8221;Palau de l&#8217;Alfajer\u00eda de Zaragoza.&#8221;]<\/p>\n<p>El calze \u00e9s traslladat pel rei al palau de l&#8217;Alfajer\u00eda de Zaragoza, tal com apareix citat en l&#8217;inventari del monarca.<\/p>\n<p>[\/et_pb_timeline_item][et_pb_timeline_item title=&#8221;Ferran I de Trast\u00e0mara&#8221; date=&#8221;1412&#8243; use_icon=&#8221;off&#8221; custom_icon=&#8221;off&#8221; animation=&#8221;top&#8221; item_admin_label=&#8221;1412&#8243; image=&#8221;https:\/\/catedraldevalencia.es\/va\/wp-content\/uploads\/2020\/01\/facts-holy-chalice-7.jpg&#8221; alt=&#8221;El Comprom\u00eds de Casp, Salvador Viniegra y Lasso de la Vega, 1891.&#8221;]<\/p>\n<p>Despr\u00e9s del Comprom\u00eds de Casp en 1412, <strong>Ferran I de Trast\u00e0mara<\/strong> \u00e9s nomenat rei d&#8217;Arag\u00f3 i de Val\u00e8ncia i comte de Barcelona a m\u00e9s d&#8217;altres territoris.<\/p>\n<p>[\/et_pb_timeline_item][et_pb_timeline_item title=&#8221;Alfons el Magn\u00e0nim&#8221; date=&#8221;1416&#8243; use_icon=&#8221;off&#8221; custom_icon=&#8221;off&#8221; animation=&#8221;top&#8221; item_admin_label=&#8221;1416&#8243; image=&#8221;https:\/\/catedraldevalencia.es\/va\/wp-content\/uploads\/2020\/01\/facts-holy-chalice-8.jpg&#8221;]<\/p>\n<p><strong>Alfons el Magn\u00e0nim<\/strong> hereta els regnes d&#8217;Arag\u00f3, Val\u00e8ncia, Mallorca, Sic\u00edlia, Sardenya i N\u00e0pols, a m\u00e9s del comtat de Barcelona.<\/p>\n<p>[\/et_pb_timeline_item][et_pb_timeline_item title=&#8221;Trasllat a Val\u00e8ncia&#8221; date=&#8221;1432&#8243; use_icon=&#8221;off&#8221; custom_icon=&#8221;off&#8221; animation=&#8221;top&#8221; item_admin_label=&#8221;1432&#8243; image=&#8221;https:\/\/catedraldevalencia.es\/va\/wp-content\/uploads\/2020\/01\/facts-holy-chalice-9.jpg&#8221; alt=&#8221;Quadre an\u00f2nim on es representa el Palau Reial de Val\u00e8ncia, o del Reial, s.XIX.&#8221;]<\/p>\n<p><strong>Alfons el Magn\u00e0nim<\/strong> trasllada el reliquiari al Palau Reial de Val\u00e8ncia.<\/p>\n<p>[\/et_pb_timeline_item][et_pb_timeline_item title=&#8221;En la Catedral de Val\u00e8ncia&#8221; date=&#8221;1437&#8243; use_icon=&#8221;off&#8221; custom_icon=&#8221;off&#8221; animation=&#8221;top&#8221; item_admin_label=&#8221;1437&#8243; image=&#8221;https:\/\/catedraldevalencia.es\/va\/wp-content\/uploads\/2020\/01\/facts-holy-chalice-10.jpg&#8221; alt=&#8221;Inventari de les rel\u00edquies del reliquiari reial de la Corona d&#8217;Arag\u00f3. Arxiu Catedral de Val\u00e8ncia.&#8221;]<\/p>\n<p><strong>18 de mar\u00e7.<\/strong> La pr\u00e0ctica totalitat del reliquiari del rei passa a la Catedral de Val\u00e8ncia com a garantia del deute contret amb el Cap\u00edtol.<\/p>\n<p>[\/et_pb_timeline_item][et_pb_timeline_item title=&#8221;Guerra de la Independ\u00e8ncia&#8221; date=&#8221;1808 &#8211; 1813&#8243; use_icon=&#8221;off&#8221; custom_icon=&#8221;off&#8221; animation=&#8221;top&#8221; item_admin_label=&#8221;1808 &#8211; 1813&#8243; image=&#8221;https:\/\/catedraldevalencia.es\/va\/wp-content\/uploads\/2020\/01\/facts-holy-chalice-11.jpg&#8221;]<\/p>\n<p>Durant la Guerra de la Independ\u00e8ncia (1808-1813), el Sant Calze va estar a <strong>Alacant<\/strong> (1809), <strong>Eivissa<\/strong> (1810) i <strong>Palma<\/strong> (1812), fugint dels saquejos de la invasi\u00f3 napole\u00f2nica.<\/p>\n<p>[\/et_pb_timeline_item][et_pb_timeline_item title=&#8221;Retorn a Val\u00e8ncia&#8221; date=&#8221;1813&#8243; use_icon=&#8221;off&#8221; custom_icon=&#8221;off&#8221; animation=&#8221;top&#8221; item_admin_label=&#8221;1813&#8243; image=&#8221;https:\/\/catedraldevalencia.es\/va\/wp-content\/uploads\/2020\/01\/facts-holy-chalice-12.jpg&#8221; alt=&#8221;Capella de les rel\u00edquies en la Catedral de Val\u00e8ncia.&#8221;]<\/p>\n<p>En 1813 torna a la Catedral de Val\u00e8ncia.<\/p>\n<p>[\/et_pb_timeline_item][et_pb_timeline_item title=&#8221;Capella del Sant Calze&#8221; date=&#8221;1916&#8243; use_icon=&#8221;off&#8221; custom_icon=&#8221;off&#8221; animation=&#8221;top&#8221; item_admin_label=&#8221;1916&#8243; image=&#8221;https:\/\/catedraldevalencia.es\/va\/wp-content\/uploads\/2020\/01\/facts-holy-chalice-13.jpg&#8221; alt=&#8221;Aula Capitular abans de ser la Capella del Sant Calze.&#8221;]<\/p>\n<p>El Sant Calze \u00e9s instal\u00b7lat en l&#8217;antiga Sala Capitular.<\/p>\n<p>[\/et_pb_timeline_item][et_pb_timeline_item title=&#8221;Durant la Guerra Civil espanyola&#8221; date=&#8221;1936-1939&#8243; use_icon=&#8221;off&#8221; custom_icon=&#8221;off&#8221; animation=&#8221;top&#8221; item_admin_label=&#8221;1936-1939&#8243; image=&#8221;https:\/\/catedraldevalencia.es\/va\/wp-content\/uploads\/2020\/01\/facts-holy-chalice-14.jpg&#8221;]<\/p>\n<p>El Sant Calze va romandre amagat en la localitat valenciana de Carlet, a resguard de la profanaci\u00f3 i persecuci\u00f3 religiosa. El 30 de mar\u00e7 de 1939 torna a la Catedral de Val\u00e8ncia.<\/p>\n<p>[\/et_pb_timeline_item][et_pb_timeline_item title=&#8221;Joan Pau II II&#8221; date=&#8221;1982&#8243; use_icon=&#8221;off&#8221; custom_icon=&#8221;off&#8221; animation=&#8221;top&#8221; item_admin_label=&#8221;1982&#8243; image=&#8221;https:\/\/catedraldevalencia.es\/va\/wp-content\/uploads\/2020\/01\/facts-holy-chalice-15.jpg&#8221; alt=&#8221;Joan Pau II celebra l&#8217;Eucaristia amb el Sant Calze.&#8221;]<\/p>\n<p>El papa Joan Pau II <br>celebra l&#8217;Eucaristia amb el Sant Calze.<\/p>\n<p>[\/et_pb_timeline_item][et_pb_timeline_item title=&#8221;Benet XVI&#8221; date=&#8221;2006&#8243; use_icon=&#8221;off&#8221; custom_icon=&#8221;off&#8221; animation=&#8221;top&#8221; item_admin_label=&#8221;2006&#8243; image=&#8221;https:\/\/catedraldevalencia.es\/va\/wp-content\/uploads\/2020\/01\/facts-holy-chalice-16.jpg&#8221; alt=&#8221;Benet XVI celebra l&#8217;Eucaristia amb el Sant Calze&#8221;]<\/p>\n<p>El papa Benet XVI <br>celebra l&#8217;Eucaristia amb el Sant Calze.<\/p>\n<p>[\/et_pb_timeline_item][et_pb_timeline_item title=&#8221;I Congr\u00e9s Internacional del Sant Calze a Val\u00e8ncia&#8221; date=&#8221;2008&#8243; use_icon=&#8221;off&#8221; custom_icon=&#8221;off&#8221; animation=&#8221;top&#8221; item_admin_label=&#8221;2008&#8243; image=&#8221;https:\/\/catedraldevalencia.es\/va\/wp-content\/uploads\/2020\/01\/facts-holy-chalice-17.jpg&#8221; alt=&#8221;I Congr\u00e9s Internacional del Sant Calze&#8221;]<\/p>\n<p><strong>7, 8 i 9 de novembre<\/strong>. Sota el t\u00edtol <em>\u201cVal\u00e8ncia, la ciutat del Sant Greal\u201d<\/em>, es van presentar diversos estudis arqueol\u00f2gics i hist\u00f2rics de la rel\u00edquia.<\/p>\n<p>[\/et_pb_timeline_item][et_pb_timeline_item title=&#8221;Any Eucar\u00edstic del Sant Calze&#8221; date=&#8221;2015&#8243; use_icon=&#8221;off&#8221; custom_icon=&#8221;off&#8221; animation=&#8221;top&#8221; item_admin_label=&#8221;2015&#8243; image=&#8221;https:\/\/catedraldevalencia.es\/va\/wp-content\/uploads\/2020\/01\/facts-holy-chalice-18.jpg&#8221; alt=&#8221;El Sant Calze al Carlet&#8221;]<\/p>\n<p>Val\u00e8ncia celebra el primer Any Eucar\u00edstic del Sant Calze concedit pel papa Francesc.<\/p>\n<p>[\/et_pb_timeline_item]<\/p>\n<p>[\/et_pb_timeline][\/et_pb_column][\/et_pb_row][\/et_pb_section]<\/p>\n","protected":false},"excerpt":{"rendered":"<p>[et_pb_section admin_label=&#8221;Secci\u00f3&#8221; fullwidth=&#8221;on&#8221; specialty=&#8221;off&#8221; transparent_background=&#8221;on&#8221; background_color=&#8221;#ffffff&#8221; allow_player_pause=&#8221;off&#8221; inner_shadow=&#8221;off&#8221; parallax=&#8221;off&#8221; parallax_method=&#8221;off&#8221; padding_mobile=&#8221;off&#8221; make_fullwidth=&#8221;off&#8221; use_custom_width=&#8221;off&#8221; width_unit=&#8221;on&#8221; make_equal=&#8221;off&#8221; use_custom_gutter=&#8221;off&#8221; module_id=&#8221;marquee&#8221; module_class=&#8221;medium animated w_bg&#8221; background_image=&#8221;https:\/\/catedraldevalencia.es\/va\/wp-content\/uploads\/2020\/01\/hd-facts-holy-chalice.jpg&#8221;][et_pb_fullwidth_header admin_label=&#8221;Cap\u00e7alera &#8211; Hist\u00f2ria del Sant Calze&#8221; title=&#8221;Hist\u00f2ria del Sant Calze&#8221; subhead=&#8221;Una cronologia entre tradici\u00f3 i hist\u00f2ria&#8221; background_layout=&#8221;dark&#8221; text_orientation=&#8221;center&#8221; header_fullscreen=&#8221;off&#8221; header_scroll_down=&#8221;off&#8221; parallax=&#8221;off&#8221; parallax_method=&#8221;off&#8221; content_orientation=&#8221;center&#8221; image_orientation=&#8221;center&#8221; custom_button_one=&#8221;off&#8221; button_one_letter_spacing=&#8221;0&#8243; button_one_use_icon=&#8221;default&#8221; button_one_icon_placement=&#8221;right&#8221; button_one_on_hover=&#8221;on&#8221; button_one_letter_spacing_hover=&#8221;0&#8243; custom_button_two=&#8221;off&#8221; button_two_letter_spacing=&#8221;0&#8243; button_two_use_icon=&#8221;default&#8221; button_two_icon_placement=&#8221;right&#8221; [&hellip;]<\/p>\n","protected":false},"author":1,"featured_media":26459,"parent":42,"menu_order":7,"comment_status":"closed","ping_status":"closed","template":"page-withmenu.php","meta":{"footnotes":""},"class_list":["post-26415","page","type-page","status-publish","has-post-thumbnail","hentry"],"yoast_head":"<!-- This site is optimized with the Yoast SEO plugin v27.3 - https:\/\/yoast.com\/product\/yoast-seo-wordpress\/ -->\n<title>Cronologia del Sant Calze - Catedral de Val\u00e8ncia<\/title>\n<meta name=\"robots\" content=\"index, follow, max-snippet:-1, max-image-preview:large, max-video-preview:-1\" \/>\n<link rel=\"canonical\" href=\"https:\/\/catedraldevalencia.es\/va\/el-sant-calze\/cronologia-del-sant-calze\/\" \/>\n<meta property=\"og:locale\" content=\"ca_ES\" \/>\n<meta property=\"og:type\" content=\"article\" \/>\n<meta property=\"og:title\" content=\"Cronologia del Sant Calze - Catedral de Val\u00e8ncia\" \/>\n<meta property=\"og:description\" content=\"[et_pb_section admin_label=&#8221;Secci\u00f3&#8221; fullwidth=&#8221;on&#8221; specialty=&#8221;off&#8221; transparent_background=&#8221;on&#8221; background_color=&#8221;#ffffff&#8221; allow_player_pause=&#8221;off&#8221; inner_shadow=&#8221;off&#8221; parallax=&#8221;off&#8221; parallax_method=&#8221;off&#8221; padding_mobile=&#8221;off&#8221; make_fullwidth=&#8221;off&#8221; use_custom_width=&#8221;off&#8221; width_unit=&#8221;on&#8221; make_equal=&#8221;off&#8221; use_custom_gutter=&#8221;off&#8221; module_id=&#8221;marquee&#8221; module_class=&#8221;medium animated w_bg&#8221; background_image=&#8221;https:\/\/catedraldevalencia.es\/va\/wp-content\/uploads\/2020\/01\/hd-facts-holy-chalice.jpg&#8221;][et_pb_fullwidth_header admin_label=&#8221;Cap\u00e7alera &#8211; Hist\u00f2ria del Sant Calze&#8221; title=&#8221;Hist\u00f2ria del Sant Calze&#8221; subhead=&#8221;Una cronologia entre tradici\u00f3 i hist\u00f2ria&#8221; background_layout=&#8221;dark&#8221; text_orientation=&#8221;center&#8221; header_fullscreen=&#8221;off&#8221; header_scroll_down=&#8221;off&#8221; parallax=&#8221;off&#8221; parallax_method=&#8221;off&#8221; content_orientation=&#8221;center&#8221; image_orientation=&#8221;center&#8221; custom_button_one=&#8221;off&#8221; button_one_letter_spacing=&#8221;0&#8243; button_one_use_icon=&#8221;default&#8221; button_one_icon_placement=&#8221;right&#8221; button_one_on_hover=&#8221;on&#8221; button_one_letter_spacing_hover=&#8221;0&#8243; custom_button_two=&#8221;off&#8221; button_two_letter_spacing=&#8221;0&#8243; button_two_use_icon=&#8221;default&#8221; button_two_icon_placement=&#8221;right&#8221; [&hellip;]\" \/>\n<meta property=\"og:url\" content=\"https:\/\/catedraldevalencia.es\/va\/el-sant-calze\/cronologia-del-sant-calze\/\" \/>\n<meta property=\"og:site_name\" content=\"Catedral de Val\u00e8ncia\" \/>\n<meta property=\"article:modified_time\" content=\"2025-04-25T08:46:08+00:00\" \/>\n<meta property=\"og:image\" content=\"https:\/\/catedraldevalencia.es\/va\/wp-content\/uploads\/2020\/01\/ft-historical-facts-holy-chalice.jpg\" \/>\n\t<meta property=\"og:image:width\" content=\"700\" \/>\n\t<meta property=\"og:image:height\" content=\"525\" \/>\n\t<meta property=\"og:image:type\" content=\"image\/jpeg\" \/>\n<meta name=\"twitter:card\" content=\"summary_large_image\" \/>\n<meta name=\"twitter:label1\" content=\"Est. reading time\" \/>\n\t<meta name=\"twitter:data1\" content=\"5 minutes\" \/>\n<script type=\"application\/ld+json\" class=\"yoast-schema-graph\">{\"@context\":\"https:\\\/\\\/schema.org\",\"@graph\":[{\"@type\":\"WebPage\",\"@id\":\"https:\\\/\\\/catedraldevalencia.es\\\/va\\\/el-sant-calze\\\/cronologia-del-sant-calze\\\/\",\"url\":\"https:\\\/\\\/catedraldevalencia.es\\\/va\\\/el-sant-calze\\\/cronologia-del-sant-calze\\\/\",\"name\":\"Cronologia del Sant Calze - Catedral de Val\u00e8ncia\",\"isPartOf\":{\"@id\":\"https:\\\/\\\/catedraldevalencia.es\\\/va\\\/#website\"},\"primaryImageOfPage\":{\"@id\":\"https:\\\/\\\/catedraldevalencia.es\\\/va\\\/el-sant-calze\\\/cronologia-del-sant-calze\\\/#primaryimage\"},\"image\":{\"@id\":\"https:\\\/\\\/catedraldevalencia.es\\\/va\\\/el-sant-calze\\\/cronologia-del-sant-calze\\\/#primaryimage\"},\"thumbnailUrl\":\"https:\\\/\\\/catedraldevalencia.es\\\/va\\\/wp-content\\\/uploads\\\/2020\\\/01\\\/ft-historical-facts-holy-chalice.jpg\",\"datePublished\":\"2020-01-25T09:46:51+00:00\",\"dateModified\":\"2025-04-25T08:46:08+00:00\",\"breadcrumb\":{\"@id\":\"https:\\\/\\\/catedraldevalencia.es\\\/va\\\/el-sant-calze\\\/cronologia-del-sant-calze\\\/#breadcrumb\"},\"inLanguage\":\"ca\",\"potentialAction\":[{\"@type\":\"ReadAction\",\"target\":[\"https:\\\/\\\/catedraldevalencia.es\\\/va\\\/el-sant-calze\\\/cronologia-del-sant-calze\\\/\"]}]},{\"@type\":\"ImageObject\",\"inLanguage\":\"ca\",\"@id\":\"https:\\\/\\\/catedraldevalencia.es\\\/va\\\/el-sant-calze\\\/cronologia-del-sant-calze\\\/#primaryimage\",\"url\":\"https:\\\/\\\/catedraldevalencia.es\\\/va\\\/wp-content\\\/uploads\\\/2020\\\/01\\\/ft-historical-facts-holy-chalice.jpg\",\"contentUrl\":\"https:\\\/\\\/catedraldevalencia.es\\\/va\\\/wp-content\\\/uploads\\\/2020\\\/01\\\/ft-historical-facts-holy-chalice.jpg\",\"width\":700,\"height\":525},{\"@type\":\"BreadcrumbList\",\"@id\":\"https:\\\/\\\/catedraldevalencia.es\\\/va\\\/el-sant-calze\\\/cronologia-del-sant-calze\\\/#breadcrumb\",\"itemListElement\":[{\"@type\":\"ListItem\",\"position\":1,\"name\":\"Portada\",\"item\":\"https:\\\/\\\/catedraldevalencia.es\\\/va\\\/\"},{\"@type\":\"ListItem\",\"position\":2,\"name\":\"El Sant Calze\",\"item\":\"https:\\\/\\\/catedraldevalencia.es\\\/va\\\/el-sant-calze\\\/\"},{\"@type\":\"ListItem\",\"position\":3,\"name\":\"Cronologia del Sant Calze\"}]},{\"@type\":\"WebSite\",\"@id\":\"https:\\\/\\\/catedraldevalencia.es\\\/va\\\/#website\",\"url\":\"https:\\\/\\\/catedraldevalencia.es\\\/va\\\/\",\"name\":\"Catedral de Val\u00e8ncia\",\"description\":\"La Catedral del Sant Calze\",\"potentialAction\":[{\"@type\":\"SearchAction\",\"target\":{\"@type\":\"EntryPoint\",\"urlTemplate\":\"https:\\\/\\\/catedraldevalencia.es\\\/va\\\/?s={search_term_string}\"},\"query-input\":{\"@type\":\"PropertyValueSpecification\",\"valueRequired\":true,\"valueName\":\"search_term_string\"}}],\"inLanguage\":\"ca\"}]}<\/script>\n<!-- \/ Yoast SEO plugin. -->","yoast_head_json":{"title":"Cronologia del Sant Calze - Catedral de Val\u00e8ncia","robots":{"index":"index","follow":"follow","max-snippet":"max-snippet:-1","max-image-preview":"max-image-preview:large","max-video-preview":"max-video-preview:-1"},"canonical":"https:\/\/catedraldevalencia.es\/va\/el-sant-calze\/cronologia-del-sant-calze\/","og_locale":"ca_ES","og_type":"article","og_title":"Cronologia del Sant Calze - Catedral de Val\u00e8ncia","og_description":"[et_pb_section admin_label=&#8221;Secci\u00f3&#8221; fullwidth=&#8221;on&#8221; specialty=&#8221;off&#8221; transparent_background=&#8221;on&#8221; background_color=&#8221;#ffffff&#8221; allow_player_pause=&#8221;off&#8221; inner_shadow=&#8221;off&#8221; parallax=&#8221;off&#8221; parallax_method=&#8221;off&#8221; padding_mobile=&#8221;off&#8221; make_fullwidth=&#8221;off&#8221; use_custom_width=&#8221;off&#8221; width_unit=&#8221;on&#8221; make_equal=&#8221;off&#8221; use_custom_gutter=&#8221;off&#8221; module_id=&#8221;marquee&#8221; module_class=&#8221;medium animated w_bg&#8221; background_image=&#8221;https:\/\/catedraldevalencia.es\/va\/wp-content\/uploads\/2020\/01\/hd-facts-holy-chalice.jpg&#8221;][et_pb_fullwidth_header admin_label=&#8221;Cap\u00e7alera &#8211; Hist\u00f2ria del Sant Calze&#8221; title=&#8221;Hist\u00f2ria del Sant Calze&#8221; subhead=&#8221;Una cronologia entre tradici\u00f3 i hist\u00f2ria&#8221; background_layout=&#8221;dark&#8221; text_orientation=&#8221;center&#8221; header_fullscreen=&#8221;off&#8221; header_scroll_down=&#8221;off&#8221; parallax=&#8221;off&#8221; parallax_method=&#8221;off&#8221; content_orientation=&#8221;center&#8221; image_orientation=&#8221;center&#8221; custom_button_one=&#8221;off&#8221; button_one_letter_spacing=&#8221;0&#8243; button_one_use_icon=&#8221;default&#8221; button_one_icon_placement=&#8221;right&#8221; button_one_on_hover=&#8221;on&#8221; button_one_letter_spacing_hover=&#8221;0&#8243; custom_button_two=&#8221;off&#8221; button_two_letter_spacing=&#8221;0&#8243; button_two_use_icon=&#8221;default&#8221; button_two_icon_placement=&#8221;right&#8221; [&hellip;]","og_url":"https:\/\/catedraldevalencia.es\/va\/el-sant-calze\/cronologia-del-sant-calze\/","og_site_name":"Catedral de Val\u00e8ncia","article_modified_time":"2025-04-25T08:46:08+00:00","og_image":[{"width":700,"height":525,"url":"https:\/\/catedraldevalencia.es\/va\/wp-content\/uploads\/2020\/01\/ft-historical-facts-holy-chalice.jpg","type":"image\/jpeg"}],"twitter_card":"summary_large_image","twitter_misc":{"Est. reading time":"5 minutes"},"schema":{"@context":"https:\/\/schema.org","@graph":[{"@type":"WebPage","@id":"https:\/\/catedraldevalencia.es\/va\/el-sant-calze\/cronologia-del-sant-calze\/","url":"https:\/\/catedraldevalencia.es\/va\/el-sant-calze\/cronologia-del-sant-calze\/","name":"Cronologia del Sant Calze - Catedral de Val\u00e8ncia","isPartOf":{"@id":"https:\/\/catedraldevalencia.es\/va\/#website"},"primaryImageOfPage":{"@id":"https:\/\/catedraldevalencia.es\/va\/el-sant-calze\/cronologia-del-sant-calze\/#primaryimage"},"image":{"@id":"https:\/\/catedraldevalencia.es\/va\/el-sant-calze\/cronologia-del-sant-calze\/#primaryimage"},"thumbnailUrl":"https:\/\/catedraldevalencia.es\/va\/wp-content\/uploads\/2020\/01\/ft-historical-facts-holy-chalice.jpg","datePublished":"2020-01-25T09:46:51+00:00","dateModified":"2025-04-25T08:46:08+00:00","breadcrumb":{"@id":"https:\/\/catedraldevalencia.es\/va\/el-sant-calze\/cronologia-del-sant-calze\/#breadcrumb"},"inLanguage":"ca","potentialAction":[{"@type":"ReadAction","target":["https:\/\/catedraldevalencia.es\/va\/el-sant-calze\/cronologia-del-sant-calze\/"]}]},{"@type":"ImageObject","inLanguage":"ca","@id":"https:\/\/catedraldevalencia.es\/va\/el-sant-calze\/cronologia-del-sant-calze\/#primaryimage","url":"https:\/\/catedraldevalencia.es\/va\/wp-content\/uploads\/2020\/01\/ft-historical-facts-holy-chalice.jpg","contentUrl":"https:\/\/catedraldevalencia.es\/va\/wp-content\/uploads\/2020\/01\/ft-historical-facts-holy-chalice.jpg","width":700,"height":525},{"@type":"BreadcrumbList","@id":"https:\/\/catedraldevalencia.es\/va\/el-sant-calze\/cronologia-del-sant-calze\/#breadcrumb","itemListElement":[{"@type":"ListItem","position":1,"name":"Portada","item":"https:\/\/catedraldevalencia.es\/va\/"},{"@type":"ListItem","position":2,"name":"El Sant Calze","item":"https:\/\/catedraldevalencia.es\/va\/el-sant-calze\/"},{"@type":"ListItem","position":3,"name":"Cronologia del Sant Calze"}]},{"@type":"WebSite","@id":"https:\/\/catedraldevalencia.es\/va\/#website","url":"https:\/\/catedraldevalencia.es\/va\/","name":"Catedral de Val\u00e8ncia","description":"La Catedral del Sant Calze","potentialAction":[{"@type":"SearchAction","target":{"@type":"EntryPoint","urlTemplate":"https:\/\/catedraldevalencia.es\/va\/?s={search_term_string}"},"query-input":{"@type":"PropertyValueSpecification","valueRequired":true,"valueName":"search_term_string"}}],"inLanguage":"ca"}]}},"_links":{"self":[{"href":"https:\/\/catedraldevalencia.es\/va\/wp-json\/wp\/v2\/pages\/26415","targetHints":{"allow":["GET"]}}],"collection":[{"href":"https:\/\/catedraldevalencia.es\/va\/wp-json\/wp\/v2\/pages"}],"about":[{"href":"https:\/\/catedraldevalencia.es\/va\/wp-json\/wp\/v2\/types\/page"}],"author":[{"embeddable":true,"href":"https:\/\/catedraldevalencia.es\/va\/wp-json\/wp\/v2\/users\/1"}],"replies":[{"embeddable":true,"href":"https:\/\/catedraldevalencia.es\/va\/wp-json\/wp\/v2\/comments?post=26415"}],"version-history":[{"count":0,"href":"https:\/\/catedraldevalencia.es\/va\/wp-json\/wp\/v2\/pages\/26415\/revisions"}],"up":[{"embeddable":true,"href":"https:\/\/catedraldevalencia.es\/va\/wp-json\/wp\/v2\/pages\/42"}],"wp:featuredmedia":[{"embeddable":true,"href":"https:\/\/catedraldevalencia.es\/va\/wp-json\/wp\/v2\/media\/26459"}],"wp:attachment":[{"href":"https:\/\/catedraldevalencia.es\/va\/wp-json\/wp\/v2\/media?parent=26415"}],"curies":[{"name":"wp","href":"https:\/\/api.w.org\/{rel}","templated":true}]}}