{"id":26636,"date":"2020-02-01T14:38:31","date_gmt":"2020-02-01T14:38:31","guid":{"rendered":"https:\/\/catedraldevalencia.es\/va\/?page_id=26636"},"modified":"2025-12-20T16:28:23","modified_gmt":"2025-12-20T16:28:23","slug":"cronologia-de-els-frescos-renaixentistes","status":"publish","type":"page","link":"https:\/\/catedraldevalencia.es\/va\/els-frescos-renaixentistes\/cronologia-de-els-frescos-renaixentistes\/","title":{"rendered":"Cronologia dels Frescos Renaixentistes"},"content":{"rendered":"<p>[et_pb_section admin_label=&#8221;Secci\u00f3&#8221; fullwidth=&#8221;on&#8221; specialty=&#8221;off&#8221; transparent_background=&#8221;on&#8221; background_color=&#8221;#ffffff&#8221; allow_player_pause=&#8221;off&#8221; inner_shadow=&#8221;off&#8221; parallax=&#8221;off&#8221; parallax_method=&#8221;off&#8221; padding_mobile=&#8221;off&#8221; make_fullwidth=&#8221;off&#8221; use_custom_width=&#8221;off&#8221; width_unit=&#8221;on&#8221; make_equal=&#8221;off&#8221; use_custom_gutter=&#8221;off&#8221; module_id=&#8221;marquee&#8221; module_class=&#8221;medium animated w_bg&#8221; background_image=&#8221;https:\/\/catedraldevalencia.es\/va\/wp-content\/uploads\/2020\/02\/hd-facts-frescoes-angels.jpg&#8221;][et_pb_fullwidth_header admin_label=&#8221;Cap\u00e7alera &#8211; Cronologia dels frescos&#8221; title=&#8221;Cronologia <em>dels<\/em> frescos&#8221; subhead=&#8221;Hist\u00f2ria de la troballa i la seua restauraci\u00f3&#8221; background_layout=&#8221;dark&#8221; text_orientation=&#8221;center&#8221; header_fullscreen=&#8221;off&#8221; header_scroll_down=&#8221;off&#8221; parallax=&#8221;off&#8221; parallax_method=&#8221;off&#8221; content_orientation=&#8221;center&#8221; image_orientation=&#8221;center&#8221; custom_button_one=&#8221;off&#8221; button_one_letter_spacing=&#8221;0&#8243; button_one_use_icon=&#8221;default&#8221; button_one_icon_placement=&#8221;right&#8221; button_one_on_hover=&#8221;on&#8221; button_one_letter_spacing_hover=&#8221;0&#8243; custom_button_two=&#8221;off&#8221; button_two_letter_spacing=&#8221;0&#8243; button_two_use_icon=&#8221;default&#8221; button_two_icon_placement=&#8221;right&#8221; button_two_on_hover=&#8221;on&#8221; button_two_letter_spacing_hover=&#8221;0&#8243; module_class=&#8221;animated&#8221; disabled=&#8221;off&#8221; disabled_on=&#8221;off|off|off|off&#8221; background_overlay_color=&#8221;rgba(27,27,27,0.5)&#8221;]<\/p>\n<p>[\/et_pb_fullwidth_header][\/et_pb_section][et_pb_section admin_label=&#8221;Secci\u00f3&#8221; transparent_background=&#8221;on&#8221; background_color=&#8221;#ffffff&#8221; allow_player_pause=&#8221;off&#8221; inner_shadow=&#8221;off&#8221; parallax=&#8221;off&#8221; parallax_method=&#8221;off&#8221; padding_mobile=&#8221;off&#8221; make_fullwidth=&#8221;off&#8221; use_custom_width=&#8221;off&#8221; width_unit=&#8221;on&#8221; make_equal=&#8221;off&#8221; use_custom_gutter=&#8221;off&#8221; module_id=&#8221;row-1&#8243; module_class=&#8221;timeline-block&#8221;][et_pb_row admin_label=&#8221;Fila&#8221; make_fullwidth=&#8221;off&#8221; use_custom_width=&#8221;off&#8221; width_unit=&#8221;on&#8221; use_custom_gutter=&#8221;off&#8221; padding_mobile=&#8221;off&#8221; allow_player_pause=&#8221;off&#8221; parallax=&#8221;off&#8221; parallax_method=&#8221;off&#8221; make_equal=&#8221;off&#8221; parallax_1=&#8221;off&#8221; parallax_method_1=&#8221;off&#8221; column_padding_mobile=&#8221;on&#8221;][et_pb_column type=&#8221;4_4&#8243;][et_pb_timeline admin_label=&#8221;Timeline &#8211; Frescos Renaixentistes&#8221; horizontal_line=&#8221;on&#8221; use_border_color=&#8221;off&#8221; border_color=&#8221;#ffffff&#8221; border_style=&#8221;solid&#8221;]<\/p>\n<p>[et_pb_timeline_item title=&#8221;Incendi&#8221; date=&#8221;1469&#8243; use_icon=&#8221;off&#8221; custom_icon=&#8221;off&#8221; animation=&#8221;top&#8221; item_admin_label=&#8221;1469&#8243;]<\/p>\n<p><strong>21 de maig.<\/strong> Una bengala expulsada per la <em>\u201ccolometa\u201d<\/em> destrueix les pintures i l&#8217;absis.<\/p>\n<p>[\/et_pb_timeline_item][et_pb_timeline_item title=&#8221;Acord amb els pintors&#8221; date=&#8221;1472&#8243; use_icon=&#8221;on&#8221; custom_icon=&#8221;on&#8221; animation=&#8221;top&#8221; item_admin_label=&#8221;1472&#8243; image=&#8221;https:\/\/catedraldevalencia.es\/va\/wp-content\/uploads\/2020\/01\/img-detail-of-the-contract-made-on-july-26-1472.jpg&#8221; alt=&#8221;Detall del contracte.&#8221; font_icon=&#8221;%%380%%&#8221;]<\/p>\n<p><strong>26 de juliol.<\/strong> Signatura del contracte de Francesco Pagano i Paolo de San Leocadio per a la decoraci\u00f3 de la volta g\u00f2tica amb el Cardenal i el Cap\u00edtol.<\/p>\n<p>[\/et_pb_timeline_item][et_pb_timeline_item title=&#8221;Es comen\u00e7a a construir la c\u00fapula barroca&#8221; date=&#8221;1674&#8243; use_icon=&#8221;off&#8221; custom_icon=&#8221;off&#8221; animation=&#8221;top&#8221; item_admin_label=&#8221;1674&#8243; image=&#8221;https:\/\/catedraldevalencia.es\/va\/wp-content\/uploads\/2020\/02\/img-frescoes-facts-3.jpg&#8221; alt=&#8221;Lu\u00eds Alonso de los Cameros&#8221;]<\/p>\n<p>L&#8217;Arquebisbe <strong>Lu\u00eds Alonso de los Cameros<\/strong> decideix restaurar la capella i l&#8217;absis cobrint els \u00e0ngels.<\/p>\n<p>[\/et_pb_timeline_item][et_pb_timeline_item title=&#8221;Finalitzen les obres de la C\u00fapula barroca&#8221; date=&#8221;1682&#8243; use_icon=&#8221;off&#8221; custom_icon=&#8221;off&#8221; animation=&#8221;top&#8221; item_admin_label=&#8221;1682&#8243; image=&#8221;https:\/\/catedraldevalencia.es\/va\/wp-content\/uploads\/2020\/02\/img-frescoes-facts-4.jpg&#8221;]<\/p>\n<p><strong>28 de Maig.<\/strong> Els \u00e0ngels de la volta s\u00f3n ocultats per una nova c\u00fapula.<\/p>\n<p>[\/et_pb_timeline_item][et_pb_timeline_item title=&#8221;La Llum de les Imatges&#8221; date=&#8221;1999&#8243; use_icon=&#8221;off&#8221; custom_icon=&#8221;off&#8221; animation=&#8221;top&#8221; item_admin_label=&#8221;1999&#8243; image=&#8221;https:\/\/catedraldevalencia.es\/va\/wp-content\/uploads\/2020\/02\/img-frescoes-facts-5.jpg&#8221; alt=&#8221;La Llum de les Imatges&#8221;]<\/p>\n<p>Es crea la fundaci\u00f3 <em>&#8220;La Llum de les Imatges&#8221;<\/em><\/p>\n<p>[\/et_pb_timeline_item][et_pb_timeline_item title=&#8221;Exposici\u00f3 ||La Llum de les Imatges||&#8221; date=&#8221;1999&#8243; use_icon=&#8221;on&#8221; custom_icon=&#8221;on&#8221; animation=&#8221;top&#8221; item_admin_label=&#8221;1999&#8243; font_icon=&#8221;%%435%%&#8221; image=&#8221;https:\/\/catedraldevalencia.es\/va\/wp-content\/uploads\/2020\/02\/img-frescoes-facts-6.jpg&#8221; alt=&#8221;L&#8217;exposici\u00f3 en la Catedral&#8221;]<\/p>\n<p><strong>Del 4 de febrer al 30 d&#8217;agost de 1999.<\/strong> En la Catedral de Val\u00e8ncia.<\/p>\n<p>[\/et_pb_timeline_item][et_pb_timeline_item title=&#8221;Es decideix restaurar la Capella Major&#8221; date=&#8221;2003&#8243; use_icon=&#8221;off&#8221; custom_icon=&#8221;off&#8221; animation=&#8221;top&#8221; item_admin_label=&#8221;2003&#8243; image=&#8221;https:\/\/catedraldevalencia.es\/va\/wp-content\/uploads\/2020\/02\/img-frescoes-facts-7.jpg&#8221;]<\/p>\n<p><strong>9 d&#8217;octubre de 2003.<\/strong> El President de la Comunitat Valenciana, <em>Francisco Camps<\/em>, va expressar el seu desig que es restaurara la Capella Major.<\/p>\n<p>[\/et_pb_timeline_item][et_pb_timeline_item title=&#8221;Comen\u00e7ament de les obres de restauraci\u00f3&#8221; date=&#8221;2004&#8243; use_icon=&#8221;off&#8221; custom_icon=&#8221;off&#8221; animation=&#8221;top&#8221; item_admin_label=&#8221;2004&#8243; image=&#8221;https:\/\/catedraldevalencia.es\/va\/wp-content\/uploads\/2020\/02\/img-frescoes-facts-8.jpg&#8221;]<\/p>\n<p><strong>Al maig.<\/strong> A trav\u00e9s de la Fundaci\u00f3 <em>\u201cLa Llum de les Imatges\u201d. Es va encarregar de la direcci\u00f3 a la professora <em>Carmen P\u00e9rez.<\/em><\/em><\/p>\n<p>[\/et_pb_timeline_item][et_pb_timeline_item title=&#8221;Descobriment dels \u00e0ngels&#8221; date=&#8221;2004&#8243; use_icon=&#8221;on&#8221; custom_icon=&#8221;on&#8221; animation=&#8221;top&#8221; item_admin_label=&#8221;2004&#8243; image=&#8221;https:\/\/catedraldevalencia.es\/va\/wp-content\/uploads\/2020\/02\/img-frescoes-facts-9.jpg&#8221; font_icon=&#8221;%%507%%&#8221;]<\/p>\n<p><strong>22 de juny.<\/strong> Es descobreixen els \u00e0ngels m\u00fasics despr\u00e9s de 300 anys d&#8217;estar ocults.<\/p>\n<p>[\/et_pb_timeline_item][et_pb_timeline_item title=&#8221;Desmuntatge de la volta barroca&#8221; date=&#8221;2005&#8243; use_icon=&#8221;off&#8221; custom_icon=&#8221;off&#8221; animation=&#8221;top&#8221; item_admin_label=&#8221;2005&#8243; image=&#8221;https:\/\/catedraldevalencia.es\/va\/wp-content\/uploads\/2020\/02\/img-frescoes-facts-10.jpg&#8221;]<\/p>\n<p><strong>Juliol.<\/strong> Comen\u00e7a el desmuntatge de la volta de P\u00e9rez Castiel.<\/p>\n<p>[\/et_pb_timeline_item][et_pb_timeline_item title=&#8221;Benedicci\u00f3 de la restauraci\u00f3&#8221; date=&#8221;2007&#8243; use_icon=&#8221;off&#8221; custom_icon=&#8221;off&#8221; animation=&#8221;top&#8221; item_admin_label=&#8221;2007&#8243; image=&#8221;https:\/\/catedraldevalencia.es\/va\/wp-content\/uploads\/2020\/02\/img-frescoes-facts-11.jpg&#8221; alt=&#8221;M\u00fasics amb r\u00e8pliques dels instruments&#8221;]<\/p>\n<p><strong>8 de febrer.<\/strong> Homilia en la benedicci\u00f3 de la restauraci\u00f3 dels frescos renaixentistes de la Capella Major de la Catedral de Val\u00e8ncia.<\/p>\n<p>[\/et_pb_timeline_item][et_pb_timeline_item title=&#8221;Els \u00e0ngels al descobert&#8221; date=&#8221;2007&#8243; use_icon=&#8221;off&#8221; custom_icon=&#8221;off&#8221; animation=&#8221;top&#8221; item_admin_label=&#8221;2007&#8230;&#8221; image=&#8221;https:\/\/catedraldevalencia.es\/va\/wp-content\/uploads\/2020\/02\/img-frescoes-facts-12.jpg&#8221;]<\/p>\n<p>[\/et_pb_timeline_item]<\/p>\n<p>[\/et_pb_timeline][\/et_pb_column][\/et_pb_row][\/et_pb_section]<\/p>\n","protected":false},"excerpt":{"rendered":"<p>[et_pb_section admin_label=&#8221;Secci\u00f3&#8221; fullwidth=&#8221;on&#8221; specialty=&#8221;off&#8221; transparent_background=&#8221;on&#8221; background_color=&#8221;#ffffff&#8221; allow_player_pause=&#8221;off&#8221; inner_shadow=&#8221;off&#8221; parallax=&#8221;off&#8221; parallax_method=&#8221;off&#8221; padding_mobile=&#8221;off&#8221; make_fullwidth=&#8221;off&#8221; use_custom_width=&#8221;off&#8221; width_unit=&#8221;on&#8221; make_equal=&#8221;off&#8221; use_custom_gutter=&#8221;off&#8221; module_id=&#8221;marquee&#8221; module_class=&#8221;medium animated w_bg&#8221; background_image=&#8221;https:\/\/catedraldevalencia.es\/va\/wp-content\/uploads\/2020\/02\/hd-facts-frescoes-angels.jpg&#8221;][et_pb_fullwidth_header admin_label=&#8221;Cap\u00e7alera &#8211; Cronologia dels frescos&#8221; title=&#8221;Cronologia dels frescos&#8221; subhead=&#8221;Hist\u00f2ria de la troballa i la seua restauraci\u00f3&#8221; background_layout=&#8221;dark&#8221; text_orientation=&#8221;center&#8221; header_fullscreen=&#8221;off&#8221; header_scroll_down=&#8221;off&#8221; parallax=&#8221;off&#8221; parallax_method=&#8221;off&#8221; content_orientation=&#8221;center&#8221; image_orientation=&#8221;center&#8221; custom_button_one=&#8221;off&#8221; button_one_letter_spacing=&#8221;0&#8243; button_one_use_icon=&#8221;default&#8221; button_one_icon_placement=&#8221;right&#8221; button_one_on_hover=&#8221;on&#8221; button_one_letter_spacing_hover=&#8221;0&#8243; custom_button_two=&#8221;off&#8221; button_two_letter_spacing=&#8221;0&#8243; button_two_use_icon=&#8221;default&#8221; button_two_icon_placement=&#8221;right&#8221; [&hellip;]<\/p>\n","protected":false},"author":1,"featured_media":26654,"parent":45,"menu_order":3,"comment_status":"closed","ping_status":"closed","template":"","meta":{"footnotes":""},"class_list":["post-26636","page","type-page","status-publish","has-post-thumbnail","hentry"],"yoast_head":"<!-- This site is optimized with the Yoast SEO plugin v27.4 - https:\/\/yoast.com\/product\/yoast-seo-wordpress\/ -->\n<title>Cronologia dels Frescos Renaixentistes - Catedral de Val\u00e8ncia<\/title>\n<meta name=\"robots\" content=\"index, follow, max-snippet:-1, max-image-preview:large, max-video-preview:-1\" \/>\n<link rel=\"canonical\" href=\"https:\/\/catedraldevalencia.es\/va\/els-frescos-renaixentistes\/cronologia-de-els-frescos-renaixentistes\/\" \/>\n<meta property=\"og:locale\" content=\"ca_ES\" \/>\n<meta property=\"og:type\" content=\"article\" \/>\n<meta property=\"og:title\" content=\"Cronologia dels Frescos Renaixentistes - Catedral de Val\u00e8ncia\" \/>\n<meta property=\"og:description\" content=\"[et_pb_section admin_label=&#8221;Secci\u00f3&#8221; fullwidth=&#8221;on&#8221; specialty=&#8221;off&#8221; transparent_background=&#8221;on&#8221; background_color=&#8221;#ffffff&#8221; allow_player_pause=&#8221;off&#8221; inner_shadow=&#8221;off&#8221; parallax=&#8221;off&#8221; parallax_method=&#8221;off&#8221; padding_mobile=&#8221;off&#8221; make_fullwidth=&#8221;off&#8221; use_custom_width=&#8221;off&#8221; width_unit=&#8221;on&#8221; make_equal=&#8221;off&#8221; use_custom_gutter=&#8221;off&#8221; module_id=&#8221;marquee&#8221; module_class=&#8221;medium animated w_bg&#8221; background_image=&#8221;https:\/\/catedraldevalencia.es\/va\/wp-content\/uploads\/2020\/02\/hd-facts-frescoes-angels.jpg&#8221;][et_pb_fullwidth_header admin_label=&#8221;Cap\u00e7alera &#8211; Cronologia dels frescos&#8221; title=&#8221;Cronologia dels frescos&#8221; subhead=&#8221;Hist\u00f2ria de la troballa i la seua restauraci\u00f3&#8221; background_layout=&#8221;dark&#8221; text_orientation=&#8221;center&#8221; header_fullscreen=&#8221;off&#8221; header_scroll_down=&#8221;off&#8221; parallax=&#8221;off&#8221; parallax_method=&#8221;off&#8221; content_orientation=&#8221;center&#8221; image_orientation=&#8221;center&#8221; custom_button_one=&#8221;off&#8221; button_one_letter_spacing=&#8221;0&#8243; button_one_use_icon=&#8221;default&#8221; button_one_icon_placement=&#8221;right&#8221; button_one_on_hover=&#8221;on&#8221; button_one_letter_spacing_hover=&#8221;0&#8243; custom_button_two=&#8221;off&#8221; button_two_letter_spacing=&#8221;0&#8243; button_two_use_icon=&#8221;default&#8221; button_two_icon_placement=&#8221;right&#8221; [&hellip;]\" \/>\n<meta property=\"og:url\" content=\"https:\/\/catedraldevalencia.es\/va\/els-frescos-renaixentistes\/cronologia-de-els-frescos-renaixentistes\/\" \/>\n<meta property=\"og:site_name\" content=\"Catedral de Val\u00e8ncia\" \/>\n<meta property=\"article:modified_time\" content=\"2025-12-20T16:28:23+00:00\" \/>\n<meta property=\"og:image\" content=\"https:\/\/catedraldevalencia.es\/va\/wp-content\/uploads\/2020\/02\/ft-the-frescoes-chronology.jpg\" \/>\n\t<meta property=\"og:image:width\" content=\"700\" \/>\n\t<meta property=\"og:image:height\" content=\"525\" \/>\n\t<meta property=\"og:image:type\" content=\"image\/jpeg\" \/>\n<meta name=\"twitter:card\" content=\"summary_large_image\" \/>\n<meta name=\"twitter:label1\" content=\"Est. reading time\" \/>\n\t<meta name=\"twitter:data1\" content=\"3 minutes\" \/>\n<script type=\"application\/ld+json\" class=\"yoast-schema-graph\">{\"@context\":\"https:\\\/\\\/schema.org\",\"@graph\":[{\"@type\":\"WebPage\",\"@id\":\"https:\\\/\\\/catedraldevalencia.es\\\/va\\\/els-frescos-renaixentistes\\\/cronologia-de-els-frescos-renaixentistes\\\/\",\"url\":\"https:\\\/\\\/catedraldevalencia.es\\\/va\\\/els-frescos-renaixentistes\\\/cronologia-de-els-frescos-renaixentistes\\\/\",\"name\":\"Cronologia dels Frescos Renaixentistes - Catedral de Val\u00e8ncia\",\"isPartOf\":{\"@id\":\"https:\\\/\\\/catedraldevalencia.es\\\/va\\\/#website\"},\"primaryImageOfPage\":{\"@id\":\"https:\\\/\\\/catedraldevalencia.es\\\/va\\\/els-frescos-renaixentistes\\\/cronologia-de-els-frescos-renaixentistes\\\/#primaryimage\"},\"image\":{\"@id\":\"https:\\\/\\\/catedraldevalencia.es\\\/va\\\/els-frescos-renaixentistes\\\/cronologia-de-els-frescos-renaixentistes\\\/#primaryimage\"},\"thumbnailUrl\":\"https:\\\/\\\/catedraldevalencia.es\\\/va\\\/wp-content\\\/uploads\\\/2020\\\/02\\\/ft-the-frescoes-chronology.jpg\",\"datePublished\":\"2020-02-01T14:38:31+00:00\",\"dateModified\":\"2025-12-20T16:28:23+00:00\",\"breadcrumb\":{\"@id\":\"https:\\\/\\\/catedraldevalencia.es\\\/va\\\/els-frescos-renaixentistes\\\/cronologia-de-els-frescos-renaixentistes\\\/#breadcrumb\"},\"inLanguage\":\"ca\",\"potentialAction\":[{\"@type\":\"ReadAction\",\"target\":[\"https:\\\/\\\/catedraldevalencia.es\\\/va\\\/els-frescos-renaixentistes\\\/cronologia-de-els-frescos-renaixentistes\\\/\"]}]},{\"@type\":\"ImageObject\",\"inLanguage\":\"ca\",\"@id\":\"https:\\\/\\\/catedraldevalencia.es\\\/va\\\/els-frescos-renaixentistes\\\/cronologia-de-els-frescos-renaixentistes\\\/#primaryimage\",\"url\":\"https:\\\/\\\/catedraldevalencia.es\\\/va\\\/wp-content\\\/uploads\\\/2020\\\/02\\\/ft-the-frescoes-chronology.jpg\",\"contentUrl\":\"https:\\\/\\\/catedraldevalencia.es\\\/va\\\/wp-content\\\/uploads\\\/2020\\\/02\\\/ft-the-frescoes-chronology.jpg\",\"width\":700,\"height\":525},{\"@type\":\"BreadcrumbList\",\"@id\":\"https:\\\/\\\/catedraldevalencia.es\\\/va\\\/els-frescos-renaixentistes\\\/cronologia-de-els-frescos-renaixentistes\\\/#breadcrumb\",\"itemListElement\":[{\"@type\":\"ListItem\",\"position\":1,\"name\":\"Portada\",\"item\":\"https:\\\/\\\/catedraldevalencia.es\\\/va\\\/\"},{\"@type\":\"ListItem\",\"position\":2,\"name\":\"Els Frescos Renaixentistes\",\"item\":\"https:\\\/\\\/catedraldevalencia.es\\\/va\\\/els-frescos-renaixentistes\\\/\"},{\"@type\":\"ListItem\",\"position\":3,\"name\":\"Cronologia dels Frescos Renaixentistes\"}]},{\"@type\":\"WebSite\",\"@id\":\"https:\\\/\\\/catedraldevalencia.es\\\/va\\\/#website\",\"url\":\"https:\\\/\\\/catedraldevalencia.es\\\/va\\\/\",\"name\":\"Catedral de Val\u00e8ncia\",\"description\":\"La Catedral del Sant Calze\",\"potentialAction\":[{\"@type\":\"SearchAction\",\"target\":{\"@type\":\"EntryPoint\",\"urlTemplate\":\"https:\\\/\\\/catedraldevalencia.es\\\/va\\\/?s={search_term_string}\"},\"query-input\":{\"@type\":\"PropertyValueSpecification\",\"valueRequired\":true,\"valueName\":\"search_term_string\"}}],\"inLanguage\":\"ca\"}]}<\/script>\n<!-- \/ Yoast SEO plugin. -->","yoast_head_json":{"title":"Cronologia dels Frescos Renaixentistes - Catedral de Val\u00e8ncia","robots":{"index":"index","follow":"follow","max-snippet":"max-snippet:-1","max-image-preview":"max-image-preview:large","max-video-preview":"max-video-preview:-1"},"canonical":"https:\/\/catedraldevalencia.es\/va\/els-frescos-renaixentistes\/cronologia-de-els-frescos-renaixentistes\/","og_locale":"ca_ES","og_type":"article","og_title":"Cronologia dels Frescos Renaixentistes - Catedral de Val\u00e8ncia","og_description":"[et_pb_section admin_label=&#8221;Secci\u00f3&#8221; fullwidth=&#8221;on&#8221; specialty=&#8221;off&#8221; transparent_background=&#8221;on&#8221; background_color=&#8221;#ffffff&#8221; allow_player_pause=&#8221;off&#8221; inner_shadow=&#8221;off&#8221; parallax=&#8221;off&#8221; parallax_method=&#8221;off&#8221; padding_mobile=&#8221;off&#8221; make_fullwidth=&#8221;off&#8221; use_custom_width=&#8221;off&#8221; width_unit=&#8221;on&#8221; make_equal=&#8221;off&#8221; use_custom_gutter=&#8221;off&#8221; module_id=&#8221;marquee&#8221; module_class=&#8221;medium animated w_bg&#8221; background_image=&#8221;https:\/\/catedraldevalencia.es\/va\/wp-content\/uploads\/2020\/02\/hd-facts-frescoes-angels.jpg&#8221;][et_pb_fullwidth_header admin_label=&#8221;Cap\u00e7alera &#8211; Cronologia dels frescos&#8221; title=&#8221;Cronologia dels frescos&#8221; subhead=&#8221;Hist\u00f2ria de la troballa i la seua restauraci\u00f3&#8221; background_layout=&#8221;dark&#8221; text_orientation=&#8221;center&#8221; header_fullscreen=&#8221;off&#8221; header_scroll_down=&#8221;off&#8221; parallax=&#8221;off&#8221; parallax_method=&#8221;off&#8221; content_orientation=&#8221;center&#8221; image_orientation=&#8221;center&#8221; custom_button_one=&#8221;off&#8221; button_one_letter_spacing=&#8221;0&#8243; button_one_use_icon=&#8221;default&#8221; button_one_icon_placement=&#8221;right&#8221; button_one_on_hover=&#8221;on&#8221; button_one_letter_spacing_hover=&#8221;0&#8243; custom_button_two=&#8221;off&#8221; button_two_letter_spacing=&#8221;0&#8243; button_two_use_icon=&#8221;default&#8221; button_two_icon_placement=&#8221;right&#8221; [&hellip;]","og_url":"https:\/\/catedraldevalencia.es\/va\/els-frescos-renaixentistes\/cronologia-de-els-frescos-renaixentistes\/","og_site_name":"Catedral de Val\u00e8ncia","article_modified_time":"2025-12-20T16:28:23+00:00","og_image":[{"width":700,"height":525,"url":"https:\/\/catedraldevalencia.es\/va\/wp-content\/uploads\/2020\/02\/ft-the-frescoes-chronology.jpg","type":"image\/jpeg"}],"twitter_card":"summary_large_image","twitter_misc":{"Est. reading time":"3 minutes"},"schema":{"@context":"https:\/\/schema.org","@graph":[{"@type":"WebPage","@id":"https:\/\/catedraldevalencia.es\/va\/els-frescos-renaixentistes\/cronologia-de-els-frescos-renaixentistes\/","url":"https:\/\/catedraldevalencia.es\/va\/els-frescos-renaixentistes\/cronologia-de-els-frescos-renaixentistes\/","name":"Cronologia dels Frescos Renaixentistes - Catedral de Val\u00e8ncia","isPartOf":{"@id":"https:\/\/catedraldevalencia.es\/va\/#website"},"primaryImageOfPage":{"@id":"https:\/\/catedraldevalencia.es\/va\/els-frescos-renaixentistes\/cronologia-de-els-frescos-renaixentistes\/#primaryimage"},"image":{"@id":"https:\/\/catedraldevalencia.es\/va\/els-frescos-renaixentistes\/cronologia-de-els-frescos-renaixentistes\/#primaryimage"},"thumbnailUrl":"https:\/\/catedraldevalencia.es\/va\/wp-content\/uploads\/2020\/02\/ft-the-frescoes-chronology.jpg","datePublished":"2020-02-01T14:38:31+00:00","dateModified":"2025-12-20T16:28:23+00:00","breadcrumb":{"@id":"https:\/\/catedraldevalencia.es\/va\/els-frescos-renaixentistes\/cronologia-de-els-frescos-renaixentistes\/#breadcrumb"},"inLanguage":"ca","potentialAction":[{"@type":"ReadAction","target":["https:\/\/catedraldevalencia.es\/va\/els-frescos-renaixentistes\/cronologia-de-els-frescos-renaixentistes\/"]}]},{"@type":"ImageObject","inLanguage":"ca","@id":"https:\/\/catedraldevalencia.es\/va\/els-frescos-renaixentistes\/cronologia-de-els-frescos-renaixentistes\/#primaryimage","url":"https:\/\/catedraldevalencia.es\/va\/wp-content\/uploads\/2020\/02\/ft-the-frescoes-chronology.jpg","contentUrl":"https:\/\/catedraldevalencia.es\/va\/wp-content\/uploads\/2020\/02\/ft-the-frescoes-chronology.jpg","width":700,"height":525},{"@type":"BreadcrumbList","@id":"https:\/\/catedraldevalencia.es\/va\/els-frescos-renaixentistes\/cronologia-de-els-frescos-renaixentistes\/#breadcrumb","itemListElement":[{"@type":"ListItem","position":1,"name":"Portada","item":"https:\/\/catedraldevalencia.es\/va\/"},{"@type":"ListItem","position":2,"name":"Els Frescos Renaixentistes","item":"https:\/\/catedraldevalencia.es\/va\/els-frescos-renaixentistes\/"},{"@type":"ListItem","position":3,"name":"Cronologia dels Frescos Renaixentistes"}]},{"@type":"WebSite","@id":"https:\/\/catedraldevalencia.es\/va\/#website","url":"https:\/\/catedraldevalencia.es\/va\/","name":"Catedral de Val\u00e8ncia","description":"La Catedral del Sant Calze","potentialAction":[{"@type":"SearchAction","target":{"@type":"EntryPoint","urlTemplate":"https:\/\/catedraldevalencia.es\/va\/?s={search_term_string}"},"query-input":{"@type":"PropertyValueSpecification","valueRequired":true,"valueName":"search_term_string"}}],"inLanguage":"ca"}]}},"_links":{"self":[{"href":"https:\/\/catedraldevalencia.es\/va\/wp-json\/wp\/v2\/pages\/26636","targetHints":{"allow":["GET"]}}],"collection":[{"href":"https:\/\/catedraldevalencia.es\/va\/wp-json\/wp\/v2\/pages"}],"about":[{"href":"https:\/\/catedraldevalencia.es\/va\/wp-json\/wp\/v2\/types\/page"}],"author":[{"embeddable":true,"href":"https:\/\/catedraldevalencia.es\/va\/wp-json\/wp\/v2\/users\/1"}],"replies":[{"embeddable":true,"href":"https:\/\/catedraldevalencia.es\/va\/wp-json\/wp\/v2\/comments?post=26636"}],"version-history":[{"count":0,"href":"https:\/\/catedraldevalencia.es\/va\/wp-json\/wp\/v2\/pages\/26636\/revisions"}],"up":[{"embeddable":true,"href":"https:\/\/catedraldevalencia.es\/va\/wp-json\/wp\/v2\/pages\/45"}],"wp:featuredmedia":[{"embeddable":true,"href":"https:\/\/catedraldevalencia.es\/va\/wp-json\/wp\/v2\/media\/26654"}],"wp:attachment":[{"href":"https:\/\/catedraldevalencia.es\/va\/wp-json\/wp\/v2\/media?parent=26636"}],"curies":[{"name":"wp","href":"https:\/\/api.w.org\/{rel}","templated":true}]}}