{"id":26685,"date":"2020-02-02T17:55:37","date_gmt":"2020-02-02T17:55:37","guid":{"rendered":"https:\/\/catedraldevalencia.es\/va\/?page_id=26685"},"modified":"2025-04-18T18:02:06","modified_gmt":"2025-04-18T18:02:06","slug":"les-llegendes-del-greal","status":"publish","type":"page","link":"https:\/\/catedraldevalencia.es\/va\/el-sant-calze\/sobre-el-sant-calze\/les-llegendes-del-greal\/","title":{"rendered":"Les Llegendes del Greal"},"content":{"rendered":"<p>[et_pb_section admin_label=&#8221;Secci\u00f3&#8221; transparent_background=&#8221;on&#8221; background_color=&#8221;#ffffff&#8221; allow_player_pause=&#8221;off&#8221; inner_shadow=&#8221;off&#8221; parallax=&#8221;on&#8221; parallax_method=&#8221;on&#8221; padding_mobile=&#8221;on&#8221; make_fullwidth=&#8221;off&#8221; use_custom_width=&#8221;off&#8221; width_unit=&#8221;on&#8221; make_equal=&#8221;off&#8221; use_custom_gutter=&#8221;off&#8221; custom_padding=&#8221;0px|0px|0px|0px&#8221; background_image=&#8221;https:\/\/catedraldevalencia.es\/va\/wp-content\/uploads\/2020\/02\/bg-part-2-grail-legends-summary.jpg&#8221; module_id=&#8221;row-1&#8243;]\n[et_pb_row admin_label=&#8221;Fila&#8221; make_fullwidth=&#8221;on&#8221; use_custom_width=&#8221;off&#8221; width_unit=&#8221;on&#8221; use_custom_gutter=&#8221;on&#8221; padding_mobile=&#8221;on&#8221; allow_player_pause=&#8221;off&#8221; parallax=&#8221;off&#8221; parallax_method=&#8221;off&#8221; make_equal=&#8221;on&#8221; parallax_1=&#8221;on&#8221; parallax_method_1=&#8221;on&#8221; parallax_2=&#8221;off&#8221; parallax_method_2=&#8221;off&#8221; column_padding_mobile=&#8221;off&#8221; gutter_width=&#8221;1&#8243; module_id_1=&#8221;column-header-split&#8221; module_id_2=&#8221;column-text-split&#8221; padding_2_last_edited=&#8221;off|desktop&#8221;]\n[et_pb_column type=&#8221;1_2&#8243;]\n[et_pb_text admin_label=&#8221;Text &#8211; El Sant Calze&#8221; background_layout=&#8221;dark&#8221; text_orientation=&#8221;center&#8221; use_border_color=&#8221;off&#8221; border_color=&#8221;#ffffff&#8221; border_style=&#8221;solid&#8221; custom_margin=&#8221;||4%|&#8221;]<\/p>\n<h3>El Sant Calze<\/h3>\n<p>[\/et_pb_text]\n[et_pb_text admin_label=&#8221;T\u00edtol &#8211; Les Llegendes del Greal&#8221; background_layout=&#8221;dark&#8221; text_orientation=&#8221;center&#8221; use_border_color=&#8221;off&#8221; border_color=&#8221;#ffffff&#8221; border_style=&#8221;solid&#8221;]<\/p>\n<h2>Les Llegendes<br><em>del<\/em> Greal<\/h2>\n<p class=\"note\">Sobre el Sant Calze del Sopar del Senyor<\/p>\n<p>[\/et_pb_text]\n[\/et_pb_column]\n[et_pb_column type=&#8221;1_2&#8243;]\n[et_pb_text admin_label=&#8221;Text&#8221; background_layout=&#8221;light&#8221; text_orientation=&#8221;left&#8221; use_border_color=&#8221;off&#8221; border_color=&#8221;#ffffff&#8221; border_style=&#8221;solid&#8221;]<\/p>\n<p class=\"lead\">El tema de la cerca del Greal, objecte meravell\u00f3s i font de vida, \u00e9s fonamental en la literatura medieval franc-germ\u00e0nica, i el seu origen est\u00e0 sobretot en les obres de <strong>Chretien de Troyes<\/strong>, que va deixar inacabada cap a 1190 la seua obra <em>Perceval<\/em> o el <em>Conte del Greal<\/em>; ac\u00ed no s&#8217;explica quina \u00e9s la naturalesa d&#8217;aquesta joia, i va ser <strong>Wolfram von Eschenbach<\/strong> qui li va donar forma de calze en el seu poema <em>\u201cPerceval el Gal\u00e9s\u201d.<\/em><\/p>\n<p>Es creu que va concebre el seu <em>Perceval<\/em> a principis del segle XIII, en el <em>Wartburg<\/em>, m\u00edtic castell, bressol de poetes i trobadors; i que ho va finalitzar en 1215. All\u00e0, en aquell castell, on aquells cantors a l&#8217;Amor, aquells Mestres Cantaires, que les seues tres regles principals, D\u00e9u, el seu senyor i la dona estimada, constitu\u00efen la font de les seues inspiracions, va compondre <strong>Wolfram<\/strong> la seua magna obra. Perqu\u00e8 ell va ser el pr\u00edncep dels trobadors, la m\u00e0xima figura al costat de <strong>Walter von der Vogelweide<\/strong> i <strong>Heinrich Tannh\u00e4user<\/strong>.<\/p>\n<p>Recents investigacions, com la de <strong>Michael Hesemann<\/strong> <em>&#8211; \u201cDie Entdeckung des Heiligen Grals. Das Ende einer Suche\u201d, Ed. Pattloch 2003 &#8211;<\/em>, situen l&#8217;origen d&#8217;aquestes llegendes a Espanya i sobre la base del calze d&#8217;\u00e0gata de San Juan de la Pe\u00f1a, i no podem oblidar que van ser la font d&#8217;inspiraci\u00f3 per a les grans obres po\u00e8tic-musicals de <strong>Richard Wagner<\/strong> <em>\u201cTannh\u00e4user\u201d<\/em>, <em>\u201cParsifal\u201d<\/em> i <em>\u201cLohengrin\u201d<\/em>.<\/p>\n<p>[\/et_pb_text]\n[et_pb_code admin_label=&#8221;Continuar&#8221; module_class=&#8221;continue&#8221;]\n&lt;a href=&quot;https:\/\/catedraldevalencia.es\/va\/el-sant-calze\/sobre-el-sant-calze\/un-tema-de-actualitat\/&quot;&gt;Continuar a &lt;strong&gt;Un tema d&#8217;actualitat &lt;i class=&quot;icon icon-right-open-big&quot;&gt;&lt;\/i&gt;&lt;\/strong&gt;&lt;\/a&gt;\n[\/et_pb_code]\n[\/et_pb_column]\n[\/et_pb_row]\n[\/et_pb_section]\n[et_pb_section admin_label=&#8221;Secci\u00f3&#8221; transparent_background=&#8221;off&#8221; background_color=&#8221;#ffffff&#8221; allow_player_pause=&#8221;off&#8221; inner_shadow=&#8221;off&#8221; parallax=&#8221;on&#8221; parallax_method=&#8221;on&#8221; padding_mobile=&#8221;on&#8221; make_fullwidth=&#8221;off&#8221; use_custom_width=&#8221;off&#8221; width_unit=&#8221;on&#8221; make_equal=&#8221;off&#8221; use_custom_gutter=&#8221;off&#8221; module_id=&#8221;row-2&#8243;]\n[et_pb_row admin_label=&#8221;Fila&#8221; make_fullwidth=&#8221;on&#8221; use_custom_width=&#8221;off&#8221; width_unit=&#8221;on&#8221; use_custom_gutter=&#8221;on&#8221; padding_mobile=&#8221;on&#8221; allow_player_pause=&#8221;off&#8221; parallax=&#8221;off&#8221; parallax_method=&#8221;off&#8221; make_equal=&#8221;on&#8221; parallax_1=&#8221;off&#8221; parallax_method_1=&#8221;on&#8221; parallax_2=&#8221;off&#8221; parallax_method_2=&#8221;off&#8221; column_padding_mobile=&#8221;off&#8221; gutter_width=&#8221;1&#8243; custom_padding=&#8221;0px|0px|0px|0px&#8221; custom_margin=&#8221;0px||0px|&#8221; module_id_1=&#8221;column-prev-split&#8221; module_id_2=&#8221;column-next-split&#8221; padding_2_last_edited=&#8221;off|desktop&#8221; custom_margin_last_edited=&#8221;off|desktop&#8221; bg_img_1=&#8221;https:\/\/catedraldevalencia.es\/va\/wp-content\/uploads\/2020\/02\/cta-part-1-authenticity-of-the-holy-chalice.jpg&#8221; bg_img_2=&#8221;https:\/\/catedraldevalencia.es\/va\/wp-content\/uploads\/2020\/02\/cta-part-3-index-description-chalice.jpg&#8221;]\n[et_pb_column type=&#8221;1_2&#8243;]\n[et_pb_cta admin_label=&#8221;CTA &#8211; Anterior part&#8221; title=&#8221;Tornar a&#8221; url_new_window=&#8221;off&#8221; button_text=&#8221;Anterior&#8221; use_background_color=&#8221;off&#8221; background_color=&#8221;#990000&#8243; background_layout=&#8221;dark&#8221; text_orientation=&#8221;center&#8221; use_border_color=&#8221;off&#8221; border_color=&#8221;#ffffff&#8221; border_style=&#8221;solid&#8221; custom_button=&#8221;off&#8221; button_letter_spacing=&#8221;0&#8243; button_use_icon=&#8221;default&#8221; button_icon_placement=&#8221;right&#8221; button_on_hover=&#8221;on&#8221; button_letter_spacing_hover=&#8221;0&#8243; module_id=&#8221;cta-by_style&#8221; module_class=&#8221;cta-action&#8221; button_url=&#8221;https:\/\/catedraldevalencia.es\/va\/el-sant-calze\/sobre-el-sant-calze\/autenticitat-del-sant-calze\/&#8221;]<\/p>\n<h3>Autenticitat del Sant Calze<\/h3>\n<p>[\/et_pb_cta]\n[\/et_pb_column]\n[et_pb_column type=&#8221;1_2&#8243;]\n[et_pb_cta admin_label=&#8221;CTA &#8211; Seg\u00fcent part&#8221; title=&#8221;Continuar a&#8221; button_url=&#8221;https:\/\/catedraldevalencia.es\/va\/el-sant-calze\/sobre-el-sant-calze\/un-tema-de-actualitat\/&#8221; url_new_window=&#8221;off&#8221; button_text=&#8221;Seg\u00fcent&#8221; use_background_color=&#8221;off&#8221; background_color=&#8221;#990000&#8243; background_layout=&#8221;dark&#8221; text_orientation=&#8221;center&#8221; use_border_color=&#8221;off&#8221; border_color=&#8221;#ffffff&#8221; border_style=&#8221;solid&#8221; custom_button=&#8221;off&#8221; button_letter_spacing=&#8221;0&#8243; button_use_icon=&#8221;default&#8221; button_icon_placement=&#8221;right&#8221; button_on_hover=&#8221;on&#8221; button_letter_spacing_hover=&#8221;0&#8243; module_id=&#8221;cta-by_room&#8221; module_class=&#8221;cta-action&#8221;]<\/p>\n<h3>Un tema d&#8217;actualitat<\/h3>\n<p>[\/et_pb_cta]\n[\/et_pb_column]\n[\/et_pb_row]\n[\/et_pb_section]<\/p>\n","protected":false},"excerpt":{"rendered":"<p>[et_pb_section admin_label=&#8221;Secci\u00f3&#8221; transparent_background=&#8221;on&#8221; background_color=&#8221;#ffffff&#8221; allow_player_pause=&#8221;off&#8221; inner_shadow=&#8221;off&#8221; parallax=&#8221;on&#8221; parallax_method=&#8221;on&#8221; padding_mobile=&#8221;on&#8221; make_fullwidth=&#8221;off&#8221; use_custom_width=&#8221;off&#8221; width_unit=&#8221;on&#8221; make_equal=&#8221;off&#8221; use_custom_gutter=&#8221;off&#8221; custom_padding=&#8221;0px|0px|0px|0px&#8221; background_image=&#8221;https:\/\/catedraldevalencia.es\/va\/wp-content\/uploads\/2020\/02\/bg-part-2-grail-legends-summary.jpg&#8221; module_id=&#8221;row-1&#8243;] [et_pb_row admin_label=&#8221;Fila&#8221; make_fullwidth=&#8221;on&#8221; use_custom_width=&#8221;off&#8221; width_unit=&#8221;on&#8221; use_custom_gutter=&#8221;on&#8221; padding_mobile=&#8221;on&#8221; allow_player_pause=&#8221;off&#8221; parallax=&#8221;off&#8221; parallax_method=&#8221;off&#8221; make_equal=&#8221;on&#8221; parallax_1=&#8221;on&#8221; parallax_method_1=&#8221;on&#8221; parallax_2=&#8221;off&#8221; parallax_method_2=&#8221;off&#8221; column_padding_mobile=&#8221;off&#8221; gutter_width=&#8221;1&#8243; module_id_1=&#8221;column-header-split&#8221; module_id_2=&#8221;column-text-split&#8221; padding_2_last_edited=&#8221;off|desktop&#8221;] [et_pb_column type=&#8221;1_2&#8243;] [et_pb_text admin_label=&#8221;Text &#8211; El Sant Calze&#8221; background_layout=&#8221;dark&#8221; text_orientation=&#8221;center&#8221; use_border_color=&#8221;off&#8221; border_color=&#8221;#ffffff&#8221; border_style=&#8221;solid&#8221; custom_margin=&#8221;||4%|&#8221;] El Sant Calze [\/et_pb_text] [&hellip;]<\/p>\n","protected":false},"author":1,"featured_media":26732,"parent":26414,"menu_order":2,"comment_status":"closed","ping_status":"closed","template":"page-withmenu.php","meta":{"footnotes":""},"class_list":["post-26685","page","type-page","status-publish","has-post-thumbnail","hentry"],"yoast_head":"<!-- This site is optimized with the Yoast SEO plugin v27.4 - https:\/\/yoast.com\/product\/yoast-seo-wordpress\/ -->\n<title>Les Llegendes del Greal - Catedral de Val\u00e8ncia<\/title>\n<meta name=\"robots\" content=\"index, follow, max-snippet:-1, max-image-preview:large, max-video-preview:-1\" \/>\n<link rel=\"canonical\" href=\"https:\/\/catedraldevalencia.es\/va\/el-sant-calze\/sobre-el-sant-calze\/les-llegendes-del-greal\/\" \/>\n<meta property=\"og:locale\" content=\"ca_ES\" \/>\n<meta property=\"og:type\" content=\"article\" \/>\n<meta property=\"og:title\" content=\"Les Llegendes del Greal - Catedral de Val\u00e8ncia\" \/>\n<meta property=\"og:description\" content=\"[et_pb_section admin_label=&#8221;Secci\u00f3&#8221; transparent_background=&#8221;on&#8221; background_color=&#8221;#ffffff&#8221; allow_player_pause=&#8221;off&#8221; inner_shadow=&#8221;off&#8221; parallax=&#8221;on&#8221; parallax_method=&#8221;on&#8221; padding_mobile=&#8221;on&#8221; make_fullwidth=&#8221;off&#8221; use_custom_width=&#8221;off&#8221; width_unit=&#8221;on&#8221; make_equal=&#8221;off&#8221; use_custom_gutter=&#8221;off&#8221; custom_padding=&#8221;0px|0px|0px|0px&#8221; background_image=&#8221;https:\/\/catedraldevalencia.es\/va\/wp-content\/uploads\/2020\/02\/bg-part-2-grail-legends-summary.jpg&#8221; module_id=&#8221;row-1&#8243;] [et_pb_row admin_label=&#8221;Fila&#8221; make_fullwidth=&#8221;on&#8221; use_custom_width=&#8221;off&#8221; width_unit=&#8221;on&#8221; use_custom_gutter=&#8221;on&#8221; padding_mobile=&#8221;on&#8221; allow_player_pause=&#8221;off&#8221; parallax=&#8221;off&#8221; parallax_method=&#8221;off&#8221; make_equal=&#8221;on&#8221; parallax_1=&#8221;on&#8221; parallax_method_1=&#8221;on&#8221; parallax_2=&#8221;off&#8221; parallax_method_2=&#8221;off&#8221; column_padding_mobile=&#8221;off&#8221; gutter_width=&#8221;1&#8243; module_id_1=&#8221;column-header-split&#8221; module_id_2=&#8221;column-text-split&#8221; padding_2_last_edited=&#8221;off|desktop&#8221;] [et_pb_column type=&#8221;1_2&#8243;] [et_pb_text admin_label=&#8221;Text &#8211; El Sant Calze&#8221; background_layout=&#8221;dark&#8221; text_orientation=&#8221;center&#8221; use_border_color=&#8221;off&#8221; border_color=&#8221;#ffffff&#8221; border_style=&#8221;solid&#8221; custom_margin=&#8221;||4%|&#8221;] El Sant Calze [\/et_pb_text] [&hellip;]\" \/>\n<meta property=\"og:url\" content=\"https:\/\/catedraldevalencia.es\/va\/el-sant-calze\/sobre-el-sant-calze\/les-llegendes-del-greal\/\" \/>\n<meta property=\"og:site_name\" content=\"Catedral de Val\u00e8ncia\" \/>\n<meta property=\"article:modified_time\" content=\"2025-04-18T18:02:06+00:00\" \/>\n<meta property=\"og:image\" content=\"https:\/\/catedraldevalencia.es\/va\/wp-content\/uploads\/2020\/02\/ft-part-2-grail-legends.jpg\" \/>\n\t<meta property=\"og:image:width\" content=\"700\" \/>\n\t<meta property=\"og:image:height\" content=\"525\" \/>\n\t<meta property=\"og:image:type\" content=\"image\/jpeg\" \/>\n<meta name=\"twitter:card\" content=\"summary_large_image\" \/>\n<meta name=\"twitter:label1\" content=\"Est. reading time\" \/>\n\t<meta name=\"twitter:data1\" content=\"3 minutes\" \/>\n<script type=\"application\/ld+json\" class=\"yoast-schema-graph\">{\"@context\":\"https:\\\/\\\/schema.org\",\"@graph\":[{\"@type\":\"WebPage\",\"@id\":\"https:\\\/\\\/catedraldevalencia.es\\\/va\\\/el-sant-calze\\\/sobre-el-sant-calze\\\/les-llegendes-del-greal\\\/\",\"url\":\"https:\\\/\\\/catedraldevalencia.es\\\/va\\\/el-sant-calze\\\/sobre-el-sant-calze\\\/les-llegendes-del-greal\\\/\",\"name\":\"Les Llegendes del Greal - Catedral de Val\u00e8ncia\",\"isPartOf\":{\"@id\":\"https:\\\/\\\/catedraldevalencia.es\\\/va\\\/#website\"},\"primaryImageOfPage\":{\"@id\":\"https:\\\/\\\/catedraldevalencia.es\\\/va\\\/el-sant-calze\\\/sobre-el-sant-calze\\\/les-llegendes-del-greal\\\/#primaryimage\"},\"image\":{\"@id\":\"https:\\\/\\\/catedraldevalencia.es\\\/va\\\/el-sant-calze\\\/sobre-el-sant-calze\\\/les-llegendes-del-greal\\\/#primaryimage\"},\"thumbnailUrl\":\"https:\\\/\\\/catedraldevalencia.es\\\/va\\\/wp-content\\\/uploads\\\/2020\\\/02\\\/ft-part-2-grail-legends.jpg\",\"datePublished\":\"2020-02-02T17:55:37+00:00\",\"dateModified\":\"2025-04-18T18:02:06+00:00\",\"breadcrumb\":{\"@id\":\"https:\\\/\\\/catedraldevalencia.es\\\/va\\\/el-sant-calze\\\/sobre-el-sant-calze\\\/les-llegendes-del-greal\\\/#breadcrumb\"},\"inLanguage\":\"ca\",\"potentialAction\":[{\"@type\":\"ReadAction\",\"target\":[\"https:\\\/\\\/catedraldevalencia.es\\\/va\\\/el-sant-calze\\\/sobre-el-sant-calze\\\/les-llegendes-del-greal\\\/\"]}]},{\"@type\":\"ImageObject\",\"inLanguage\":\"ca\",\"@id\":\"https:\\\/\\\/catedraldevalencia.es\\\/va\\\/el-sant-calze\\\/sobre-el-sant-calze\\\/les-llegendes-del-greal\\\/#primaryimage\",\"url\":\"https:\\\/\\\/catedraldevalencia.es\\\/va\\\/wp-content\\\/uploads\\\/2020\\\/02\\\/ft-part-2-grail-legends.jpg\",\"contentUrl\":\"https:\\\/\\\/catedraldevalencia.es\\\/va\\\/wp-content\\\/uploads\\\/2020\\\/02\\\/ft-part-2-grail-legends.jpg\",\"width\":700,\"height\":525},{\"@type\":\"BreadcrumbList\",\"@id\":\"https:\\\/\\\/catedraldevalencia.es\\\/va\\\/el-sant-calze\\\/sobre-el-sant-calze\\\/les-llegendes-del-greal\\\/#breadcrumb\",\"itemListElement\":[{\"@type\":\"ListItem\",\"position\":1,\"name\":\"Portada\",\"item\":\"https:\\\/\\\/catedraldevalencia.es\\\/va\\\/\"},{\"@type\":\"ListItem\",\"position\":2,\"name\":\"El Sant Calze\",\"item\":\"https:\\\/\\\/catedraldevalencia.es\\\/va\\\/el-sant-calze\\\/\"},{\"@type\":\"ListItem\",\"position\":3,\"name\":\"Sobre el Sant Calze\",\"item\":\"https:\\\/\\\/catedraldevalencia.es\\\/va\\\/el-sant-calze\\\/sobre-el-sant-calze\\\/\"},{\"@type\":\"ListItem\",\"position\":4,\"name\":\"Les Llegendes del Greal\"}]},{\"@type\":\"WebSite\",\"@id\":\"https:\\\/\\\/catedraldevalencia.es\\\/va\\\/#website\",\"url\":\"https:\\\/\\\/catedraldevalencia.es\\\/va\\\/\",\"name\":\"Catedral de Val\u00e8ncia\",\"description\":\"La Catedral del Sant Calze\",\"potentialAction\":[{\"@type\":\"SearchAction\",\"target\":{\"@type\":\"EntryPoint\",\"urlTemplate\":\"https:\\\/\\\/catedraldevalencia.es\\\/va\\\/?s={search_term_string}\"},\"query-input\":{\"@type\":\"PropertyValueSpecification\",\"valueRequired\":true,\"valueName\":\"search_term_string\"}}],\"inLanguage\":\"ca\"}]}<\/script>\n<!-- \/ Yoast SEO plugin. -->","yoast_head_json":{"title":"Les Llegendes del Greal - Catedral de Val\u00e8ncia","robots":{"index":"index","follow":"follow","max-snippet":"max-snippet:-1","max-image-preview":"max-image-preview:large","max-video-preview":"max-video-preview:-1"},"canonical":"https:\/\/catedraldevalencia.es\/va\/el-sant-calze\/sobre-el-sant-calze\/les-llegendes-del-greal\/","og_locale":"ca_ES","og_type":"article","og_title":"Les Llegendes del Greal - Catedral de Val\u00e8ncia","og_description":"[et_pb_section admin_label=&#8221;Secci\u00f3&#8221; transparent_background=&#8221;on&#8221; background_color=&#8221;#ffffff&#8221; allow_player_pause=&#8221;off&#8221; inner_shadow=&#8221;off&#8221; parallax=&#8221;on&#8221; parallax_method=&#8221;on&#8221; padding_mobile=&#8221;on&#8221; make_fullwidth=&#8221;off&#8221; use_custom_width=&#8221;off&#8221; width_unit=&#8221;on&#8221; make_equal=&#8221;off&#8221; use_custom_gutter=&#8221;off&#8221; custom_padding=&#8221;0px|0px|0px|0px&#8221; background_image=&#8221;https:\/\/catedraldevalencia.es\/va\/wp-content\/uploads\/2020\/02\/bg-part-2-grail-legends-summary.jpg&#8221; module_id=&#8221;row-1&#8243;] [et_pb_row admin_label=&#8221;Fila&#8221; make_fullwidth=&#8221;on&#8221; use_custom_width=&#8221;off&#8221; width_unit=&#8221;on&#8221; use_custom_gutter=&#8221;on&#8221; padding_mobile=&#8221;on&#8221; allow_player_pause=&#8221;off&#8221; parallax=&#8221;off&#8221; parallax_method=&#8221;off&#8221; make_equal=&#8221;on&#8221; parallax_1=&#8221;on&#8221; parallax_method_1=&#8221;on&#8221; parallax_2=&#8221;off&#8221; parallax_method_2=&#8221;off&#8221; column_padding_mobile=&#8221;off&#8221; gutter_width=&#8221;1&#8243; module_id_1=&#8221;column-header-split&#8221; module_id_2=&#8221;column-text-split&#8221; padding_2_last_edited=&#8221;off|desktop&#8221;] [et_pb_column type=&#8221;1_2&#8243;] [et_pb_text admin_label=&#8221;Text &#8211; El Sant Calze&#8221; background_layout=&#8221;dark&#8221; text_orientation=&#8221;center&#8221; use_border_color=&#8221;off&#8221; border_color=&#8221;#ffffff&#8221; border_style=&#8221;solid&#8221; custom_margin=&#8221;||4%|&#8221;] El Sant Calze [\/et_pb_text] [&hellip;]","og_url":"https:\/\/catedraldevalencia.es\/va\/el-sant-calze\/sobre-el-sant-calze\/les-llegendes-del-greal\/","og_site_name":"Catedral de Val\u00e8ncia","article_modified_time":"2025-04-18T18:02:06+00:00","og_image":[{"width":700,"height":525,"url":"https:\/\/catedraldevalencia.es\/va\/wp-content\/uploads\/2020\/02\/ft-part-2-grail-legends.jpg","type":"image\/jpeg"}],"twitter_card":"summary_large_image","twitter_misc":{"Est. reading time":"3 minutes"},"schema":{"@context":"https:\/\/schema.org","@graph":[{"@type":"WebPage","@id":"https:\/\/catedraldevalencia.es\/va\/el-sant-calze\/sobre-el-sant-calze\/les-llegendes-del-greal\/","url":"https:\/\/catedraldevalencia.es\/va\/el-sant-calze\/sobre-el-sant-calze\/les-llegendes-del-greal\/","name":"Les Llegendes del Greal - Catedral de Val\u00e8ncia","isPartOf":{"@id":"https:\/\/catedraldevalencia.es\/va\/#website"},"primaryImageOfPage":{"@id":"https:\/\/catedraldevalencia.es\/va\/el-sant-calze\/sobre-el-sant-calze\/les-llegendes-del-greal\/#primaryimage"},"image":{"@id":"https:\/\/catedraldevalencia.es\/va\/el-sant-calze\/sobre-el-sant-calze\/les-llegendes-del-greal\/#primaryimage"},"thumbnailUrl":"https:\/\/catedraldevalencia.es\/va\/wp-content\/uploads\/2020\/02\/ft-part-2-grail-legends.jpg","datePublished":"2020-02-02T17:55:37+00:00","dateModified":"2025-04-18T18:02:06+00:00","breadcrumb":{"@id":"https:\/\/catedraldevalencia.es\/va\/el-sant-calze\/sobre-el-sant-calze\/les-llegendes-del-greal\/#breadcrumb"},"inLanguage":"ca","potentialAction":[{"@type":"ReadAction","target":["https:\/\/catedraldevalencia.es\/va\/el-sant-calze\/sobre-el-sant-calze\/les-llegendes-del-greal\/"]}]},{"@type":"ImageObject","inLanguage":"ca","@id":"https:\/\/catedraldevalencia.es\/va\/el-sant-calze\/sobre-el-sant-calze\/les-llegendes-del-greal\/#primaryimage","url":"https:\/\/catedraldevalencia.es\/va\/wp-content\/uploads\/2020\/02\/ft-part-2-grail-legends.jpg","contentUrl":"https:\/\/catedraldevalencia.es\/va\/wp-content\/uploads\/2020\/02\/ft-part-2-grail-legends.jpg","width":700,"height":525},{"@type":"BreadcrumbList","@id":"https:\/\/catedraldevalencia.es\/va\/el-sant-calze\/sobre-el-sant-calze\/les-llegendes-del-greal\/#breadcrumb","itemListElement":[{"@type":"ListItem","position":1,"name":"Portada","item":"https:\/\/catedraldevalencia.es\/va\/"},{"@type":"ListItem","position":2,"name":"El Sant Calze","item":"https:\/\/catedraldevalencia.es\/va\/el-sant-calze\/"},{"@type":"ListItem","position":3,"name":"Sobre el Sant Calze","item":"https:\/\/catedraldevalencia.es\/va\/el-sant-calze\/sobre-el-sant-calze\/"},{"@type":"ListItem","position":4,"name":"Les Llegendes del Greal"}]},{"@type":"WebSite","@id":"https:\/\/catedraldevalencia.es\/va\/#website","url":"https:\/\/catedraldevalencia.es\/va\/","name":"Catedral de Val\u00e8ncia","description":"La Catedral del Sant Calze","potentialAction":[{"@type":"SearchAction","target":{"@type":"EntryPoint","urlTemplate":"https:\/\/catedraldevalencia.es\/va\/?s={search_term_string}"},"query-input":{"@type":"PropertyValueSpecification","valueRequired":true,"valueName":"search_term_string"}}],"inLanguage":"ca"}]}},"_links":{"self":[{"href":"https:\/\/catedraldevalencia.es\/va\/wp-json\/wp\/v2\/pages\/26685","targetHints":{"allow":["GET"]}}],"collection":[{"href":"https:\/\/catedraldevalencia.es\/va\/wp-json\/wp\/v2\/pages"}],"about":[{"href":"https:\/\/catedraldevalencia.es\/va\/wp-json\/wp\/v2\/types\/page"}],"author":[{"embeddable":true,"href":"https:\/\/catedraldevalencia.es\/va\/wp-json\/wp\/v2\/users\/1"}],"replies":[{"embeddable":true,"href":"https:\/\/catedraldevalencia.es\/va\/wp-json\/wp\/v2\/comments?post=26685"}],"version-history":[{"count":0,"href":"https:\/\/catedraldevalencia.es\/va\/wp-json\/wp\/v2\/pages\/26685\/revisions"}],"up":[{"embeddable":true,"href":"https:\/\/catedraldevalencia.es\/va\/wp-json\/wp\/v2\/pages\/26414"}],"wp:featuredmedia":[{"embeddable":true,"href":"https:\/\/catedraldevalencia.es\/va\/wp-json\/wp\/v2\/media\/26732"}],"wp:attachment":[{"href":"https:\/\/catedraldevalencia.es\/va\/wp-json\/wp\/v2\/media?parent=26685"}],"curies":[{"name":"wp","href":"https:\/\/api.w.org\/{rel}","templated":true}]}}