{"id":26687,"date":"2020-02-02T18:40:22","date_gmt":"2020-02-02T18:40:22","guid":{"rendered":"https:\/\/catedraldevalencia.es\/va\/?page_id=26687"},"modified":"2025-04-19T08:35:17","modified_gmt":"2025-04-19T08:35:17","slug":"un-tema-de-actualitat","status":"publish","type":"page","link":"https:\/\/catedraldevalencia.es\/va\/el-sant-calze\/sobre-el-sant-calze\/un-tema-de-actualitat\/","title":{"rendered":"Un tema d&#8217;actualitat"},"content":{"rendered":"<p>[et_pb_section admin_label=&#8221;Secci\u00f3&#8221; transparent_background=&#8221;on&#8221; background_color=&#8221;#ffffff&#8221; allow_player_pause=&#8221;off&#8221; inner_shadow=&#8221;off&#8221; parallax=&#8221;on&#8221; parallax_method=&#8221;on&#8221; padding_mobile=&#8221;on&#8221; make_fullwidth=&#8221;off&#8221; use_custom_width=&#8221;off&#8221; width_unit=&#8221;on&#8221; make_equal=&#8221;off&#8221; use_custom_gutter=&#8221;off&#8221; custom_padding=&#8221;0px|0px|0px|0px&#8221; background_image=&#8221;https:\/\/catedraldevalencia.es\/va\/wp-content\/uploads\/2020\/02\/bg-part-3-topic-that-is-currently-topical-summary.jpg&#8221; module_id=&#8221;row-1&#8243;]\n[et_pb_row admin_label=&#8221;Fila&#8221; make_fullwidth=&#8221;on&#8221; use_custom_width=&#8221;off&#8221; width_unit=&#8221;on&#8221; use_custom_gutter=&#8221;on&#8221; padding_mobile=&#8221;on&#8221; allow_player_pause=&#8221;off&#8221; parallax=&#8221;off&#8221; parallax_method=&#8221;off&#8221; make_equal=&#8221;on&#8221; parallax_1=&#8221;on&#8221; parallax_method_1=&#8221;on&#8221; parallax_2=&#8221;off&#8221; parallax_method_2=&#8221;off&#8221; column_padding_mobile=&#8221;off&#8221; gutter_width=&#8221;1&#8243; module_id_1=&#8221;column-header-split&#8221; module_id_2=&#8221;column-text-split&#8221; padding_2_last_edited=&#8221;off|desktop&#8221;]\n[et_pb_column type=&#8221;1_2&#8243;]\n[et_pb_text admin_label=&#8221;Text &#8211; El Sant Calze&#8221; background_layout=&#8221;dark&#8221; text_orientation=&#8221;center&#8221; use_border_color=&#8221;off&#8221; border_color=&#8221;#ffffff&#8221; border_style=&#8221;solid&#8221; custom_margin=&#8221;||4%|&#8221;]<\/p>\n<h3>El Sant Calze<\/h3>\n<p>[\/et_pb_text]\n[et_pb_text admin_label=&#8221;T\u00edtol &#8211; Autenticitat del Sant Calze&#8221; background_layout=&#8221;dark&#8221; text_orientation=&#8221;center&#8221; use_border_color=&#8221;off&#8221; border_color=&#8221;#ffffff&#8221; border_style=&#8221;solid&#8221;]<\/p>\n<h2>Un tema<br>d&#8217;actualitat<\/h2>\n<p class=\"note\">Sobre el Sant Calze del Sopar del Senyor<\/p>\n<p>[\/et_pb_text]\n[\/et_pb_column]\n[et_pb_column type=&#8221;1_2&#8243;]\n[et_pb_text admin_label=&#8221;Text&#8221; background_layout=&#8221;light&#8221; text_orientation=&#8221;left&#8221; use_border_color=&#8221;off&#8221; border_color=&#8221;#ffffff&#8221; border_style=&#8221;solid&#8221;]<\/p>\n<p class=\"lead\">Per\u00f2 si b\u00e9 la <a href=\"https:\/\/catedraldevalencia.es\/va\/el-sant-calze\/sobre-el-sant-calze\/les-llegendes-del-greal\/\">literatura \u201cgre\u00e0lica\u201d<\/a> medieval va trobar en la cerca del sagrat got un s\u00edmbol de purificaci\u00f3 i de ren\u00fancia per arribar a la perfecci\u00f3 personal i a la salvaci\u00f3, assistim des de fa anys a l&#8217;aparici\u00f3 de novel\u00b7les, fingidament hist\u00f2riques, i a tota una literatura esot\u00e8rica que fa del Greal un fosc objecte o una tradici\u00f3 ocultada a trav\u00e9s dels segles, que conservaria l&#8217;aut\u00e8ntica ess\u00e8ncia del cristianisme o la vertadera hist\u00f2ria de <strong>Jes\u00fas de Natzaret<\/strong>.<\/p>\n<p>Sembla que el que no va aconseguir la cr\u00edtica liberal i el materialisme anti-religi\u00f3s, es pretenguera ara aconseguir amb aquesta pseudo divulgaci\u00f3 per tal de destruir la neta fe de l&#8217;Esgl\u00e9sia en Jesucrist el Senyor. D&#8217;aquesta manera, la sospita i la falsedat busquen entelar el que va ser i hauria de continuar sent una icona de la cultura cristiana.<\/p>\n<p>Per aix\u00f2, el Calze, amb la seua autenticitat arqueol\u00f2gica i la seua tradici\u00f3 exempta d&#8217;elements meravellosos, ens remet a l&#8217;\u00e8poca de Jes\u00fas i ens recorda la instituci\u00f3 de l&#8217;Eucaristia com a moments hist\u00f2rics que transcendeixen el temps i arriben fins nosaltres com a misteri de salvaci\u00f3.<\/p>\n<p>Aix\u00ed ho vivim quan la sagrada rel\u00edquia es trasllada des de la seua preciosa <a href=\"https:\/\/catedraldevalencia.es\/va\/el-sant-calze\/la-capella-del-sant-calze\/\">capella<\/a>, l&#8217;antiga sala capitular <em>(segle XIV),<\/em> fins a l&#8217;altar major en la celebraci\u00f3 de la <strong>Santa Missa en el Sopar del Senyor,<\/strong> el <strong>Dijous Sant<\/strong> i en la festa solemne de l&#8217;\u00faltim dijous del mes d&#8217;octubre.<\/p>\n<p>Aquest \u00e9s el missatge que es desitja proclamar des de la Catedral de Val\u00e8ncia, amb el suport de benem\u00e8rites associacions com la <a href=\"https:\/\/catedraldevalencia.es\/va\/el-sant-calze\/la-real-hemmanitat-del-sant-calze\/\">Reial Germandat<\/a> i la <a href=\"https:\/\/catedraldevalencia.es\/va\/el-sant-calze\/la-confraria-del-sant-calze\/\">Confraria del Sant Calze <\/a>que, juntament amb el <a href=\"https:\/\/catedraldevalencia.es\/va\/la-catedral\/el-capitol-metropolita\/\">Cap\u00edtol Metropolit\u00e0<\/a>, mantenen el culte i la difusi\u00f3 de la devoci\u00f3 del Sant Calze, que s&#8217;expressa en les peregrinacions de parr\u00f2quies i entitats religioses i c\u00edviques, totes les setmanes, en la celebraci\u00f3 dels <em>\u201cdijous del Sant Calze\u201d<\/em>.<\/p>\n<p>[\/et_pb_text]\n[et_pb_code admin_label=&#8221;Continuar&#8221; module_class=&#8221;continue&#8221;]\n&lt;a href=&quot;https:\/\/catedraldevalencia.es\/va\/el-sant-calze\/la-historia-del-sant-calze\/&quot;&gt;Continuar a &lt;strong&gt;Hist\u00f2ria del Sant Calze &lt;i class=&quot;icon icon-right-open-big&quot;&gt;&lt;\/i&gt;&lt;\/strong&gt;&lt;\/a&gt;\n[\/et_pb_code]\n[\/et_pb_column]\n[\/et_pb_row]\n[\/et_pb_section]\n[et_pb_section admin_label=&#8221;Secci\u00f3&#8221; transparent_background=&#8221;off&#8221; background_color=&#8221;#ffffff&#8221; allow_player_pause=&#8221;off&#8221; inner_shadow=&#8221;off&#8221; parallax=&#8221;on&#8221; parallax_method=&#8221;on&#8221; padding_mobile=&#8221;on&#8221; make_fullwidth=&#8221;off&#8221; use_custom_width=&#8221;off&#8221; width_unit=&#8221;on&#8221; make_equal=&#8221;off&#8221; use_custom_gutter=&#8221;off&#8221; module_id=&#8221;row-2&#8243;]\n[et_pb_row admin_label=&#8221;Fila&#8221; make_fullwidth=&#8221;on&#8221; use_custom_width=&#8221;off&#8221; width_unit=&#8221;on&#8221; use_custom_gutter=&#8221;on&#8221; padding_mobile=&#8221;on&#8221; allow_player_pause=&#8221;off&#8221; parallax=&#8221;off&#8221; parallax_method=&#8221;off&#8221; make_equal=&#8221;on&#8221; parallax_1=&#8221;off&#8221; parallax_method_1=&#8221;on&#8221; parallax_2=&#8221;off&#8221; parallax_method_2=&#8221;off&#8221; column_padding_mobile=&#8221;off&#8221; gutter_width=&#8221;1&#8243; custom_padding=&#8221;0px|0px|0px|0px&#8221; custom_margin=&#8221;0px||0px|&#8221; module_id_1=&#8221;column-prev-split&#8221; module_id_2=&#8221;column-next-split&#8221; padding_2_last_edited=&#8221;off|desktop&#8221; custom_margin_last_edited=&#8221;off|desktop&#8221; bg_img_1=&#8221;https:\/\/catedraldevalencia.es\/va\/wp-content\/uploads\/2020\/02\/cta-part-2-grail-legends.jpg&#8221; bg_img_2=&#8221;https:\/\/catedraldevalencia.es\/va\/wp-content\/uploads\/2020\/02\/cta-hc-go-to-history.jpg&#8221;]\n[et_pb_column type=&#8221;1_2&#8243;]\n[et_pb_cta admin_label=&#8221;CTA &#8211; Anterior part&#8221; title=&#8221;Tornar a&#8221; url_new_window=&#8221;off&#8221; button_text=&#8221;Anterior&#8221; use_background_color=&#8221;off&#8221; background_color=&#8221;#990000&#8243; background_layout=&#8221;dark&#8221; text_orientation=&#8221;center&#8221; use_border_color=&#8221;off&#8221; border_color=&#8221;#ffffff&#8221; border_style=&#8221;solid&#8221; custom_button=&#8221;off&#8221; button_letter_spacing=&#8221;0&#8243; button_use_icon=&#8221;default&#8221; button_icon_placement=&#8221;right&#8221; button_on_hover=&#8221;on&#8221; button_letter_spacing_hover=&#8221;0&#8243; module_id=&#8221;cta-by_style&#8221; module_class=&#8221;cta-action&#8221; button_url=&#8221;https:\/\/catedraldevalencia.es\/va\/el-sant-calze\/sobre-el-sant-calze\/les-llegendes-del-greal\/&#8221;]<\/p>\n<h3>Les Llegendes del Greal<\/h3>\n<p>[\/et_pb_cta]\n[\/et_pb_column]\n[et_pb_column type=&#8221;1_2&#8243;]\n[et_pb_cta admin_label=&#8221;CTA &#8211; Seg\u00fcent part&#8221; title=&#8221;Continuar a&#8221; button_url=&#8221;https:\/\/catedraldevalencia.es\/va\/el-sant-calze\/la-historia-del-sant-calze\/&#8221; url_new_window=&#8221;off&#8221; button_text=&#8221;Seg\u00fcent&#8221; use_background_color=&#8221;off&#8221; background_color=&#8221;#990000&#8243; background_layout=&#8221;dark&#8221; text_orientation=&#8221;center&#8221; use_border_color=&#8221;off&#8221; border_color=&#8221;#ffffff&#8221; border_style=&#8221;solid&#8221; custom_button=&#8221;off&#8221; button_letter_spacing=&#8221;0&#8243; button_use_icon=&#8221;default&#8221; button_icon_placement=&#8221;right&#8221; button_on_hover=&#8221;on&#8221; button_letter_spacing_hover=&#8221;0&#8243; module_id=&#8221;cta-by_room&#8221; module_class=&#8221;cta-action&#8221;]<\/p>\n<h3>Hist\u00f2ria del Sant Calze<\/h3>\n<p>[\/et_pb_cta]\n[\/et_pb_column]\n[\/et_pb_row]\n[\/et_pb_section]<\/p>\n","protected":false},"excerpt":{"rendered":"<p>[et_pb_section admin_label=&#8221;Secci\u00f3&#8221; transparent_background=&#8221;on&#8221; background_color=&#8221;#ffffff&#8221; allow_player_pause=&#8221;off&#8221; inner_shadow=&#8221;off&#8221; parallax=&#8221;on&#8221; parallax_method=&#8221;on&#8221; padding_mobile=&#8221;on&#8221; make_fullwidth=&#8221;off&#8221; use_custom_width=&#8221;off&#8221; width_unit=&#8221;on&#8221; make_equal=&#8221;off&#8221; use_custom_gutter=&#8221;off&#8221; custom_padding=&#8221;0px|0px|0px|0px&#8221; background_image=&#8221;https:\/\/catedraldevalencia.es\/va\/wp-content\/uploads\/2020\/02\/bg-part-3-topic-that-is-currently-topical-summary.jpg&#8221; module_id=&#8221;row-1&#8243;] [et_pb_row admin_label=&#8221;Fila&#8221; make_fullwidth=&#8221;on&#8221; use_custom_width=&#8221;off&#8221; width_unit=&#8221;on&#8221; use_custom_gutter=&#8221;on&#8221; padding_mobile=&#8221;on&#8221; allow_player_pause=&#8221;off&#8221; parallax=&#8221;off&#8221; parallax_method=&#8221;off&#8221; make_equal=&#8221;on&#8221; parallax_1=&#8221;on&#8221; parallax_method_1=&#8221;on&#8221; parallax_2=&#8221;off&#8221; parallax_method_2=&#8221;off&#8221; column_padding_mobile=&#8221;off&#8221; gutter_width=&#8221;1&#8243; module_id_1=&#8221;column-header-split&#8221; module_id_2=&#8221;column-text-split&#8221; padding_2_last_edited=&#8221;off|desktop&#8221;] [et_pb_column type=&#8221;1_2&#8243;] [et_pb_text admin_label=&#8221;Text &#8211; El Sant Calze&#8221; background_layout=&#8221;dark&#8221; text_orientation=&#8221;center&#8221; use_border_color=&#8221;off&#8221; border_color=&#8221;#ffffff&#8221; border_style=&#8221;solid&#8221; custom_margin=&#8221;||4%|&#8221;] El Sant Calze [\/et_pb_text] [&hellip;]<\/p>\n","protected":false},"author":1,"featured_media":26731,"parent":26414,"menu_order":3,"comment_status":"closed","ping_status":"closed","template":"page-withmenu.php","meta":{"footnotes":""},"class_list":["post-26687","page","type-page","status-publish","has-post-thumbnail","hentry"],"yoast_head":"<!-- This site is optimized with the Yoast SEO plugin v27.3 - https:\/\/yoast.com\/product\/yoast-seo-wordpress\/ -->\n<title>Un tema d&#039;actualitat - Catedral de Val\u00e8ncia<\/title>\n<meta name=\"robots\" content=\"index, follow, max-snippet:-1, max-image-preview:large, max-video-preview:-1\" \/>\n<link rel=\"canonical\" href=\"https:\/\/catedraldevalencia.es\/va\/el-sant-calze\/sobre-el-sant-calze\/un-tema-de-actualitat\/\" \/>\n<meta property=\"og:locale\" content=\"ca_ES\" \/>\n<meta property=\"og:type\" content=\"article\" \/>\n<meta property=\"og:title\" content=\"Un tema d&#039;actualitat - Catedral de Val\u00e8ncia\" \/>\n<meta property=\"og:description\" content=\"[et_pb_section admin_label=&#8221;Secci\u00f3&#8221; transparent_background=&#8221;on&#8221; background_color=&#8221;#ffffff&#8221; allow_player_pause=&#8221;off&#8221; inner_shadow=&#8221;off&#8221; parallax=&#8221;on&#8221; parallax_method=&#8221;on&#8221; padding_mobile=&#8221;on&#8221; make_fullwidth=&#8221;off&#8221; use_custom_width=&#8221;off&#8221; width_unit=&#8221;on&#8221; make_equal=&#8221;off&#8221; use_custom_gutter=&#8221;off&#8221; custom_padding=&#8221;0px|0px|0px|0px&#8221; background_image=&#8221;https:\/\/catedraldevalencia.es\/va\/wp-content\/uploads\/2020\/02\/bg-part-3-topic-that-is-currently-topical-summary.jpg&#8221; module_id=&#8221;row-1&#8243;] [et_pb_row admin_label=&#8221;Fila&#8221; make_fullwidth=&#8221;on&#8221; use_custom_width=&#8221;off&#8221; width_unit=&#8221;on&#8221; use_custom_gutter=&#8221;on&#8221; padding_mobile=&#8221;on&#8221; allow_player_pause=&#8221;off&#8221; parallax=&#8221;off&#8221; parallax_method=&#8221;off&#8221; make_equal=&#8221;on&#8221; parallax_1=&#8221;on&#8221; parallax_method_1=&#8221;on&#8221; parallax_2=&#8221;off&#8221; parallax_method_2=&#8221;off&#8221; column_padding_mobile=&#8221;off&#8221; gutter_width=&#8221;1&#8243; module_id_1=&#8221;column-header-split&#8221; module_id_2=&#8221;column-text-split&#8221; padding_2_last_edited=&#8221;off|desktop&#8221;] [et_pb_column type=&#8221;1_2&#8243;] [et_pb_text admin_label=&#8221;Text &#8211; El Sant Calze&#8221; background_layout=&#8221;dark&#8221; text_orientation=&#8221;center&#8221; use_border_color=&#8221;off&#8221; border_color=&#8221;#ffffff&#8221; border_style=&#8221;solid&#8221; custom_margin=&#8221;||4%|&#8221;] El Sant Calze [\/et_pb_text] [&hellip;]\" \/>\n<meta property=\"og:url\" content=\"https:\/\/catedraldevalencia.es\/va\/el-sant-calze\/sobre-el-sant-calze\/un-tema-de-actualitat\/\" \/>\n<meta property=\"og:site_name\" content=\"Catedral de Val\u00e8ncia\" \/>\n<meta property=\"article:modified_time\" content=\"2025-04-19T08:35:17+00:00\" \/>\n<meta property=\"og:image\" content=\"https:\/\/catedraldevalencia.es\/va\/wp-content\/uploads\/2020\/02\/ft-part-3-topic-that-is-currently-topical.jpg\" \/>\n\t<meta property=\"og:image:width\" content=\"700\" \/>\n\t<meta property=\"og:image:height\" content=\"525\" \/>\n\t<meta property=\"og:image:type\" content=\"image\/jpeg\" \/>\n<meta name=\"twitter:card\" content=\"summary_large_image\" \/>\n<meta name=\"twitter:label1\" content=\"Est. reading time\" \/>\n\t<meta name=\"twitter:data1\" content=\"3 minutes\" \/>\n<script type=\"application\/ld+json\" class=\"yoast-schema-graph\">{\"@context\":\"https:\\\/\\\/schema.org\",\"@graph\":[{\"@type\":\"WebPage\",\"@id\":\"https:\\\/\\\/catedraldevalencia.es\\\/va\\\/el-sant-calze\\\/sobre-el-sant-calze\\\/un-tema-de-actualitat\\\/\",\"url\":\"https:\\\/\\\/catedraldevalencia.es\\\/va\\\/el-sant-calze\\\/sobre-el-sant-calze\\\/un-tema-de-actualitat\\\/\",\"name\":\"Un tema d'actualitat - Catedral de Val\u00e8ncia\",\"isPartOf\":{\"@id\":\"https:\\\/\\\/catedraldevalencia.es\\\/va\\\/#website\"},\"primaryImageOfPage\":{\"@id\":\"https:\\\/\\\/catedraldevalencia.es\\\/va\\\/el-sant-calze\\\/sobre-el-sant-calze\\\/un-tema-de-actualitat\\\/#primaryimage\"},\"image\":{\"@id\":\"https:\\\/\\\/catedraldevalencia.es\\\/va\\\/el-sant-calze\\\/sobre-el-sant-calze\\\/un-tema-de-actualitat\\\/#primaryimage\"},\"thumbnailUrl\":\"https:\\\/\\\/catedraldevalencia.es\\\/va\\\/wp-content\\\/uploads\\\/2020\\\/02\\\/ft-part-3-topic-that-is-currently-topical.jpg\",\"datePublished\":\"2020-02-02T18:40:22+00:00\",\"dateModified\":\"2025-04-19T08:35:17+00:00\",\"breadcrumb\":{\"@id\":\"https:\\\/\\\/catedraldevalencia.es\\\/va\\\/el-sant-calze\\\/sobre-el-sant-calze\\\/un-tema-de-actualitat\\\/#breadcrumb\"},\"inLanguage\":\"ca\",\"potentialAction\":[{\"@type\":\"ReadAction\",\"target\":[\"https:\\\/\\\/catedraldevalencia.es\\\/va\\\/el-sant-calze\\\/sobre-el-sant-calze\\\/un-tema-de-actualitat\\\/\"]}]},{\"@type\":\"ImageObject\",\"inLanguage\":\"ca\",\"@id\":\"https:\\\/\\\/catedraldevalencia.es\\\/va\\\/el-sant-calze\\\/sobre-el-sant-calze\\\/un-tema-de-actualitat\\\/#primaryimage\",\"url\":\"https:\\\/\\\/catedraldevalencia.es\\\/va\\\/wp-content\\\/uploads\\\/2020\\\/02\\\/ft-part-3-topic-that-is-currently-topical.jpg\",\"contentUrl\":\"https:\\\/\\\/catedraldevalencia.es\\\/va\\\/wp-content\\\/uploads\\\/2020\\\/02\\\/ft-part-3-topic-that-is-currently-topical.jpg\",\"width\":700,\"height\":525},{\"@type\":\"BreadcrumbList\",\"@id\":\"https:\\\/\\\/catedraldevalencia.es\\\/va\\\/el-sant-calze\\\/sobre-el-sant-calze\\\/un-tema-de-actualitat\\\/#breadcrumb\",\"itemListElement\":[{\"@type\":\"ListItem\",\"position\":1,\"name\":\"Portada\",\"item\":\"https:\\\/\\\/catedraldevalencia.es\\\/va\\\/\"},{\"@type\":\"ListItem\",\"position\":2,\"name\":\"El Sant Calze\",\"item\":\"https:\\\/\\\/catedraldevalencia.es\\\/va\\\/el-sant-calze\\\/\"},{\"@type\":\"ListItem\",\"position\":3,\"name\":\"Sobre el Sant Calze\",\"item\":\"https:\\\/\\\/catedraldevalencia.es\\\/va\\\/el-sant-calze\\\/sobre-el-sant-calze\\\/\"},{\"@type\":\"ListItem\",\"position\":4,\"name\":\"Un tema d&#8217;actualitat\"}]},{\"@type\":\"WebSite\",\"@id\":\"https:\\\/\\\/catedraldevalencia.es\\\/va\\\/#website\",\"url\":\"https:\\\/\\\/catedraldevalencia.es\\\/va\\\/\",\"name\":\"Catedral de Val\u00e8ncia\",\"description\":\"La Catedral del Sant Calze\",\"potentialAction\":[{\"@type\":\"SearchAction\",\"target\":{\"@type\":\"EntryPoint\",\"urlTemplate\":\"https:\\\/\\\/catedraldevalencia.es\\\/va\\\/?s={search_term_string}\"},\"query-input\":{\"@type\":\"PropertyValueSpecification\",\"valueRequired\":true,\"valueName\":\"search_term_string\"}}],\"inLanguage\":\"ca\"}]}<\/script>\n<!-- \/ Yoast SEO plugin. -->","yoast_head_json":{"title":"Un tema d'actualitat - Catedral de Val\u00e8ncia","robots":{"index":"index","follow":"follow","max-snippet":"max-snippet:-1","max-image-preview":"max-image-preview:large","max-video-preview":"max-video-preview:-1"},"canonical":"https:\/\/catedraldevalencia.es\/va\/el-sant-calze\/sobre-el-sant-calze\/un-tema-de-actualitat\/","og_locale":"ca_ES","og_type":"article","og_title":"Un tema d'actualitat - Catedral de Val\u00e8ncia","og_description":"[et_pb_section admin_label=&#8221;Secci\u00f3&#8221; transparent_background=&#8221;on&#8221; background_color=&#8221;#ffffff&#8221; allow_player_pause=&#8221;off&#8221; inner_shadow=&#8221;off&#8221; parallax=&#8221;on&#8221; parallax_method=&#8221;on&#8221; padding_mobile=&#8221;on&#8221; make_fullwidth=&#8221;off&#8221; use_custom_width=&#8221;off&#8221; width_unit=&#8221;on&#8221; make_equal=&#8221;off&#8221; use_custom_gutter=&#8221;off&#8221; custom_padding=&#8221;0px|0px|0px|0px&#8221; background_image=&#8221;https:\/\/catedraldevalencia.es\/va\/wp-content\/uploads\/2020\/02\/bg-part-3-topic-that-is-currently-topical-summary.jpg&#8221; module_id=&#8221;row-1&#8243;] [et_pb_row admin_label=&#8221;Fila&#8221; make_fullwidth=&#8221;on&#8221; use_custom_width=&#8221;off&#8221; width_unit=&#8221;on&#8221; use_custom_gutter=&#8221;on&#8221; padding_mobile=&#8221;on&#8221; allow_player_pause=&#8221;off&#8221; parallax=&#8221;off&#8221; parallax_method=&#8221;off&#8221; make_equal=&#8221;on&#8221; parallax_1=&#8221;on&#8221; parallax_method_1=&#8221;on&#8221; parallax_2=&#8221;off&#8221; parallax_method_2=&#8221;off&#8221; column_padding_mobile=&#8221;off&#8221; gutter_width=&#8221;1&#8243; module_id_1=&#8221;column-header-split&#8221; module_id_2=&#8221;column-text-split&#8221; padding_2_last_edited=&#8221;off|desktop&#8221;] [et_pb_column type=&#8221;1_2&#8243;] [et_pb_text admin_label=&#8221;Text &#8211; El Sant Calze&#8221; background_layout=&#8221;dark&#8221; text_orientation=&#8221;center&#8221; use_border_color=&#8221;off&#8221; border_color=&#8221;#ffffff&#8221; border_style=&#8221;solid&#8221; custom_margin=&#8221;||4%|&#8221;] El Sant Calze [\/et_pb_text] [&hellip;]","og_url":"https:\/\/catedraldevalencia.es\/va\/el-sant-calze\/sobre-el-sant-calze\/un-tema-de-actualitat\/","og_site_name":"Catedral de Val\u00e8ncia","article_modified_time":"2025-04-19T08:35:17+00:00","og_image":[{"width":700,"height":525,"url":"https:\/\/catedraldevalencia.es\/va\/wp-content\/uploads\/2020\/02\/ft-part-3-topic-that-is-currently-topical.jpg","type":"image\/jpeg"}],"twitter_card":"summary_large_image","twitter_misc":{"Est. reading time":"3 minutes"},"schema":{"@context":"https:\/\/schema.org","@graph":[{"@type":"WebPage","@id":"https:\/\/catedraldevalencia.es\/va\/el-sant-calze\/sobre-el-sant-calze\/un-tema-de-actualitat\/","url":"https:\/\/catedraldevalencia.es\/va\/el-sant-calze\/sobre-el-sant-calze\/un-tema-de-actualitat\/","name":"Un tema d'actualitat - Catedral de Val\u00e8ncia","isPartOf":{"@id":"https:\/\/catedraldevalencia.es\/va\/#website"},"primaryImageOfPage":{"@id":"https:\/\/catedraldevalencia.es\/va\/el-sant-calze\/sobre-el-sant-calze\/un-tema-de-actualitat\/#primaryimage"},"image":{"@id":"https:\/\/catedraldevalencia.es\/va\/el-sant-calze\/sobre-el-sant-calze\/un-tema-de-actualitat\/#primaryimage"},"thumbnailUrl":"https:\/\/catedraldevalencia.es\/va\/wp-content\/uploads\/2020\/02\/ft-part-3-topic-that-is-currently-topical.jpg","datePublished":"2020-02-02T18:40:22+00:00","dateModified":"2025-04-19T08:35:17+00:00","breadcrumb":{"@id":"https:\/\/catedraldevalencia.es\/va\/el-sant-calze\/sobre-el-sant-calze\/un-tema-de-actualitat\/#breadcrumb"},"inLanguage":"ca","potentialAction":[{"@type":"ReadAction","target":["https:\/\/catedraldevalencia.es\/va\/el-sant-calze\/sobre-el-sant-calze\/un-tema-de-actualitat\/"]}]},{"@type":"ImageObject","inLanguage":"ca","@id":"https:\/\/catedraldevalencia.es\/va\/el-sant-calze\/sobre-el-sant-calze\/un-tema-de-actualitat\/#primaryimage","url":"https:\/\/catedraldevalencia.es\/va\/wp-content\/uploads\/2020\/02\/ft-part-3-topic-that-is-currently-topical.jpg","contentUrl":"https:\/\/catedraldevalencia.es\/va\/wp-content\/uploads\/2020\/02\/ft-part-3-topic-that-is-currently-topical.jpg","width":700,"height":525},{"@type":"BreadcrumbList","@id":"https:\/\/catedraldevalencia.es\/va\/el-sant-calze\/sobre-el-sant-calze\/un-tema-de-actualitat\/#breadcrumb","itemListElement":[{"@type":"ListItem","position":1,"name":"Portada","item":"https:\/\/catedraldevalencia.es\/va\/"},{"@type":"ListItem","position":2,"name":"El Sant Calze","item":"https:\/\/catedraldevalencia.es\/va\/el-sant-calze\/"},{"@type":"ListItem","position":3,"name":"Sobre el Sant Calze","item":"https:\/\/catedraldevalencia.es\/va\/el-sant-calze\/sobre-el-sant-calze\/"},{"@type":"ListItem","position":4,"name":"Un tema d&#8217;actualitat"}]},{"@type":"WebSite","@id":"https:\/\/catedraldevalencia.es\/va\/#website","url":"https:\/\/catedraldevalencia.es\/va\/","name":"Catedral de Val\u00e8ncia","description":"La Catedral del Sant Calze","potentialAction":[{"@type":"SearchAction","target":{"@type":"EntryPoint","urlTemplate":"https:\/\/catedraldevalencia.es\/va\/?s={search_term_string}"},"query-input":{"@type":"PropertyValueSpecification","valueRequired":true,"valueName":"search_term_string"}}],"inLanguage":"ca"}]}},"_links":{"self":[{"href":"https:\/\/catedraldevalencia.es\/va\/wp-json\/wp\/v2\/pages\/26687","targetHints":{"allow":["GET"]}}],"collection":[{"href":"https:\/\/catedraldevalencia.es\/va\/wp-json\/wp\/v2\/pages"}],"about":[{"href":"https:\/\/catedraldevalencia.es\/va\/wp-json\/wp\/v2\/types\/page"}],"author":[{"embeddable":true,"href":"https:\/\/catedraldevalencia.es\/va\/wp-json\/wp\/v2\/users\/1"}],"replies":[{"embeddable":true,"href":"https:\/\/catedraldevalencia.es\/va\/wp-json\/wp\/v2\/comments?post=26687"}],"version-history":[{"count":0,"href":"https:\/\/catedraldevalencia.es\/va\/wp-json\/wp\/v2\/pages\/26687\/revisions"}],"up":[{"embeddable":true,"href":"https:\/\/catedraldevalencia.es\/va\/wp-json\/wp\/v2\/pages\/26414"}],"wp:featuredmedia":[{"embeddable":true,"href":"https:\/\/catedraldevalencia.es\/va\/wp-json\/wp\/v2\/media\/26731"}],"wp:attachment":[{"href":"https:\/\/catedraldevalencia.es\/va\/wp-json\/wp\/v2\/media?parent=26687"}],"curies":[{"name":"wp","href":"https:\/\/api.w.org\/{rel}","templated":true}]}}