{"id":28132,"date":"2025-11-28T15:20:08","date_gmt":"2025-11-28T15:20:08","guid":{"rendered":"https:\/\/catedraldevalencia.es\/va\/?page_id=28132"},"modified":"2026-01-23T10:45:22","modified_gmt":"2026-01-23T10:45:22","slug":"mapa-interpretatiu","status":"publish","type":"page","link":"https:\/\/catedraldevalencia.es\/va\/visita-cultural\/mapa-interpretatiu\/","title":{"rendered":"Mapa interpretatiu"},"content":{"rendered":"<p>[et_pb_section admin_label=&#8221;Header&#8221; fullwidth=&#8221;on&#8221; specialty=&#8221;off&#8221; transparent_background=&#8221;on&#8221; background_color=&#8221;#ffffff&#8221; allow_player_pause=&#8221;off&#8221; inner_shadow=&#8221;off&#8221; parallax=&#8221;off&#8221; parallax_method=&#8221;off&#8221; padding_mobile=&#8221;off&#8221; make_fullwidth=&#8221;off&#8221; use_custom_width=&#8221;off&#8221; width_unit=&#8221;on&#8221; make_equal=&#8221;off&#8221; use_custom_gutter=&#8221;off&#8221; module_id=&#8221;marquee&#8221; module_class=&#8221;medium animated w_bg&#8221; background_image=&#8221;https:\/\/catedraldevalencia.es\/wp-content\/uploads\/2026\/01\/hd-interpretive-map.jpg&#8221;][et_pb_fullwidth_header admin_label=&#8221;Cap\u00e7alera &#8211; Mapa interpretatiu per a la seua visita&#8221; title=&#8221;Mapa interpretatiu&#8221; background_layout=&#8221;dark&#8221; text_orientation=&#8221;center&#8221; header_fullscreen=&#8221;off&#8221; header_scroll_down=&#8221;off&#8221; parallax=&#8221;off&#8221; parallax_method=&#8221;off&#8221; content_orientation=&#8221;center&#8221; image_orientation=&#8221;center&#8221; custom_button_one=&#8221;off&#8221; button_one_letter_spacing=&#8221;0&#8243; button_one_use_icon=&#8221;default&#8221; button_one_icon_placement=&#8221;right&#8221; button_one_on_hover=&#8221;on&#8221; button_one_letter_spacing_hover=&#8221;0&#8243; custom_button_two=&#8221;off&#8221; button_two_letter_spacing=&#8221;0&#8243; button_two_use_icon=&#8221;default&#8221; button_two_icon_placement=&#8221;right&#8221; button_two_on_hover=&#8221;on&#8221; button_two_letter_spacing_hover=&#8221;0&#8243; module_class=&#8221;animated&#8221; disabled=&#8221;off&#8221; disabled_on=&#8221;off|off|off|off&#8221; background_overlay_color=&#8221;rgba(27,27,27,0)&#8221; subhead=&#8221;Desc\u00e0rrega gratu\u00efta&#8221;]<\/p>\n<p>[\/et_pb_fullwidth_header][\/et_pb_section][et_pb_section admin_label=&#8221;Section 1&#8243; fullwidth=&#8221;off&#8221; specialty=&#8221;off&#8221; collapsed=&#8221;off&#8221; transparent_background=&#8221;on&#8221; background_color=&#8221;#f03c25&#8243; allow_player_pause=&#8221;off&#8221; inner_shadow=&#8221;off&#8221; parallax=&#8221;off&#8221; parallax_method=&#8221;off&#8221; padding_mobile=&#8221;off&#8221; make_fullwidth=&#8221;off&#8221; use_custom_width=&#8221;off&#8221; width_unit=&#8221;on&#8221; make_equal=&#8221;off&#8221; use_custom_gutter=&#8221;off&#8221; module_id=&#8221;row-1&#8243;][et_pb_row admin_label=&#8221;Fila&#8221; make_fullwidth=&#8221;off&#8221; use_custom_width=&#8221;on&#8221; width_unit=&#8221;on&#8221; use_custom_gutter=&#8221;off&#8221; padding_mobile=&#8221;off&#8221; allow_player_pause=&#8221;off&#8221; parallax=&#8221;off&#8221; parallax_method=&#8221;off&#8221; make_equal=&#8221;off&#8221; parallax_1=&#8221;off&#8221; parallax_method_1=&#8221;off&#8221; column_padding_mobile=&#8221;on&#8221; module_id=&#8221;header&#8221; custom_width_px=&#8221;980px&#8221;][et_pb_column type=&#8221;4_4&#8243;][et_pb_text admin_label=&#8221;Text &#8211; Un recurs imprescindible&#8221; background_layout=&#8221;light&#8221; text_orientation=&#8221;left&#8221; use_border_color=&#8221;off&#8221; border_color=&#8221;#ffffff&#8221; border_style=&#8221;solid&#8221;]<\/p>\n<h3>Un recurs imprescindible per a aprofitar al m\u00e0xim la seua visita<\/h3>\n<p class=\"lead\">Descobrisca la <strong>Catedral de Val\u00e8ncia<\/strong> i el seu entorn hist\u00f2ric amb el nostre mapa interpretatiu, una ferramenta dissenyada per a enriquir la seua experi\u00e8ncia i ajudar-lo a comprendre la import\u00e0ncia <em>art\u00edstica<\/em>, <em>hist\u00f2rica<\/em> i <em>cultural<\/em> d&#8217;este magn\u00edfic conjunt monumental.<\/p>\n<p>[\/et_pb_text][\/et_pb_column][\/et_pb_row][\/et_pb_section][et_pb_section admin_label=&#8221;Section 2&#8243; fullwidth=&#8221;off&#8221; specialty=&#8221;off&#8221; collapsed=&#8221;off&#8221; transparent_background=&#8221;on&#8221; background_color=&#8221;#f03c25&#8243; allow_player_pause=&#8221;off&#8221; inner_shadow=&#8221;off&#8221; parallax=&#8221;off&#8221; parallax_method=&#8221;off&#8221; padding_mobile=&#8221;off&#8221; make_fullwidth=&#8221;off&#8221; use_custom_width=&#8221;off&#8221; width_unit=&#8221;on&#8221; make_equal=&#8221;off&#8221; use_custom_gutter=&#8221;off&#8221; module_id=&#8221;row-2&#8243;][et_pb_row admin_label=&#8221;Row&#8221; make_fullwidth=&#8221;off&#8221; use_custom_width=&#8221;on&#8221; width_unit=&#8221;on&#8221; use_custom_gutter=&#8221;on&#8221; padding_mobile=&#8221;on&#8221; allow_player_pause=&#8221;off&#8221; parallax=&#8221;off&#8221; parallax_method=&#8221;off&#8221; make_equal=&#8221;off&#8221; parallax_1=&#8221;off&#8221; parallax_method_1=&#8221;off&#8221; column_padding_mobile=&#8221;on&#8221; custom_padding=&#8221;30px||0px|&#8221; parallax_2=&#8221;off&#8221; parallax_method_2=&#8221;off&#8221; parallax_3=&#8221;off&#8221; parallax_method_3=&#8221;off&#8221; gutter_width=&#8221;2&#8243; custom_width_px=&#8221;980px&#8221;][et_pb_column type=&#8221;1_2&#8243;][et_pb_image admin_label=&#8221;Imatge &#8211; Mapa interpretatiu &#8211; Catedral de Val\u00e8ncia&#8221; src=&#8221;https:\/\/catedraldevalencia.es\/wp-content\/uploads\/2026\/01\/img-valencia-cathedral-download-map-pt-1.jpg&#8221; show_in_lightbox=&#8221;on&#8221; url_new_window=&#8221;off&#8221; use_overlay=&#8221;on&#8221; animation=&#8221;off&#8221; sticky=&#8221;off&#8221; align=&#8221;center&#8221; force_fullwidth=&#8221;off&#8221; always_center_on_mobile=&#8221;on&#8221; use_border_color=&#8221;off&#8221; border_color=&#8221;#ffffff&#8221; border_style=&#8221;solid&#8221; alt=&#8221;Mapa interpretatiu &#8211; Catedral de Val\u00e8ncia&#8221; title_text=&#8221;Mapa interpretatiu &#8211; Catedral de Val\u00e8ncia&#8221; hover_icon=&#8221;%%51%%&#8221; module_class=&#8221;light_overlay&#8221;]<\/p>\n<p>[\/et_pb_image][et_pb_text admin_label=&#8221;Text &#8211; Catedral de Val\u00e8ncia&#8221; background_layout=&#8221;light&#8221; text_orientation=&#8221;left&#8221; use_border_color=&#8221;off&#8221; border_color=&#8221;#ffffff&#8221; border_style=&#8221;solid&#8221; custom_margin=&#8221;6px|||&#8221;]<\/p>\n<h4>Catedral de Val\u00e8ncia<\/h4>\n<p>Recorregut detallat per l&#8217;interior del temple amb explicacions sobre els seus principals espais: <em>capelles<\/em>, <em>retaules<\/em>, els <em>\u00c0ngels m\u00fasics<\/em>, el <em>Miquelet<\/em> i elements arquitect\u00f2nics destacats.<\/p>\n<p>[\/et_pb_text][\/et_pb_column][et_pb_column type=&#8221;1_2&#8243;][et_pb_image admin_label=&#8221;Imatge &#8211; Mapa interpretatiu &#8211; Entorn hist\u00f2ric&#8221; src=&#8221;https:\/\/catedraldevalencia.es\/wp-content\/uploads\/2026\/01\/img-valencia-cathedral-download-map-pt-2.jpg&#8221; show_in_lightbox=&#8221;on&#8221; url_new_window=&#8221;off&#8221; use_overlay=&#8221;on&#8221; animation=&#8221;off&#8221; sticky=&#8221;off&#8221; align=&#8221;center&#8221; force_fullwidth=&#8221;off&#8221; always_center_on_mobile=&#8221;on&#8221; use_border_color=&#8221;off&#8221; border_color=&#8221;#ffffff&#8221; border_style=&#8221;solid&#8221; alt=&#8221;Mapa interpretatiu  &#8211; Entorn hist\u00f2ric&#8221; title_text=&#8221;Mapa interpretatiu  &#8211; Entorn hist\u00f2ric&#8221; hover_icon=&#8221;%%51%%&#8221; module_class=&#8221;light_overlay&#8221;]<\/p>\n<p>[\/et_pb_image][et_pb_text admin_label=&#8221;Text &#8211; Entorn hist\u00f2ric&#8221; background_layout=&#8221;light&#8221; text_orientation=&#8221;left&#8221; use_border_color=&#8221;off&#8221; border_color=&#8221;#ffffff&#8221; border_style=&#8221;solid&#8221; custom_margin=&#8221;6px|||&#8221;]<\/p>\n<h4>Entorn hist\u00f2ric<\/h4>\n<p>Pla del barri de la Catedral assenyalant els monuments i edificis hist\u00f2rics m\u00e9s rellevants, perqu\u00e8 puga completar la seua visita cultural coneixent el ric patrimoni que envolta el temple.<\/p>\n<p>[\/et_pb_text][\/et_pb_column][\/et_pb_row][et_pb_row admin_label=&#8221;Fila&#8221; make_fullwidth=&#8221;off&#8221; use_custom_width=&#8221;on&#8221; width_unit=&#8221;on&#8221; use_custom_gutter=&#8221;off&#8221; padding_mobile=&#8221;off&#8221; allow_player_pause=&#8221;off&#8221; parallax=&#8221;off&#8221; parallax_method=&#8221;off&#8221; make_equal=&#8221;off&#8221; parallax_1=&#8221;off&#8221; parallax_method_1=&#8221;off&#8221; column_padding_mobile=&#8221;on&#8221; custom_width_px=&#8221;980px&#8221; module_class=&#8221;int_row&#8221;][et_pb_column type=&#8221;4_4&#8243;][et_pb_text admin_label=&#8221;Text &#8211; Accedisca al mapa per a visitants&#8221; background_layout=&#8221;light&#8221; text_orientation=&#8221;left&#8221; use_border_color=&#8221;off&#8221; border_color=&#8221;#ffffff&#8221; border_style=&#8221;solid&#8221;]<\/p>\n<h3>Accedisca al mapa per a visitants<\/h3>\n<p class=\"desc\">Este mapa interpretatiu li permetr\u00e0 realitzar una visita m\u00e9s conscient i enriquidora, descobrint no sols la bellesa del conjunt sin\u00f3 tamb\u00e9 les hist\u00f2ries i el context que el fan \u00fanic. Cada punt d&#8217;inter\u00e9s inclou informaci\u00f3 contextual perqu\u00e8 comprenga el seu significat i import\u00e0ncia.<\/p>\n<p>[\/et_pb_text][\/et_pb_column][\/et_pb_row][\/et_pb_section]<\/p>\n","protected":false},"excerpt":{"rendered":"<p>[et_pb_section admin_label=&#8221;Header&#8221; fullwidth=&#8221;on&#8221; specialty=&#8221;off&#8221; transparent_background=&#8221;on&#8221; background_color=&#8221;#ffffff&#8221; allow_player_pause=&#8221;off&#8221; inner_shadow=&#8221;off&#8221; parallax=&#8221;off&#8221; parallax_method=&#8221;off&#8221; padding_mobile=&#8221;off&#8221; make_fullwidth=&#8221;off&#8221; use_custom_width=&#8221;off&#8221; width_unit=&#8221;on&#8221; make_equal=&#8221;off&#8221; use_custom_gutter=&#8221;off&#8221; module_id=&#8221;marquee&#8221; module_class=&#8221;medium animated w_bg&#8221; background_image=&#8221;https:\/\/catedraldevalencia.es\/wp-content\/uploads\/2026\/01\/hd-interpretive-map.jpg&#8221;][et_pb_fullwidth_header admin_label=&#8221;Cap\u00e7alera &#8211; Mapa interpretatiu per a la seua visita&#8221; title=&#8221;Mapa interpretatiu&#8221; background_layout=&#8221;dark&#8221; text_orientation=&#8221;center&#8221; header_fullscreen=&#8221;off&#8221; header_scroll_down=&#8221;off&#8221; parallax=&#8221;off&#8221; parallax_method=&#8221;off&#8221; content_orientation=&#8221;center&#8221; image_orientation=&#8221;center&#8221; custom_button_one=&#8221;off&#8221; button_one_letter_spacing=&#8221;0&#8243; button_one_use_icon=&#8221;default&#8221; button_one_icon_placement=&#8221;right&#8221; button_one_on_hover=&#8221;on&#8221; button_one_letter_spacing_hover=&#8221;0&#8243; custom_button_two=&#8221;off&#8221; button_two_letter_spacing=&#8221;0&#8243; button_two_use_icon=&#8221;default&#8221; button_two_icon_placement=&#8221;right&#8221; button_two_on_hover=&#8221;on&#8221; button_two_letter_spacing_hover=&#8221;0&#8243; module_class=&#8221;animated&#8221; disabled=&#8221;off&#8221; disabled_on=&#8221;off|off|off|off&#8221; [&hellip;]<\/p>\n","protected":false},"author":1,"featured_media":28381,"parent":40,"menu_order":1,"comment_status":"closed","ping_status":"closed","template":"page-withdownload.php","meta":{"footnotes":""},"class_list":["post-28132","page","type-page","status-publish","has-post-thumbnail","hentry"],"yoast_head":"<!-- This site is optimized with the Yoast SEO plugin v27.4 - https:\/\/yoast.com\/product\/yoast-seo-wordpress\/ -->\n<title>Mapa interpretatiu - Catedral de Val\u00e8ncia<\/title>\n<meta name=\"robots\" content=\"index, follow, max-snippet:-1, max-image-preview:large, max-video-preview:-1\" \/>\n<link rel=\"canonical\" href=\"https:\/\/catedraldevalencia.es\/va\/visita-cultural\/mapa-interpretatiu\/\" \/>\n<meta property=\"og:locale\" content=\"ca_ES\" \/>\n<meta property=\"og:type\" content=\"article\" \/>\n<meta property=\"og:title\" content=\"Mapa interpretatiu - Catedral de Val\u00e8ncia\" \/>\n<meta property=\"og:description\" content=\"[et_pb_section admin_label=&#8221;Header&#8221; fullwidth=&#8221;on&#8221; specialty=&#8221;off&#8221; transparent_background=&#8221;on&#8221; background_color=&#8221;#ffffff&#8221; allow_player_pause=&#8221;off&#8221; inner_shadow=&#8221;off&#8221; parallax=&#8221;off&#8221; parallax_method=&#8221;off&#8221; padding_mobile=&#8221;off&#8221; make_fullwidth=&#8221;off&#8221; use_custom_width=&#8221;off&#8221; width_unit=&#8221;on&#8221; make_equal=&#8221;off&#8221; use_custom_gutter=&#8221;off&#8221; module_id=&#8221;marquee&#8221; module_class=&#8221;medium animated w_bg&#8221; background_image=&#8221;https:\/\/catedraldevalencia.es\/wp-content\/uploads\/2026\/01\/hd-interpretive-map.jpg&#8221;][et_pb_fullwidth_header admin_label=&#8221;Cap\u00e7alera &#8211; Mapa interpretatiu per a la seua visita&#8221; title=&#8221;Mapa interpretatiu&#8221; background_layout=&#8221;dark&#8221; text_orientation=&#8221;center&#8221; header_fullscreen=&#8221;off&#8221; header_scroll_down=&#8221;off&#8221; parallax=&#8221;off&#8221; parallax_method=&#8221;off&#8221; content_orientation=&#8221;center&#8221; image_orientation=&#8221;center&#8221; custom_button_one=&#8221;off&#8221; button_one_letter_spacing=&#8221;0&#8243; button_one_use_icon=&#8221;default&#8221; button_one_icon_placement=&#8221;right&#8221; button_one_on_hover=&#8221;on&#8221; button_one_letter_spacing_hover=&#8221;0&#8243; custom_button_two=&#8221;off&#8221; button_two_letter_spacing=&#8221;0&#8243; button_two_use_icon=&#8221;default&#8221; button_two_icon_placement=&#8221;right&#8221; button_two_on_hover=&#8221;on&#8221; button_two_letter_spacing_hover=&#8221;0&#8243; module_class=&#8221;animated&#8221; disabled=&#8221;off&#8221; disabled_on=&#8221;off|off|off|off&#8221; [&hellip;]\" \/>\n<meta property=\"og:url\" content=\"https:\/\/catedraldevalencia.es\/va\/visita-cultural\/mapa-interpretatiu\/\" \/>\n<meta property=\"og:site_name\" content=\"Catedral de Val\u00e8ncia\" \/>\n<meta property=\"article:modified_time\" content=\"2026-01-23T10:45:22+00:00\" \/>\n<meta property=\"og:image\" content=\"https:\/\/catedraldevalencia.es\/va\/wp-content\/uploads\/2025\/12\/ft-interpretive-map.jpg\" \/>\n\t<meta property=\"og:image:width\" content=\"700\" \/>\n\t<meta property=\"og:image:height\" content=\"525\" \/>\n\t<meta property=\"og:image:type\" content=\"image\/jpeg\" \/>\n<meta name=\"twitter:card\" content=\"summary_large_image\" \/>\n<meta name=\"twitter:label1\" content=\"Est. reading time\" \/>\n\t<meta name=\"twitter:data1\" content=\"3 minutes\" \/>\n<script type=\"application\/ld+json\" class=\"yoast-schema-graph\">{\"@context\":\"https:\\\/\\\/schema.org\",\"@graph\":[{\"@type\":\"WebPage\",\"@id\":\"https:\\\/\\\/catedraldevalencia.es\\\/va\\\/visita-cultural\\\/mapa-interpretatiu\\\/\",\"url\":\"https:\\\/\\\/catedraldevalencia.es\\\/va\\\/visita-cultural\\\/mapa-interpretatiu\\\/\",\"name\":\"Mapa interpretatiu - Catedral de Val\u00e8ncia\",\"isPartOf\":{\"@id\":\"https:\\\/\\\/catedraldevalencia.es\\\/va\\\/#website\"},\"primaryImageOfPage\":{\"@id\":\"https:\\\/\\\/catedraldevalencia.es\\\/va\\\/visita-cultural\\\/mapa-interpretatiu\\\/#primaryimage\"},\"image\":{\"@id\":\"https:\\\/\\\/catedraldevalencia.es\\\/va\\\/visita-cultural\\\/mapa-interpretatiu\\\/#primaryimage\"},\"thumbnailUrl\":\"https:\\\/\\\/catedraldevalencia.es\\\/va\\\/wp-content\\\/uploads\\\/2025\\\/12\\\/ft-interpretive-map.jpg\",\"datePublished\":\"2025-11-28T15:20:08+00:00\",\"dateModified\":\"2026-01-23T10:45:22+00:00\",\"breadcrumb\":{\"@id\":\"https:\\\/\\\/catedraldevalencia.es\\\/va\\\/visita-cultural\\\/mapa-interpretatiu\\\/#breadcrumb\"},\"inLanguage\":\"ca\",\"potentialAction\":[{\"@type\":\"ReadAction\",\"target\":[\"https:\\\/\\\/catedraldevalencia.es\\\/va\\\/visita-cultural\\\/mapa-interpretatiu\\\/\"]}]},{\"@type\":\"ImageObject\",\"inLanguage\":\"ca\",\"@id\":\"https:\\\/\\\/catedraldevalencia.es\\\/va\\\/visita-cultural\\\/mapa-interpretatiu\\\/#primaryimage\",\"url\":\"https:\\\/\\\/catedraldevalencia.es\\\/va\\\/wp-content\\\/uploads\\\/2025\\\/12\\\/ft-interpretive-map.jpg\",\"contentUrl\":\"https:\\\/\\\/catedraldevalencia.es\\\/va\\\/wp-content\\\/uploads\\\/2025\\\/12\\\/ft-interpretive-map.jpg\",\"width\":700,\"height\":525},{\"@type\":\"BreadcrumbList\",\"@id\":\"https:\\\/\\\/catedraldevalencia.es\\\/va\\\/visita-cultural\\\/mapa-interpretatiu\\\/#breadcrumb\",\"itemListElement\":[{\"@type\":\"ListItem\",\"position\":1,\"name\":\"Portada\",\"item\":\"https:\\\/\\\/catedraldevalencia.es\\\/va\\\/\"},{\"@type\":\"ListItem\",\"position\":2,\"name\":\"La Visita\",\"item\":\"https:\\\/\\\/catedraldevalencia.es\\\/va\\\/visita-cultural\\\/\"},{\"@type\":\"ListItem\",\"position\":3,\"name\":\"Mapa interpretatiu\"}]},{\"@type\":\"WebSite\",\"@id\":\"https:\\\/\\\/catedraldevalencia.es\\\/va\\\/#website\",\"url\":\"https:\\\/\\\/catedraldevalencia.es\\\/va\\\/\",\"name\":\"Catedral de Val\u00e8ncia\",\"description\":\"La Catedral del Sant Calze\",\"potentialAction\":[{\"@type\":\"SearchAction\",\"target\":{\"@type\":\"EntryPoint\",\"urlTemplate\":\"https:\\\/\\\/catedraldevalencia.es\\\/va\\\/?s={search_term_string}\"},\"query-input\":{\"@type\":\"PropertyValueSpecification\",\"valueRequired\":true,\"valueName\":\"search_term_string\"}}],\"inLanguage\":\"ca\"}]}<\/script>\n<!-- \/ Yoast SEO plugin. -->","yoast_head_json":{"title":"Mapa interpretatiu - Catedral de Val\u00e8ncia","robots":{"index":"index","follow":"follow","max-snippet":"max-snippet:-1","max-image-preview":"max-image-preview:large","max-video-preview":"max-video-preview:-1"},"canonical":"https:\/\/catedraldevalencia.es\/va\/visita-cultural\/mapa-interpretatiu\/","og_locale":"ca_ES","og_type":"article","og_title":"Mapa interpretatiu - Catedral de Val\u00e8ncia","og_description":"[et_pb_section admin_label=&#8221;Header&#8221; fullwidth=&#8221;on&#8221; specialty=&#8221;off&#8221; transparent_background=&#8221;on&#8221; background_color=&#8221;#ffffff&#8221; allow_player_pause=&#8221;off&#8221; inner_shadow=&#8221;off&#8221; parallax=&#8221;off&#8221; parallax_method=&#8221;off&#8221; padding_mobile=&#8221;off&#8221; make_fullwidth=&#8221;off&#8221; use_custom_width=&#8221;off&#8221; width_unit=&#8221;on&#8221; make_equal=&#8221;off&#8221; use_custom_gutter=&#8221;off&#8221; module_id=&#8221;marquee&#8221; module_class=&#8221;medium animated w_bg&#8221; background_image=&#8221;https:\/\/catedraldevalencia.es\/wp-content\/uploads\/2026\/01\/hd-interpretive-map.jpg&#8221;][et_pb_fullwidth_header admin_label=&#8221;Cap\u00e7alera &#8211; Mapa interpretatiu per a la seua visita&#8221; title=&#8221;Mapa interpretatiu&#8221; background_layout=&#8221;dark&#8221; text_orientation=&#8221;center&#8221; header_fullscreen=&#8221;off&#8221; header_scroll_down=&#8221;off&#8221; parallax=&#8221;off&#8221; parallax_method=&#8221;off&#8221; content_orientation=&#8221;center&#8221; image_orientation=&#8221;center&#8221; custom_button_one=&#8221;off&#8221; button_one_letter_spacing=&#8221;0&#8243; button_one_use_icon=&#8221;default&#8221; button_one_icon_placement=&#8221;right&#8221; button_one_on_hover=&#8221;on&#8221; button_one_letter_spacing_hover=&#8221;0&#8243; custom_button_two=&#8221;off&#8221; button_two_letter_spacing=&#8221;0&#8243; button_two_use_icon=&#8221;default&#8221; button_two_icon_placement=&#8221;right&#8221; button_two_on_hover=&#8221;on&#8221; button_two_letter_spacing_hover=&#8221;0&#8243; module_class=&#8221;animated&#8221; disabled=&#8221;off&#8221; disabled_on=&#8221;off|off|off|off&#8221; [&hellip;]","og_url":"https:\/\/catedraldevalencia.es\/va\/visita-cultural\/mapa-interpretatiu\/","og_site_name":"Catedral de Val\u00e8ncia","article_modified_time":"2026-01-23T10:45:22+00:00","og_image":[{"width":700,"height":525,"url":"https:\/\/catedraldevalencia.es\/va\/wp-content\/uploads\/2025\/12\/ft-interpretive-map.jpg","type":"image\/jpeg"}],"twitter_card":"summary_large_image","twitter_misc":{"Est. reading time":"3 minutes"},"schema":{"@context":"https:\/\/schema.org","@graph":[{"@type":"WebPage","@id":"https:\/\/catedraldevalencia.es\/va\/visita-cultural\/mapa-interpretatiu\/","url":"https:\/\/catedraldevalencia.es\/va\/visita-cultural\/mapa-interpretatiu\/","name":"Mapa interpretatiu - Catedral de Val\u00e8ncia","isPartOf":{"@id":"https:\/\/catedraldevalencia.es\/va\/#website"},"primaryImageOfPage":{"@id":"https:\/\/catedraldevalencia.es\/va\/visita-cultural\/mapa-interpretatiu\/#primaryimage"},"image":{"@id":"https:\/\/catedraldevalencia.es\/va\/visita-cultural\/mapa-interpretatiu\/#primaryimage"},"thumbnailUrl":"https:\/\/catedraldevalencia.es\/va\/wp-content\/uploads\/2025\/12\/ft-interpretive-map.jpg","datePublished":"2025-11-28T15:20:08+00:00","dateModified":"2026-01-23T10:45:22+00:00","breadcrumb":{"@id":"https:\/\/catedraldevalencia.es\/va\/visita-cultural\/mapa-interpretatiu\/#breadcrumb"},"inLanguage":"ca","potentialAction":[{"@type":"ReadAction","target":["https:\/\/catedraldevalencia.es\/va\/visita-cultural\/mapa-interpretatiu\/"]}]},{"@type":"ImageObject","inLanguage":"ca","@id":"https:\/\/catedraldevalencia.es\/va\/visita-cultural\/mapa-interpretatiu\/#primaryimage","url":"https:\/\/catedraldevalencia.es\/va\/wp-content\/uploads\/2025\/12\/ft-interpretive-map.jpg","contentUrl":"https:\/\/catedraldevalencia.es\/va\/wp-content\/uploads\/2025\/12\/ft-interpretive-map.jpg","width":700,"height":525},{"@type":"BreadcrumbList","@id":"https:\/\/catedraldevalencia.es\/va\/visita-cultural\/mapa-interpretatiu\/#breadcrumb","itemListElement":[{"@type":"ListItem","position":1,"name":"Portada","item":"https:\/\/catedraldevalencia.es\/va\/"},{"@type":"ListItem","position":2,"name":"La Visita","item":"https:\/\/catedraldevalencia.es\/va\/visita-cultural\/"},{"@type":"ListItem","position":3,"name":"Mapa interpretatiu"}]},{"@type":"WebSite","@id":"https:\/\/catedraldevalencia.es\/va\/#website","url":"https:\/\/catedraldevalencia.es\/va\/","name":"Catedral de Val\u00e8ncia","description":"La Catedral del Sant Calze","potentialAction":[{"@type":"SearchAction","target":{"@type":"EntryPoint","urlTemplate":"https:\/\/catedraldevalencia.es\/va\/?s={search_term_string}"},"query-input":{"@type":"PropertyValueSpecification","valueRequired":true,"valueName":"search_term_string"}}],"inLanguage":"ca"}]}},"_links":{"self":[{"href":"https:\/\/catedraldevalencia.es\/va\/wp-json\/wp\/v2\/pages\/28132","targetHints":{"allow":["GET"]}}],"collection":[{"href":"https:\/\/catedraldevalencia.es\/va\/wp-json\/wp\/v2\/pages"}],"about":[{"href":"https:\/\/catedraldevalencia.es\/va\/wp-json\/wp\/v2\/types\/page"}],"author":[{"embeddable":true,"href":"https:\/\/catedraldevalencia.es\/va\/wp-json\/wp\/v2\/users\/1"}],"replies":[{"embeddable":true,"href":"https:\/\/catedraldevalencia.es\/va\/wp-json\/wp\/v2\/comments?post=28132"}],"version-history":[{"count":0,"href":"https:\/\/catedraldevalencia.es\/va\/wp-json\/wp\/v2\/pages\/28132\/revisions"}],"up":[{"embeddable":true,"href":"https:\/\/catedraldevalencia.es\/va\/wp-json\/wp\/v2\/pages\/40"}],"wp:featuredmedia":[{"embeddable":true,"href":"https:\/\/catedraldevalencia.es\/va\/wp-json\/wp\/v2\/media\/28381"}],"wp:attachment":[{"href":"https:\/\/catedraldevalencia.es\/va\/wp-json\/wp\/v2\/media?parent=28132"}],"curies":[{"name":"wp","href":"https:\/\/api.w.org\/{rel}","templated":true}]}}