{"id":28134,"date":"2025-11-28T15:58:26","date_gmt":"2025-11-28T15:58:26","guid":{"rendered":"https:\/\/catedraldevalencia.es\/va\/?page_id=28134"},"modified":"2026-01-23T10:45:19","modified_gmt":"2026-01-23T10:45:19","slug":"excavacio-arqueologica","status":"publish","type":"page","link":"https:\/\/catedraldevalencia.es\/va\/visita-cultural\/excavacio-arqueologica\/","title":{"rendered":"Excavaci\u00f3 Arqueol\u00f2gica"},"content":{"rendered":"<p>[et_pb_section admin_label=&#8221;Header&#8221; fullwidth=&#8221;on&#8221; specialty=&#8221;off&#8221; transparent_background=&#8221;on&#8221; background_color=&#8221;#ffffff&#8221; allow_player_pause=&#8221;off&#8221; inner_shadow=&#8221;off&#8221; parallax=&#8221;on&#8221; parallax_method=&#8221;on&#8221; padding_mobile=&#8221;off&#8221; make_fullwidth=&#8221;off&#8221; use_custom_width=&#8221;off&#8221; width_unit=&#8221;on&#8221; make_equal=&#8221;off&#8221; use_custom_gutter=&#8221;off&#8221; module_id=&#8221;marquee&#8221; module_class=&#8221;full animated introduction w_bg&#8221;][et_pb_fullwidth_header admin_label=&#8221;Cap\u00e7alera &#8211; Excavaci\u00f3 arqueol\u00f2gica&#8221; title=&#8221;Excavaci\u00f3 Arqueol\u00f2gica&#8221; background_layout=&#8221;dark&#8221; text_orientation=&#8221;center&#8221; header_fullscreen=&#8221;on&#8221; header_scroll_down=&#8221;off&#8221; scroll_down_icon=&#8221;%%1%%&#8221; button_one_text=&#8221;Veure Recorregut&#8221; button_one_url=&#8221;https:\/\/catedraldevalencia.es\/virtualtour\/&#8221; parallax=&#8221;off&#8221; parallax_method=&#8221;on&#8221; content_orientation=&#8221;center&#8221; image_orientation=&#8221;center&#8221; custom_button_one=&#8221;off&#8221; button_one_letter_spacing=&#8221;0&#8243; button_one_use_icon=&#8221;default&#8221; button_one_icon_placement=&#8221;right&#8221; button_one_on_hover=&#8221;on&#8221; button_one_letter_spacing_hover=&#8221;0&#8243; custom_button_two=&#8221;off&#8221; button_two_letter_spacing=&#8221;0&#8243; button_two_use_icon=&#8221;default&#8221; button_two_icon_placement=&#8221;right&#8221; button_two_on_hover=&#8221;on&#8221; button_two_letter_spacing_hover=&#8221;0&#8243; module_class=&#8221;animated&#8221; module_id=&#8221;introduction&#8221; background_overlay_color=&#8221;rgba(27,27,27,0.6)&#8221; leadtitle=&#8221;Tour Virtual&#8221;]<\/p>\n<p>[\/et_pb_fullwidth_header][\/et_pb_section][et_pb_section admin_label=&#8221;Section 1 &#8211; Highlights&#8221; fullwidth=&#8221;off&#8221; specialty=&#8221;off&#8221; collapsed=&#8221;off&#8221; transparent_background=&#8221;on&#8221; background_color=&#8221;#f03c25&#8243; allow_player_pause=&#8221;off&#8221; inner_shadow=&#8221;off&#8221; parallax=&#8221;off&#8221; parallax_method=&#8221;off&#8221; padding_mobile=&#8221;off&#8221; make_fullwidth=&#8221;off&#8221; use_custom_width=&#8221;off&#8221; width_unit=&#8221;on&#8221; make_equal=&#8221;off&#8221; use_custom_gutter=&#8221;off&#8221; module_id=&#8221;row-1&#8243;][et_pb_row admin_label=&#8221;Fila&#8221; make_fullwidth=&#8221;off&#8221; use_custom_width=&#8221;off&#8221; width_unit=&#8221;on&#8221; use_custom_gutter=&#8221;off&#8221; padding_mobile=&#8221;off&#8221; allow_player_pause=&#8221;off&#8221; parallax=&#8221;off&#8221; parallax_method=&#8221;off&#8221; make_equal=&#8221;off&#8221; parallax_1=&#8221;off&#8221; parallax_method_1=&#8221;off&#8221; column_padding_mobile=&#8221;on&#8221; module_id=&#8221;header&#8221;][et_pb_column type=&#8221;4_4&#8243;][et_pb_text admin_label=&#8221;Text &#8211; Realitze una experi\u00e8ncia immersiva&#8221; background_layout=&#8221;light&#8221; text_orientation=&#8221;center&#8221; use_border_color=&#8221;off&#8221; border_color=&#8221;#ffffff&#8221; border_style=&#8221;solid&#8221;]<\/p>\n<h3>Realitze una experi\u00e8ncia immersiva<\/h3>\n<p class=\"lead\">Li convidem a emprendre un viatge \u00fanic als or\u00edgens mateixos de la nostra catedral a trav\u00e9s del nostre tour virtual de l&#8217;excavaci\u00f3 arqueol\u00f2gica del museu.<\/p>\n<p class=\"lead\">Esta experi\u00e8ncia immersiva li permetr\u00e0 explorar les troballes revelades sota el subsol, descobrint de primera m\u00e0 els vestigis materials i les estructures que narren la hist\u00f2ria viva que ha donat forma a este espai sagrat al llarg dels segles.<\/p>\n<p>[\/et_pb_text][et_pb_button admin_label=&#8221;Bot\u00f3 &#8211; Anar al recorregut&#8221; button_url=&#8221;https:\/\/catedraldevalencia.es\/virtualtour\/&#8221; url_new_window=&#8221;on&#8221; button_text=&#8221;Anar al recorregut&#8221; button_alignment=&#8221;center&#8221; background_layout=&#8221;dark&#8221; is_nobtn=&#8221;off&#8221; custom_button=&#8221;off&#8221; button_letter_spacing=&#8221;0&#8243; button_use_icon=&#8221;default&#8221; button_icon_placement=&#8221;right&#8221; button_on_hover=&#8221;on&#8221; button_letter_spacing_hover=&#8221;0&#8243; module_class=&#8221;btn_cm&#8221;]<\/p>\n<p>[\/et_pb_button][et_pb_text admin_label=&#8221;Texto &#8211; Este proyecto virtual ha sido posible gracias a&#8230;&#8221; background_layout=&#8221;light&#8221; text_orientation=&#8221;center&#8221; use_border_color=&#8221;off&#8221; border_color=&#8221;#ffffff&#8221; border_style=&#8221;solid&#8221;]<\/p>\n<p class=\"note\">Este projecte virtual ha sigut possible gr\u00e0cies al minuci\u00f3s treball dut a terme per  <strong>Victoria John<\/strong> i <strong>Mar\u00eda Jos\u00e9 Vi\u00f1als<\/strong> <em>(Universitat Polit\u00e8cnica de Val\u00e8ncia, 2025)<\/em><\/p>\n<p>[\/et_pb_text][\/et_pb_column][\/et_pb_row][\/et_pb_section]<\/p>\n","protected":false},"excerpt":{"rendered":"<p>[et_pb_section admin_label=&#8221;Header&#8221; fullwidth=&#8221;on&#8221; specialty=&#8221;off&#8221; transparent_background=&#8221;on&#8221; background_color=&#8221;#ffffff&#8221; allow_player_pause=&#8221;off&#8221; inner_shadow=&#8221;off&#8221; parallax=&#8221;on&#8221; parallax_method=&#8221;on&#8221; padding_mobile=&#8221;off&#8221; make_fullwidth=&#8221;off&#8221; use_custom_width=&#8221;off&#8221; width_unit=&#8221;on&#8221; make_equal=&#8221;off&#8221; use_custom_gutter=&#8221;off&#8221; module_id=&#8221;marquee&#8221; module_class=&#8221;full animated introduction w_bg&#8221;][et_pb_fullwidth_header admin_label=&#8221;Cap\u00e7alera &#8211; Excavaci\u00f3 arqueol\u00f2gica&#8221; title=&#8221;Excavaci\u00f3 Arqueol\u00f2gica&#8221; background_layout=&#8221;dark&#8221; text_orientation=&#8221;center&#8221; header_fullscreen=&#8221;on&#8221; header_scroll_down=&#8221;off&#8221; scroll_down_icon=&#8221;%%1%%&#8221; button_one_text=&#8221;Veure Recorregut&#8221; button_one_url=&#8221;https:\/\/catedraldevalencia.es\/virtualtour\/&#8221; parallax=&#8221;off&#8221; parallax_method=&#8221;on&#8221; content_orientation=&#8221;center&#8221; image_orientation=&#8221;center&#8221; custom_button_one=&#8221;off&#8221; button_one_letter_spacing=&#8221;0&#8243; button_one_use_icon=&#8221;default&#8221; button_one_icon_placement=&#8221;right&#8221; button_one_on_hover=&#8221;on&#8221; button_one_letter_spacing_hover=&#8221;0&#8243; custom_button_two=&#8221;off&#8221; button_two_letter_spacing=&#8221;0&#8243; button_two_use_icon=&#8221;default&#8221; button_two_icon_placement=&#8221;right&#8221; button_two_on_hover=&#8221;on&#8221; button_two_letter_spacing_hover=&#8221;0&#8243; module_class=&#8221;animated&#8221; module_id=&#8221;introduction&#8221; background_overlay_color=&#8221;rgba(27,27,27,0.6)&#8221; leadtitle=&#8221;Tour [&hellip;]<\/p>\n","protected":false},"author":1,"featured_media":28666,"parent":40,"menu_order":2,"comment_status":"closed","ping_status":"closed","template":"","meta":{"footnotes":""},"class_list":["post-28134","page","type-page","status-publish","has-post-thumbnail","hentry"],"yoast_head":"<!-- This site is optimized with the Yoast SEO plugin v27.3 - https:\/\/yoast.com\/product\/yoast-seo-wordpress\/ -->\n<title>Excavaci\u00f3 Arqueol\u00f2gica - Catedral de Val\u00e8ncia<\/title>\n<meta name=\"robots\" content=\"index, follow, max-snippet:-1, max-image-preview:large, max-video-preview:-1\" \/>\n<link rel=\"canonical\" href=\"https:\/\/catedraldevalencia.es\/va\/visita-cultural\/excavacio-arqueologica\/\" \/>\n<meta property=\"og:locale\" content=\"ca_ES\" \/>\n<meta property=\"og:type\" content=\"article\" \/>\n<meta property=\"og:title\" content=\"Excavaci\u00f3 Arqueol\u00f2gica - Catedral de Val\u00e8ncia\" \/>\n<meta property=\"og:description\" content=\"[et_pb_section admin_label=&#8221;Header&#8221; fullwidth=&#8221;on&#8221; specialty=&#8221;off&#8221; transparent_background=&#8221;on&#8221; background_color=&#8221;#ffffff&#8221; allow_player_pause=&#8221;off&#8221; inner_shadow=&#8221;off&#8221; parallax=&#8221;on&#8221; parallax_method=&#8221;on&#8221; padding_mobile=&#8221;off&#8221; make_fullwidth=&#8221;off&#8221; use_custom_width=&#8221;off&#8221; width_unit=&#8221;on&#8221; make_equal=&#8221;off&#8221; use_custom_gutter=&#8221;off&#8221; module_id=&#8221;marquee&#8221; module_class=&#8221;full animated introduction w_bg&#8221;][et_pb_fullwidth_header admin_label=&#8221;Cap\u00e7alera &#8211; Excavaci\u00f3 arqueol\u00f2gica&#8221; title=&#8221;Excavaci\u00f3 Arqueol\u00f2gica&#8221; background_layout=&#8221;dark&#8221; text_orientation=&#8221;center&#8221; header_fullscreen=&#8221;on&#8221; header_scroll_down=&#8221;off&#8221; scroll_down_icon=&#8221;&#8221; button_one_text=&#8221;Veure Recorregut&#8221; button_one_url=&#8221;https:\/\/catedraldevalencia.es\/virtualtour\/&#8221; parallax=&#8221;off&#8221; parallax_method=&#8221;on&#8221; content_orientation=&#8221;center&#8221; image_orientation=&#8221;center&#8221; custom_button_one=&#8221;off&#8221; button_one_letter_spacing=&#8221;0&#8243; button_one_use_icon=&#8221;default&#8221; button_one_icon_placement=&#8221;right&#8221; button_one_on_hover=&#8221;on&#8221; button_one_letter_spacing_hover=&#8221;0&#8243; custom_button_two=&#8221;off&#8221; button_two_letter_spacing=&#8221;0&#8243; button_two_use_icon=&#8221;default&#8221; button_two_icon_placement=&#8221;right&#8221; button_two_on_hover=&#8221;on&#8221; button_two_letter_spacing_hover=&#8221;0&#8243; module_class=&#8221;animated&#8221; module_id=&#8221;introduction&#8221; background_overlay_color=&#8221;rgba(27,27,27,0.6)&#8221; leadtitle=&#8221;Tour [&hellip;]\" \/>\n<meta property=\"og:url\" content=\"https:\/\/catedraldevalencia.es\/va\/visita-cultural\/excavacio-arqueologica\/\" \/>\n<meta property=\"og:site_name\" content=\"Catedral de Val\u00e8ncia\" \/>\n<meta property=\"article:modified_time\" content=\"2026-01-23T10:45:19+00:00\" \/>\n<meta property=\"og:image\" content=\"https:\/\/catedraldevalencia.es\/va\/wp-content\/uploads\/2026\/01\/ft-archaeological-excavation.jpg\" \/>\n\t<meta property=\"og:image:width\" content=\"700\" \/>\n\t<meta property=\"og:image:height\" content=\"525\" \/>\n\t<meta property=\"og:image:type\" content=\"image\/jpeg\" \/>\n<meta name=\"twitter:card\" content=\"summary_large_image\" \/>\n<meta name=\"twitter:label1\" content=\"Est. reading time\" \/>\n\t<meta name=\"twitter:data1\" content=\"2 minutes\" \/>\n<script type=\"application\/ld+json\" class=\"yoast-schema-graph\">{\"@context\":\"https:\\\/\\\/schema.org\",\"@graph\":[{\"@type\":\"WebPage\",\"@id\":\"https:\\\/\\\/catedraldevalencia.es\\\/va\\\/visita-cultural\\\/excavacio-arqueologica\\\/\",\"url\":\"https:\\\/\\\/catedraldevalencia.es\\\/va\\\/visita-cultural\\\/excavacio-arqueologica\\\/\",\"name\":\"Excavaci\u00f3 Arqueol\u00f2gica - Catedral de Val\u00e8ncia\",\"isPartOf\":{\"@id\":\"https:\\\/\\\/catedraldevalencia.es\\\/va\\\/#website\"},\"primaryImageOfPage\":{\"@id\":\"https:\\\/\\\/catedraldevalencia.es\\\/va\\\/visita-cultural\\\/excavacio-arqueologica\\\/#primaryimage\"},\"image\":{\"@id\":\"https:\\\/\\\/catedraldevalencia.es\\\/va\\\/visita-cultural\\\/excavacio-arqueologica\\\/#primaryimage\"},\"thumbnailUrl\":\"https:\\\/\\\/catedraldevalencia.es\\\/va\\\/wp-content\\\/uploads\\\/2026\\\/01\\\/ft-archaeological-excavation.jpg\",\"datePublished\":\"2025-11-28T15:58:26+00:00\",\"dateModified\":\"2026-01-23T10:45:19+00:00\",\"breadcrumb\":{\"@id\":\"https:\\\/\\\/catedraldevalencia.es\\\/va\\\/visita-cultural\\\/excavacio-arqueologica\\\/#breadcrumb\"},\"inLanguage\":\"ca\",\"potentialAction\":[{\"@type\":\"ReadAction\",\"target\":[\"https:\\\/\\\/catedraldevalencia.es\\\/va\\\/visita-cultural\\\/excavacio-arqueologica\\\/\"]}]},{\"@type\":\"ImageObject\",\"inLanguage\":\"ca\",\"@id\":\"https:\\\/\\\/catedraldevalencia.es\\\/va\\\/visita-cultural\\\/excavacio-arqueologica\\\/#primaryimage\",\"url\":\"https:\\\/\\\/catedraldevalencia.es\\\/va\\\/wp-content\\\/uploads\\\/2026\\\/01\\\/ft-archaeological-excavation.jpg\",\"contentUrl\":\"https:\\\/\\\/catedraldevalencia.es\\\/va\\\/wp-content\\\/uploads\\\/2026\\\/01\\\/ft-archaeological-excavation.jpg\",\"width\":700,\"height\":525},{\"@type\":\"BreadcrumbList\",\"@id\":\"https:\\\/\\\/catedraldevalencia.es\\\/va\\\/visita-cultural\\\/excavacio-arqueologica\\\/#breadcrumb\",\"itemListElement\":[{\"@type\":\"ListItem\",\"position\":1,\"name\":\"Portada\",\"item\":\"https:\\\/\\\/catedraldevalencia.es\\\/va\\\/\"},{\"@type\":\"ListItem\",\"position\":2,\"name\":\"La Visita\",\"item\":\"https:\\\/\\\/catedraldevalencia.es\\\/va\\\/visita-cultural\\\/\"},{\"@type\":\"ListItem\",\"position\":3,\"name\":\"Excavaci\u00f3 Arqueol\u00f2gica\"}]},{\"@type\":\"WebSite\",\"@id\":\"https:\\\/\\\/catedraldevalencia.es\\\/va\\\/#website\",\"url\":\"https:\\\/\\\/catedraldevalencia.es\\\/va\\\/\",\"name\":\"Catedral de Val\u00e8ncia\",\"description\":\"La Catedral del Sant Calze\",\"potentialAction\":[{\"@type\":\"SearchAction\",\"target\":{\"@type\":\"EntryPoint\",\"urlTemplate\":\"https:\\\/\\\/catedraldevalencia.es\\\/va\\\/?s={search_term_string}\"},\"query-input\":{\"@type\":\"PropertyValueSpecification\",\"valueRequired\":true,\"valueName\":\"search_term_string\"}}],\"inLanguage\":\"ca\"}]}<\/script>\n<!-- \/ Yoast SEO plugin. -->","yoast_head_json":{"title":"Excavaci\u00f3 Arqueol\u00f2gica - Catedral de Val\u00e8ncia","robots":{"index":"index","follow":"follow","max-snippet":"max-snippet:-1","max-image-preview":"max-image-preview:large","max-video-preview":"max-video-preview:-1"},"canonical":"https:\/\/catedraldevalencia.es\/va\/visita-cultural\/excavacio-arqueologica\/","og_locale":"ca_ES","og_type":"article","og_title":"Excavaci\u00f3 Arqueol\u00f2gica - Catedral de Val\u00e8ncia","og_description":"[et_pb_section admin_label=&#8221;Header&#8221; fullwidth=&#8221;on&#8221; specialty=&#8221;off&#8221; transparent_background=&#8221;on&#8221; background_color=&#8221;#ffffff&#8221; allow_player_pause=&#8221;off&#8221; inner_shadow=&#8221;off&#8221; parallax=&#8221;on&#8221; parallax_method=&#8221;on&#8221; padding_mobile=&#8221;off&#8221; make_fullwidth=&#8221;off&#8221; use_custom_width=&#8221;off&#8221; width_unit=&#8221;on&#8221; make_equal=&#8221;off&#8221; use_custom_gutter=&#8221;off&#8221; module_id=&#8221;marquee&#8221; module_class=&#8221;full animated introduction w_bg&#8221;][et_pb_fullwidth_header admin_label=&#8221;Cap\u00e7alera &#8211; Excavaci\u00f3 arqueol\u00f2gica&#8221; title=&#8221;Excavaci\u00f3 Arqueol\u00f2gica&#8221; background_layout=&#8221;dark&#8221; text_orientation=&#8221;center&#8221; header_fullscreen=&#8221;on&#8221; header_scroll_down=&#8221;off&#8221; scroll_down_icon=&#8221;&#8221; button_one_text=&#8221;Veure Recorregut&#8221; button_one_url=&#8221;https:\/\/catedraldevalencia.es\/virtualtour\/&#8221; parallax=&#8221;off&#8221; parallax_method=&#8221;on&#8221; content_orientation=&#8221;center&#8221; image_orientation=&#8221;center&#8221; custom_button_one=&#8221;off&#8221; button_one_letter_spacing=&#8221;0&#8243; button_one_use_icon=&#8221;default&#8221; button_one_icon_placement=&#8221;right&#8221; button_one_on_hover=&#8221;on&#8221; button_one_letter_spacing_hover=&#8221;0&#8243; custom_button_two=&#8221;off&#8221; button_two_letter_spacing=&#8221;0&#8243; button_two_use_icon=&#8221;default&#8221; button_two_icon_placement=&#8221;right&#8221; button_two_on_hover=&#8221;on&#8221; button_two_letter_spacing_hover=&#8221;0&#8243; module_class=&#8221;animated&#8221; module_id=&#8221;introduction&#8221; background_overlay_color=&#8221;rgba(27,27,27,0.6)&#8221; leadtitle=&#8221;Tour [&hellip;]","og_url":"https:\/\/catedraldevalencia.es\/va\/visita-cultural\/excavacio-arqueologica\/","og_site_name":"Catedral de Val\u00e8ncia","article_modified_time":"2026-01-23T10:45:19+00:00","og_image":[{"width":700,"height":525,"url":"https:\/\/catedraldevalencia.es\/va\/wp-content\/uploads\/2026\/01\/ft-archaeological-excavation.jpg","type":"image\/jpeg"}],"twitter_card":"summary_large_image","twitter_misc":{"Est. reading time":"2 minutes"},"schema":{"@context":"https:\/\/schema.org","@graph":[{"@type":"WebPage","@id":"https:\/\/catedraldevalencia.es\/va\/visita-cultural\/excavacio-arqueologica\/","url":"https:\/\/catedraldevalencia.es\/va\/visita-cultural\/excavacio-arqueologica\/","name":"Excavaci\u00f3 Arqueol\u00f2gica - Catedral de Val\u00e8ncia","isPartOf":{"@id":"https:\/\/catedraldevalencia.es\/va\/#website"},"primaryImageOfPage":{"@id":"https:\/\/catedraldevalencia.es\/va\/visita-cultural\/excavacio-arqueologica\/#primaryimage"},"image":{"@id":"https:\/\/catedraldevalencia.es\/va\/visita-cultural\/excavacio-arqueologica\/#primaryimage"},"thumbnailUrl":"https:\/\/catedraldevalencia.es\/va\/wp-content\/uploads\/2026\/01\/ft-archaeological-excavation.jpg","datePublished":"2025-11-28T15:58:26+00:00","dateModified":"2026-01-23T10:45:19+00:00","breadcrumb":{"@id":"https:\/\/catedraldevalencia.es\/va\/visita-cultural\/excavacio-arqueologica\/#breadcrumb"},"inLanguage":"ca","potentialAction":[{"@type":"ReadAction","target":["https:\/\/catedraldevalencia.es\/va\/visita-cultural\/excavacio-arqueologica\/"]}]},{"@type":"ImageObject","inLanguage":"ca","@id":"https:\/\/catedraldevalencia.es\/va\/visita-cultural\/excavacio-arqueologica\/#primaryimage","url":"https:\/\/catedraldevalencia.es\/va\/wp-content\/uploads\/2026\/01\/ft-archaeological-excavation.jpg","contentUrl":"https:\/\/catedraldevalencia.es\/va\/wp-content\/uploads\/2026\/01\/ft-archaeological-excavation.jpg","width":700,"height":525},{"@type":"BreadcrumbList","@id":"https:\/\/catedraldevalencia.es\/va\/visita-cultural\/excavacio-arqueologica\/#breadcrumb","itemListElement":[{"@type":"ListItem","position":1,"name":"Portada","item":"https:\/\/catedraldevalencia.es\/va\/"},{"@type":"ListItem","position":2,"name":"La Visita","item":"https:\/\/catedraldevalencia.es\/va\/visita-cultural\/"},{"@type":"ListItem","position":3,"name":"Excavaci\u00f3 Arqueol\u00f2gica"}]},{"@type":"WebSite","@id":"https:\/\/catedraldevalencia.es\/va\/#website","url":"https:\/\/catedraldevalencia.es\/va\/","name":"Catedral de Val\u00e8ncia","description":"La Catedral del Sant Calze","potentialAction":[{"@type":"SearchAction","target":{"@type":"EntryPoint","urlTemplate":"https:\/\/catedraldevalencia.es\/va\/?s={search_term_string}"},"query-input":{"@type":"PropertyValueSpecification","valueRequired":true,"valueName":"search_term_string"}}],"inLanguage":"ca"}]}},"_links":{"self":[{"href":"https:\/\/catedraldevalencia.es\/va\/wp-json\/wp\/v2\/pages\/28134","targetHints":{"allow":["GET"]}}],"collection":[{"href":"https:\/\/catedraldevalencia.es\/va\/wp-json\/wp\/v2\/pages"}],"about":[{"href":"https:\/\/catedraldevalencia.es\/va\/wp-json\/wp\/v2\/types\/page"}],"author":[{"embeddable":true,"href":"https:\/\/catedraldevalencia.es\/va\/wp-json\/wp\/v2\/users\/1"}],"replies":[{"embeddable":true,"href":"https:\/\/catedraldevalencia.es\/va\/wp-json\/wp\/v2\/comments?post=28134"}],"version-history":[{"count":0,"href":"https:\/\/catedraldevalencia.es\/va\/wp-json\/wp\/v2\/pages\/28134\/revisions"}],"up":[{"embeddable":true,"href":"https:\/\/catedraldevalencia.es\/va\/wp-json\/wp\/v2\/pages\/40"}],"wp:featuredmedia":[{"embeddable":true,"href":"https:\/\/catedraldevalencia.es\/va\/wp-json\/wp\/v2\/media\/28666"}],"wp:attachment":[{"href":"https:\/\/catedraldevalencia.es\/va\/wp-json\/wp\/v2\/media?parent=28134"}],"curies":[{"name":"wp","href":"https:\/\/api.w.org\/{rel}","templated":true}]}}