{"id":3450,"date":"2018-10-15T11:48:34","date_gmt":"2018-10-15T11:48:34","guid":{"rendered":"https:\/\/catedraldevalencia.es\/va\/?page_id=3450"},"modified":"2025-04-19T09:58:10","modified_gmt":"2025-04-19T09:58:10","slug":"part-1-s-iv-a-s-xiii","status":"publish","type":"page","link":"https:\/\/catedraldevalencia.es\/va\/historia\/l-esglesia-a-valencia\/part-1-s-iv-a-s-xiii\/","title":{"rendered":"Part 1 &#8211; S. IV a S. XIII"},"content":{"rendered":"<p>[et_pb_section admin_label=&#8221;Secci\u00f3&#8221; transparent_background=&#8221;on&#8221; background_color=&#8221;#ffffff&#8221; allow_player_pause=&#8221;off&#8221; inner_shadow=&#8221;off&#8221; parallax=&#8221;on&#8221; parallax_method=&#8221;on&#8221; padding_mobile=&#8221;on&#8221; make_fullwidth=&#8221;off&#8221; use_custom_width=&#8221;off&#8221; width_unit=&#8221;on&#8221; make_equal=&#8221;off&#8221; use_custom_gutter=&#8221;off&#8221; custom_padding=&#8221;0px|0px|0px|0px&#8221; background_image=&#8221;https:\/\/catedraldevalencia.es\/wp-content\/uploads\/2019\/12\/bg-part-1-4th-to-13th-century-summary.jpg&#8221; module_id=&#8221;row-1&#8243;][et_pb_row admin_label=&#8221;Fila&#8221; make_fullwidth=&#8221;on&#8221; use_custom_width=&#8221;off&#8221; width_unit=&#8221;on&#8221; use_custom_gutter=&#8221;on&#8221; padding_mobile=&#8221;on&#8221; allow_player_pause=&#8221;off&#8221; parallax=&#8221;off&#8221; parallax_method=&#8221;off&#8221; make_equal=&#8221;on&#8221; parallax_1=&#8221;on&#8221; parallax_method_1=&#8221;on&#8221; parallax_2=&#8221;off&#8221; parallax_method_2=&#8221;off&#8221; column_padding_mobile=&#8221;off&#8221; gutter_width=&#8221;1&#8243; module_id_1=&#8221;column-header-split&#8221; module_id_2=&#8221;column-text-split&#8221; padding_2_last_edited=&#8221;off|desktop&#8221;][et_pb_column type=&#8221;1_2&#8243;][et_pb_text admin_label=&#8221;Text &#8211; Part 1\/8&#8243; background_layout=&#8221;dark&#8221; text_orientation=&#8221;center&#8221; use_border_color=&#8221;off&#8221; border_color=&#8221;#ffffff&#8221; border_style=&#8221;solid&#8221; custom_margin=&#8221;||4%|&#8221;]<\/p>\n<h3>Part 1<span>\/8<\/span><\/h3>\n<p>[\/et_pb_text][et_pb_text admin_label=&#8221;T\u00edtol &#8211; S. IV a S. XIII&#8221; background_layout=&#8221;dark&#8221; text_orientation=&#8221;center&#8221; use_border_color=&#8221;off&#8221; border_color=&#8221;#ffffff&#8221; border_style=&#8221;solid&#8221;]<\/p>\n<h2>Segle IV <br><em>a<\/em> Segle XIII<\/h2>\n<p class=\"note\">Llegir resum a continuaci\u00f3 <br>o veure <a href=\"#row-2\">l\u00ednia de temps.<\/a><\/p>\n<p>[\/et_pb_text][\/et_pb_column][et_pb_column type=&#8221;1_2&#8243;][et_pb_text admin_label=&#8221;T\u00edtol &#8211; Resum&#8221; background_layout=&#8221;dark&#8221; text_orientation=&#8221;left&#8221; use_border_color=&#8221;off&#8221; border_color=&#8221;#ffffff&#8221; border_style=&#8221;solid&#8221;]<\/p>\n<h4>Resum<\/h4>\n<p>[\/et_pb_text][et_pb_text admin_label=&#8221;Text&#8221; background_layout=&#8221;light&#8221; text_orientation=&#8221;left&#8221; use_border_color=&#8221;off&#8221; border_color=&#8221;#ffffff&#8221; border_style=&#8221;solid&#8221;]<\/p>\n<p class=\"lead\">En el 304, durant la persecuci\u00f3 de Diocleci\u00e0, van ser condu\u00efts a Valentia el Bisbe de Caesaraugusta (Zaragoza) <strong>Valer<\/strong> i el seu diaca <strong>Vicent<\/strong>, que va patir en aquesta ciutat un martiri tan admirable que va ser conegut i celebrat en tota la cristiandat.<\/p>\n<p>Els himnes <strong>d&#8217;Aureli Prudenci,<\/strong> les homilies de <strong>Sant Agust\u00ed<\/strong> i els relats de la passi\u00f3 de Sant Vicent van fer d&#8217;aquest el m\u00e0rtir m\u00e9s popular de l&#8217;Esgl\u00e9sia llatina, fins al punt que amb el seu nom es van fundar moltes poblacions i es van erigir monestirs i catedrals com les de C\u00f3rdoba, Sevilla i B\u00e8rgam.<\/p>\n<p>Durant l&#8217;\u00e8poca romana i visigoda, a la regi\u00f3 valenciana van florir les Esgl\u00e9sies locals de <strong>Diana<\/strong> (D\u00e9nia), <strong>Ilice<\/strong> (Elx), <strong>Saetabis<\/strong> (X\u00e0tiva), <strong>Elo<\/strong> (Lorca o Hell\u00edn) i <strong>Valentia<\/strong> (Val\u00e8ncia), i coneixem els noms de molts dels seus Bisbes per les seues signatures en els concilis dels segles IV-VIII.<\/p>\n<p>Aquesta cultura i vida cristiana va romandre patint i feta callar sota l&#8217;Islam, tenint m\u00e0rtirs com <strong>Sant Bernat<\/strong> i les seues germanes <strong>Maria i Gr\u00e0cia<\/strong> (1189) o els franciscans beats <strong>Joan de Perusa<\/strong> i <strong>Pere de Saxoferrato<\/strong> (1228). Per\u00f2 no es va interrompre el culte cristi\u00e0 en la bas\u00edlica sepulcral de <strong>Sant Vicent M\u00e0rtir<\/strong> (la Roqueta), extramurs de la ciutat, donant com a fruit espiritual aquesta Esgl\u00e9sia moss\u00e0rab a <strong>Sant Pere Pasqual,<\/strong> despr\u00e9s Bisbe de Ja\u00e9n i m\u00e0rtir a Granada l&#8217;any 1300.<\/p>\n<p>Una nova \u00e8poca es va obrir amb la fundaci\u00f3 del Regne de Val\u00e8ncia per <strong>Jaume I d&#8217;Arag\u00f3<\/strong> en 1238, sent el primer Bisbe <strong>Ferrer de Pallar\u00e9s.<\/strong><\/p>\n<p>Van arribar llavors pobladors de les regions del nord de la Corona d&#8217;Arag\u00f3, ordes mon\u00e0stics, militars i religiosos, i es va establir una nova organitzaci\u00f3 de les di\u00f2cesis, quedant el nord del Regne en la de Tortosa, reinstaurant-se les de Segorbe i Val\u00e8ncia, i creant-se m\u00e9s tard la d&#8217;Orihuela, ja en el segle XVI (1564).<\/p>\n<p>[\/et_pb_text][et_pb_code admin_label=&#8221;Continuar&#8221; module_class=&#8221;continue&#8221;]&lt;a href=&quot;\n\n&quot;&gt;Continuar a &lt;strong&gt;Part 2 \u2014 S. XIII a S. XV &lt;i class=&quot;icon icon-right-open-big&quot;&gt;&lt;\/i&gt;&lt;\/strong&gt;&lt;\/a&gt;[\/et_pb_code][\/et_pb_column][\/et_pb_row][\/et_pb_section][et_pb_section admin_label=&#8221;Secci\u00f3&#8221; fullwidth=&#8221;on&#8221; specialty=&#8221;off&#8221; transparent_background=&#8221;on&#8221; background_color=&#8221;#ffffff&#8221; allow_player_pause=&#8221;off&#8221; inner_shadow=&#8221;off&#8221; parallax=&#8221;off&#8221; parallax_method=&#8221;off&#8221; padding_mobile=&#8221;off&#8221; make_fullwidth=&#8221;off&#8221; use_custom_width=&#8221;off&#8221; width_unit=&#8221;on&#8221; make_equal=&#8221;off&#8221; use_custom_gutter=&#8221;off&#8221; module_id=&#8221;row-2&#8243;][et_pb_horizontaltimeline admin_label=&#8221;L\u00ednia de temps &#8211; Segle IV a Segle XIII&#8221; use_border_color=&#8221;off&#8221; border_color=&#8221;#ffffff&#8221; border_style=&#8221;solid&#8221; timeline_title=&#8221;L\u00ednia de temps&#8221;]<\/p>\n<p>[et_pb_horizontaltimeline_item title=&#8221;Sant Vicent&#8221; year=&#8221;304&#8243; date=&#8221;22 de gener&#8221; use_icon=&#8221;off&#8221; custom_icon=&#8221;off&#8221; animation=&#8221;top&#8221; item_admin_label=&#8221;304 &#8211; Sant Vicent&#8221; have_border=&#8221;off&#8221;]<\/p>\n<p>Martiri.<\/p>\n<p>[\/et_pb_horizontaltimeline_item][et_pb_horizontaltimeline_item title=&#8221;Sant Bernat i les seues germanes Maria i Gr\u00e0cia&#8221; year=&#8221;1189&#8243; date=&#8221;21 d&#8217;agost&#8221; use_icon=&#8221;off&#8221; custom_icon=&#8221;off&#8221; animation=&#8221;top&#8221; item_admin_label=&#8221;1189 &#8211; Sant Bernat i les seues germanes Maria i Gr\u00e0cia&#8221;]<\/p>\n<p>Martiri.<\/p>\n<p>[\/et_pb_horizontaltimeline_item][et_pb_horizontaltimeline_item title=&#8221;Joan de Perusa i Pere de Saxoferrato&#8221; year=&#8221;1228&#8243; date=&#8221;29 d&#8217;agost&#8221; use_icon=&#8221;off&#8221; custom_icon=&#8221;off&#8221; animation=&#8221;top&#8221; item_admin_label=&#8221;1228 &#8211; Joan de Perusa i Pere de Saxoferrato&#8221;]<\/p>\n<p>Martiri.<\/p>\n<p>[\/et_pb_horizontaltimeline_item][et_pb_horizontaltimeline_item title=&#8221;Fundaci\u00f3 del Regne de Val\u00e8ncia per Jaume I&#8221; year=&#8221;1238&#8243; date=&#8221;28 de setembre&#8221; use_icon=&#8221;off&#8221; custom_icon=&#8221;off&#8221; animation=&#8221;top&#8221; item_admin_label=&#8221;1238 &#8211; Fundaci\u00f3 del Regne de Val\u00e8ncia&#8221;]<\/p>\n<p>Primer Bisbe Ferrer de Pallar\u00e9s.<\/p>\n<p>[\/et_pb_horizontaltimeline_item]<\/p>\n<p>[\/et_pb_horizontaltimeline][\/et_pb_section][et_pb_section admin_label=&#8221;Secci\u00f3&#8221; transparent_background=&#8221;off&#8221; background_color=&#8221;#ffffff&#8221; allow_player_pause=&#8221;off&#8221; inner_shadow=&#8221;off&#8221; parallax=&#8221;on&#8221; parallax_method=&#8221;on&#8221; padding_mobile=&#8221;on&#8221; make_fullwidth=&#8221;off&#8221; use_custom_width=&#8221;off&#8221; width_unit=&#8221;on&#8221; make_equal=&#8221;off&#8221; use_custom_gutter=&#8221;off&#8221; module_id=&#8221;row-3&#8243;][et_pb_row admin_label=&#8221;Fila&#8221; make_fullwidth=&#8221;on&#8221; use_custom_width=&#8221;off&#8221; width_unit=&#8221;on&#8221; use_custom_gutter=&#8221;on&#8221; padding_mobile=&#8221;on&#8221; allow_player_pause=&#8221;off&#8221; parallax=&#8221;off&#8221; parallax_method=&#8221;off&#8221; make_equal=&#8221;on&#8221; parallax_1=&#8221;off&#8221; parallax_method_1=&#8221;on&#8221; parallax_2=&#8221;off&#8221; parallax_method_2=&#8221;off&#8221; column_padding_mobile=&#8221;off&#8221; gutter_width=&#8221;1&#8243; custom_padding=&#8221;0px|0px|0px|0px&#8221; custom_margin=&#8221;0px||0px|&#8221; module_id_1=&#8221;column-prev-split&#8221; module_id_2=&#8221;column-next-split&#8221; padding_2_last_edited=&#8221;off|desktop&#8221; custom_margin_last_edited=&#8221;off|desktop&#8221; bg_img_1=&#8221;https:\/\/catedraldevalencia.es\/wp-content\/uploads\/2019\/12\/cta-introduction-summary.jpg&#8221; bg_img_2=&#8221;https:\/\/catedraldevalencia.es\/wp-content\/uploads\/2019\/12\/cta-part-2-13th-to-15th-century-summary.jpg&#8221;][et_pb_column type=&#8221;1_2&#8243;][et_pb_cta admin_label=&#8221;CTA &#8211; Anterior part&#8221; title=&#8221;Tornar a&#8221; url_new_window=&#8221;off&#8221; button_text=&#8221;Introducci\u00f3&#8221; use_background_color=&#8221;off&#8221; background_color=&#8221;#990000&#8243; background_layout=&#8221;dark&#8221; text_orientation=&#8221;center&#8221; use_border_color=&#8221;off&#8221; border_color=&#8221;#ffffff&#8221; border_style=&#8221;solid&#8221; custom_button=&#8221;off&#8221; button_letter_spacing=&#8221;0&#8243; button_use_icon=&#8221;default&#8221; button_icon_placement=&#8221;right&#8221; button_on_hover=&#8221;on&#8221; button_letter_spacing_hover=&#8221;0&#8243; module_id=&#8221;cta-by_style&#8221; module_class=&#8221;cta-action&#8221; button_url=&#8221;https:\/\/catedraldevalencia.es\/va\/historia\/l-esglesia-a-valencia\/&#8221;]<\/p>\n<h3>L&#8217;Esgl\u00e9sia a Val\u00e8ncia <strong>Introducci\u00f3<\/strong><\/h3>\n<p>[\/et_pb_cta][\/et_pb_column][et_pb_column type=&#8221;1_2&#8243;][et_pb_cta admin_label=&#8221;CTA &#8211; Seg\u00fcent part&#8221; title=&#8221;Continuar a&#8221; button_url=&#8221;https:\/\/catedraldevalencia.es\/va\/historia\/l-esglesia-a-valencia\/part-2-s-xiii-a-s-xv\/&#8221; url_new_window=&#8221;off&#8221; button_text=&#8221;Seg\u00fcent&#8221; use_background_color=&#8221;off&#8221; background_color=&#8221;#990000&#8243; background_layout=&#8221;dark&#8221; text_orientation=&#8221;center&#8221; use_border_color=&#8221;off&#8221; border_color=&#8221;#ffffff&#8221; border_style=&#8221;solid&#8221; custom_button=&#8221;off&#8221; button_letter_spacing=&#8221;0&#8243; button_use_icon=&#8221;default&#8221; button_icon_placement=&#8221;right&#8221; button_on_hover=&#8221;on&#8221; button_letter_spacing_hover=&#8221;0&#8243; module_id=&#8221;cta-by_room&#8221; module_class=&#8221;cta-action&#8221;]<\/p>\n<h3>Segle XIII a Segle XV <strong>Part 2<\/strong><\/h3>\n<p>[\/et_pb_cta][\/et_pb_column][\/et_pb_row][\/et_pb_section]<\/p>\n","protected":false},"excerpt":{"rendered":"<p>[et_pb_section admin_label=&#8221;Secci\u00f3&#8221; transparent_background=&#8221;on&#8221; background_color=&#8221;#ffffff&#8221; allow_player_pause=&#8221;off&#8221; inner_shadow=&#8221;off&#8221; parallax=&#8221;on&#8221; parallax_method=&#8221;on&#8221; padding_mobile=&#8221;on&#8221; make_fullwidth=&#8221;off&#8221; use_custom_width=&#8221;off&#8221; width_unit=&#8221;on&#8221; make_equal=&#8221;off&#8221; use_custom_gutter=&#8221;off&#8221; custom_padding=&#8221;0px|0px|0px|0px&#8221; background_image=&#8221;https:\/\/catedraldevalencia.es\/wp-content\/uploads\/2019\/12\/bg-part-1-4th-to-13th-century-summary.jpg&#8221; module_id=&#8221;row-1&#8243;][et_pb_row admin_label=&#8221;Fila&#8221; make_fullwidth=&#8221;on&#8221; use_custom_width=&#8221;off&#8221; width_unit=&#8221;on&#8221; use_custom_gutter=&#8221;on&#8221; padding_mobile=&#8221;on&#8221; allow_player_pause=&#8221;off&#8221; parallax=&#8221;off&#8221; parallax_method=&#8221;off&#8221; make_equal=&#8221;on&#8221; parallax_1=&#8221;on&#8221; parallax_method_1=&#8221;on&#8221; parallax_2=&#8221;off&#8221; parallax_method_2=&#8221;off&#8221; column_padding_mobile=&#8221;off&#8221; gutter_width=&#8221;1&#8243; module_id_1=&#8221;column-header-split&#8221; module_id_2=&#8221;column-text-split&#8221; padding_2_last_edited=&#8221;off|desktop&#8221;][et_pb_column type=&#8221;1_2&#8243;][et_pb_text admin_label=&#8221;Text &#8211; Part 1\/8&#8243; background_layout=&#8221;dark&#8221; text_orientation=&#8221;center&#8221; use_border_color=&#8221;off&#8221; border_color=&#8221;#ffffff&#8221; border_style=&#8221;solid&#8221; custom_margin=&#8221;||4%|&#8221;] Part 1\/8 [\/et_pb_text][et_pb_text admin_label=&#8221;T\u00edtol &#8211; S. IV a [&hellip;]<\/p>\n","protected":false},"author":1,"featured_media":4647,"parent":80,"menu_order":1,"comment_status":"closed","ping_status":"closed","template":"page-withtimeline.php","meta":{"footnotes":""},"class_list":["post-3450","page","type-page","status-publish","has-post-thumbnail","hentry"],"yoast_head":"<!-- This site is optimized with the Yoast SEO plugin v27.3 - https:\/\/yoast.com\/product\/yoast-seo-wordpress\/ -->\n<title>Part 1 - S. IV a S. XIII - Catedral de Val\u00e8ncia<\/title>\n<meta name=\"robots\" content=\"index, follow, max-snippet:-1, max-image-preview:large, max-video-preview:-1\" \/>\n<link rel=\"canonical\" href=\"https:\/\/catedraldevalencia.es\/va\/historia\/l-esglesia-a-valencia\/part-1-s-iv-a-s-xiii\/\" \/>\n<meta property=\"og:locale\" content=\"ca_ES\" \/>\n<meta property=\"og:type\" content=\"article\" \/>\n<meta property=\"og:title\" content=\"Part 1 - S. IV a S. XIII - Catedral de Val\u00e8ncia\" \/>\n<meta property=\"og:description\" content=\"[et_pb_section admin_label=&#8221;Secci\u00f3&#8221; transparent_background=&#8221;on&#8221; background_color=&#8221;#ffffff&#8221; allow_player_pause=&#8221;off&#8221; inner_shadow=&#8221;off&#8221; parallax=&#8221;on&#8221; parallax_method=&#8221;on&#8221; padding_mobile=&#8221;on&#8221; make_fullwidth=&#8221;off&#8221; use_custom_width=&#8221;off&#8221; width_unit=&#8221;on&#8221; make_equal=&#8221;off&#8221; use_custom_gutter=&#8221;off&#8221; custom_padding=&#8221;0px|0px|0px|0px&#8221; background_image=&#8221;https:\/\/catedraldevalencia.es\/wp-content\/uploads\/2019\/12\/bg-part-1-4th-to-13th-century-summary.jpg&#8221; module_id=&#8221;row-1&#8243;][et_pb_row admin_label=&#8221;Fila&#8221; make_fullwidth=&#8221;on&#8221; use_custom_width=&#8221;off&#8221; width_unit=&#8221;on&#8221; use_custom_gutter=&#8221;on&#8221; padding_mobile=&#8221;on&#8221; allow_player_pause=&#8221;off&#8221; parallax=&#8221;off&#8221; parallax_method=&#8221;off&#8221; make_equal=&#8221;on&#8221; parallax_1=&#8221;on&#8221; parallax_method_1=&#8221;on&#8221; parallax_2=&#8221;off&#8221; parallax_method_2=&#8221;off&#8221; column_padding_mobile=&#8221;off&#8221; gutter_width=&#8221;1&#8243; module_id_1=&#8221;column-header-split&#8221; module_id_2=&#8221;column-text-split&#8221; padding_2_last_edited=&#8221;off|desktop&#8221;][et_pb_column type=&#8221;1_2&#8243;][et_pb_text admin_label=&#8221;Text &#8211; Part 1\/8&#8243; background_layout=&#8221;dark&#8221; text_orientation=&#8221;center&#8221; use_border_color=&#8221;off&#8221; border_color=&#8221;#ffffff&#8221; border_style=&#8221;solid&#8221; custom_margin=&#8221;||4%|&#8221;] Part 1\/8 [\/et_pb_text][et_pb_text admin_label=&#8221;T\u00edtol &#8211; S. IV a [&hellip;]\" \/>\n<meta property=\"og:url\" content=\"https:\/\/catedraldevalencia.es\/va\/historia\/l-esglesia-a-valencia\/part-1-s-iv-a-s-xiii\/\" \/>\n<meta property=\"og:site_name\" content=\"Catedral de Val\u00e8ncia\" \/>\n<meta property=\"article:modified_time\" content=\"2025-04-19T09:58:10+00:00\" \/>\n<meta property=\"og:image\" content=\"https:\/\/catedraldevalencia.es\/va\/wp-content\/uploads\/2019\/12\/ft-part-1-s-iv-a-s-xiii.jpg\" \/>\n\t<meta property=\"og:image:width\" content=\"700\" \/>\n\t<meta property=\"og:image:height\" content=\"525\" \/>\n\t<meta property=\"og:image:type\" content=\"image\/jpeg\" \/>\n<meta name=\"twitter:card\" content=\"summary_large_image\" \/>\n<meta name=\"twitter:label1\" content=\"Est. reading time\" \/>\n\t<meta name=\"twitter:data1\" content=\"4 minutes\" \/>\n<script type=\"application\/ld+json\" class=\"yoast-schema-graph\">{\"@context\":\"https:\\\/\\\/schema.org\",\"@graph\":[{\"@type\":\"WebPage\",\"@id\":\"https:\\\/\\\/catedraldevalencia.es\\\/va\\\/historia\\\/l-esglesia-a-valencia\\\/part-1-s-iv-a-s-xiii\\\/\",\"url\":\"https:\\\/\\\/catedraldevalencia.es\\\/va\\\/historia\\\/l-esglesia-a-valencia\\\/part-1-s-iv-a-s-xiii\\\/\",\"name\":\"Part 1 - S. IV a S. XIII - Catedral de Val\u00e8ncia\",\"isPartOf\":{\"@id\":\"https:\\\/\\\/catedraldevalencia.es\\\/va\\\/#website\"},\"primaryImageOfPage\":{\"@id\":\"https:\\\/\\\/catedraldevalencia.es\\\/va\\\/historia\\\/l-esglesia-a-valencia\\\/part-1-s-iv-a-s-xiii\\\/#primaryimage\"},\"image\":{\"@id\":\"https:\\\/\\\/catedraldevalencia.es\\\/va\\\/historia\\\/l-esglesia-a-valencia\\\/part-1-s-iv-a-s-xiii\\\/#primaryimage\"},\"thumbnailUrl\":\"https:\\\/\\\/catedraldevalencia.es\\\/va\\\/wp-content\\\/uploads\\\/2019\\\/12\\\/ft-part-1-s-iv-a-s-xiii.jpg\",\"datePublished\":\"2018-10-15T11:48:34+00:00\",\"dateModified\":\"2025-04-19T09:58:10+00:00\",\"breadcrumb\":{\"@id\":\"https:\\\/\\\/catedraldevalencia.es\\\/va\\\/historia\\\/l-esglesia-a-valencia\\\/part-1-s-iv-a-s-xiii\\\/#breadcrumb\"},\"inLanguage\":\"ca\",\"potentialAction\":[{\"@type\":\"ReadAction\",\"target\":[\"https:\\\/\\\/catedraldevalencia.es\\\/va\\\/historia\\\/l-esglesia-a-valencia\\\/part-1-s-iv-a-s-xiii\\\/\"]}]},{\"@type\":\"ImageObject\",\"inLanguage\":\"ca\",\"@id\":\"https:\\\/\\\/catedraldevalencia.es\\\/va\\\/historia\\\/l-esglesia-a-valencia\\\/part-1-s-iv-a-s-xiii\\\/#primaryimage\",\"url\":\"https:\\\/\\\/catedraldevalencia.es\\\/va\\\/wp-content\\\/uploads\\\/2019\\\/12\\\/ft-part-1-s-iv-a-s-xiii.jpg\",\"contentUrl\":\"https:\\\/\\\/catedraldevalencia.es\\\/va\\\/wp-content\\\/uploads\\\/2019\\\/12\\\/ft-part-1-s-iv-a-s-xiii.jpg\",\"width\":700,\"height\":525},{\"@type\":\"BreadcrumbList\",\"@id\":\"https:\\\/\\\/catedraldevalencia.es\\\/va\\\/historia\\\/l-esglesia-a-valencia\\\/part-1-s-iv-a-s-xiii\\\/#breadcrumb\",\"itemListElement\":[{\"@type\":\"ListItem\",\"position\":1,\"name\":\"Portada\",\"item\":\"https:\\\/\\\/catedraldevalencia.es\\\/va\\\/\"},{\"@type\":\"ListItem\",\"position\":2,\"name\":\"Hist\u00f2ria\",\"item\":\"https:\\\/\\\/catedraldevalencia.es\\\/va\\\/historia\\\/\"},{\"@type\":\"ListItem\",\"position\":3,\"name\":\"L&#8217;Esgl\u00e9sia a Val\u00e8ncia\",\"item\":\"https:\\\/\\\/catedraldevalencia.es\\\/va\\\/historia\\\/l-esglesia-a-valencia\\\/\"},{\"@type\":\"ListItem\",\"position\":4,\"name\":\"Part 1 &#8211; S. IV a S. XIII\"}]},{\"@type\":\"WebSite\",\"@id\":\"https:\\\/\\\/catedraldevalencia.es\\\/va\\\/#website\",\"url\":\"https:\\\/\\\/catedraldevalencia.es\\\/va\\\/\",\"name\":\"Catedral de Val\u00e8ncia\",\"description\":\"La Catedral del Sant Calze\",\"potentialAction\":[{\"@type\":\"SearchAction\",\"target\":{\"@type\":\"EntryPoint\",\"urlTemplate\":\"https:\\\/\\\/catedraldevalencia.es\\\/va\\\/?s={search_term_string}\"},\"query-input\":{\"@type\":\"PropertyValueSpecification\",\"valueRequired\":true,\"valueName\":\"search_term_string\"}}],\"inLanguage\":\"ca\"}]}<\/script>\n<!-- \/ Yoast SEO plugin. -->","yoast_head_json":{"title":"Part 1 - S. IV a S. XIII - Catedral de Val\u00e8ncia","robots":{"index":"index","follow":"follow","max-snippet":"max-snippet:-1","max-image-preview":"max-image-preview:large","max-video-preview":"max-video-preview:-1"},"canonical":"https:\/\/catedraldevalencia.es\/va\/historia\/l-esglesia-a-valencia\/part-1-s-iv-a-s-xiii\/","og_locale":"ca_ES","og_type":"article","og_title":"Part 1 - S. IV a S. XIII - Catedral de Val\u00e8ncia","og_description":"[et_pb_section admin_label=&#8221;Secci\u00f3&#8221; transparent_background=&#8221;on&#8221; background_color=&#8221;#ffffff&#8221; allow_player_pause=&#8221;off&#8221; inner_shadow=&#8221;off&#8221; parallax=&#8221;on&#8221; parallax_method=&#8221;on&#8221; padding_mobile=&#8221;on&#8221; make_fullwidth=&#8221;off&#8221; use_custom_width=&#8221;off&#8221; width_unit=&#8221;on&#8221; make_equal=&#8221;off&#8221; use_custom_gutter=&#8221;off&#8221; custom_padding=&#8221;0px|0px|0px|0px&#8221; background_image=&#8221;https:\/\/catedraldevalencia.es\/wp-content\/uploads\/2019\/12\/bg-part-1-4th-to-13th-century-summary.jpg&#8221; module_id=&#8221;row-1&#8243;][et_pb_row admin_label=&#8221;Fila&#8221; make_fullwidth=&#8221;on&#8221; use_custom_width=&#8221;off&#8221; width_unit=&#8221;on&#8221; use_custom_gutter=&#8221;on&#8221; padding_mobile=&#8221;on&#8221; allow_player_pause=&#8221;off&#8221; parallax=&#8221;off&#8221; parallax_method=&#8221;off&#8221; make_equal=&#8221;on&#8221; parallax_1=&#8221;on&#8221; parallax_method_1=&#8221;on&#8221; parallax_2=&#8221;off&#8221; parallax_method_2=&#8221;off&#8221; column_padding_mobile=&#8221;off&#8221; gutter_width=&#8221;1&#8243; module_id_1=&#8221;column-header-split&#8221; module_id_2=&#8221;column-text-split&#8221; padding_2_last_edited=&#8221;off|desktop&#8221;][et_pb_column type=&#8221;1_2&#8243;][et_pb_text admin_label=&#8221;Text &#8211; Part 1\/8&#8243; background_layout=&#8221;dark&#8221; text_orientation=&#8221;center&#8221; use_border_color=&#8221;off&#8221; border_color=&#8221;#ffffff&#8221; border_style=&#8221;solid&#8221; custom_margin=&#8221;||4%|&#8221;] Part 1\/8 [\/et_pb_text][et_pb_text admin_label=&#8221;T\u00edtol &#8211; S. IV a [&hellip;]","og_url":"https:\/\/catedraldevalencia.es\/va\/historia\/l-esglesia-a-valencia\/part-1-s-iv-a-s-xiii\/","og_site_name":"Catedral de Val\u00e8ncia","article_modified_time":"2025-04-19T09:58:10+00:00","og_image":[{"width":700,"height":525,"url":"https:\/\/catedraldevalencia.es\/va\/wp-content\/uploads\/2019\/12\/ft-part-1-s-iv-a-s-xiii.jpg","type":"image\/jpeg"}],"twitter_card":"summary_large_image","twitter_misc":{"Est. reading time":"4 minutes"},"schema":{"@context":"https:\/\/schema.org","@graph":[{"@type":"WebPage","@id":"https:\/\/catedraldevalencia.es\/va\/historia\/l-esglesia-a-valencia\/part-1-s-iv-a-s-xiii\/","url":"https:\/\/catedraldevalencia.es\/va\/historia\/l-esglesia-a-valencia\/part-1-s-iv-a-s-xiii\/","name":"Part 1 - S. IV a S. XIII - Catedral de Val\u00e8ncia","isPartOf":{"@id":"https:\/\/catedraldevalencia.es\/va\/#website"},"primaryImageOfPage":{"@id":"https:\/\/catedraldevalencia.es\/va\/historia\/l-esglesia-a-valencia\/part-1-s-iv-a-s-xiii\/#primaryimage"},"image":{"@id":"https:\/\/catedraldevalencia.es\/va\/historia\/l-esglesia-a-valencia\/part-1-s-iv-a-s-xiii\/#primaryimage"},"thumbnailUrl":"https:\/\/catedraldevalencia.es\/va\/wp-content\/uploads\/2019\/12\/ft-part-1-s-iv-a-s-xiii.jpg","datePublished":"2018-10-15T11:48:34+00:00","dateModified":"2025-04-19T09:58:10+00:00","breadcrumb":{"@id":"https:\/\/catedraldevalencia.es\/va\/historia\/l-esglesia-a-valencia\/part-1-s-iv-a-s-xiii\/#breadcrumb"},"inLanguage":"ca","potentialAction":[{"@type":"ReadAction","target":["https:\/\/catedraldevalencia.es\/va\/historia\/l-esglesia-a-valencia\/part-1-s-iv-a-s-xiii\/"]}]},{"@type":"ImageObject","inLanguage":"ca","@id":"https:\/\/catedraldevalencia.es\/va\/historia\/l-esglesia-a-valencia\/part-1-s-iv-a-s-xiii\/#primaryimage","url":"https:\/\/catedraldevalencia.es\/va\/wp-content\/uploads\/2019\/12\/ft-part-1-s-iv-a-s-xiii.jpg","contentUrl":"https:\/\/catedraldevalencia.es\/va\/wp-content\/uploads\/2019\/12\/ft-part-1-s-iv-a-s-xiii.jpg","width":700,"height":525},{"@type":"BreadcrumbList","@id":"https:\/\/catedraldevalencia.es\/va\/historia\/l-esglesia-a-valencia\/part-1-s-iv-a-s-xiii\/#breadcrumb","itemListElement":[{"@type":"ListItem","position":1,"name":"Portada","item":"https:\/\/catedraldevalencia.es\/va\/"},{"@type":"ListItem","position":2,"name":"Hist\u00f2ria","item":"https:\/\/catedraldevalencia.es\/va\/historia\/"},{"@type":"ListItem","position":3,"name":"L&#8217;Esgl\u00e9sia a Val\u00e8ncia","item":"https:\/\/catedraldevalencia.es\/va\/historia\/l-esglesia-a-valencia\/"},{"@type":"ListItem","position":4,"name":"Part 1 &#8211; S. IV a S. XIII"}]},{"@type":"WebSite","@id":"https:\/\/catedraldevalencia.es\/va\/#website","url":"https:\/\/catedraldevalencia.es\/va\/","name":"Catedral de Val\u00e8ncia","description":"La Catedral del Sant Calze","potentialAction":[{"@type":"SearchAction","target":{"@type":"EntryPoint","urlTemplate":"https:\/\/catedraldevalencia.es\/va\/?s={search_term_string}"},"query-input":{"@type":"PropertyValueSpecification","valueRequired":true,"valueName":"search_term_string"}}],"inLanguage":"ca"}]}},"_links":{"self":[{"href":"https:\/\/catedraldevalencia.es\/va\/wp-json\/wp\/v2\/pages\/3450","targetHints":{"allow":["GET"]}}],"collection":[{"href":"https:\/\/catedraldevalencia.es\/va\/wp-json\/wp\/v2\/pages"}],"about":[{"href":"https:\/\/catedraldevalencia.es\/va\/wp-json\/wp\/v2\/types\/page"}],"author":[{"embeddable":true,"href":"https:\/\/catedraldevalencia.es\/va\/wp-json\/wp\/v2\/users\/1"}],"replies":[{"embeddable":true,"href":"https:\/\/catedraldevalencia.es\/va\/wp-json\/wp\/v2\/comments?post=3450"}],"version-history":[{"count":0,"href":"https:\/\/catedraldevalencia.es\/va\/wp-json\/wp\/v2\/pages\/3450\/revisions"}],"up":[{"embeddable":true,"href":"https:\/\/catedraldevalencia.es\/va\/wp-json\/wp\/v2\/pages\/80"}],"wp:featuredmedia":[{"embeddable":true,"href":"https:\/\/catedraldevalencia.es\/va\/wp-json\/wp\/v2\/media\/4647"}],"wp:attachment":[{"href":"https:\/\/catedraldevalencia.es\/va\/wp-json\/wp\/v2\/media?parent=3450"}],"curies":[{"name":"wp","href":"https:\/\/api.w.org\/{rel}","templated":true}]}}