{"id":3451,"date":"2018-10-15T11:49:49","date_gmt":"2018-10-15T11:49:49","guid":{"rendered":"https:\/\/catedraldevalencia.es\/va\/?page_id=3451"},"modified":"2025-12-20T15:52:43","modified_gmt":"2025-12-20T15:52:43","slug":"part-2-s-xiii-a-s-xv","status":"publish","type":"page","link":"https:\/\/catedraldevalencia.es\/va\/historia\/l-esglesia-a-valencia\/part-2-s-xiii-a-s-xv\/","title":{"rendered":"Part 2 &#8211; S. XIII a S. XV"},"content":{"rendered":"<p>[et_pb_section admin_label=&#8221;Secci\u00f3&#8221; transparent_background=&#8221;on&#8221; background_color=&#8221;#ffffff&#8221; allow_player_pause=&#8221;off&#8221; inner_shadow=&#8221;off&#8221; parallax=&#8221;on&#8221; parallax_method=&#8221;on&#8221; padding_mobile=&#8221;on&#8221; make_fullwidth=&#8221;off&#8221; use_custom_width=&#8221;off&#8221; width_unit=&#8221;on&#8221; make_equal=&#8221;off&#8221; use_custom_gutter=&#8221;off&#8221; custom_padding=&#8221;0px|0px|0px|0px&#8221; background_image=&#8221;https:\/\/catedraldevalencia.es\/wp-content\/uploads\/2019\/12\/bg-part-2-13th-to-15th-century-summary.jpg&#8221; module_id=&#8221;row-1&#8243;][et_pb_row admin_label=&#8221;Fila&#8221; make_fullwidth=&#8221;on&#8221; use_custom_width=&#8221;off&#8221; width_unit=&#8221;on&#8221; use_custom_gutter=&#8221;on&#8221; padding_mobile=&#8221;on&#8221; allow_player_pause=&#8221;off&#8221; parallax=&#8221;off&#8221; parallax_method=&#8221;off&#8221; make_equal=&#8221;on&#8221; parallax_1=&#8221;on&#8221; parallax_method_1=&#8221;on&#8221; parallax_2=&#8221;off&#8221; parallax_method_2=&#8221;off&#8221; column_padding_mobile=&#8221;off&#8221; gutter_width=&#8221;1&#8243; module_id_1=&#8221;column-header-split&#8221; module_id_2=&#8221;column-text-split&#8221; padding_2_last_edited=&#8221;off|desktop&#8221;][et_pb_column type=&#8221;1_2&#8243;][et_pb_text admin_label=&#8221;Text &#8211; Part 2\/8&#8243; background_layout=&#8221;dark&#8221; text_orientation=&#8221;center&#8221; use_border_color=&#8221;off&#8221; border_color=&#8221;#ffffff&#8221; border_style=&#8221;solid&#8221; custom_margin=&#8221;||4%|&#8221;]<\/p>\n<h3>Part 2<span>\/8<\/span><\/h3>\n<p>[\/et_pb_text][et_pb_text admin_label=&#8221;T\u00edtol &#8211; Segle XIII a Segle XV&#8221; background_layout=&#8221;dark&#8221; text_orientation=&#8221;center&#8221; use_border_color=&#8221;off&#8221; border_color=&#8221;#ffffff&#8221; border_style=&#8221;solid&#8221;]<\/p>\n<h2>Segle XIII<br><em>a<\/em> Segle XV<\/h2>\n<p class=\"note\">Llegir resum a continuaci\u00f3 <br>o veure <a href=\"#row-2\">l\u00ednia de temps.<\/a><\/p>\n<p>[\/et_pb_text][\/et_pb_column][et_pb_column type=&#8221;1_2&#8243;][et_pb_text admin_label=&#8221;T\u00edtol &#8211; Resum&#8221; background_layout=&#8221;dark&#8221; text_orientation=&#8221;left&#8221; use_border_color=&#8221;off&#8221; border_color=&#8221;#ffffff&#8221; border_style=&#8221;solid&#8221;]<\/p>\n<h4>Resum<\/h4>\n<p>[\/et_pb_text][et_pb_text admin_label=&#8221;Text&#8221; background_layout=&#8221;light&#8221; text_orientation=&#8221;left&#8221; use_border_color=&#8221;off&#8221; border_color=&#8221;#ffffff&#8221; border_style=&#8221;solid&#8221;]<\/p>\n<p class=\"lead\">Durant els segles XIII-XV l&#8217;Esgl\u00e9sia de Val\u00e8ncia va mantindre una constant activitat evangelitzadora, dirigida tant als musulmans i jueus, com a desenvolupar la fe dels cristians que s&#8217;establien en aquestes terres generoses.<\/p>\n<p>De gran transcend\u00e8ncia per a la cristiandat va ser la fi del Cisma d&#8217;Occident, que va tindre lloc despr\u00e9s de la mort de <strong>Benet XIII<\/strong> <em>(l&#8217;aragon\u00e9s Pedro de Luna)<\/em> a Pen\u00edscola (Castell\u00f3) en 1423 i la ren\u00fancia del seu successor <strong>Climent VIII<\/strong> <em>(Gil S\u00e1nchez Mu\u00f1oz, natural de Teruel i canonge de la catedral de Val\u00e8ncia)<\/em> en la vila de Sant Mateu (Castell\u00f3) l&#8217;any 1429.<\/p>\n<p>En l&#8217;\u00e8poca convulsa per epid\u00e8mies i guerres, del tr\u00e0nsit del segle XIV al XV, va brillar a Val\u00e8ncia i a Europa occidental la missi\u00f3 evangelitzadora i de pau del dominic <strong>Sant Vicent Ferrer<\/strong> (Valencia 1350 &#8211; Vannes, Bretanya francesa, 1419).<\/p>\n<p>En 1410 el Sant va crear a Val\u00e8ncia l&#8217;actual Col\u00b7legi Imperial de Xiquets Orfes que porta el seu nom.<\/p>\n<p>[\/et_pb_text][et_pb_code admin_label=&#8221;Continuar&#8221; module_class=&#8221;continue&#8221;]&lt;a href=&quot;\n\n&quot;&gt;Continuar a &lt;strong&gt;Part 3 \u2014 S. XV a S. XVI &lt;i class=&quot;icon icon-right-open-big&quot;&gt;&lt;\/i&gt;&lt;\/strong&gt;&lt;\/a&gt;[\/et_pb_code][\/et_pb_column][\/et_pb_row][\/et_pb_section][et_pb_section admin_label=&#8221;Secci\u00f3&#8221; fullwidth=&#8221;on&#8221; specialty=&#8221;off&#8221; transparent_background=&#8221;on&#8221; background_color=&#8221;#ffffff&#8221; allow_player_pause=&#8221;off&#8221; inner_shadow=&#8221;off&#8221; parallax=&#8221;off&#8221; parallax_method=&#8221;off&#8221; padding_mobile=&#8221;off&#8221; make_fullwidth=&#8221;off&#8221; use_custom_width=&#8221;off&#8221; width_unit=&#8221;on&#8221; make_equal=&#8221;off&#8221; use_custom_gutter=&#8221;off&#8221; module_id=&#8221;row-2&#8243;][et_pb_horizontaltimeline admin_label=&#8221;L\u00ednia de temps &#8211; Segle XIII a Segle XV&#8221; use_border_color=&#8221;off&#8221; border_color=&#8221;#ffffff&#8221; border_style=&#8221;solid&#8221; timeline_title=&#8221;L\u00ednia de temps&#8221;]<\/p>\n<p>[et_pb_horizontaltimeline_item title=&#8221;Naixement Sant Vicent Ferrer&#8221; year=&#8221;1350&#8243; use_icon=&#8221;off&#8221; custom_icon=&#8221;off&#8221; animation=&#8221;top&#8221; item_admin_label=&#8221;1350 &#8211; Naixement Sant Vicent Ferrer&#8221; date=&#8221;23 de gener de 1350&#8243; have_border=&#8221;off&#8221;]<\/p>\n<p>A Val\u00e8ncia.<\/p>\n<p>[\/et_pb_horizontaltimeline_item][et_pb_horizontaltimeline_item title=&#8221;Defunci\u00f3 de Benet XIII&#8221; year=&#8221;1423&#8243; use_icon=&#8221;on&#8221; custom_icon=&#8221;on&#8221; animation=&#8221;top&#8221; item_admin_label=&#8221;1424 &#8211; Defunci\u00f3 de Benet XIII&#8221; font_icon=&#8221;%%541%%&#8221; date=&#8221;23 de maig&#8221; have_border=&#8221;off&#8221;]<\/p>\n<p>a Pen\u00edscola (Castell\u00f3)<\/p>\n<p>[\/et_pb_horizontaltimeline_item][et_pb_horizontaltimeline_item title=&#8221;Abdicaci\u00f3 al papatde Climent VIII&#8221; year=&#8221;1429&#8243; use_icon=&#8221;off&#8221; custom_icon=&#8221;off&#8221; animation=&#8221;top&#8221; item_admin_label=&#8221;1429 &#8211; Abdicaci\u00f3 de Climent VIII&#8221;]<\/p>\n<p>[\/et_pb_horizontaltimeline_item][et_pb_horizontaltimeline_item title=&#8221;Fundaci\u00f3 del Col\u00b7legi Imperial de Xiquets Orfes&#8221; year=&#8221;1410&#8243; use_icon=&#8221;off&#8221; custom_icon=&#8221;off&#8221; animation=&#8221;top&#8221; item_admin_label=&#8221;1410 &#8211; Col\u00b7legi Imperial de Xiquets Orfes&#8221; have_border=&#8221;off&#8221;]<\/p>\n<p>Creat per Sant Vicent Ferrer.<\/p>\n<p>[\/et_pb_horizontaltimeline_item][et_pb_horizontaltimeline_item title=&#8221;Defunci\u00f3 Sant Vicent Ferrer&#8221; year=&#8221;1419&#8243; date=&#8221;5 d&#8217;abril de 1419&#8243; use_icon=&#8221;on&#8221; custom_icon=&#8221;on&#8221; animation=&#8221;top&#8221; item_admin_label=&#8221;1419 &#8211; Defunci\u00f3 Sant Vicent Ferrer&#8221; font_icon=&#8221;%%541%%&#8221; have_border=&#8221;off&#8221;]<\/p>\n<p>a Bretanya.<\/p>\n<p>[\/et_pb_horizontaltimeline_item]<\/p>\n<p>[\/et_pb_horizontaltimeline][\/et_pb_section][et_pb_section admin_label=&#8221;Secci\u00f3&#8221; transparent_background=&#8221;off&#8221; background_color=&#8221;#ffffff&#8221; allow_player_pause=&#8221;off&#8221; inner_shadow=&#8221;off&#8221; parallax=&#8221;on&#8221; parallax_method=&#8221;on&#8221; padding_mobile=&#8221;on&#8221; make_fullwidth=&#8221;off&#8221; use_custom_width=&#8221;off&#8221; width_unit=&#8221;on&#8221; make_equal=&#8221;off&#8221; use_custom_gutter=&#8221;off&#8221; module_id=&#8221;row-3&#8243;][et_pb_row admin_label=&#8221;Fila&#8221; make_fullwidth=&#8221;on&#8221; use_custom_width=&#8221;off&#8221; width_unit=&#8221;on&#8221; use_custom_gutter=&#8221;on&#8221; padding_mobile=&#8221;on&#8221; allow_player_pause=&#8221;off&#8221; parallax=&#8221;off&#8221; parallax_method=&#8221;off&#8221; make_equal=&#8221;on&#8221; parallax_1=&#8221;off&#8221; parallax_method_1=&#8221;on&#8221; parallax_2=&#8221;off&#8221; parallax_method_2=&#8221;off&#8221; column_padding_mobile=&#8221;off&#8221; gutter_width=&#8221;1&#8243; custom_padding=&#8221;0px|0px|0px|0px&#8221; custom_margin=&#8221;0px||0px|&#8221; module_id_1=&#8221;column-prev-split&#8221; module_id_2=&#8221;column-next-split&#8221; padding_2_last_edited=&#8221;off|desktop&#8221; custom_margin_last_edited=&#8221;off|desktop&#8221; bg_img_1=&#8221;https:\/\/catedraldevalencia.es\/wp-content\/uploads\/2019\/12\/cta-part-1-4th-to-13th-century-summary.jpg&#8221; bg_img_2=&#8221;https:\/\/catedraldevalencia.es\/wp-content\/uploads\/2019\/12\/cta-part-3-15th-to-16th-century-summary.jpg&#8221;][et_pb_column type=&#8221;1_2&#8243;][et_pb_cta admin_label=&#8221;CTA &#8211; Anterior part&#8221; title=&#8221;Tornar a&#8221; url_new_window=&#8221;off&#8221; button_text=&#8221;Anterior&#8221; use_background_color=&#8221;off&#8221; background_color=&#8221;#990000&#8243; background_layout=&#8221;dark&#8221; text_orientation=&#8221;center&#8221; use_border_color=&#8221;off&#8221; border_color=&#8221;#ffffff&#8221; border_style=&#8221;solid&#8221; custom_button=&#8221;off&#8221; button_letter_spacing=&#8221;0&#8243; button_use_icon=&#8221;default&#8221; button_icon_placement=&#8221;right&#8221; button_on_hover=&#8221;on&#8221; button_letter_spacing_hover=&#8221;0&#8243; module_id=&#8221;cta-by_style&#8221; module_class=&#8221;cta-action&#8221; button_url=&#8221;https:\/\/catedraldevalencia.es\/va\/historia\/l-esglesia-a-valencia\/part-1-s-iv-a-s-xiii\/&#8221;]<\/p>\n<h3>Segle IV a Segle XIII <strong>Part 1<\/strong><\/h3>\n<p>[\/et_pb_cta][\/et_pb_column][et_pb_column type=&#8221;1_2&#8243;][et_pb_cta admin_label=&#8221;CTA &#8211; Seg\u00fcent part&#8221; title=&#8221;Continuar a&#8221; button_url=&#8221;https:\/\/catedraldevalencia.es\/va\/historia\/l-esglesia-a-valencia\/part-3-s-xv-a-s-xvi\/&#8221; url_new_window=&#8221;off&#8221; button_text=&#8221;Seg\u00fcent&#8221; use_background_color=&#8221;off&#8221; background_color=&#8221;#990000&#8243; background_layout=&#8221;dark&#8221; text_orientation=&#8221;center&#8221; use_border_color=&#8221;off&#8221; border_color=&#8221;#ffffff&#8221; border_style=&#8221;solid&#8221; custom_button=&#8221;off&#8221; button_letter_spacing=&#8221;0&#8243; button_use_icon=&#8221;default&#8221; button_icon_placement=&#8221;right&#8221; button_on_hover=&#8221;on&#8221; button_letter_spacing_hover=&#8221;0&#8243; module_id=&#8221;cta-by_room&#8221; module_class=&#8221;cta-action&#8221;]<\/p>\n<h3>Segle XV a Segle XVI <strong>Part 3<\/strong><\/h3>\n<p>[\/et_pb_cta][\/et_pb_column][\/et_pb_row][\/et_pb_section]<\/p>\n","protected":false},"excerpt":{"rendered":"<p>[et_pb_section admin_label=&#8221;Secci\u00f3&#8221; transparent_background=&#8221;on&#8221; background_color=&#8221;#ffffff&#8221; allow_player_pause=&#8221;off&#8221; inner_shadow=&#8221;off&#8221; parallax=&#8221;on&#8221; parallax_method=&#8221;on&#8221; padding_mobile=&#8221;on&#8221; make_fullwidth=&#8221;off&#8221; use_custom_width=&#8221;off&#8221; width_unit=&#8221;on&#8221; make_equal=&#8221;off&#8221; use_custom_gutter=&#8221;off&#8221; custom_padding=&#8221;0px|0px|0px|0px&#8221; background_image=&#8221;https:\/\/catedraldevalencia.es\/wp-content\/uploads\/2019\/12\/bg-part-2-13th-to-15th-century-summary.jpg&#8221; module_id=&#8221;row-1&#8243;][et_pb_row admin_label=&#8221;Fila&#8221; make_fullwidth=&#8221;on&#8221; use_custom_width=&#8221;off&#8221; width_unit=&#8221;on&#8221; use_custom_gutter=&#8221;on&#8221; padding_mobile=&#8221;on&#8221; allow_player_pause=&#8221;off&#8221; parallax=&#8221;off&#8221; parallax_method=&#8221;off&#8221; make_equal=&#8221;on&#8221; parallax_1=&#8221;on&#8221; parallax_method_1=&#8221;on&#8221; parallax_2=&#8221;off&#8221; parallax_method_2=&#8221;off&#8221; column_padding_mobile=&#8221;off&#8221; gutter_width=&#8221;1&#8243; module_id_1=&#8221;column-header-split&#8221; module_id_2=&#8221;column-text-split&#8221; padding_2_last_edited=&#8221;off|desktop&#8221;][et_pb_column type=&#8221;1_2&#8243;][et_pb_text admin_label=&#8221;Text &#8211; Part 2\/8&#8243; background_layout=&#8221;dark&#8221; text_orientation=&#8221;center&#8221; use_border_color=&#8221;off&#8221; border_color=&#8221;#ffffff&#8221; border_style=&#8221;solid&#8221; custom_margin=&#8221;||4%|&#8221;] Part 2\/8 [\/et_pb_text][et_pb_text admin_label=&#8221;T\u00edtol &#8211; Segle XIII a [&hellip;]<\/p>\n","protected":false},"author":1,"featured_media":4646,"parent":80,"menu_order":2,"comment_status":"closed","ping_status":"closed","template":"page-withtimeline.php","meta":{"footnotes":""},"class_list":["post-3451","page","type-page","status-publish","has-post-thumbnail","hentry"],"yoast_head":"<!-- This site is optimized with the Yoast SEO plugin v27.3 - https:\/\/yoast.com\/product\/yoast-seo-wordpress\/ -->\n<title>Part 2 - S. XIII a S. XV - Catedral de Val\u00e8ncia<\/title>\n<meta name=\"robots\" content=\"index, follow, max-snippet:-1, max-image-preview:large, max-video-preview:-1\" \/>\n<link rel=\"canonical\" href=\"https:\/\/catedraldevalencia.es\/va\/historia\/l-esglesia-a-valencia\/part-2-s-xiii-a-s-xv\/\" \/>\n<meta property=\"og:locale\" content=\"ca_ES\" \/>\n<meta property=\"og:type\" content=\"article\" \/>\n<meta property=\"og:title\" content=\"Part 2 - S. XIII a S. XV - Catedral de Val\u00e8ncia\" \/>\n<meta property=\"og:description\" content=\"[et_pb_section admin_label=&#8221;Secci\u00f3&#8221; transparent_background=&#8221;on&#8221; background_color=&#8221;#ffffff&#8221; allow_player_pause=&#8221;off&#8221; inner_shadow=&#8221;off&#8221; parallax=&#8221;on&#8221; parallax_method=&#8221;on&#8221; padding_mobile=&#8221;on&#8221; make_fullwidth=&#8221;off&#8221; use_custom_width=&#8221;off&#8221; width_unit=&#8221;on&#8221; make_equal=&#8221;off&#8221; use_custom_gutter=&#8221;off&#8221; custom_padding=&#8221;0px|0px|0px|0px&#8221; background_image=&#8221;https:\/\/catedraldevalencia.es\/wp-content\/uploads\/2019\/12\/bg-part-2-13th-to-15th-century-summary.jpg&#8221; module_id=&#8221;row-1&#8243;][et_pb_row admin_label=&#8221;Fila&#8221; make_fullwidth=&#8221;on&#8221; use_custom_width=&#8221;off&#8221; width_unit=&#8221;on&#8221; use_custom_gutter=&#8221;on&#8221; padding_mobile=&#8221;on&#8221; allow_player_pause=&#8221;off&#8221; parallax=&#8221;off&#8221; parallax_method=&#8221;off&#8221; make_equal=&#8221;on&#8221; parallax_1=&#8221;on&#8221; parallax_method_1=&#8221;on&#8221; parallax_2=&#8221;off&#8221; parallax_method_2=&#8221;off&#8221; column_padding_mobile=&#8221;off&#8221; gutter_width=&#8221;1&#8243; module_id_1=&#8221;column-header-split&#8221; module_id_2=&#8221;column-text-split&#8221; padding_2_last_edited=&#8221;off|desktop&#8221;][et_pb_column type=&#8221;1_2&#8243;][et_pb_text admin_label=&#8221;Text &#8211; Part 2\/8&#8243; background_layout=&#8221;dark&#8221; text_orientation=&#8221;center&#8221; use_border_color=&#8221;off&#8221; border_color=&#8221;#ffffff&#8221; border_style=&#8221;solid&#8221; custom_margin=&#8221;||4%|&#8221;] Part 2\/8 [\/et_pb_text][et_pb_text admin_label=&#8221;T\u00edtol &#8211; Segle XIII a [&hellip;]\" \/>\n<meta property=\"og:url\" content=\"https:\/\/catedraldevalencia.es\/va\/historia\/l-esglesia-a-valencia\/part-2-s-xiii-a-s-xv\/\" \/>\n<meta property=\"og:site_name\" content=\"Catedral de Val\u00e8ncia\" \/>\n<meta property=\"article:modified_time\" content=\"2025-12-20T15:52:43+00:00\" \/>\n<meta property=\"og:image\" content=\"https:\/\/catedraldevalencia.es\/va\/wp-content\/uploads\/2019\/12\/ft-part-2-s-xiii-a-s-xv.jpg\" \/>\n\t<meta property=\"og:image:width\" content=\"700\" \/>\n\t<meta property=\"og:image:height\" content=\"525\" \/>\n\t<meta property=\"og:image:type\" content=\"image\/jpeg\" \/>\n<meta name=\"twitter:card\" content=\"summary_large_image\" \/>\n<meta name=\"twitter:label1\" content=\"Est. reading time\" \/>\n\t<meta name=\"twitter:data1\" content=\"3 minutes\" \/>\n<script type=\"application\/ld+json\" class=\"yoast-schema-graph\">{\"@context\":\"https:\\\/\\\/schema.org\",\"@graph\":[{\"@type\":\"WebPage\",\"@id\":\"https:\\\/\\\/catedraldevalencia.es\\\/va\\\/historia\\\/l-esglesia-a-valencia\\\/part-2-s-xiii-a-s-xv\\\/\",\"url\":\"https:\\\/\\\/catedraldevalencia.es\\\/va\\\/historia\\\/l-esglesia-a-valencia\\\/part-2-s-xiii-a-s-xv\\\/\",\"name\":\"Part 2 - S. XIII a S. XV - Catedral de Val\u00e8ncia\",\"isPartOf\":{\"@id\":\"https:\\\/\\\/catedraldevalencia.es\\\/va\\\/#website\"},\"primaryImageOfPage\":{\"@id\":\"https:\\\/\\\/catedraldevalencia.es\\\/va\\\/historia\\\/l-esglesia-a-valencia\\\/part-2-s-xiii-a-s-xv\\\/#primaryimage\"},\"image\":{\"@id\":\"https:\\\/\\\/catedraldevalencia.es\\\/va\\\/historia\\\/l-esglesia-a-valencia\\\/part-2-s-xiii-a-s-xv\\\/#primaryimage\"},\"thumbnailUrl\":\"https:\\\/\\\/catedraldevalencia.es\\\/va\\\/wp-content\\\/uploads\\\/2019\\\/12\\\/ft-part-2-s-xiii-a-s-xv.jpg\",\"datePublished\":\"2018-10-15T11:49:49+00:00\",\"dateModified\":\"2025-12-20T15:52:43+00:00\",\"breadcrumb\":{\"@id\":\"https:\\\/\\\/catedraldevalencia.es\\\/va\\\/historia\\\/l-esglesia-a-valencia\\\/part-2-s-xiii-a-s-xv\\\/#breadcrumb\"},\"inLanguage\":\"ca\",\"potentialAction\":[{\"@type\":\"ReadAction\",\"target\":[\"https:\\\/\\\/catedraldevalencia.es\\\/va\\\/historia\\\/l-esglesia-a-valencia\\\/part-2-s-xiii-a-s-xv\\\/\"]}]},{\"@type\":\"ImageObject\",\"inLanguage\":\"ca\",\"@id\":\"https:\\\/\\\/catedraldevalencia.es\\\/va\\\/historia\\\/l-esglesia-a-valencia\\\/part-2-s-xiii-a-s-xv\\\/#primaryimage\",\"url\":\"https:\\\/\\\/catedraldevalencia.es\\\/va\\\/wp-content\\\/uploads\\\/2019\\\/12\\\/ft-part-2-s-xiii-a-s-xv.jpg\",\"contentUrl\":\"https:\\\/\\\/catedraldevalencia.es\\\/va\\\/wp-content\\\/uploads\\\/2019\\\/12\\\/ft-part-2-s-xiii-a-s-xv.jpg\",\"width\":700,\"height\":525},{\"@type\":\"BreadcrumbList\",\"@id\":\"https:\\\/\\\/catedraldevalencia.es\\\/va\\\/historia\\\/l-esglesia-a-valencia\\\/part-2-s-xiii-a-s-xv\\\/#breadcrumb\",\"itemListElement\":[{\"@type\":\"ListItem\",\"position\":1,\"name\":\"Portada\",\"item\":\"https:\\\/\\\/catedraldevalencia.es\\\/va\\\/\"},{\"@type\":\"ListItem\",\"position\":2,\"name\":\"Hist\u00f2ria\",\"item\":\"https:\\\/\\\/catedraldevalencia.es\\\/va\\\/historia\\\/\"},{\"@type\":\"ListItem\",\"position\":3,\"name\":\"L&#8217;Esgl\u00e9sia a Val\u00e8ncia\",\"item\":\"https:\\\/\\\/catedraldevalencia.es\\\/va\\\/historia\\\/l-esglesia-a-valencia\\\/\"},{\"@type\":\"ListItem\",\"position\":4,\"name\":\"Part 2 &#8211; S. XIII a S. XV\"}]},{\"@type\":\"WebSite\",\"@id\":\"https:\\\/\\\/catedraldevalencia.es\\\/va\\\/#website\",\"url\":\"https:\\\/\\\/catedraldevalencia.es\\\/va\\\/\",\"name\":\"Catedral de Val\u00e8ncia\",\"description\":\"La Catedral del Sant Calze\",\"potentialAction\":[{\"@type\":\"SearchAction\",\"target\":{\"@type\":\"EntryPoint\",\"urlTemplate\":\"https:\\\/\\\/catedraldevalencia.es\\\/va\\\/?s={search_term_string}\"},\"query-input\":{\"@type\":\"PropertyValueSpecification\",\"valueRequired\":true,\"valueName\":\"search_term_string\"}}],\"inLanguage\":\"ca\"}]}<\/script>\n<!-- \/ Yoast SEO plugin. -->","yoast_head_json":{"title":"Part 2 - S. XIII a S. XV - Catedral de Val\u00e8ncia","robots":{"index":"index","follow":"follow","max-snippet":"max-snippet:-1","max-image-preview":"max-image-preview:large","max-video-preview":"max-video-preview:-1"},"canonical":"https:\/\/catedraldevalencia.es\/va\/historia\/l-esglesia-a-valencia\/part-2-s-xiii-a-s-xv\/","og_locale":"ca_ES","og_type":"article","og_title":"Part 2 - S. XIII a S. XV - Catedral de Val\u00e8ncia","og_description":"[et_pb_section admin_label=&#8221;Secci\u00f3&#8221; transparent_background=&#8221;on&#8221; background_color=&#8221;#ffffff&#8221; allow_player_pause=&#8221;off&#8221; inner_shadow=&#8221;off&#8221; parallax=&#8221;on&#8221; parallax_method=&#8221;on&#8221; padding_mobile=&#8221;on&#8221; make_fullwidth=&#8221;off&#8221; use_custom_width=&#8221;off&#8221; width_unit=&#8221;on&#8221; make_equal=&#8221;off&#8221; use_custom_gutter=&#8221;off&#8221; custom_padding=&#8221;0px|0px|0px|0px&#8221; background_image=&#8221;https:\/\/catedraldevalencia.es\/wp-content\/uploads\/2019\/12\/bg-part-2-13th-to-15th-century-summary.jpg&#8221; module_id=&#8221;row-1&#8243;][et_pb_row admin_label=&#8221;Fila&#8221; make_fullwidth=&#8221;on&#8221; use_custom_width=&#8221;off&#8221; width_unit=&#8221;on&#8221; use_custom_gutter=&#8221;on&#8221; padding_mobile=&#8221;on&#8221; allow_player_pause=&#8221;off&#8221; parallax=&#8221;off&#8221; parallax_method=&#8221;off&#8221; make_equal=&#8221;on&#8221; parallax_1=&#8221;on&#8221; parallax_method_1=&#8221;on&#8221; parallax_2=&#8221;off&#8221; parallax_method_2=&#8221;off&#8221; column_padding_mobile=&#8221;off&#8221; gutter_width=&#8221;1&#8243; module_id_1=&#8221;column-header-split&#8221; module_id_2=&#8221;column-text-split&#8221; padding_2_last_edited=&#8221;off|desktop&#8221;][et_pb_column type=&#8221;1_2&#8243;][et_pb_text admin_label=&#8221;Text &#8211; Part 2\/8&#8243; background_layout=&#8221;dark&#8221; text_orientation=&#8221;center&#8221; use_border_color=&#8221;off&#8221; border_color=&#8221;#ffffff&#8221; border_style=&#8221;solid&#8221; custom_margin=&#8221;||4%|&#8221;] Part 2\/8 [\/et_pb_text][et_pb_text admin_label=&#8221;T\u00edtol &#8211; Segle XIII a [&hellip;]","og_url":"https:\/\/catedraldevalencia.es\/va\/historia\/l-esglesia-a-valencia\/part-2-s-xiii-a-s-xv\/","og_site_name":"Catedral de Val\u00e8ncia","article_modified_time":"2025-12-20T15:52:43+00:00","og_image":[{"width":700,"height":525,"url":"https:\/\/catedraldevalencia.es\/va\/wp-content\/uploads\/2019\/12\/ft-part-2-s-xiii-a-s-xv.jpg","type":"image\/jpeg"}],"twitter_card":"summary_large_image","twitter_misc":{"Est. reading time":"3 minutes"},"schema":{"@context":"https:\/\/schema.org","@graph":[{"@type":"WebPage","@id":"https:\/\/catedraldevalencia.es\/va\/historia\/l-esglesia-a-valencia\/part-2-s-xiii-a-s-xv\/","url":"https:\/\/catedraldevalencia.es\/va\/historia\/l-esglesia-a-valencia\/part-2-s-xiii-a-s-xv\/","name":"Part 2 - S. XIII a S. XV - Catedral de Val\u00e8ncia","isPartOf":{"@id":"https:\/\/catedraldevalencia.es\/va\/#website"},"primaryImageOfPage":{"@id":"https:\/\/catedraldevalencia.es\/va\/historia\/l-esglesia-a-valencia\/part-2-s-xiii-a-s-xv\/#primaryimage"},"image":{"@id":"https:\/\/catedraldevalencia.es\/va\/historia\/l-esglesia-a-valencia\/part-2-s-xiii-a-s-xv\/#primaryimage"},"thumbnailUrl":"https:\/\/catedraldevalencia.es\/va\/wp-content\/uploads\/2019\/12\/ft-part-2-s-xiii-a-s-xv.jpg","datePublished":"2018-10-15T11:49:49+00:00","dateModified":"2025-12-20T15:52:43+00:00","breadcrumb":{"@id":"https:\/\/catedraldevalencia.es\/va\/historia\/l-esglesia-a-valencia\/part-2-s-xiii-a-s-xv\/#breadcrumb"},"inLanguage":"ca","potentialAction":[{"@type":"ReadAction","target":["https:\/\/catedraldevalencia.es\/va\/historia\/l-esglesia-a-valencia\/part-2-s-xiii-a-s-xv\/"]}]},{"@type":"ImageObject","inLanguage":"ca","@id":"https:\/\/catedraldevalencia.es\/va\/historia\/l-esglesia-a-valencia\/part-2-s-xiii-a-s-xv\/#primaryimage","url":"https:\/\/catedraldevalencia.es\/va\/wp-content\/uploads\/2019\/12\/ft-part-2-s-xiii-a-s-xv.jpg","contentUrl":"https:\/\/catedraldevalencia.es\/va\/wp-content\/uploads\/2019\/12\/ft-part-2-s-xiii-a-s-xv.jpg","width":700,"height":525},{"@type":"BreadcrumbList","@id":"https:\/\/catedraldevalencia.es\/va\/historia\/l-esglesia-a-valencia\/part-2-s-xiii-a-s-xv\/#breadcrumb","itemListElement":[{"@type":"ListItem","position":1,"name":"Portada","item":"https:\/\/catedraldevalencia.es\/va\/"},{"@type":"ListItem","position":2,"name":"Hist\u00f2ria","item":"https:\/\/catedraldevalencia.es\/va\/historia\/"},{"@type":"ListItem","position":3,"name":"L&#8217;Esgl\u00e9sia a Val\u00e8ncia","item":"https:\/\/catedraldevalencia.es\/va\/historia\/l-esglesia-a-valencia\/"},{"@type":"ListItem","position":4,"name":"Part 2 &#8211; S. XIII a S. XV"}]},{"@type":"WebSite","@id":"https:\/\/catedraldevalencia.es\/va\/#website","url":"https:\/\/catedraldevalencia.es\/va\/","name":"Catedral de Val\u00e8ncia","description":"La Catedral del Sant Calze","potentialAction":[{"@type":"SearchAction","target":{"@type":"EntryPoint","urlTemplate":"https:\/\/catedraldevalencia.es\/va\/?s={search_term_string}"},"query-input":{"@type":"PropertyValueSpecification","valueRequired":true,"valueName":"search_term_string"}}],"inLanguage":"ca"}]}},"_links":{"self":[{"href":"https:\/\/catedraldevalencia.es\/va\/wp-json\/wp\/v2\/pages\/3451","targetHints":{"allow":["GET"]}}],"collection":[{"href":"https:\/\/catedraldevalencia.es\/va\/wp-json\/wp\/v2\/pages"}],"about":[{"href":"https:\/\/catedraldevalencia.es\/va\/wp-json\/wp\/v2\/types\/page"}],"author":[{"embeddable":true,"href":"https:\/\/catedraldevalencia.es\/va\/wp-json\/wp\/v2\/users\/1"}],"replies":[{"embeddable":true,"href":"https:\/\/catedraldevalencia.es\/va\/wp-json\/wp\/v2\/comments?post=3451"}],"version-history":[{"count":0,"href":"https:\/\/catedraldevalencia.es\/va\/wp-json\/wp\/v2\/pages\/3451\/revisions"}],"up":[{"embeddable":true,"href":"https:\/\/catedraldevalencia.es\/va\/wp-json\/wp\/v2\/pages\/80"}],"wp:featuredmedia":[{"embeddable":true,"href":"https:\/\/catedraldevalencia.es\/va\/wp-json\/wp\/v2\/media\/4646"}],"wp:attachment":[{"href":"https:\/\/catedraldevalencia.es\/va\/wp-json\/wp\/v2\/media?parent=3451"}],"curies":[{"name":"wp","href":"https:\/\/api.w.org\/{rel}","templated":true}]}}