{"id":3453,"date":"2018-10-15T11:55:30","date_gmt":"2018-10-15T11:55:30","guid":{"rendered":"https:\/\/catedraldevalencia.es\/va\/?page_id=3453"},"modified":"2025-12-20T16:11:31","modified_gmt":"2025-12-20T16:11:31","slug":"part-4-s-xvi-a-s-xvii","status":"publish","type":"page","link":"https:\/\/catedraldevalencia.es\/va\/historia\/l-esglesia-a-valencia\/part-4-s-xvi-a-s-xvii\/","title":{"rendered":"Part 4 &#8211; S. XVI a S. XVII"},"content":{"rendered":"<p>[et_pb_section admin_label=&#8221;Secci\u00f3&#8221; transparent_background=&#8221;on&#8221; background_color=&#8221;#ffffff&#8221; allow_player_pause=&#8221;off&#8221; inner_shadow=&#8221;off&#8221; parallax=&#8221;on&#8221; parallax_method=&#8221;on&#8221; padding_mobile=&#8221;on&#8221; make_fullwidth=&#8221;off&#8221; use_custom_width=&#8221;off&#8221; width_unit=&#8221;on&#8221; make_equal=&#8221;off&#8221; use_custom_gutter=&#8221;off&#8221; custom_padding=&#8221;0px|0px|0px|0px&#8221; background_image=&#8221;https:\/\/catedraldevalencia.es\/wp-content\/uploads\/2019\/12\/bg-part-4-16th-to-17th-century-summary.jpg&#8221; module_id=&#8221;row-1&#8243;][et_pb_row admin_label=&#8221;Fila&#8221; make_fullwidth=&#8221;on&#8221; use_custom_width=&#8221;off&#8221; width_unit=&#8221;on&#8221; use_custom_gutter=&#8221;on&#8221; padding_mobile=&#8221;on&#8221; allow_player_pause=&#8221;off&#8221; parallax=&#8221;off&#8221; parallax_method=&#8221;off&#8221; make_equal=&#8221;on&#8221; parallax_1=&#8221;on&#8221; parallax_method_1=&#8221;on&#8221; parallax_2=&#8221;off&#8221; parallax_method_2=&#8221;off&#8221; column_padding_mobile=&#8221;off&#8221; gutter_width=&#8221;1&#8243; module_id_1=&#8221;column-header-split&#8221; module_id_2=&#8221;column-text-split&#8221; padding_2_last_edited=&#8221;off|desktop&#8221;][et_pb_column type=&#8221;1_2&#8243;][et_pb_text admin_label=&#8221;Text &#8211; Part 4\/8&#8243; background_layout=&#8221;dark&#8221; text_orientation=&#8221;center&#8221; use_border_color=&#8221;off&#8221; border_color=&#8221;#ffffff&#8221; border_style=&#8221;solid&#8221; custom_margin=&#8221;||4%|&#8221;]<\/p>\n<h3>Part 4<span>\/8<\/span><\/h3>\n<p>[\/et_pb_text][et_pb_text admin_label=&#8221;T\u00edtol &#8211; S. XVI a S. XVII&#8221; background_layout=&#8221;dark&#8221; text_orientation=&#8221;center&#8221; use_border_color=&#8221;off&#8221; border_color=&#8221;#ffffff&#8221; border_style=&#8221;solid&#8221;]<\/p>\n<h2>Segle XVI<br><em>a<\/em> Segle XVII<\/h2>\n<p class=\"note\">Llegir resum a continuaci\u00f3 <br>o veure <a href=\"#row-2\">l\u00ednia de temps.<\/a><\/p>\n<p>[\/et_pb_text][\/et_pb_column][et_pb_column type=&#8221;1_2&#8243;][et_pb_text admin_label=&#8221;T\u00edtol &#8211; Resum&#8221; background_layout=&#8221;dark&#8221; text_orientation=&#8221;left&#8221; use_border_color=&#8221;off&#8221; border_color=&#8221;#ffffff&#8221; border_style=&#8221;solid&#8221;]<\/p>\n<h4>Resum<\/h4>\n<p>[\/et_pb_text][et_pb_text admin_label=&#8221;Text&#8221; background_layout=&#8221;light&#8221; text_orientation=&#8221;left&#8221; use_border_color=&#8221;off&#8221; border_color=&#8221;#ffffff&#8221; border_style=&#8221;solid&#8221;]<\/p>\n<p class=\"lead\">Com en tota l&#8217;Esgl\u00e9sia, l&#8217;acumulaci\u00f3 de beneficis i l&#8217;abs\u00e8ncia dels Bisbes de les seues seus, al costat d&#8217;altres alifacs del r\u00e8gim feudal, van ocasionar una decad\u00e8ncia i desorientaci\u00f3 de la vida religiosa que va tindre com a conseq\u00fc\u00e8ncia la dolorosa reacci\u00f3 de la Reforma protestant i la vigorosa resposta cat\u00f2lica que es va iniciar en el Concili de Trento.<\/p>\n<p>Per\u00f2 en la nostra di\u00f2cesi ja havia comen\u00e7at abans la vertadera reforma amb l&#8217;arribada de l&#8217;Arquebisbe <strong>Sant Tom\u00e0s de Villanueva<\/strong> (+ 1555), religi\u00f3s agust\u00ed, model d&#8217;austeritat i caritat, el qual, ajudat per religiosos i sacerdots valencians com el Venerable Any\u00e9s, va iniciar la reforma del clergat i del poble, entre altres coses amb la fundaci\u00f3 del Col\u00b7legi de la Presentaci\u00f3 de La nostra Senyora, antecedent dels seminaris tridentins, que encara existeix a Val\u00e8ncia. Aquesta obra reformadora va aconseguir el seu cim amb el llarg pontificat de <strong>Sant Juan de Ribera<\/strong> (+ 1611), durant el qual va tindre lloc l&#8217;expulsi\u00f3 dels moriscos i la repoblaci\u00f3 cristiana de molts territoris.<\/p>\n<p>Aquest sant arquebisbe va voler deixar un testimoniatge de la fe i la pietat cat\u00f2lica cap a l&#8217;Eucaristia propugnada a Trento i expressada en la lit\u00fargia llavors, fundant el <strong>Reial Col\u00b7legi Seminari de Corpus Christi<\/strong>, que roman a Val\u00e8ncia com a centre espiritual i formatiu de sacerdots, sent alhora un dels seus m\u00e9s bells monuments, on es conserven els costums disposats pel sant Fundador en les seues Constitucions.<\/p>\n<p>L&#8217;Esgl\u00e9sia ha reconegut la santedat de diversos religiosos d&#8217;aquesta \u00e8poca, com els beats <strong>Nicolau Factor<\/strong> (+1583), <strong>Andr\u00e9s Hibern\u00f3n<\/strong> (+1602), <strong>Gaspar de Bono<\/strong> (+1604), <strong>Josepa de Santa Agn\u00e8s<\/strong> (+1696) i els sants <strong>Lu\u00eds Bertran<\/strong> (+1581), evangelitzador i patr\u00f3 de Col\u00f2mbia i <strong>Pascual Bail\u00f3n<\/strong> (+1592), patr\u00f3 de les associacions eucar\u00edstiques.<\/p>\n<p>Finalment, entre molts valencians que van oferir les seues vides per l&#8217;Evangeli en l&#8217;extrem Orient, estan el beat <strong>Francisco G\u00e1lvez<\/strong> (+1632) i <strong>Sant Jacinto Mar\u00eda Casta\u00f1eda<\/strong> (+1773).<\/p>\n<p>[\/et_pb_text][et_pb_code admin_label=&#8221;Continuar&#8221; module_class=&#8221;continue&#8221;]&lt;a href=&quot;\n\n&quot;&gt;Continuar a &lt;strong&gt;Part 5 \u2014 S. XVII a S. XIX &lt;i class=&quot;icon icon-right-open-big&quot;&gt;&lt;\/i&gt;&lt;\/strong&gt;&lt;\/a&gt;[\/et_pb_code][\/et_pb_column][\/et_pb_row][\/et_pb_section][et_pb_section admin_label=&#8221;Secci\u00f3&#8221; fullwidth=&#8221;on&#8221; specialty=&#8221;off&#8221; transparent_background=&#8221;on&#8221; background_color=&#8221;#ffffff&#8221; allow_player_pause=&#8221;off&#8221; inner_shadow=&#8221;off&#8221; parallax=&#8221;off&#8221; parallax_method=&#8221;off&#8221; padding_mobile=&#8221;off&#8221; make_fullwidth=&#8221;off&#8221; use_custom_width=&#8221;off&#8221; width_unit=&#8221;on&#8221; make_equal=&#8221;off&#8221; use_custom_gutter=&#8221;off&#8221; module_id=&#8221;row-2&#8243;][et_pb_horizontaltimeline admin_label=&#8221;L\u00ednia de temps &#8211; Segle XVI a Segle XVII&#8221; use_border_color=&#8221;off&#8221; border_color=&#8221;#ffffff&#8221; border_style=&#8221;solid&#8221; timeline_title=&#8221;L\u00ednia de temps&#8221;]<\/p>\n<p>[et_pb_horizontaltimeline_item title=&#8221;Defunci\u00f3 d&#8217;Alexandre VI&#8221; year=&#8221;1503&#8243; date=&#8221;18 d&#8217;agost&#8221; use_icon=&#8221;on&#8221; custom_icon=&#8221;on&#8221; animation=&#8221;top&#8221; item_admin_label=&#8221;1503 &#8211; Fallecimiento de Alejandro VI&#8221; font_icon=&#8221;%%541%%&#8221; have_border=&#8221;off&#8221;]<\/p>\n<p>A Roma.<\/p>\n<p>[\/et_pb_horizontaltimeline_item][et_pb_horizontaltimeline_item title=&#8221;Defunci\u00f3 de Sant Tom\u00e1s de Villanueva&#8221; year=&#8221;1555&#8243; date=&#8221;9 de setembre&#8221; use_icon=&#8221;on&#8221; custom_icon=&#8221;on&#8221; animation=&#8221;top&#8221; item_admin_label=&#8221;1555 &#8211; Defunci\u00f3 de Sant Tom\u00e1s de Villanueva&#8221; font_icon=&#8221;%%541%%&#8221; have_border=&#8221;off&#8221;]<\/p>\n<p>A Val\u00e8ncia.<\/p>\n<p>[\/et_pb_horizontaltimeline_item][et_pb_horizontaltimeline_item title=&#8221;Sant Francesc de Borja nomenat superior general de la Companyia de Jes\u00fas&#8221; year=&#8221;1565&#8243; use_icon=&#8221;off&#8221; custom_icon=&#8221;off&#8221; animation=&#8221;top&#8221; item_admin_label=&#8221;1565 &#8211; Sant Francesc de Borja nomenat superior general de la Companyia de Jes\u00fas&#8221;]<\/p>\n<p>[\/et_pb_horizontaltimeline_item][et_pb_horizontaltimeline_item title=&#8221;Defunci\u00f3 de Sant Francesc de Borja&#8221; year=&#8221;1572&#8243; date=&#8221;30 de setembre&#8221; use_icon=&#8221;on&#8221; custom_icon=&#8221;on&#8221; animation=&#8221;top&#8221; item_admin_label=&#8221;1572 &#8211; Defunci\u00f3 de Sant Francesc de Borja&#8221; font_icon=&#8221;%%541%%&#8221; have_border=&#8221;off&#8221;]<\/p>\n<p>A Roma.<\/p>\n<p>[\/et_pb_horizontaltimeline_item][et_pb_horizontaltimeline_item title=&#8221;Fundaci\u00f3 del Reial Col\u00b7legi Seminari de Corpus Christi&#8221; year=&#8221;1615&#8243; use_icon=&#8221;off&#8221; custom_icon=&#8221;off&#8221; animation=&#8221;top&#8221; item_admin_label=&#8221;1615 &#8211; Fundaci\u00f3 del Reial Col\u00b7legi Seminari de Corpus Christi&#8221;]<\/p>\n<p>A Val\u00e8ncia.<\/p>\n<p>[\/et_pb_horizontaltimeline_item][et_pb_horizontaltimeline_item title=&#8221;Martiri del beat Francisco G\u00e1lvez&#8221; year=&#8221;1623&#8243; date=&#8221;4 de desembre&#8221; use_icon=&#8221;on&#8221; custom_icon=&#8221;on&#8221; animation=&#8221;top&#8221; item_admin_label=&#8221;1623 &#8211; Martiri del beat Francisco G\u00e1lvez&#8221; font_icon=&#8221;%%541%%&#8221; have_border=&#8221;off&#8221;]<\/p>\n<p>A Yedo (T\u00f2quio)<\/p>\n<p>[\/et_pb_horizontaltimeline_item]<\/p>\n<p>[\/et_pb_horizontaltimeline][\/et_pb_section][et_pb_section admin_label=&#8221;Secci\u00f3&#8221; transparent_background=&#8221;off&#8221; background_color=&#8221;#ffffff&#8221; allow_player_pause=&#8221;off&#8221; inner_shadow=&#8221;off&#8221; parallax=&#8221;on&#8221; parallax_method=&#8221;on&#8221; padding_mobile=&#8221;on&#8221; make_fullwidth=&#8221;off&#8221; use_custom_width=&#8221;off&#8221; width_unit=&#8221;on&#8221; make_equal=&#8221;off&#8221; use_custom_gutter=&#8221;off&#8221; module_id=&#8221;row-3&#8243;][et_pb_row admin_label=&#8221;Fila&#8221; make_fullwidth=&#8221;on&#8221; use_custom_width=&#8221;off&#8221; width_unit=&#8221;on&#8221; use_custom_gutter=&#8221;on&#8221; padding_mobile=&#8221;on&#8221; allow_player_pause=&#8221;off&#8221; parallax=&#8221;off&#8221; parallax_method=&#8221;off&#8221; make_equal=&#8221;on&#8221; parallax_1=&#8221;off&#8221; parallax_method_1=&#8221;on&#8221; parallax_2=&#8221;off&#8221; parallax_method_2=&#8221;off&#8221; column_padding_mobile=&#8221;off&#8221; gutter_width=&#8221;1&#8243; custom_padding=&#8221;0px|0px|0px|0px&#8221; custom_margin=&#8221;0px||0px|&#8221; module_id_1=&#8221;column-prev-split&#8221; module_id_2=&#8221;column-next-split&#8221; padding_2_last_edited=&#8221;off|desktop&#8221; custom_margin_last_edited=&#8221;off|desktop&#8221; bg_img_1=&#8221;https:\/\/catedraldevalencia.es\/wp-content\/uploads\/2019\/12\/cta-part-3-15th-to-16th-century-summary.jpg&#8221; bg_img_2=&#8221;https:\/\/catedraldevalencia.es\/wp-content\/uploads\/2019\/12\/cta-part-5-17th-to-19th-century-summary.jpg&#8221;][et_pb_column type=&#8221;1_2&#8243;][et_pb_cta admin_label=&#8221;CTA &#8211; Anterior part&#8221; title=&#8221;Tornar a&#8221; url_new_window=&#8221;off&#8221; button_text=&#8221;Anterior&#8221; use_background_color=&#8221;off&#8221; background_color=&#8221;#990000&#8243; background_layout=&#8221;dark&#8221; text_orientation=&#8221;center&#8221; use_border_color=&#8221;off&#8221; border_color=&#8221;#ffffff&#8221; border_style=&#8221;solid&#8221; custom_button=&#8221;off&#8221; button_letter_spacing=&#8221;0&#8243; button_use_icon=&#8221;default&#8221; button_icon_placement=&#8221;right&#8221; button_on_hover=&#8221;on&#8221; button_letter_spacing_hover=&#8221;0&#8243; module_id=&#8221;cta-by_style&#8221; module_class=&#8221;cta-action&#8221; button_url=&#8221;https:\/\/catedraldevalencia.es\/va\/historia\/l-esglesia-a-valencia\/part-3-s-xv-a-s-xvi\/&#8221;]<\/p>\n<h3>Segle XV a Segle XVI <strong>Part 3<\/strong><\/h3>\n<p>[\/et_pb_cta][\/et_pb_column][et_pb_column type=&#8221;1_2&#8243;][et_pb_cta admin_label=&#8221;CTA &#8211; Seg\u00fcent part&#8221; title=&#8221;Continuar a&#8221; button_url=&#8221;https:\/\/catedraldevalencia.es\/va\/historia\/l-esglesia-a-valencia\/part-5-s-xvii-a-s-xix&#8221; url_new_window=&#8221;off&#8221; button_text=&#8221;Seg\u00fcent&#8221; use_background_color=&#8221;off&#8221; background_color=&#8221;#990000&#8243; background_layout=&#8221;dark&#8221; text_orientation=&#8221;center&#8221; use_border_color=&#8221;off&#8221; border_color=&#8221;#ffffff&#8221; border_style=&#8221;solid&#8221; custom_button=&#8221;off&#8221; button_letter_spacing=&#8221;0&#8243; button_use_icon=&#8221;default&#8221; button_icon_placement=&#8221;right&#8221; button_on_hover=&#8221;on&#8221; button_letter_spacing_hover=&#8221;0&#8243; module_id=&#8221;cta-by_room&#8221; module_class=&#8221;cta-action&#8221;]<\/p>\n<h3>Segle XVII a Segle XIX <strong>Part 5<\/strong><\/h3>\n<p>[\/et_pb_cta][\/et_pb_column][\/et_pb_row][\/et_pb_section]<\/p>\n","protected":false},"excerpt":{"rendered":"<p>[et_pb_section admin_label=&#8221;Secci\u00f3&#8221; transparent_background=&#8221;on&#8221; background_color=&#8221;#ffffff&#8221; allow_player_pause=&#8221;off&#8221; inner_shadow=&#8221;off&#8221; parallax=&#8221;on&#8221; parallax_method=&#8221;on&#8221; padding_mobile=&#8221;on&#8221; make_fullwidth=&#8221;off&#8221; use_custom_width=&#8221;off&#8221; width_unit=&#8221;on&#8221; make_equal=&#8221;off&#8221; use_custom_gutter=&#8221;off&#8221; custom_padding=&#8221;0px|0px|0px|0px&#8221; background_image=&#8221;https:\/\/catedraldevalencia.es\/wp-content\/uploads\/2019\/12\/bg-part-4-16th-to-17th-century-summary.jpg&#8221; module_id=&#8221;row-1&#8243;][et_pb_row admin_label=&#8221;Fila&#8221; make_fullwidth=&#8221;on&#8221; use_custom_width=&#8221;off&#8221; width_unit=&#8221;on&#8221; use_custom_gutter=&#8221;on&#8221; padding_mobile=&#8221;on&#8221; allow_player_pause=&#8221;off&#8221; parallax=&#8221;off&#8221; parallax_method=&#8221;off&#8221; make_equal=&#8221;on&#8221; parallax_1=&#8221;on&#8221; parallax_method_1=&#8221;on&#8221; parallax_2=&#8221;off&#8221; parallax_method_2=&#8221;off&#8221; column_padding_mobile=&#8221;off&#8221; gutter_width=&#8221;1&#8243; module_id_1=&#8221;column-header-split&#8221; module_id_2=&#8221;column-text-split&#8221; padding_2_last_edited=&#8221;off|desktop&#8221;][et_pb_column type=&#8221;1_2&#8243;][et_pb_text admin_label=&#8221;Text &#8211; Part 4\/8&#8243; background_layout=&#8221;dark&#8221; text_orientation=&#8221;center&#8221; use_border_color=&#8221;off&#8221; border_color=&#8221;#ffffff&#8221; border_style=&#8221;solid&#8221; custom_margin=&#8221;||4%|&#8221;] Part 4\/8 [\/et_pb_text][et_pb_text admin_label=&#8221;T\u00edtol &#8211; S. XVI a [&hellip;]<\/p>\n","protected":false},"author":1,"featured_media":4655,"parent":80,"menu_order":4,"comment_status":"closed","ping_status":"closed","template":"page-withtimeline.php","meta":{"footnotes":""},"class_list":["post-3453","page","type-page","status-publish","has-post-thumbnail","hentry"],"yoast_head":"<!-- This site is optimized with the Yoast SEO plugin v27.3 - https:\/\/yoast.com\/product\/yoast-seo-wordpress\/ -->\n<title>Part 4 - S. XVI a S. XVII - Catedral de Val\u00e8ncia<\/title>\n<meta name=\"robots\" content=\"index, follow, max-snippet:-1, max-image-preview:large, max-video-preview:-1\" \/>\n<link rel=\"canonical\" href=\"https:\/\/catedraldevalencia.es\/va\/historia\/l-esglesia-a-valencia\/part-4-s-xvi-a-s-xvii\/\" \/>\n<meta property=\"og:locale\" content=\"ca_ES\" \/>\n<meta property=\"og:type\" content=\"article\" \/>\n<meta property=\"og:title\" content=\"Part 4 - S. XVI a S. XVII - Catedral de Val\u00e8ncia\" \/>\n<meta property=\"og:description\" content=\"[et_pb_section admin_label=&#8221;Secci\u00f3&#8221; transparent_background=&#8221;on&#8221; background_color=&#8221;#ffffff&#8221; allow_player_pause=&#8221;off&#8221; inner_shadow=&#8221;off&#8221; parallax=&#8221;on&#8221; parallax_method=&#8221;on&#8221; padding_mobile=&#8221;on&#8221; make_fullwidth=&#8221;off&#8221; use_custom_width=&#8221;off&#8221; width_unit=&#8221;on&#8221; make_equal=&#8221;off&#8221; use_custom_gutter=&#8221;off&#8221; custom_padding=&#8221;0px|0px|0px|0px&#8221; background_image=&#8221;https:\/\/catedraldevalencia.es\/wp-content\/uploads\/2019\/12\/bg-part-4-16th-to-17th-century-summary.jpg&#8221; module_id=&#8221;row-1&#8243;][et_pb_row admin_label=&#8221;Fila&#8221; make_fullwidth=&#8221;on&#8221; use_custom_width=&#8221;off&#8221; width_unit=&#8221;on&#8221; use_custom_gutter=&#8221;on&#8221; padding_mobile=&#8221;on&#8221; allow_player_pause=&#8221;off&#8221; parallax=&#8221;off&#8221; parallax_method=&#8221;off&#8221; make_equal=&#8221;on&#8221; parallax_1=&#8221;on&#8221; parallax_method_1=&#8221;on&#8221; parallax_2=&#8221;off&#8221; parallax_method_2=&#8221;off&#8221; column_padding_mobile=&#8221;off&#8221; gutter_width=&#8221;1&#8243; module_id_1=&#8221;column-header-split&#8221; module_id_2=&#8221;column-text-split&#8221; padding_2_last_edited=&#8221;off|desktop&#8221;][et_pb_column type=&#8221;1_2&#8243;][et_pb_text admin_label=&#8221;Text &#8211; Part 4\/8&#8243; background_layout=&#8221;dark&#8221; text_orientation=&#8221;center&#8221; use_border_color=&#8221;off&#8221; border_color=&#8221;#ffffff&#8221; border_style=&#8221;solid&#8221; custom_margin=&#8221;||4%|&#8221;] Part 4\/8 [\/et_pb_text][et_pb_text admin_label=&#8221;T\u00edtol &#8211; S. XVI a [&hellip;]\" \/>\n<meta property=\"og:url\" content=\"https:\/\/catedraldevalencia.es\/va\/historia\/l-esglesia-a-valencia\/part-4-s-xvi-a-s-xvii\/\" \/>\n<meta property=\"og:site_name\" content=\"Catedral de Val\u00e8ncia\" \/>\n<meta property=\"article:modified_time\" content=\"2025-12-20T16:11:31+00:00\" \/>\n<meta property=\"og:image\" content=\"https:\/\/catedraldevalencia.es\/va\/wp-content\/uploads\/2019\/12\/ft-part-4-s-xvi-a-s-xvii.jpg\" \/>\n\t<meta property=\"og:image:width\" content=\"700\" \/>\n\t<meta property=\"og:image:height\" content=\"525\" \/>\n\t<meta property=\"og:image:type\" content=\"image\/jpeg\" \/>\n<meta name=\"twitter:card\" content=\"summary_large_image\" \/>\n<meta name=\"twitter:label1\" content=\"Est. reading time\" \/>\n\t<meta name=\"twitter:data1\" content=\"4 minutes\" \/>\n<script type=\"application\/ld+json\" class=\"yoast-schema-graph\">{\"@context\":\"https:\\\/\\\/schema.org\",\"@graph\":[{\"@type\":\"WebPage\",\"@id\":\"https:\\\/\\\/catedraldevalencia.es\\\/va\\\/historia\\\/l-esglesia-a-valencia\\\/part-4-s-xvi-a-s-xvii\\\/\",\"url\":\"https:\\\/\\\/catedraldevalencia.es\\\/va\\\/historia\\\/l-esglesia-a-valencia\\\/part-4-s-xvi-a-s-xvii\\\/\",\"name\":\"Part 4 - S. XVI a S. XVII - Catedral de Val\u00e8ncia\",\"isPartOf\":{\"@id\":\"https:\\\/\\\/catedraldevalencia.es\\\/va\\\/#website\"},\"primaryImageOfPage\":{\"@id\":\"https:\\\/\\\/catedraldevalencia.es\\\/va\\\/historia\\\/l-esglesia-a-valencia\\\/part-4-s-xvi-a-s-xvii\\\/#primaryimage\"},\"image\":{\"@id\":\"https:\\\/\\\/catedraldevalencia.es\\\/va\\\/historia\\\/l-esglesia-a-valencia\\\/part-4-s-xvi-a-s-xvii\\\/#primaryimage\"},\"thumbnailUrl\":\"https:\\\/\\\/catedraldevalencia.es\\\/va\\\/wp-content\\\/uploads\\\/2019\\\/12\\\/ft-part-4-s-xvi-a-s-xvii.jpg\",\"datePublished\":\"2018-10-15T11:55:30+00:00\",\"dateModified\":\"2025-12-20T16:11:31+00:00\",\"breadcrumb\":{\"@id\":\"https:\\\/\\\/catedraldevalencia.es\\\/va\\\/historia\\\/l-esglesia-a-valencia\\\/part-4-s-xvi-a-s-xvii\\\/#breadcrumb\"},\"inLanguage\":\"ca\",\"potentialAction\":[{\"@type\":\"ReadAction\",\"target\":[\"https:\\\/\\\/catedraldevalencia.es\\\/va\\\/historia\\\/l-esglesia-a-valencia\\\/part-4-s-xvi-a-s-xvii\\\/\"]}]},{\"@type\":\"ImageObject\",\"inLanguage\":\"ca\",\"@id\":\"https:\\\/\\\/catedraldevalencia.es\\\/va\\\/historia\\\/l-esglesia-a-valencia\\\/part-4-s-xvi-a-s-xvii\\\/#primaryimage\",\"url\":\"https:\\\/\\\/catedraldevalencia.es\\\/va\\\/wp-content\\\/uploads\\\/2019\\\/12\\\/ft-part-4-s-xvi-a-s-xvii.jpg\",\"contentUrl\":\"https:\\\/\\\/catedraldevalencia.es\\\/va\\\/wp-content\\\/uploads\\\/2019\\\/12\\\/ft-part-4-s-xvi-a-s-xvii.jpg\",\"width\":700,\"height\":525},{\"@type\":\"BreadcrumbList\",\"@id\":\"https:\\\/\\\/catedraldevalencia.es\\\/va\\\/historia\\\/l-esglesia-a-valencia\\\/part-4-s-xvi-a-s-xvii\\\/#breadcrumb\",\"itemListElement\":[{\"@type\":\"ListItem\",\"position\":1,\"name\":\"Portada\",\"item\":\"https:\\\/\\\/catedraldevalencia.es\\\/va\\\/\"},{\"@type\":\"ListItem\",\"position\":2,\"name\":\"Hist\u00f2ria\",\"item\":\"https:\\\/\\\/catedraldevalencia.es\\\/va\\\/historia\\\/\"},{\"@type\":\"ListItem\",\"position\":3,\"name\":\"L&#8217;Esgl\u00e9sia a Val\u00e8ncia\",\"item\":\"https:\\\/\\\/catedraldevalencia.es\\\/va\\\/historia\\\/l-esglesia-a-valencia\\\/\"},{\"@type\":\"ListItem\",\"position\":4,\"name\":\"Part 4 &#8211; S. XVI a S. XVII\"}]},{\"@type\":\"WebSite\",\"@id\":\"https:\\\/\\\/catedraldevalencia.es\\\/va\\\/#website\",\"url\":\"https:\\\/\\\/catedraldevalencia.es\\\/va\\\/\",\"name\":\"Catedral de Val\u00e8ncia\",\"description\":\"La Catedral del Sant Calze\",\"potentialAction\":[{\"@type\":\"SearchAction\",\"target\":{\"@type\":\"EntryPoint\",\"urlTemplate\":\"https:\\\/\\\/catedraldevalencia.es\\\/va\\\/?s={search_term_string}\"},\"query-input\":{\"@type\":\"PropertyValueSpecification\",\"valueRequired\":true,\"valueName\":\"search_term_string\"}}],\"inLanguage\":\"ca\"}]}<\/script>\n<!-- \/ Yoast SEO plugin. -->","yoast_head_json":{"title":"Part 4 - S. XVI a S. XVII - Catedral de Val\u00e8ncia","robots":{"index":"index","follow":"follow","max-snippet":"max-snippet:-1","max-image-preview":"max-image-preview:large","max-video-preview":"max-video-preview:-1"},"canonical":"https:\/\/catedraldevalencia.es\/va\/historia\/l-esglesia-a-valencia\/part-4-s-xvi-a-s-xvii\/","og_locale":"ca_ES","og_type":"article","og_title":"Part 4 - S. XVI a S. XVII - Catedral de Val\u00e8ncia","og_description":"[et_pb_section admin_label=&#8221;Secci\u00f3&#8221; transparent_background=&#8221;on&#8221; background_color=&#8221;#ffffff&#8221; allow_player_pause=&#8221;off&#8221; inner_shadow=&#8221;off&#8221; parallax=&#8221;on&#8221; parallax_method=&#8221;on&#8221; padding_mobile=&#8221;on&#8221; make_fullwidth=&#8221;off&#8221; use_custom_width=&#8221;off&#8221; width_unit=&#8221;on&#8221; make_equal=&#8221;off&#8221; use_custom_gutter=&#8221;off&#8221; custom_padding=&#8221;0px|0px|0px|0px&#8221; background_image=&#8221;https:\/\/catedraldevalencia.es\/wp-content\/uploads\/2019\/12\/bg-part-4-16th-to-17th-century-summary.jpg&#8221; module_id=&#8221;row-1&#8243;][et_pb_row admin_label=&#8221;Fila&#8221; make_fullwidth=&#8221;on&#8221; use_custom_width=&#8221;off&#8221; width_unit=&#8221;on&#8221; use_custom_gutter=&#8221;on&#8221; padding_mobile=&#8221;on&#8221; allow_player_pause=&#8221;off&#8221; parallax=&#8221;off&#8221; parallax_method=&#8221;off&#8221; make_equal=&#8221;on&#8221; parallax_1=&#8221;on&#8221; parallax_method_1=&#8221;on&#8221; parallax_2=&#8221;off&#8221; parallax_method_2=&#8221;off&#8221; column_padding_mobile=&#8221;off&#8221; gutter_width=&#8221;1&#8243; module_id_1=&#8221;column-header-split&#8221; module_id_2=&#8221;column-text-split&#8221; padding_2_last_edited=&#8221;off|desktop&#8221;][et_pb_column type=&#8221;1_2&#8243;][et_pb_text admin_label=&#8221;Text &#8211; Part 4\/8&#8243; background_layout=&#8221;dark&#8221; text_orientation=&#8221;center&#8221; use_border_color=&#8221;off&#8221; border_color=&#8221;#ffffff&#8221; border_style=&#8221;solid&#8221; custom_margin=&#8221;||4%|&#8221;] Part 4\/8 [\/et_pb_text][et_pb_text admin_label=&#8221;T\u00edtol &#8211; S. XVI a [&hellip;]","og_url":"https:\/\/catedraldevalencia.es\/va\/historia\/l-esglesia-a-valencia\/part-4-s-xvi-a-s-xvii\/","og_site_name":"Catedral de Val\u00e8ncia","article_modified_time":"2025-12-20T16:11:31+00:00","og_image":[{"width":700,"height":525,"url":"https:\/\/catedraldevalencia.es\/va\/wp-content\/uploads\/2019\/12\/ft-part-4-s-xvi-a-s-xvii.jpg","type":"image\/jpeg"}],"twitter_card":"summary_large_image","twitter_misc":{"Est. reading time":"4 minutes"},"schema":{"@context":"https:\/\/schema.org","@graph":[{"@type":"WebPage","@id":"https:\/\/catedraldevalencia.es\/va\/historia\/l-esglesia-a-valencia\/part-4-s-xvi-a-s-xvii\/","url":"https:\/\/catedraldevalencia.es\/va\/historia\/l-esglesia-a-valencia\/part-4-s-xvi-a-s-xvii\/","name":"Part 4 - S. XVI a S. XVII - Catedral de Val\u00e8ncia","isPartOf":{"@id":"https:\/\/catedraldevalencia.es\/va\/#website"},"primaryImageOfPage":{"@id":"https:\/\/catedraldevalencia.es\/va\/historia\/l-esglesia-a-valencia\/part-4-s-xvi-a-s-xvii\/#primaryimage"},"image":{"@id":"https:\/\/catedraldevalencia.es\/va\/historia\/l-esglesia-a-valencia\/part-4-s-xvi-a-s-xvii\/#primaryimage"},"thumbnailUrl":"https:\/\/catedraldevalencia.es\/va\/wp-content\/uploads\/2019\/12\/ft-part-4-s-xvi-a-s-xvii.jpg","datePublished":"2018-10-15T11:55:30+00:00","dateModified":"2025-12-20T16:11:31+00:00","breadcrumb":{"@id":"https:\/\/catedraldevalencia.es\/va\/historia\/l-esglesia-a-valencia\/part-4-s-xvi-a-s-xvii\/#breadcrumb"},"inLanguage":"ca","potentialAction":[{"@type":"ReadAction","target":["https:\/\/catedraldevalencia.es\/va\/historia\/l-esglesia-a-valencia\/part-4-s-xvi-a-s-xvii\/"]}]},{"@type":"ImageObject","inLanguage":"ca","@id":"https:\/\/catedraldevalencia.es\/va\/historia\/l-esglesia-a-valencia\/part-4-s-xvi-a-s-xvii\/#primaryimage","url":"https:\/\/catedraldevalencia.es\/va\/wp-content\/uploads\/2019\/12\/ft-part-4-s-xvi-a-s-xvii.jpg","contentUrl":"https:\/\/catedraldevalencia.es\/va\/wp-content\/uploads\/2019\/12\/ft-part-4-s-xvi-a-s-xvii.jpg","width":700,"height":525},{"@type":"BreadcrumbList","@id":"https:\/\/catedraldevalencia.es\/va\/historia\/l-esglesia-a-valencia\/part-4-s-xvi-a-s-xvii\/#breadcrumb","itemListElement":[{"@type":"ListItem","position":1,"name":"Portada","item":"https:\/\/catedraldevalencia.es\/va\/"},{"@type":"ListItem","position":2,"name":"Hist\u00f2ria","item":"https:\/\/catedraldevalencia.es\/va\/historia\/"},{"@type":"ListItem","position":3,"name":"L&#8217;Esgl\u00e9sia a Val\u00e8ncia","item":"https:\/\/catedraldevalencia.es\/va\/historia\/l-esglesia-a-valencia\/"},{"@type":"ListItem","position":4,"name":"Part 4 &#8211; S. XVI a S. XVII"}]},{"@type":"WebSite","@id":"https:\/\/catedraldevalencia.es\/va\/#website","url":"https:\/\/catedraldevalencia.es\/va\/","name":"Catedral de Val\u00e8ncia","description":"La Catedral del Sant Calze","potentialAction":[{"@type":"SearchAction","target":{"@type":"EntryPoint","urlTemplate":"https:\/\/catedraldevalencia.es\/va\/?s={search_term_string}"},"query-input":{"@type":"PropertyValueSpecification","valueRequired":true,"valueName":"search_term_string"}}],"inLanguage":"ca"}]}},"_links":{"self":[{"href":"https:\/\/catedraldevalencia.es\/va\/wp-json\/wp\/v2\/pages\/3453","targetHints":{"allow":["GET"]}}],"collection":[{"href":"https:\/\/catedraldevalencia.es\/va\/wp-json\/wp\/v2\/pages"}],"about":[{"href":"https:\/\/catedraldevalencia.es\/va\/wp-json\/wp\/v2\/types\/page"}],"author":[{"embeddable":true,"href":"https:\/\/catedraldevalencia.es\/va\/wp-json\/wp\/v2\/users\/1"}],"replies":[{"embeddable":true,"href":"https:\/\/catedraldevalencia.es\/va\/wp-json\/wp\/v2\/comments?post=3453"}],"version-history":[{"count":0,"href":"https:\/\/catedraldevalencia.es\/va\/wp-json\/wp\/v2\/pages\/3453\/revisions"}],"up":[{"embeddable":true,"href":"https:\/\/catedraldevalencia.es\/va\/wp-json\/wp\/v2\/pages\/80"}],"wp:featuredmedia":[{"embeddable":true,"href":"https:\/\/catedraldevalencia.es\/va\/wp-json\/wp\/v2\/media\/4655"}],"wp:attachment":[{"href":"https:\/\/catedraldevalencia.es\/va\/wp-json\/wp\/v2\/media?parent=3453"}],"curies":[{"name":"wp","href":"https:\/\/api.w.org\/{rel}","templated":true}]}}