{"id":3454,"date":"2018-10-15T11:56:29","date_gmt":"2018-10-15T11:56:29","guid":{"rendered":"https:\/\/catedraldevalencia.es\/va\/?page_id=3454"},"modified":"2025-12-20T16:13:26","modified_gmt":"2025-12-20T16:13:26","slug":"part-5-s-xvii-a-s-xix","status":"publish","type":"page","link":"https:\/\/catedraldevalencia.es\/va\/historia\/l-esglesia-a-valencia\/part-5-s-xvii-a-s-xix\/","title":{"rendered":"Part 5 &#8211; S. XVII a S. XIX"},"content":{"rendered":"<p>[et_pb_section admin_label=&#8221;Secci\u00f3&#8221; transparent_background=&#8221;on&#8221; background_color=&#8221;#ffffff&#8221; allow_player_pause=&#8221;off&#8221; inner_shadow=&#8221;off&#8221; parallax=&#8221;on&#8221; parallax_method=&#8221;on&#8221; padding_mobile=&#8221;on&#8221; make_fullwidth=&#8221;off&#8221; use_custom_width=&#8221;off&#8221; width_unit=&#8221;on&#8221; make_equal=&#8221;off&#8221; use_custom_gutter=&#8221;off&#8221; custom_padding=&#8221;0px|0px|0px|0px&#8221; background_image=&#8221;https:\/\/catedraldevalencia.es\/wp-content\/uploads\/2019\/12\/bg-part-5-17th-to-19th-century-summary.jpg&#8221; module_id=&#8221;row-1&#8243;][et_pb_row admin_label=&#8221;Fila&#8221; make_fullwidth=&#8221;on&#8221; use_custom_width=&#8221;off&#8221; width_unit=&#8221;on&#8221; use_custom_gutter=&#8221;on&#8221; padding_mobile=&#8221;on&#8221; allow_player_pause=&#8221;off&#8221; parallax=&#8221;off&#8221; parallax_method=&#8221;off&#8221; make_equal=&#8221;on&#8221; parallax_1=&#8221;on&#8221; parallax_method_1=&#8221;on&#8221; parallax_2=&#8221;off&#8221; parallax_method_2=&#8221;off&#8221; column_padding_mobile=&#8221;off&#8221; gutter_width=&#8221;1&#8243; module_id_1=&#8221;column-header-split&#8221; module_id_2=&#8221;column-text-split&#8221; padding_2_last_edited=&#8221;off|desktop&#8221;][et_pb_column type=&#8221;1_2&#8243;][et_pb_text admin_label=&#8221;Text &#8211; Part 5\/8&#8243; background_layout=&#8221;dark&#8221; text_orientation=&#8221;center&#8221; use_border_color=&#8221;off&#8221; border_color=&#8221;#ffffff&#8221; border_style=&#8221;solid&#8221; custom_margin=&#8221;||4%|&#8221;]<\/p>\n<h3>Part 5<span>\/8<\/span><\/h3>\n<p>[\/et_pb_text][et_pb_text admin_label=&#8221;T\u00edtol &#8211; S. IV a S. XIII&#8221; background_layout=&#8221;dark&#8221; text_orientation=&#8221;center&#8221; use_border_color=&#8221;off&#8221; border_color=&#8221;#ffffff&#8221; border_style=&#8221;solid&#8221;]<\/p>\n<h2>Segle XVII <br><em>a<\/em> Segle XIX<\/h2>\n<p class=\"note\">Llegir resum a continuaci\u00f3 <br>o veure <a href=\"#row-2\">l\u00ednia de temps.<\/a><\/p>\n<p>[\/et_pb_text][\/et_pb_column][et_pb_column type=&#8221;1_2&#8243;][et_pb_text admin_label=&#8221;T\u00edtol &#8211; Resum&#8221; background_layout=&#8221;dark&#8221; text_orientation=&#8221;left&#8221; use_border_color=&#8221;off&#8221; border_color=&#8221;#ffffff&#8221; border_style=&#8221;solid&#8221;]<\/p>\n<h4>Resum<\/h4>\n<p>[\/et_pb_text][et_pb_text admin_label=&#8221;Text&#8221; background_layout=&#8221;light&#8221; text_orientation=&#8221;left&#8221; use_border_color=&#8221;off&#8221; border_color=&#8221;#ffffff&#8221; border_style=&#8221;solid&#8221;]<\/p>\n<p class=\"lead\">En el s. XVIII els arquebisbes de Val\u00e8ncia, especialment <strong>Sr. Andr\u00e9s Mayoral<\/strong> (1738-1769) i <strong>Sr. Francisco Fabi\u00e1n y Fuero<\/strong> van posar els grans recursos de l&#8217;Esgl\u00e9sia al servei d&#8217;una Il\u00b7lustraci\u00f3 del clergat i del poble sota el signe de la religi\u00f3 cat\u00f2lica.<\/p>\n<p>Aix\u00ed es van crear institucions educatives, es van impulsar obres p\u00fabliques i es van construir la major part de les belles i espaioses esgl\u00e9sies parroquials d&#8217;estil barroc i neocl\u00e0ssic que van acollir a la creixent poblaci\u00f3 dels pobles i ciutats valencianes; aquests nous temples, els peculiars campanars dels quals caracteritzen el nostre paisatge, van ser decorats per magn\u00edfics pintors i escultors de l&#8217;escola de la <strong>Reial Acad\u00e8mia de Sant Carles<\/strong>.<\/p>\n<p>Signes d&#8217;aquesta renovaci\u00f3 cultural i religiosa van ser la total remodelaci\u00f3 de les catedrals de Val\u00e8ncia i Segorbe, ocultant la seua estructura original g\u00f2tica, i la fundaci\u00f3 dels Seminaris Diocesans de Val\u00e8ncia, Segorbe i Orihuela. La vida religiosa es va ressentir greument per l&#8217;expulsi\u00f3 dels Jesu\u00eftes, per\u00f2 es va beneficiar de l&#8217;obra cultural i educativa d&#8217;altres ordes com els Escolapis i els Oratorians de Sant Felip Neri.<\/p>\n<p>Entre els segles XVII i XVIII va aconseguir el seu m\u00e0xim esplendor el drama sacre del <strong>\u201cMisteri d&#8217;Elx\u201d,<\/strong> sobre la base d&#8217;una representaci\u00f3 en valenci\u00e0 del segle XIII, que escenifica el tr\u00e0nsit i l&#8217;Assumpci\u00f3 al cel de la Mare de D\u00e9u. Aquesta grandiosa composici\u00f3 musical i escenogr\u00e0fica transmesa en la mem\u00f2ria del poble, se celebra cada any el 14 i 15 d&#8217;agost en la bas\u00edlica il\u00b7licitana de Santa Maria i ha sigut declarada Patrimoni de la Humanitat.<\/p>\n<p>El mateix va oc\u00f3rrer amb la celebraci\u00f3 de la festivitat del <strong>Corpus Christi<\/strong> que va comen\u00e7ar a tindre la seua manifestaci\u00f3 externa en ciutats com Morella, X\u00e0tiva i Val\u00e8ncia durant el segle XIV, conservant-se en aquesta \u00faltima els carros triomfals o <em>\u201cRoques\u201d,<\/em> les danses, les representacions sagrades o \u201cmisteris\u201d, els personatges b\u00edblics i els gremis professionals i socials, com quan aquesta process\u00f3 mostrava la riquesa i diversitat d&#8217;aquestes ciutats en el seu passat. No en va, les festes de <em>\u201cLa Mare de D\u00e9u d&#8217;agost\u201d<\/em> i del <em>\u201cCorpus\u201d<\/em> manifesten les dues devocions que centren la religiositat dels cristians de Val\u00e8ncia: <strong>La Mare de D\u00e9u<\/strong> i <strong>l&#8217;Eucaristia<\/strong>.<\/p>\n<p>[\/et_pb_text][et_pb_code admin_label=&#8221;Continuar&#8221; module_class=&#8221;continue&#8221;]&lt;a href=&quot;\n\n&quot;&gt;Continuar a &lt;strong&gt;Part 6 \u2014 S. XIX a S. XX &lt;i class=&quot;icon icon-right-open-big&quot;&gt;&lt;\/i&gt;&lt;\/strong&gt;&lt;\/a&gt;[\/et_pb_code][\/et_pb_column][\/et_pb_row][\/et_pb_section][et_pb_section admin_label=&#8221;Secci\u00f3&#8221; fullwidth=&#8221;on&#8221; specialty=&#8221;off&#8221; transparent_background=&#8221;on&#8221; background_color=&#8221;#ffffff&#8221; allow_player_pause=&#8221;off&#8221; inner_shadow=&#8221;off&#8221; parallax=&#8221;off&#8221; parallax_method=&#8221;off&#8221; padding_mobile=&#8221;off&#8221; make_fullwidth=&#8221;off&#8221; use_custom_width=&#8221;off&#8221; width_unit=&#8221;on&#8221; make_equal=&#8221;off&#8221; use_custom_gutter=&#8221;off&#8221; module_id=&#8221;row-2&#8243;][et_pb_horizontaltimeline admin_label=&#8221;L\u00ednia de temps &#8211; Segle XVII a Segle XIX&#8221; use_border_color=&#8221;off&#8221; border_color=&#8221;#ffffff&#8221; border_style=&#8221;solid&#8221; timeline_title=&#8221;L\u00ednia de temps&#8221;]<\/p>\n<p>[et_pb_horizontaltimeline_item title=&#8221;Canonitzaci\u00f3 de Sant Francesc de Borja&#8221; year=&#8221;1671&#8243; use_icon=&#8221;off&#8221; custom_icon=&#8221;off&#8221; font_icon=&#8221;%%542%%&#8221; animation=&#8221;top&#8221; item_admin_label=&#8221;1671 &#8211; Canonitzaci\u00f3 de Sant Francesc de Borja&#8221; have_border=&#8221;off&#8221;]<\/p>\n<p>Pel papa Climent X<\/p>\n<p>[\/et_pb_horizontaltimeline_item][et_pb_horizontaltimeline_item title=&#8221;Defunci\u00f3 de Josepa de Santa Agn\u00e8s&#8221; year=&#8221;1696&#8243; use_icon=&#8221;on&#8221; custom_icon=&#8221;on&#8221; font_icon=&#8221;%%541%%&#8221; animation=&#8221;top&#8221; item_admin_label=&#8221;1696 &#8211; Defunci\u00f3 de Josepa de Santa Agn\u00e8s&#8221; date=&#8221;21 de gener&#8221; have_border=&#8221;off&#8221;]<\/p>\n<p>Beatificada en 1888.<\/p>\n<p>[\/et_pb_horizontaltimeline_item][et_pb_horizontaltimeline_item title=&#8221;Martiri de Sant Jacinto Mar\u00eda Casta\u00f1eda&#8221; year=&#8221;1773&#8243; date=&#8221;7 de novembre&#8221; use_icon=&#8221;on&#8221; custom_icon=&#8221;on&#8221; font_icon=&#8221;%%541%%&#8221; animation=&#8221;top&#8221; item_admin_label=&#8221;1773 &#8211; Martiri de Sant Jacinto Mar\u00eda Casta\u00f1eda&#8221; have_border=&#8221;off&#8221;]<\/p>\n<p>A Hanoi (Vietnam)<\/p>\n<p>[\/et_pb_horizontaltimeline_item][et_pb_horizontaltimeline_item title=&#8221;Reforma neocl\u00e0ssica de la catedral de Val\u00e8ncia&#8221; year=&#8221;1773&#8243; use_icon=&#8221;off&#8221; custom_icon=&#8221;off&#8221; animation=&#8221;top&#8221; item_admin_label=&#8221;1773 &#8211; Reforma neocl\u00e0ssica de la catedral de Val\u00e8ncia&#8221;]<\/p>\n<p>[\/et_pb_horizontaltimeline_item][et_pb_horizontaltimeline_item title=&#8221;Francisco de Goya pinta dos quadres per a la Catedral de Val\u00e8ncia&#8221; year=&#8221;1788&#8243; use_icon=&#8221;on&#8221; custom_icon=&#8221;on&#8221; animation=&#8221;top&#8221; item_admin_label=&#8221;1788 &#8211; Francisco de Goya pinta dos quadres per a la Catedral de Val\u00e8ncia&#8221; font_icon=&#8221;%%531%%&#8221;]<\/p>\n<p>En la capella de Sant Francesc de Borja.<\/p>\n<p>[\/et_pb_horizontaltimeline_item]<\/p>\n<p>[\/et_pb_horizontaltimeline][\/et_pb_section][et_pb_section admin_label=&#8221;Secci\u00f3&#8221; transparent_background=&#8221;off&#8221; background_color=&#8221;#ffffff&#8221; allow_player_pause=&#8221;off&#8221; inner_shadow=&#8221;off&#8221; parallax=&#8221;on&#8221; parallax_method=&#8221;on&#8221; padding_mobile=&#8221;on&#8221; make_fullwidth=&#8221;off&#8221; use_custom_width=&#8221;off&#8221; width_unit=&#8221;on&#8221; make_equal=&#8221;off&#8221; use_custom_gutter=&#8221;off&#8221; module_id=&#8221;row-3&#8243;][et_pb_row admin_label=&#8221;Fila&#8221; make_fullwidth=&#8221;on&#8221; use_custom_width=&#8221;off&#8221; width_unit=&#8221;on&#8221; use_custom_gutter=&#8221;on&#8221; padding_mobile=&#8221;on&#8221; allow_player_pause=&#8221;off&#8221; parallax=&#8221;off&#8221; parallax_method=&#8221;off&#8221; make_equal=&#8221;on&#8221; parallax_1=&#8221;off&#8221; parallax_method_1=&#8221;on&#8221; parallax_2=&#8221;off&#8221; parallax_method_2=&#8221;off&#8221; column_padding_mobile=&#8221;off&#8221; gutter_width=&#8221;1&#8243; custom_padding=&#8221;0px|0px|0px|0px&#8221; custom_margin=&#8221;0px||0px|&#8221; module_id_1=&#8221;column-prev-split&#8221; module_id_2=&#8221;column-next-split&#8221; padding_2_last_edited=&#8221;off|desktop&#8221; custom_margin_last_edited=&#8221;off|desktop&#8221; bg_img_1=&#8221;https:\/\/catedraldevalencia.es\/wp-content\/uploads\/2019\/12\/cta-part-4-16th-to-17th-century-summary.jpg&#8221; bg_img_2=&#8221;https:\/\/catedraldevalencia.es\/wp-content\/uploads\/2019\/12\/cta-part-6-19th-to-20th-century-summary.jpg&#8221;][et_pb_column type=&#8221;1_2&#8243;][et_pb_cta admin_label=&#8221;CTA &#8211; Anterior part&#8221; title=&#8221;Tornar a&#8221; url_new_window=&#8221;off&#8221; button_text=&#8221;Anterior&#8221; use_background_color=&#8221;off&#8221; background_color=&#8221;#990000&#8243; background_layout=&#8221;dark&#8221; text_orientation=&#8221;center&#8221; use_border_color=&#8221;off&#8221; border_color=&#8221;#ffffff&#8221; border_style=&#8221;solid&#8221; custom_button=&#8221;off&#8221; button_letter_spacing=&#8221;0&#8243; button_use_icon=&#8221;default&#8221; button_icon_placement=&#8221;right&#8221; button_on_hover=&#8221;on&#8221; button_letter_spacing_hover=&#8221;0&#8243; module_id=&#8221;cta-by_style&#8221; module_class=&#8221;cta-action&#8221; button_url=&#8221;https:\/\/catedraldevalencia.es\/va\/historia\/l-esglesia-a-valencia\/part-4-s-xvi-a-s-xvii\/&#8221;]<\/p>\n<h3>Segle XVI a Segle XVII <strong>Part 4<\/strong><\/h3>\n<p>[\/et_pb_cta][\/et_pb_column][et_pb_column type=&#8221;1_2&#8243;][et_pb_cta admin_label=&#8221;CTA &#8211; Seg\u00fcent part&#8221; title=&#8221;Continuar a&#8221; button_url=&#8221;https:\/\/catedraldevalencia.es\/va\/historia\/l-esglesia-a-valencia\/part-6-s-xix-a-s-xx&#8221; url_new_window=&#8221;off&#8221; button_text=&#8221;Seg\u00fcent&#8221; use_background_color=&#8221;off&#8221; background_color=&#8221;#990000&#8243; background_layout=&#8221;dark&#8221; text_orientation=&#8221;center&#8221; use_border_color=&#8221;off&#8221; border_color=&#8221;#ffffff&#8221; border_style=&#8221;solid&#8221; custom_button=&#8221;off&#8221; button_letter_spacing=&#8221;0&#8243; button_use_icon=&#8221;default&#8221; button_icon_placement=&#8221;right&#8221; button_on_hover=&#8221;on&#8221; button_letter_spacing_hover=&#8221;0&#8243; module_id=&#8221;cta-by_room&#8221; module_class=&#8221;cta-action&#8221;]<\/p>\n<h3>Segle XIX a Segle XX <strong>Part 6<\/strong><\/h3>\n<p>[\/et_pb_cta][\/et_pb_column][\/et_pb_row][\/et_pb_section]<\/p>\n","protected":false},"excerpt":{"rendered":"<p>[et_pb_section admin_label=&#8221;Secci\u00f3&#8221; transparent_background=&#8221;on&#8221; background_color=&#8221;#ffffff&#8221; allow_player_pause=&#8221;off&#8221; inner_shadow=&#8221;off&#8221; parallax=&#8221;on&#8221; parallax_method=&#8221;on&#8221; padding_mobile=&#8221;on&#8221; make_fullwidth=&#8221;off&#8221; use_custom_width=&#8221;off&#8221; width_unit=&#8221;on&#8221; make_equal=&#8221;off&#8221; use_custom_gutter=&#8221;off&#8221; custom_padding=&#8221;0px|0px|0px|0px&#8221; background_image=&#8221;https:\/\/catedraldevalencia.es\/wp-content\/uploads\/2019\/12\/bg-part-5-17th-to-19th-century-summary.jpg&#8221; module_id=&#8221;row-1&#8243;][et_pb_row admin_label=&#8221;Fila&#8221; make_fullwidth=&#8221;on&#8221; use_custom_width=&#8221;off&#8221; width_unit=&#8221;on&#8221; use_custom_gutter=&#8221;on&#8221; padding_mobile=&#8221;on&#8221; allow_player_pause=&#8221;off&#8221; parallax=&#8221;off&#8221; parallax_method=&#8221;off&#8221; make_equal=&#8221;on&#8221; parallax_1=&#8221;on&#8221; parallax_method_1=&#8221;on&#8221; parallax_2=&#8221;off&#8221; parallax_method_2=&#8221;off&#8221; column_padding_mobile=&#8221;off&#8221; gutter_width=&#8221;1&#8243; module_id_1=&#8221;column-header-split&#8221; module_id_2=&#8221;column-text-split&#8221; padding_2_last_edited=&#8221;off|desktop&#8221;][et_pb_column type=&#8221;1_2&#8243;][et_pb_text admin_label=&#8221;Text &#8211; Part 5\/8&#8243; background_layout=&#8221;dark&#8221; text_orientation=&#8221;center&#8221; use_border_color=&#8221;off&#8221; border_color=&#8221;#ffffff&#8221; border_style=&#8221;solid&#8221; custom_margin=&#8221;||4%|&#8221;] Part 5\/8 [\/et_pb_text][et_pb_text admin_label=&#8221;T\u00edtol &#8211; S. IV a [&hellip;]<\/p>\n","protected":false},"author":1,"featured_media":4694,"parent":80,"menu_order":5,"comment_status":"closed","ping_status":"closed","template":"page-withtimeline.php","meta":{"footnotes":""},"class_list":["post-3454","page","type-page","status-publish","has-post-thumbnail","hentry"],"yoast_head":"<!-- This site is optimized with the Yoast SEO plugin v27.3 - https:\/\/yoast.com\/product\/yoast-seo-wordpress\/ -->\n<title>Part 5 - S. XVII a S. XIX - Catedral de Val\u00e8ncia<\/title>\n<meta name=\"robots\" content=\"index, follow, max-snippet:-1, max-image-preview:large, max-video-preview:-1\" \/>\n<link rel=\"canonical\" href=\"https:\/\/catedraldevalencia.es\/va\/historia\/l-esglesia-a-valencia\/part-5-s-xvii-a-s-xix\/\" \/>\n<meta property=\"og:locale\" content=\"ca_ES\" \/>\n<meta property=\"og:type\" content=\"article\" \/>\n<meta property=\"og:title\" content=\"Part 5 - S. XVII a S. XIX - Catedral de Val\u00e8ncia\" \/>\n<meta property=\"og:description\" content=\"[et_pb_section admin_label=&#8221;Secci\u00f3&#8221; transparent_background=&#8221;on&#8221; background_color=&#8221;#ffffff&#8221; allow_player_pause=&#8221;off&#8221; inner_shadow=&#8221;off&#8221; parallax=&#8221;on&#8221; parallax_method=&#8221;on&#8221; padding_mobile=&#8221;on&#8221; make_fullwidth=&#8221;off&#8221; use_custom_width=&#8221;off&#8221; width_unit=&#8221;on&#8221; make_equal=&#8221;off&#8221; use_custom_gutter=&#8221;off&#8221; custom_padding=&#8221;0px|0px|0px|0px&#8221; background_image=&#8221;https:\/\/catedraldevalencia.es\/wp-content\/uploads\/2019\/12\/bg-part-5-17th-to-19th-century-summary.jpg&#8221; module_id=&#8221;row-1&#8243;][et_pb_row admin_label=&#8221;Fila&#8221; make_fullwidth=&#8221;on&#8221; use_custom_width=&#8221;off&#8221; width_unit=&#8221;on&#8221; use_custom_gutter=&#8221;on&#8221; padding_mobile=&#8221;on&#8221; allow_player_pause=&#8221;off&#8221; parallax=&#8221;off&#8221; parallax_method=&#8221;off&#8221; make_equal=&#8221;on&#8221; parallax_1=&#8221;on&#8221; parallax_method_1=&#8221;on&#8221; parallax_2=&#8221;off&#8221; parallax_method_2=&#8221;off&#8221; column_padding_mobile=&#8221;off&#8221; gutter_width=&#8221;1&#8243; module_id_1=&#8221;column-header-split&#8221; module_id_2=&#8221;column-text-split&#8221; padding_2_last_edited=&#8221;off|desktop&#8221;][et_pb_column type=&#8221;1_2&#8243;][et_pb_text admin_label=&#8221;Text &#8211; Part 5\/8&#8243; background_layout=&#8221;dark&#8221; text_orientation=&#8221;center&#8221; use_border_color=&#8221;off&#8221; border_color=&#8221;#ffffff&#8221; border_style=&#8221;solid&#8221; custom_margin=&#8221;||4%|&#8221;] Part 5\/8 [\/et_pb_text][et_pb_text admin_label=&#8221;T\u00edtol &#8211; S. IV a [&hellip;]\" \/>\n<meta property=\"og:url\" content=\"https:\/\/catedraldevalencia.es\/va\/historia\/l-esglesia-a-valencia\/part-5-s-xvii-a-s-xix\/\" \/>\n<meta property=\"og:site_name\" content=\"Catedral de Val\u00e8ncia\" \/>\n<meta property=\"article:modified_time\" content=\"2025-12-20T16:13:26+00:00\" \/>\n<meta property=\"og:image\" content=\"https:\/\/catedraldevalencia.es\/va\/wp-content\/uploads\/2020\/01\/ft-part-5-s-xvii-a-s-xix.jpg\" \/>\n\t<meta property=\"og:image:width\" content=\"700\" \/>\n\t<meta property=\"og:image:height\" content=\"525\" \/>\n\t<meta property=\"og:image:type\" content=\"image\/jpeg\" \/>\n<meta name=\"twitter:card\" content=\"summary_large_image\" \/>\n<meta name=\"twitter:label1\" content=\"Est. reading time\" \/>\n\t<meta name=\"twitter:data1\" content=\"5 minutes\" \/>\n<script type=\"application\/ld+json\" class=\"yoast-schema-graph\">{\"@context\":\"https:\\\/\\\/schema.org\",\"@graph\":[{\"@type\":\"WebPage\",\"@id\":\"https:\\\/\\\/catedraldevalencia.es\\\/va\\\/historia\\\/l-esglesia-a-valencia\\\/part-5-s-xvii-a-s-xix\\\/\",\"url\":\"https:\\\/\\\/catedraldevalencia.es\\\/va\\\/historia\\\/l-esglesia-a-valencia\\\/part-5-s-xvii-a-s-xix\\\/\",\"name\":\"Part 5 - S. XVII a S. XIX - Catedral de Val\u00e8ncia\",\"isPartOf\":{\"@id\":\"https:\\\/\\\/catedraldevalencia.es\\\/va\\\/#website\"},\"primaryImageOfPage\":{\"@id\":\"https:\\\/\\\/catedraldevalencia.es\\\/va\\\/historia\\\/l-esglesia-a-valencia\\\/part-5-s-xvii-a-s-xix\\\/#primaryimage\"},\"image\":{\"@id\":\"https:\\\/\\\/catedraldevalencia.es\\\/va\\\/historia\\\/l-esglesia-a-valencia\\\/part-5-s-xvii-a-s-xix\\\/#primaryimage\"},\"thumbnailUrl\":\"https:\\\/\\\/catedraldevalencia.es\\\/va\\\/wp-content\\\/uploads\\\/2020\\\/01\\\/ft-part-5-s-xvii-a-s-xix.jpg\",\"datePublished\":\"2018-10-15T11:56:29+00:00\",\"dateModified\":\"2025-12-20T16:13:26+00:00\",\"breadcrumb\":{\"@id\":\"https:\\\/\\\/catedraldevalencia.es\\\/va\\\/historia\\\/l-esglesia-a-valencia\\\/part-5-s-xvii-a-s-xix\\\/#breadcrumb\"},\"inLanguage\":\"ca\",\"potentialAction\":[{\"@type\":\"ReadAction\",\"target\":[\"https:\\\/\\\/catedraldevalencia.es\\\/va\\\/historia\\\/l-esglesia-a-valencia\\\/part-5-s-xvii-a-s-xix\\\/\"]}]},{\"@type\":\"ImageObject\",\"inLanguage\":\"ca\",\"@id\":\"https:\\\/\\\/catedraldevalencia.es\\\/va\\\/historia\\\/l-esglesia-a-valencia\\\/part-5-s-xvii-a-s-xix\\\/#primaryimage\",\"url\":\"https:\\\/\\\/catedraldevalencia.es\\\/va\\\/wp-content\\\/uploads\\\/2020\\\/01\\\/ft-part-5-s-xvii-a-s-xix.jpg\",\"contentUrl\":\"https:\\\/\\\/catedraldevalencia.es\\\/va\\\/wp-content\\\/uploads\\\/2020\\\/01\\\/ft-part-5-s-xvii-a-s-xix.jpg\",\"width\":700,\"height\":525},{\"@type\":\"BreadcrumbList\",\"@id\":\"https:\\\/\\\/catedraldevalencia.es\\\/va\\\/historia\\\/l-esglesia-a-valencia\\\/part-5-s-xvii-a-s-xix\\\/#breadcrumb\",\"itemListElement\":[{\"@type\":\"ListItem\",\"position\":1,\"name\":\"Portada\",\"item\":\"https:\\\/\\\/catedraldevalencia.es\\\/va\\\/\"},{\"@type\":\"ListItem\",\"position\":2,\"name\":\"Hist\u00f2ria\",\"item\":\"https:\\\/\\\/catedraldevalencia.es\\\/va\\\/historia\\\/\"},{\"@type\":\"ListItem\",\"position\":3,\"name\":\"L&#8217;Esgl\u00e9sia a Val\u00e8ncia\",\"item\":\"https:\\\/\\\/catedraldevalencia.es\\\/va\\\/historia\\\/l-esglesia-a-valencia\\\/\"},{\"@type\":\"ListItem\",\"position\":4,\"name\":\"Part 5 &#8211; S. XVII a S. XIX\"}]},{\"@type\":\"WebSite\",\"@id\":\"https:\\\/\\\/catedraldevalencia.es\\\/va\\\/#website\",\"url\":\"https:\\\/\\\/catedraldevalencia.es\\\/va\\\/\",\"name\":\"Catedral de Val\u00e8ncia\",\"description\":\"La Catedral del Sant Calze\",\"potentialAction\":[{\"@type\":\"SearchAction\",\"target\":{\"@type\":\"EntryPoint\",\"urlTemplate\":\"https:\\\/\\\/catedraldevalencia.es\\\/va\\\/?s={search_term_string}\"},\"query-input\":{\"@type\":\"PropertyValueSpecification\",\"valueRequired\":true,\"valueName\":\"search_term_string\"}}],\"inLanguage\":\"ca\"}]}<\/script>\n<!-- \/ Yoast SEO plugin. -->","yoast_head_json":{"title":"Part 5 - S. XVII a S. XIX - Catedral de Val\u00e8ncia","robots":{"index":"index","follow":"follow","max-snippet":"max-snippet:-1","max-image-preview":"max-image-preview:large","max-video-preview":"max-video-preview:-1"},"canonical":"https:\/\/catedraldevalencia.es\/va\/historia\/l-esglesia-a-valencia\/part-5-s-xvii-a-s-xix\/","og_locale":"ca_ES","og_type":"article","og_title":"Part 5 - S. XVII a S. XIX - Catedral de Val\u00e8ncia","og_description":"[et_pb_section admin_label=&#8221;Secci\u00f3&#8221; transparent_background=&#8221;on&#8221; background_color=&#8221;#ffffff&#8221; allow_player_pause=&#8221;off&#8221; inner_shadow=&#8221;off&#8221; parallax=&#8221;on&#8221; parallax_method=&#8221;on&#8221; padding_mobile=&#8221;on&#8221; make_fullwidth=&#8221;off&#8221; use_custom_width=&#8221;off&#8221; width_unit=&#8221;on&#8221; make_equal=&#8221;off&#8221; use_custom_gutter=&#8221;off&#8221; custom_padding=&#8221;0px|0px|0px|0px&#8221; background_image=&#8221;https:\/\/catedraldevalencia.es\/wp-content\/uploads\/2019\/12\/bg-part-5-17th-to-19th-century-summary.jpg&#8221; module_id=&#8221;row-1&#8243;][et_pb_row admin_label=&#8221;Fila&#8221; make_fullwidth=&#8221;on&#8221; use_custom_width=&#8221;off&#8221; width_unit=&#8221;on&#8221; use_custom_gutter=&#8221;on&#8221; padding_mobile=&#8221;on&#8221; allow_player_pause=&#8221;off&#8221; parallax=&#8221;off&#8221; parallax_method=&#8221;off&#8221; make_equal=&#8221;on&#8221; parallax_1=&#8221;on&#8221; parallax_method_1=&#8221;on&#8221; parallax_2=&#8221;off&#8221; parallax_method_2=&#8221;off&#8221; column_padding_mobile=&#8221;off&#8221; gutter_width=&#8221;1&#8243; module_id_1=&#8221;column-header-split&#8221; module_id_2=&#8221;column-text-split&#8221; padding_2_last_edited=&#8221;off|desktop&#8221;][et_pb_column type=&#8221;1_2&#8243;][et_pb_text admin_label=&#8221;Text &#8211; Part 5\/8&#8243; background_layout=&#8221;dark&#8221; text_orientation=&#8221;center&#8221; use_border_color=&#8221;off&#8221; border_color=&#8221;#ffffff&#8221; border_style=&#8221;solid&#8221; custom_margin=&#8221;||4%|&#8221;] Part 5\/8 [\/et_pb_text][et_pb_text admin_label=&#8221;T\u00edtol &#8211; S. IV a [&hellip;]","og_url":"https:\/\/catedraldevalencia.es\/va\/historia\/l-esglesia-a-valencia\/part-5-s-xvii-a-s-xix\/","og_site_name":"Catedral de Val\u00e8ncia","article_modified_time":"2025-12-20T16:13:26+00:00","og_image":[{"width":700,"height":525,"url":"https:\/\/catedraldevalencia.es\/va\/wp-content\/uploads\/2020\/01\/ft-part-5-s-xvii-a-s-xix.jpg","type":"image\/jpeg"}],"twitter_card":"summary_large_image","twitter_misc":{"Est. reading time":"5 minutes"},"schema":{"@context":"https:\/\/schema.org","@graph":[{"@type":"WebPage","@id":"https:\/\/catedraldevalencia.es\/va\/historia\/l-esglesia-a-valencia\/part-5-s-xvii-a-s-xix\/","url":"https:\/\/catedraldevalencia.es\/va\/historia\/l-esglesia-a-valencia\/part-5-s-xvii-a-s-xix\/","name":"Part 5 - S. XVII a S. XIX - Catedral de Val\u00e8ncia","isPartOf":{"@id":"https:\/\/catedraldevalencia.es\/va\/#website"},"primaryImageOfPage":{"@id":"https:\/\/catedraldevalencia.es\/va\/historia\/l-esglesia-a-valencia\/part-5-s-xvii-a-s-xix\/#primaryimage"},"image":{"@id":"https:\/\/catedraldevalencia.es\/va\/historia\/l-esglesia-a-valencia\/part-5-s-xvii-a-s-xix\/#primaryimage"},"thumbnailUrl":"https:\/\/catedraldevalencia.es\/va\/wp-content\/uploads\/2020\/01\/ft-part-5-s-xvii-a-s-xix.jpg","datePublished":"2018-10-15T11:56:29+00:00","dateModified":"2025-12-20T16:13:26+00:00","breadcrumb":{"@id":"https:\/\/catedraldevalencia.es\/va\/historia\/l-esglesia-a-valencia\/part-5-s-xvii-a-s-xix\/#breadcrumb"},"inLanguage":"ca","potentialAction":[{"@type":"ReadAction","target":["https:\/\/catedraldevalencia.es\/va\/historia\/l-esglesia-a-valencia\/part-5-s-xvii-a-s-xix\/"]}]},{"@type":"ImageObject","inLanguage":"ca","@id":"https:\/\/catedraldevalencia.es\/va\/historia\/l-esglesia-a-valencia\/part-5-s-xvii-a-s-xix\/#primaryimage","url":"https:\/\/catedraldevalencia.es\/va\/wp-content\/uploads\/2020\/01\/ft-part-5-s-xvii-a-s-xix.jpg","contentUrl":"https:\/\/catedraldevalencia.es\/va\/wp-content\/uploads\/2020\/01\/ft-part-5-s-xvii-a-s-xix.jpg","width":700,"height":525},{"@type":"BreadcrumbList","@id":"https:\/\/catedraldevalencia.es\/va\/historia\/l-esglesia-a-valencia\/part-5-s-xvii-a-s-xix\/#breadcrumb","itemListElement":[{"@type":"ListItem","position":1,"name":"Portada","item":"https:\/\/catedraldevalencia.es\/va\/"},{"@type":"ListItem","position":2,"name":"Hist\u00f2ria","item":"https:\/\/catedraldevalencia.es\/va\/historia\/"},{"@type":"ListItem","position":3,"name":"L&#8217;Esgl\u00e9sia a Val\u00e8ncia","item":"https:\/\/catedraldevalencia.es\/va\/historia\/l-esglesia-a-valencia\/"},{"@type":"ListItem","position":4,"name":"Part 5 &#8211; S. XVII a S. XIX"}]},{"@type":"WebSite","@id":"https:\/\/catedraldevalencia.es\/va\/#website","url":"https:\/\/catedraldevalencia.es\/va\/","name":"Catedral de Val\u00e8ncia","description":"La Catedral del Sant Calze","potentialAction":[{"@type":"SearchAction","target":{"@type":"EntryPoint","urlTemplate":"https:\/\/catedraldevalencia.es\/va\/?s={search_term_string}"},"query-input":{"@type":"PropertyValueSpecification","valueRequired":true,"valueName":"search_term_string"}}],"inLanguage":"ca"}]}},"_links":{"self":[{"href":"https:\/\/catedraldevalencia.es\/va\/wp-json\/wp\/v2\/pages\/3454","targetHints":{"allow":["GET"]}}],"collection":[{"href":"https:\/\/catedraldevalencia.es\/va\/wp-json\/wp\/v2\/pages"}],"about":[{"href":"https:\/\/catedraldevalencia.es\/va\/wp-json\/wp\/v2\/types\/page"}],"author":[{"embeddable":true,"href":"https:\/\/catedraldevalencia.es\/va\/wp-json\/wp\/v2\/users\/1"}],"replies":[{"embeddable":true,"href":"https:\/\/catedraldevalencia.es\/va\/wp-json\/wp\/v2\/comments?post=3454"}],"version-history":[{"count":0,"href":"https:\/\/catedraldevalencia.es\/va\/wp-json\/wp\/v2\/pages\/3454\/revisions"}],"up":[{"embeddable":true,"href":"https:\/\/catedraldevalencia.es\/va\/wp-json\/wp\/v2\/pages\/80"}],"wp:featuredmedia":[{"embeddable":true,"href":"https:\/\/catedraldevalencia.es\/va\/wp-json\/wp\/v2\/media\/4694"}],"wp:attachment":[{"href":"https:\/\/catedraldevalencia.es\/va\/wp-json\/wp\/v2\/media?parent=3454"}],"curies":[{"name":"wp","href":"https:\/\/api.w.org\/{rel}","templated":true}]}}