{"id":4557,"date":"2019-12-13T09:35:14","date_gmt":"2019-12-13T09:35:14","guid":{"rendered":"https:\/\/catedraldevalencia.es\/va\/?page_id=4557"},"modified":"2025-12-20T17:16:07","modified_gmt":"2025-12-20T17:16:07","slug":"historia-del-museu","status":"publish","type":"page","link":"https:\/\/catedraldevalencia.es\/va\/art\/museu-catedralici-diocesa\/historia-del-museu\/","title":{"rendered":"Hist\u00f2ria del Museu Catedral de Val\u00e8ncia"},"content":{"rendered":"<p>[et_pb_section admin_label=&#8221;Secci\u00f3&#8221; fullwidth=&#8221;on&#8221; specialty=&#8221;off&#8221; transparent_background=&#8221;on&#8221; background_color=&#8221;#ffffff&#8221; allow_player_pause=&#8221;off&#8221; inner_shadow=&#8221;off&#8221; parallax=&#8221;off&#8221; parallax_method=&#8221;off&#8221; padding_mobile=&#8221;off&#8221; make_fullwidth=&#8221;off&#8221; use_custom_width=&#8221;off&#8221; width_unit=&#8221;on&#8221; make_equal=&#8221;off&#8221; use_custom_gutter=&#8221;off&#8221; module_id=&#8221;marquee&#8221; module_class=&#8221;medium animated w_bg&#8221; background_image=&#8221;https:\/\/catedraldevalencia.es\/wp-content\/uploads\/2019\/12\/hd-museum-historical-facts.jpg&#8221;][et_pb_fullwidth_header admin_label=&#8221;Cap\u00e7alera &#8211; Hist\u00f2ria del Museu&#8221; title=&#8221;Hist\u00f2ria <em>del<\/em> Museu&#8221; subhead=&#8221;Museu Catedral de Val\u00e8ncia&#8221; background_layout=&#8221;dark&#8221; text_orientation=&#8221;center&#8221; header_fullscreen=&#8221;off&#8221; header_scroll_down=&#8221;off&#8221; parallax=&#8221;off&#8221; parallax_method=&#8221;off&#8221; content_orientation=&#8221;center&#8221; image_orientation=&#8221;center&#8221; custom_button_one=&#8221;off&#8221; button_one_letter_spacing=&#8221;0&#8243; button_one_use_icon=&#8221;default&#8221; button_one_icon_placement=&#8221;right&#8221; button_one_on_hover=&#8221;on&#8221; button_one_letter_spacing_hover=&#8221;0&#8243; custom_button_two=&#8221;off&#8221; button_two_letter_spacing=&#8221;0&#8243; button_two_use_icon=&#8221;default&#8221; button_two_icon_placement=&#8221;right&#8221; button_two_on_hover=&#8221;on&#8221; button_two_letter_spacing_hover=&#8221;0&#8243; module_class=&#8221;animated&#8221; disabled=&#8221;off&#8221; disabled_on=&#8221;off|off|off|off&#8221; background_overlay_color=&#8221;rgba(27,27,27,0.4)&#8221;]<\/p>\n<p>[\/et_pb_fullwidth_header][\/et_pb_section][et_pb_section admin_label=&#8221;Secci\u00f3&#8221; transparent_background=&#8221;on&#8221; background_color=&#8221;#ffffff&#8221; allow_player_pause=&#8221;off&#8221; inner_shadow=&#8221;off&#8221; parallax=&#8221;off&#8221; parallax_method=&#8221;off&#8221; padding_mobile=&#8221;off&#8221; make_fullwidth=&#8221;off&#8221; use_custom_width=&#8221;off&#8221; width_unit=&#8221;on&#8221; make_equal=&#8221;off&#8221; use_custom_gutter=&#8221;off&#8221; module_id=&#8221;row-1&#8243; module_class=&#8221;timeline-block&#8221;][et_pb_row admin_label=&#8221;Fila&#8221; make_fullwidth=&#8221;off&#8221; use_custom_width=&#8221;off&#8221; width_unit=&#8221;on&#8221; use_custom_gutter=&#8221;off&#8221; padding_mobile=&#8221;off&#8221; allow_player_pause=&#8221;off&#8221; parallax=&#8221;off&#8221; parallax_method=&#8221;off&#8221; make_equal=&#8221;off&#8221; parallax_1=&#8221;off&#8221; parallax_method_1=&#8221;off&#8221; column_padding_mobile=&#8221;on&#8221;][et_pb_column type=&#8221;4_4&#8243;][et_pb_timeline admin_label=&#8221;Timeline &#8211; Museu Catedral de Val\u00e8ncia&#8221; horizontal_line=&#8221;on&#8221; use_border_color=&#8221;off&#8221; border_color=&#8221;#ffffff&#8221; border_style=&#8221;solid&#8221;]<\/p>\n<p>[et_pb_timeline_item title=&#8221;Museu d&#8217;Antiguitats&#8221; date=&#8221;1761&#8243; use_icon=&#8221;on&#8221; custom_icon=&#8221;on&#8221; font_icon=&#8221;%%506%%&#8221; animation=&#8221;off&#8221; item_admin_label=&#8221;1761 &#8211; Museu d&#8217;Antiguitats&#8221; image=&#8221;https:\/\/catedraldevalencia.es\/wp-content\/uploads\/2019\/12\/hc-museum-archbishop-andres-mayoral-1761.jpg&#8221; alt=&#8221;Arquebisbe Andr\u00e9s Mayoral.&#8221;]<\/p>\n<p>L&#8217;arquebisbe de Val\u00e8ncia Andr\u00e9s Mayoral (1685-1769) va constituir en el palau arquebisbal en 1761 una biblioteca i un museu d&#8217;antiguitats. Malgrat que es tracta d&#8217;una col\u00b7lecci\u00f3 desvinculada a l&#8217;actual Museu de la Catedral, cal esmentar-lo en ser el primer intent de creaci\u00f3 d&#8217;un museu de titularitat eclesi\u00e0stica en la di\u00f2cesi valentina.<\/p>\n<p>[\/et_pb_timeline_item][et_pb_timeline_item title=&#8221;Desaparici\u00f3&#8221; date=&#8221;1812&#8243; use_icon=&#8221;off&#8221; custom_icon=&#8221;off&#8221; animation=&#8221;off&#8221; item_admin_label=&#8221;1812 &#8211; Invasi\u00f3n francesa&#8221; font_icon=&#8221;%%44%%&#8221; image=&#8221;https:\/\/catedraldevalencia.es\/wp-content\/uploads\/2019\/12\/hc-museum-old-archbishops-palace.jpg&#8221; alt=&#8221;L&#8217;antic palau arquebisbal.&#8221;]<\/p>\n<p>Aquest primer museu va estar en el Palau Arquebisbal fins que va desapar\u00e9ixer durant la invasi\u00f3 francesa en 1812.<\/p>\n<p>[\/et_pb_timeline_item][et_pb_timeline_item title=&#8221;El Museu Catedralici&#8221; date=&#8221;1909&#8243; use_icon=&#8221;off&#8221; custom_icon=&#8221;off&#8221; animation=&#8221;top&#8221; item_admin_label=&#8221;1909 &#8211; El Museu Catedralici&#8221; image=&#8221;https:\/\/catedraldevalencia.es\/wp-content\/uploads\/2020\/08\/hc-museum-catedralicio-1909.jpg&#8221;]<\/p>\n<p>L&#8217;Aula Capitular Nova, constru\u00efda per l&#8217;arquitecte Joaqu\u00edn Tom\u00e1s y Sanz a principis del segle XIX, es va destinar per albergar pintures notables a manera de pinacoteca.<\/p>\n<p>[\/et_pb_timeline_item][et_pb_timeline_item title=&#8221;Museu Arqueol\u00f2gic Dioces\u00e0&#8221; date=&#8221;1922&#8243; use_icon=&#8221;on&#8221; custom_icon=&#8221;on&#8221; font_icon=&#8221;%%506%%&#8221; animation=&#8221;off&#8221; item_admin_label=&#8221;1922 &#8211; Museu Arqueol\u00f2gic Dioces\u00e0&#8221; image=&#8221;https:\/\/catedraldevalencia.es\/wp-content\/uploads\/2019\/12\/hc-museum-archbishop-enrique-reig-casanova.jpg&#8221; alt=&#8221;Arquebisbe Enrique Reig Casanova.&#8221;]<\/p>\n<p>El <em>\u201cMuseu Arqueol\u00f2gic Dioces\u00e0\u201d<\/em> va ser constitu\u00eft a la fi de 1922 pel cardenal <strong>Enrique Reig Casanova,<\/strong> que desitjava reunir les obres que es trobaven disperses per la di\u00f2cesi en una \u00fanica col\u00b7lecci\u00f3 organitzada i accessible.<\/p>\n<p>[\/et_pb_timeline_item][et_pb_timeline_item title=&#8221;El Museu Catedralici-Dioces\u00e0&#8221; date=&#8221;1954&#8243; use_icon=&#8221;on&#8221; custom_icon=&#8221;on&#8221; animation=&#8221;off&#8221; item_admin_label=&#8221;1954 &#8211; El Museu Catedralici-Dioces\u00e0&#8221; image=&#8221;https:\/\/catedraldevalencia.es\/wp-content\/uploads\/2020\/01\/hc-museum-great-hall.jpg&#8221; alt=&#8221;\u201cSala Gran\u201d del Museu en el palau arquebisbal.&#8221; font_icon=&#8221;%%506%%&#8221;]<\/p>\n<p>L&#8217;\u00faltim per\u00edode del Museu Arqueol\u00f2gic Dioces\u00e0 est\u00e0 vinculat a la Catedral de Val\u00e8ncia. En 1954, el Cap\u00edtol i l&#8217;Arquebisbat van crear el <strong>Museu Catedralici<\/strong>, amb la finalitat de catalogar i exhibir d&#8217;una manera m\u00e9s racional que en el seu empla\u00e7ament original, algunes peces de destacat valor, de la col\u00b7lecci\u00f3 catedral\u00edcia.<\/p>\n<p>[\/et_pb_timeline_item][et_pb_timeline_item title=&#8221;Museu Dioces\u00e0&#8221; date=&#8221;1966&#8243; use_icon=&#8221;on&#8221; custom_icon=&#8221;on&#8221; animation=&#8221;off&#8221; item_admin_label=&#8221;1966 &#8211; Museu Dioces\u00e0&#8221; alt=&#8221;Arquebisbe Marcelino Olaechea.&#8221; image=&#8221;https:\/\/catedraldevalencia.es\/wp-content\/uploads\/2019\/12\/hc-museum-archbishop-marcelino-olaechea-1966.jpg&#8221; font_icon=&#8221;%%506%%&#8221;]<\/p>\n<p>Va ser cap a 1966 quan <strong>l&#8217;arquebisbe Marcelino Olaechea<\/strong>, va disposar que el <em>Museu Catedralici<\/em> passara a ser tamb\u00e9 <em>Museu Dioces\u00e0<\/em>, fonent totes dues institucions en nom\u00e9s una, en la qual es reuniren totes les obres.<\/p>\n<p>[\/et_pb_timeline_item][et_pb_timeline_item title=&#8221;Un edifici nou&#8221; date=&#8221;1966-2014&#8243; use_icon=&#8221;off&#8221; custom_icon=&#8221;off&#8221; animation=&#8221;off&#8221; item_admin_label=&#8221;1966 &#8211; Construy\u00f3 edificio&#8221; image=&#8221;https:\/\/catedraldevalencia.es\/wp-content\/uploads\/2019\/12\/hc-museum-until-2015.jpg&#8221; alt=&#8221;El museu fins a 2015.&#8221;]<\/p>\n<p>Es va construir un edifici nou, adossat a la Catedral i amb acc\u00e9s \u00fanic des de l&#8217;interior d&#8217;aquesta. Situat entre l&#8217;Aula Capitular Vella, la capella de Sant Francesc de Borja i el carrer Barcella. \u00c9s a dir, s&#8217;instal\u00b7laria en el que antany eren els departaments de f\u00e0brica, vestuari de canonges i tresor. El projecte del museu es va encarregar a l&#8217;arquitecte Vicente Traver.<\/p>\n<p>[\/et_pb_timeline_item][et_pb_timeline_item title=&#8221;Rehabilitaci\u00f3&#8221; date=&#8221;2015&#8243; use_icon=&#8221;off&#8221; custom_icon=&#8221;off&#8221; animation=&#8221;off&#8221; item_admin_label=&#8221;2015 &#8211; Rehabilitaci\u00f3n&#8221; font_icon=&#8221;%%497%%&#8221; image=&#8221;https:\/\/catedraldevalencia.es\/wp-content\/uploads\/2019\/12\/hc-museum-new-restoration.jpg&#8221; alt=&#8221;El museu en l&#8217;actualitat.&#8221;]<\/p>\n<p>L&#8217;edifici que cont\u00e9 el Museu va ser rehabilitat en 2015 amb la finalitat de poder ampliar l&#8217;oferta expositiva i al seu torn millorar les instal\u00b7lacions del Museu Catedral de Val\u00e8ncia.<\/p>\n<p>[\/et_pb_timeline_item][et_pb_timeline_item title=&#8221;Benedicci\u00f3 del Museu&#8221; date=&#8221;2016&#8243; use_icon=&#8221;on&#8221; custom_icon=&#8221;on&#8221; animation=&#8221;off&#8221; item_admin_label=&#8221;2016 &#8211; Bendici\u00f3n del Museo&#8221; font_icon=&#8221;%%487%%&#8221; image=&#8221;https:\/\/catedraldevalencia.es\/wp-content\/uploads\/2019\/12\/hc-museum-blessing.jpg&#8221;]<\/p>\n<p>El nou museu de la Catedral va ser inaugurat i bene\u00eft el dia 7 de juny de 2016, per l&#8217;Emm. i Rvdm. Sr. Cardenal Antonio Ca\u00f1izares Llovera, Arquebisbe de Val\u00e8ncia. Sent deg\u00e0-president l&#8217;Il\u00b7lm. Sr. Emilio Aliaga Girb\u00e9s i director del Museu el canonge conservador del Patrimoni Art\u00edstic de la Catedral, Sr. Jaime Sancho Andreu. Aquests treballs de rehabilitaci\u00f3 van ser dirigits per l&#8217;arquitecte de la Seu, Salvador Vila Ferrer.<\/p>\n<p>[\/et_pb_timeline_item]<\/p>\n<p>[\/et_pb_timeline][\/et_pb_column][\/et_pb_row][\/et_pb_section]<\/p>\n","protected":false},"excerpt":{"rendered":"<p>[et_pb_section admin_label=&#8221;Secci\u00f3&#8221; fullwidth=&#8221;on&#8221; specialty=&#8221;off&#8221; transparent_background=&#8221;on&#8221; background_color=&#8221;#ffffff&#8221; allow_player_pause=&#8221;off&#8221; inner_shadow=&#8221;off&#8221; parallax=&#8221;off&#8221; parallax_method=&#8221;off&#8221; padding_mobile=&#8221;off&#8221; make_fullwidth=&#8221;off&#8221; use_custom_width=&#8221;off&#8221; width_unit=&#8221;on&#8221; make_equal=&#8221;off&#8221; use_custom_gutter=&#8221;off&#8221; module_id=&#8221;marquee&#8221; module_class=&#8221;medium animated w_bg&#8221; background_image=&#8221;https:\/\/catedraldevalencia.es\/wp-content\/uploads\/2019\/12\/hd-museum-historical-facts.jpg&#8221;][et_pb_fullwidth_header admin_label=&#8221;Cap\u00e7alera &#8211; Hist\u00f2ria del Museu&#8221; title=&#8221;Hist\u00f2ria del Museu&#8221; subhead=&#8221;Museu Catedral de Val\u00e8ncia&#8221; background_layout=&#8221;dark&#8221; text_orientation=&#8221;center&#8221; header_fullscreen=&#8221;off&#8221; header_scroll_down=&#8221;off&#8221; parallax=&#8221;off&#8221; parallax_method=&#8221;off&#8221; content_orientation=&#8221;center&#8221; image_orientation=&#8221;center&#8221; custom_button_one=&#8221;off&#8221; button_one_letter_spacing=&#8221;0&#8243; button_one_use_icon=&#8221;default&#8221; button_one_icon_placement=&#8221;right&#8221; button_one_on_hover=&#8221;on&#8221; button_one_letter_spacing_hover=&#8221;0&#8243; custom_button_two=&#8221;off&#8221; button_two_letter_spacing=&#8221;0&#8243; button_two_use_icon=&#8221;default&#8221; button_two_icon_placement=&#8221;right&#8221; button_two_on_hover=&#8221;on&#8221; button_two_letter_spacing_hover=&#8221;0&#8243; module_class=&#8221;animated&#8221; disabled=&#8221;off&#8221; [&hellip;]<\/p>\n","protected":false},"author":1,"featured_media":4576,"parent":75,"menu_order":1,"comment_status":"closed","ping_status":"closed","template":"","meta":{"footnotes":""},"class_list":["post-4557","page","type-page","status-publish","has-post-thumbnail","hentry"],"yoast_head":"<!-- This site is optimized with the Yoast SEO plugin v27.3 - https:\/\/yoast.com\/product\/yoast-seo-wordpress\/ -->\n<title>Hist\u00f2ria del Museu Catedral de Val\u00e8ncia - Catedral de Val\u00e8ncia<\/title>\n<meta name=\"robots\" content=\"index, follow, max-snippet:-1, max-image-preview:large, max-video-preview:-1\" \/>\n<link rel=\"canonical\" href=\"https:\/\/catedraldevalencia.es\/va\/art\/museu-catedralici-diocesa\/historia-del-museu\/\" \/>\n<meta property=\"og:locale\" content=\"ca_ES\" \/>\n<meta property=\"og:type\" content=\"article\" \/>\n<meta property=\"og:title\" content=\"Hist\u00f2ria del Museu Catedral de Val\u00e8ncia - Catedral de Val\u00e8ncia\" \/>\n<meta property=\"og:description\" content=\"[et_pb_section admin_label=&#8221;Secci\u00f3&#8221; fullwidth=&#8221;on&#8221; specialty=&#8221;off&#8221; transparent_background=&#8221;on&#8221; background_color=&#8221;#ffffff&#8221; allow_player_pause=&#8221;off&#8221; inner_shadow=&#8221;off&#8221; parallax=&#8221;off&#8221; parallax_method=&#8221;off&#8221; padding_mobile=&#8221;off&#8221; make_fullwidth=&#8221;off&#8221; use_custom_width=&#8221;off&#8221; width_unit=&#8221;on&#8221; make_equal=&#8221;off&#8221; use_custom_gutter=&#8221;off&#8221; module_id=&#8221;marquee&#8221; module_class=&#8221;medium animated w_bg&#8221; background_image=&#8221;https:\/\/catedraldevalencia.es\/wp-content\/uploads\/2019\/12\/hd-museum-historical-facts.jpg&#8221;][et_pb_fullwidth_header admin_label=&#8221;Cap\u00e7alera &#8211; Hist\u00f2ria del Museu&#8221; title=&#8221;Hist\u00f2ria del Museu&#8221; subhead=&#8221;Museu Catedral de Val\u00e8ncia&#8221; background_layout=&#8221;dark&#8221; text_orientation=&#8221;center&#8221; header_fullscreen=&#8221;off&#8221; header_scroll_down=&#8221;off&#8221; parallax=&#8221;off&#8221; parallax_method=&#8221;off&#8221; content_orientation=&#8221;center&#8221; image_orientation=&#8221;center&#8221; custom_button_one=&#8221;off&#8221; button_one_letter_spacing=&#8221;0&#8243; button_one_use_icon=&#8221;default&#8221; button_one_icon_placement=&#8221;right&#8221; button_one_on_hover=&#8221;on&#8221; button_one_letter_spacing_hover=&#8221;0&#8243; custom_button_two=&#8221;off&#8221; button_two_letter_spacing=&#8221;0&#8243; button_two_use_icon=&#8221;default&#8221; button_two_icon_placement=&#8221;right&#8221; button_two_on_hover=&#8221;on&#8221; button_two_letter_spacing_hover=&#8221;0&#8243; module_class=&#8221;animated&#8221; disabled=&#8221;off&#8221; [&hellip;]\" \/>\n<meta property=\"og:url\" content=\"https:\/\/catedraldevalencia.es\/va\/art\/museu-catedralici-diocesa\/historia-del-museu\/\" \/>\n<meta property=\"og:site_name\" content=\"Catedral de Val\u00e8ncia\" \/>\n<meta property=\"article:modified_time\" content=\"2025-12-20T17:16:07+00:00\" \/>\n<meta property=\"og:image\" content=\"https:\/\/catedraldevalencia.es\/va\/wp-content\/uploads\/2019\/12\/ft-museum-history-facts.jpg\" \/>\n\t<meta property=\"og:image:width\" content=\"700\" \/>\n\t<meta property=\"og:image:height\" content=\"525\" \/>\n\t<meta property=\"og:image:type\" content=\"image\/jpeg\" \/>\n<meta name=\"twitter:card\" content=\"summary_large_image\" \/>\n<meta name=\"twitter:label1\" content=\"Est. reading time\" \/>\n\t<meta name=\"twitter:data1\" content=\"4 minutes\" \/>\n<script type=\"application\/ld+json\" class=\"yoast-schema-graph\">{\"@context\":\"https:\\\/\\\/schema.org\",\"@graph\":[{\"@type\":\"WebPage\",\"@id\":\"https:\\\/\\\/catedraldevalencia.es\\\/va\\\/art\\\/museu-catedralici-diocesa\\\/historia-del-museu\\\/\",\"url\":\"https:\\\/\\\/catedraldevalencia.es\\\/va\\\/art\\\/museu-catedralici-diocesa\\\/historia-del-museu\\\/\",\"name\":\"Hist\u00f2ria del Museu Catedral de Val\u00e8ncia - Catedral de Val\u00e8ncia\",\"isPartOf\":{\"@id\":\"https:\\\/\\\/catedraldevalencia.es\\\/va\\\/#website\"},\"primaryImageOfPage\":{\"@id\":\"https:\\\/\\\/catedraldevalencia.es\\\/va\\\/art\\\/museu-catedralici-diocesa\\\/historia-del-museu\\\/#primaryimage\"},\"image\":{\"@id\":\"https:\\\/\\\/catedraldevalencia.es\\\/va\\\/art\\\/museu-catedralici-diocesa\\\/historia-del-museu\\\/#primaryimage\"},\"thumbnailUrl\":\"https:\\\/\\\/catedraldevalencia.es\\\/va\\\/wp-content\\\/uploads\\\/2019\\\/12\\\/ft-museum-history-facts.jpg\",\"datePublished\":\"2019-12-13T09:35:14+00:00\",\"dateModified\":\"2025-12-20T17:16:07+00:00\",\"breadcrumb\":{\"@id\":\"https:\\\/\\\/catedraldevalencia.es\\\/va\\\/art\\\/museu-catedralici-diocesa\\\/historia-del-museu\\\/#breadcrumb\"},\"inLanguage\":\"ca\",\"potentialAction\":[{\"@type\":\"ReadAction\",\"target\":[\"https:\\\/\\\/catedraldevalencia.es\\\/va\\\/art\\\/museu-catedralici-diocesa\\\/historia-del-museu\\\/\"]}]},{\"@type\":\"ImageObject\",\"inLanguage\":\"ca\",\"@id\":\"https:\\\/\\\/catedraldevalencia.es\\\/va\\\/art\\\/museu-catedralici-diocesa\\\/historia-del-museu\\\/#primaryimage\",\"url\":\"https:\\\/\\\/catedraldevalencia.es\\\/va\\\/wp-content\\\/uploads\\\/2019\\\/12\\\/ft-museum-history-facts.jpg\",\"contentUrl\":\"https:\\\/\\\/catedraldevalencia.es\\\/va\\\/wp-content\\\/uploads\\\/2019\\\/12\\\/ft-museum-history-facts.jpg\",\"width\":700,\"height\":525},{\"@type\":\"BreadcrumbList\",\"@id\":\"https:\\\/\\\/catedraldevalencia.es\\\/va\\\/art\\\/museu-catedralici-diocesa\\\/historia-del-museu\\\/#breadcrumb\",\"itemListElement\":[{\"@type\":\"ListItem\",\"position\":1,\"name\":\"Portada\",\"item\":\"https:\\\/\\\/catedraldevalencia.es\\\/va\\\/\"},{\"@type\":\"ListItem\",\"position\":2,\"name\":\"Art\",\"item\":\"https:\\\/\\\/catedraldevalencia.es\\\/va\\\/art\\\/\"},{\"@type\":\"ListItem\",\"position\":3,\"name\":\"Museu Catedralici Dioces\u00e0\",\"item\":\"https:\\\/\\\/catedraldevalencia.es\\\/va\\\/art\\\/museu-catedralici-diocesa\\\/\"},{\"@type\":\"ListItem\",\"position\":4,\"name\":\"Hist\u00f2ria del Museu Catedral de Val\u00e8ncia\"}]},{\"@type\":\"WebSite\",\"@id\":\"https:\\\/\\\/catedraldevalencia.es\\\/va\\\/#website\",\"url\":\"https:\\\/\\\/catedraldevalencia.es\\\/va\\\/\",\"name\":\"Catedral de Val\u00e8ncia\",\"description\":\"La Catedral del Sant Calze\",\"potentialAction\":[{\"@type\":\"SearchAction\",\"target\":{\"@type\":\"EntryPoint\",\"urlTemplate\":\"https:\\\/\\\/catedraldevalencia.es\\\/va\\\/?s={search_term_string}\"},\"query-input\":{\"@type\":\"PropertyValueSpecification\",\"valueRequired\":true,\"valueName\":\"search_term_string\"}}],\"inLanguage\":\"ca\"}]}<\/script>\n<!-- \/ Yoast SEO plugin. -->","yoast_head_json":{"title":"Hist\u00f2ria del Museu Catedral de Val\u00e8ncia - Catedral de Val\u00e8ncia","robots":{"index":"index","follow":"follow","max-snippet":"max-snippet:-1","max-image-preview":"max-image-preview:large","max-video-preview":"max-video-preview:-1"},"canonical":"https:\/\/catedraldevalencia.es\/va\/art\/museu-catedralici-diocesa\/historia-del-museu\/","og_locale":"ca_ES","og_type":"article","og_title":"Hist\u00f2ria del Museu Catedral de Val\u00e8ncia - Catedral de Val\u00e8ncia","og_description":"[et_pb_section admin_label=&#8221;Secci\u00f3&#8221; fullwidth=&#8221;on&#8221; specialty=&#8221;off&#8221; transparent_background=&#8221;on&#8221; background_color=&#8221;#ffffff&#8221; allow_player_pause=&#8221;off&#8221; inner_shadow=&#8221;off&#8221; parallax=&#8221;off&#8221; parallax_method=&#8221;off&#8221; padding_mobile=&#8221;off&#8221; make_fullwidth=&#8221;off&#8221; use_custom_width=&#8221;off&#8221; width_unit=&#8221;on&#8221; make_equal=&#8221;off&#8221; use_custom_gutter=&#8221;off&#8221; module_id=&#8221;marquee&#8221; module_class=&#8221;medium animated w_bg&#8221; background_image=&#8221;https:\/\/catedraldevalencia.es\/wp-content\/uploads\/2019\/12\/hd-museum-historical-facts.jpg&#8221;][et_pb_fullwidth_header admin_label=&#8221;Cap\u00e7alera &#8211; Hist\u00f2ria del Museu&#8221; title=&#8221;Hist\u00f2ria del Museu&#8221; subhead=&#8221;Museu Catedral de Val\u00e8ncia&#8221; background_layout=&#8221;dark&#8221; text_orientation=&#8221;center&#8221; header_fullscreen=&#8221;off&#8221; header_scroll_down=&#8221;off&#8221; parallax=&#8221;off&#8221; parallax_method=&#8221;off&#8221; content_orientation=&#8221;center&#8221; image_orientation=&#8221;center&#8221; custom_button_one=&#8221;off&#8221; button_one_letter_spacing=&#8221;0&#8243; button_one_use_icon=&#8221;default&#8221; button_one_icon_placement=&#8221;right&#8221; button_one_on_hover=&#8221;on&#8221; button_one_letter_spacing_hover=&#8221;0&#8243; custom_button_two=&#8221;off&#8221; button_two_letter_spacing=&#8221;0&#8243; button_two_use_icon=&#8221;default&#8221; button_two_icon_placement=&#8221;right&#8221; button_two_on_hover=&#8221;on&#8221; button_two_letter_spacing_hover=&#8221;0&#8243; module_class=&#8221;animated&#8221; disabled=&#8221;off&#8221; [&hellip;]","og_url":"https:\/\/catedraldevalencia.es\/va\/art\/museu-catedralici-diocesa\/historia-del-museu\/","og_site_name":"Catedral de Val\u00e8ncia","article_modified_time":"2025-12-20T17:16:07+00:00","og_image":[{"width":700,"height":525,"url":"https:\/\/catedraldevalencia.es\/va\/wp-content\/uploads\/2019\/12\/ft-museum-history-facts.jpg","type":"image\/jpeg"}],"twitter_card":"summary_large_image","twitter_misc":{"Est. reading time":"4 minutes"},"schema":{"@context":"https:\/\/schema.org","@graph":[{"@type":"WebPage","@id":"https:\/\/catedraldevalencia.es\/va\/art\/museu-catedralici-diocesa\/historia-del-museu\/","url":"https:\/\/catedraldevalencia.es\/va\/art\/museu-catedralici-diocesa\/historia-del-museu\/","name":"Hist\u00f2ria del Museu Catedral de Val\u00e8ncia - Catedral de Val\u00e8ncia","isPartOf":{"@id":"https:\/\/catedraldevalencia.es\/va\/#website"},"primaryImageOfPage":{"@id":"https:\/\/catedraldevalencia.es\/va\/art\/museu-catedralici-diocesa\/historia-del-museu\/#primaryimage"},"image":{"@id":"https:\/\/catedraldevalencia.es\/va\/art\/museu-catedralici-diocesa\/historia-del-museu\/#primaryimage"},"thumbnailUrl":"https:\/\/catedraldevalencia.es\/va\/wp-content\/uploads\/2019\/12\/ft-museum-history-facts.jpg","datePublished":"2019-12-13T09:35:14+00:00","dateModified":"2025-12-20T17:16:07+00:00","breadcrumb":{"@id":"https:\/\/catedraldevalencia.es\/va\/art\/museu-catedralici-diocesa\/historia-del-museu\/#breadcrumb"},"inLanguage":"ca","potentialAction":[{"@type":"ReadAction","target":["https:\/\/catedraldevalencia.es\/va\/art\/museu-catedralici-diocesa\/historia-del-museu\/"]}]},{"@type":"ImageObject","inLanguage":"ca","@id":"https:\/\/catedraldevalencia.es\/va\/art\/museu-catedralici-diocesa\/historia-del-museu\/#primaryimage","url":"https:\/\/catedraldevalencia.es\/va\/wp-content\/uploads\/2019\/12\/ft-museum-history-facts.jpg","contentUrl":"https:\/\/catedraldevalencia.es\/va\/wp-content\/uploads\/2019\/12\/ft-museum-history-facts.jpg","width":700,"height":525},{"@type":"BreadcrumbList","@id":"https:\/\/catedraldevalencia.es\/va\/art\/museu-catedralici-diocesa\/historia-del-museu\/#breadcrumb","itemListElement":[{"@type":"ListItem","position":1,"name":"Portada","item":"https:\/\/catedraldevalencia.es\/va\/"},{"@type":"ListItem","position":2,"name":"Art","item":"https:\/\/catedraldevalencia.es\/va\/art\/"},{"@type":"ListItem","position":3,"name":"Museu Catedralici Dioces\u00e0","item":"https:\/\/catedraldevalencia.es\/va\/art\/museu-catedralici-diocesa\/"},{"@type":"ListItem","position":4,"name":"Hist\u00f2ria del Museu Catedral de Val\u00e8ncia"}]},{"@type":"WebSite","@id":"https:\/\/catedraldevalencia.es\/va\/#website","url":"https:\/\/catedraldevalencia.es\/va\/","name":"Catedral de Val\u00e8ncia","description":"La Catedral del Sant Calze","potentialAction":[{"@type":"SearchAction","target":{"@type":"EntryPoint","urlTemplate":"https:\/\/catedraldevalencia.es\/va\/?s={search_term_string}"},"query-input":{"@type":"PropertyValueSpecification","valueRequired":true,"valueName":"search_term_string"}}],"inLanguage":"ca"}]}},"_links":{"self":[{"href":"https:\/\/catedraldevalencia.es\/va\/wp-json\/wp\/v2\/pages\/4557","targetHints":{"allow":["GET"]}}],"collection":[{"href":"https:\/\/catedraldevalencia.es\/va\/wp-json\/wp\/v2\/pages"}],"about":[{"href":"https:\/\/catedraldevalencia.es\/va\/wp-json\/wp\/v2\/types\/page"}],"author":[{"embeddable":true,"href":"https:\/\/catedraldevalencia.es\/va\/wp-json\/wp\/v2\/users\/1"}],"replies":[{"embeddable":true,"href":"https:\/\/catedraldevalencia.es\/va\/wp-json\/wp\/v2\/comments?post=4557"}],"version-history":[{"count":0,"href":"https:\/\/catedraldevalencia.es\/va\/wp-json\/wp\/v2\/pages\/4557\/revisions"}],"up":[{"embeddable":true,"href":"https:\/\/catedraldevalencia.es\/va\/wp-json\/wp\/v2\/pages\/75"}],"wp:featuredmedia":[{"embeddable":true,"href":"https:\/\/catedraldevalencia.es\/va\/wp-json\/wp\/v2\/media\/4576"}],"wp:attachment":[{"href":"https:\/\/catedraldevalencia.es\/va\/wp-json\/wp\/v2\/media?parent=4557"}],"curies":[{"name":"wp","href":"https:\/\/api.w.org\/{rel}","templated":true}]}}