{"id":4661,"date":"2019-12-30T12:51:06","date_gmt":"2019-12-30T12:51:06","guid":{"rendered":"https:\/\/catedraldevalencia.es\/va\/?page_id=4661"},"modified":"2025-04-19T10:05:10","modified_gmt":"2025-04-19T10:05:10","slug":"part-8-s-xxi","status":"publish","type":"page","link":"https:\/\/catedraldevalencia.es\/va\/historia\/l-esglesia-a-valencia\/part-8-s-xxi\/","title":{"rendered":"Part 8 &#8211; S. XXI"},"content":{"rendered":"<p>[et_pb_section admin_label=&#8221;Secci\u00f3&#8221; transparent_background=&#8221;on&#8221; background_color=&#8221;#ffffff&#8221; allow_player_pause=&#8221;off&#8221; inner_shadow=&#8221;off&#8221; parallax=&#8221;on&#8221; parallax_method=&#8221;on&#8221; padding_mobile=&#8221;on&#8221; make_fullwidth=&#8221;off&#8221; use_custom_width=&#8221;off&#8221; width_unit=&#8221;on&#8221; make_equal=&#8221;off&#8221; use_custom_gutter=&#8221;off&#8221; custom_padding=&#8221;0px|0px|0px|0px&#8221; background_image=&#8221;https:\/\/catedraldevalencia.es\/wp-content\/uploads\/2019\/12\/bg-part-8-21th-century-summary.jpg&#8221; module_id=&#8221;row-1&#8243;][et_pb_row admin_label=&#8221;Fila&#8221; make_fullwidth=&#8221;on&#8221; use_custom_width=&#8221;off&#8221; width_unit=&#8221;on&#8221; use_custom_gutter=&#8221;on&#8221; padding_mobile=&#8221;on&#8221; allow_player_pause=&#8221;off&#8221; parallax=&#8221;off&#8221; parallax_method=&#8221;off&#8221; make_equal=&#8221;on&#8221; parallax_1=&#8221;on&#8221; parallax_method_1=&#8221;on&#8221; parallax_2=&#8221;off&#8221; parallax_method_2=&#8221;off&#8221; column_padding_mobile=&#8221;off&#8221; gutter_width=&#8221;1&#8243; module_id_1=&#8221;column-header-split&#8221; module_id_2=&#8221;column-text-split&#8221; padding_2_last_edited=&#8221;off|desktop&#8221;][et_pb_column type=&#8221;1_2&#8243;][et_pb_text admin_label=&#8221;Text &#8211; Part 8\/8&#8243; background_layout=&#8221;dark&#8221; text_orientation=&#8221;center&#8221; use_border_color=&#8221;off&#8221; border_color=&#8221;#ffffff&#8221; border_style=&#8221;solid&#8221; custom_margin=&#8221;||4%|&#8221;]<\/p>\n<h3>Part 8<span>\/8<\/span><\/h3>\n<p>[\/et_pb_text][et_pb_text admin_label=&#8221;T\u00edtol &#8211; S. XXI&#8221; background_layout=&#8221;dark&#8221; text_orientation=&#8221;center&#8221; use_border_color=&#8221;off&#8221; border_color=&#8221;#ffffff&#8221; border_style=&#8221;solid&#8221;]<\/p>\n<h2>Segle XXI<\/h2>\n<p class=\"note\">Llegir resum a continuaci\u00f3 <br>o veure <a href=\"#row-2\">l\u00ednia de temps.<\/a><\/p>\n<p>[\/et_pb_text][\/et_pb_column][et_pb_column type=&#8221;1_2&#8243;][et_pb_text admin_label=&#8221;T\u00edtol &#8211; Resum&#8221; background_layout=&#8221;dark&#8221; text_orientation=&#8221;left&#8221; use_border_color=&#8221;off&#8221; border_color=&#8221;#ffffff&#8221; border_style=&#8221;solid&#8221;]<\/p>\n<h4>Resum<\/h4>\n<p>[\/et_pb_text][et_pb_text admin_label=&#8221;Text&#8221; background_layout=&#8221;light&#8221; text_orientation=&#8221;left&#8221; use_border_color=&#8221;off&#8221; border_color=&#8221;#ffffff&#8221; border_style=&#8221;solid&#8221;]<\/p>\n<p class=\"lead\">Amb el cardenal arquebisbe em\u00e8rit de Val\u00e8ncia <strong>En Agust\u00edn Garc\u00eda-Gasco Vicente<\/strong> (1992-2011), la nostra Esgl\u00e9sia va celebrar amb gran profit espiritual el gran <strong>Jubileu de l&#8217;any 2000<\/strong> i el <strong>XVII Centenari del martiri de Sant Vicent<\/strong> (2004).<\/p>\n<p>La nostra Esgl\u00e9sia s&#8217;ha enriquit amb obres de gran import\u00e0ncia cultural i religiosa, com s\u00f3n la creaci\u00f3 dels centres superiors d&#8217;ensenyament <strong>Universitat CEU Cardenal Herrera<\/strong> (2000), la <strong>Universitat Cat\u00f2lica Sant Vicent M\u00e0rtir<\/strong> (2003) i la construcci\u00f3 de nous temples en la capital i pobles de l&#8217;arxidi\u00f2cesi.<\/p>\n<p>A partir de l&#8217;any 1999, en col\u00b7laboraci\u00f3 amb la Generalitat Valenciana, es van celebrar diferents i magn\u00edfiques exposicions d&#8217;art religi\u00f3s en catedrals i esgl\u00e9sies de la Comunitat Valenciana sota el lema <strong>La Llum de les Imatges<\/strong> que mostren la import\u00e0ncia i el significat religi\u00f3s del nostre patrimoni hist\u00f2ric art\u00edstic al mateix temps que han significat la completa restauraci\u00f3 de les seues seus, comen\u00e7ant per les catedrals de <strong>Val\u00e8ncia<\/strong> (1999), <strong>Segorbe<\/strong> (2001), <strong>Orihuela<\/strong> (2003), la parroquial de Sant Mateu, a <strong>Castell\u00f3<\/strong> i de la <strong>di\u00f2cesi de Tortosa<\/strong> (2005), la <strong>d&#8217;Alacant<\/strong> (2006) i <strong>X\u00e0tiva<\/strong> (2007), a les quals van seguir unes altres fins a la d&#8217;Alcoi en 2011.<\/p>\n<p>La promoci\u00f3 de la pastoral familiar sobre una base doctrinal ferma ha portat a la creaci\u00f3 a Val\u00e8ncia d&#8217;una secci\u00f3 del Pontifici Institut Joan Pau II per a la fam\u00edlia l&#8217;any 1994, i despr\u00e9s de <strong>l&#8217;Institut Valent\u00ed de Dret Can\u00f2nic<\/strong> (2000); aquesta cont\u00ednua defensa de la fam\u00edlia i de la vida i la riquesa d&#8217;activitats que es desenvolupen amb aquest motiu va ser una de les causes que va motivar l&#8217;elecci\u00f3 de Val\u00e8ncia per <strong>Joan Pau II<\/strong> per acollir la <strong>V Trobada Mundial de les Fam\u00edlies<\/strong> els dies 8 i 9 de Juliol de 2006, que va ser presidida pel Papa <strong>Benet XVI<\/strong>.<\/p>\n<p>[\/et_pb_text][\/et_pb_column][\/et_pb_row][\/et_pb_section][et_pb_section admin_label=&#8221;Secci\u00f3&#8221; fullwidth=&#8221;on&#8221; specialty=&#8221;off&#8221; transparent_background=&#8221;on&#8221; background_color=&#8221;#ffffff&#8221; allow_player_pause=&#8221;off&#8221; inner_shadow=&#8221;off&#8221; parallax=&#8221;off&#8221; parallax_method=&#8221;off&#8221; padding_mobile=&#8221;off&#8221; make_fullwidth=&#8221;off&#8221; use_custom_width=&#8221;off&#8221; width_unit=&#8221;on&#8221; make_equal=&#8221;off&#8221; use_custom_gutter=&#8221;off&#8221; module_id=&#8221;row-2&#8243;][et_pb_horizontaltimeline admin_label=&#8221;L\u00ednia de temps &#8211; Segle XXI&#8221; use_border_color=&#8221;off&#8221; border_color=&#8221;#ffffff&#8221; border_style=&#8221;solid&#8221; timeline_title=&#8221;L\u00ednia de temps&#8221;]<\/p>\n<p>[et_pb_horizontaltimeline_item title=&#8221;Universitat CEU Cardenal Herrera&#8221; year=&#8221;2000&#8243; use_icon=&#8221;off&#8221; custom_icon=&#8221;off&#8221; animation=&#8221;top&#8221; item_admin_label=&#8221;2000 &#8211; Fundaci\u00f3 Universitat CEU Cardenal Herrera&#8221; have_border=&#8221;off&#8221;]<\/p>\n<p>Fundaci\u00f3.<\/p>\n<p>[\/et_pb_horizontaltimeline_item][et_pb_horizontaltimeline_item title=&#8221;Finalitzaci\u00f3 del Gran Jubileu&#8221; year=&#8221;2001&#8243; date=&#8221;6 de gener&#8221; use_icon=&#8221;off&#8221; custom_icon=&#8221;off&#8221; animation=&#8221;top&#8221; item_admin_label=&#8221;2001 &#8211; Finalitzaci\u00f3 del Gran Jubileu&#8221;]<\/p>\n<p>[\/et_pb_horizontaltimeline_item][et_pb_horizontaltimeline_item title=&#8221;Universitat Cat\u00f2lica Sant Vicent M\u00e0rtir&#8221; year=&#8221;2003&#8243; date=&#8221;8 de desembre&#8221; use_icon=&#8221;off&#8221; custom_icon=&#8221;off&#8221; animation=&#8221;top&#8221; item_admin_label=&#8221;2003 &#8211; Universitat Cat\u00f2lica Sant Vicent M\u00e0rtir&#8221;]<\/p>\n<p>Erecci\u00f3 can\u00f2nica.<\/p>\n<p>[\/et_pb_horizontaltimeline_item][et_pb_horizontaltimeline_item title=&#8221;XVII Centenari del martiri de Sant Vicent&#8221; year=&#8221;2004&#8243; use_icon=&#8221;off&#8221; custom_icon=&#8221;off&#8221; animation=&#8221;top&#8221; item_admin_label=&#8221;2004 &#8211; XVII XVII Centenari del martiri de Sant Vicent&#8221;]<\/p>\n<p>[\/et_pb_horizontaltimeline_item][et_pb_horizontaltimeline_item title=&#8221;Visita del Papa Benet XVI&#8221; year=&#8221;2006&#8243; date=&#8221;8 i 9 de juliol&#8221; use_icon=&#8221;off&#8221; custom_icon=&#8221;off&#8221; animation=&#8221;top&#8221; item_admin_label=&#8221;2006 &#8211; Visita del Papa Benet XVI&#8221;]<\/p>\n<p>[\/et_pb_horizontaltimeline_item][et_pb_horizontaltimeline_item title=&#8221;V Trobada Mundial de les Fam\u00edlies&#8221; year=&#8221;2006&#8243; date=&#8221;8 i 9 de juliol&#8221; use_icon=&#8221;off&#8221; custom_icon=&#8221;off&#8221; animation=&#8221;top&#8221; item_admin_label=&#8221;2006 &#8211; V Trobada Mundial de les Fam\u00edlies&#8221;]<\/p>\n<p>Presidida pel Papa Benet XVI<\/p>\n<p>[\/et_pb_horizontaltimeline_item]<\/p>\n<p>[\/et_pb_horizontaltimeline][\/et_pb_section][et_pb_section admin_label=&#8221;Secci\u00f3&#8221; transparent_background=&#8221;off&#8221; background_color=&#8221;#ffffff&#8221; allow_player_pause=&#8221;off&#8221; inner_shadow=&#8221;off&#8221; parallax=&#8221;on&#8221; parallax_method=&#8221;on&#8221; padding_mobile=&#8221;on&#8221; make_fullwidth=&#8221;off&#8221; use_custom_width=&#8221;off&#8221; width_unit=&#8221;on&#8221; make_equal=&#8221;off&#8221; use_custom_gutter=&#8221;off&#8221; module_id=&#8221;row-3&#8243;][et_pb_row admin_label=&#8221;Fila&#8221; make_fullwidth=&#8221;on&#8221; use_custom_width=&#8221;off&#8221; width_unit=&#8221;on&#8221; use_custom_gutter=&#8221;on&#8221; padding_mobile=&#8221;on&#8221; allow_player_pause=&#8221;off&#8221; parallax=&#8221;off&#8221; parallax_method=&#8221;off&#8221; make_equal=&#8221;on&#8221; parallax_1=&#8221;off&#8221; parallax_method_1=&#8221;on&#8221; parallax_2=&#8221;off&#8221; parallax_method_2=&#8221;off&#8221; column_padding_mobile=&#8221;off&#8221; gutter_width=&#8221;1&#8243; custom_padding=&#8221;0px|0px|0px|0px&#8221; custom_margin=&#8221;0px||0px|&#8221; module_id_1=&#8221;column-prev-split&#8221; module_id_2=&#8221;column-next-split&#8221; padding_2_last_edited=&#8221;off|desktop&#8221; custom_margin_last_edited=&#8221;off|desktop&#8221; bg_img_1=&#8221;https:\/\/catedraldevalencia.es\/wp-content\/uploads\/2019\/12\/cta-part-7-20th-to-21th-century-summary.jpg&#8221; bg_img_2=&#8221;https:\/\/catedraldevalencia.es\/wp-content\/uploads\/2019\/12\/cta-introduction-summary.jpg&#8221;][et_pb_column type=&#8221;1_2&#8243;][et_pb_cta admin_label=&#8221;CTA &#8211; Anterior part&#8221; title=&#8221;Tornar a&#8221; url_new_window=&#8221;off&#8221; button_text=&#8221;Anterior&#8221; use_background_color=&#8221;off&#8221; background_color=&#8221;#990000&#8243; background_layout=&#8221;dark&#8221; text_orientation=&#8221;center&#8221; use_border_color=&#8221;off&#8221; border_color=&#8221;#ffffff&#8221; border_style=&#8221;solid&#8221; custom_button=&#8221;off&#8221; button_letter_spacing=&#8221;0&#8243; button_use_icon=&#8221;default&#8221; button_icon_placement=&#8221;right&#8221; button_on_hover=&#8221;on&#8221; button_letter_spacing_hover=&#8221;0&#8243; module_id=&#8221;cta-by_style&#8221; module_class=&#8221;cta-action&#8221; button_url=&#8221;https:\/\/catedraldevalencia.es\/va\/historia\/l-esglesia-a-valencia\/part-7-s-xx-a-s-xxi\/&#8221;]<\/p>\n<h3>Segle XX a Segle XXI <strong>Part 7<\/strong><\/h3>\n<p>[\/et_pb_cta][\/et_pb_column][et_pb_column type=&#8221;1_2&#8243;][et_pb_cta admin_label=&#8221;CTA &#8211; Seg\u00fcent part&#8221; title=&#8221;Tornar a&#8221; button_url=&#8221;https:\/\/catedraldevalencia.es\/va\/historia\/l-esglesia-a-valencia\/&#8221; url_new_window=&#8221;off&#8221; button_text=&#8221;Seg\u00fcent&#8221; use_background_color=&#8221;off&#8221; background_color=&#8221;#990000&#8243; background_layout=&#8221;dark&#8221; text_orientation=&#8221;center&#8221; use_border_color=&#8221;off&#8221; border_color=&#8221;#ffffff&#8221; border_style=&#8221;solid&#8221; custom_button=&#8221;off&#8221; button_letter_spacing=&#8221;0&#8243; button_use_icon=&#8221;default&#8221; button_icon_placement=&#8221;right&#8221; button_on_hover=&#8221;on&#8221; button_letter_spacing_hover=&#8221;0&#8243; module_id=&#8221;cta-by_room&#8221; module_class=&#8221;cta-action&#8221;]<\/p>\n<h3>L&#8217;Esgl\u00e9sia a Val\u00e8ncia<strong>Introducci\u00f3<\/strong><\/h3>\n<p>[\/et_pb_cta][\/et_pb_column][\/et_pb_row][\/et_pb_section]<\/p>\n","protected":false},"excerpt":{"rendered":"<p>[et_pb_section admin_label=&#8221;Secci\u00f3&#8221; transparent_background=&#8221;on&#8221; background_color=&#8221;#ffffff&#8221; allow_player_pause=&#8221;off&#8221; inner_shadow=&#8221;off&#8221; parallax=&#8221;on&#8221; parallax_method=&#8221;on&#8221; padding_mobile=&#8221;on&#8221; make_fullwidth=&#8221;off&#8221; use_custom_width=&#8221;off&#8221; width_unit=&#8221;on&#8221; make_equal=&#8221;off&#8221; use_custom_gutter=&#8221;off&#8221; custom_padding=&#8221;0px|0px|0px|0px&#8221; background_image=&#8221;https:\/\/catedraldevalencia.es\/wp-content\/uploads\/2019\/12\/bg-part-8-21th-century-summary.jpg&#8221; module_id=&#8221;row-1&#8243;][et_pb_row admin_label=&#8221;Fila&#8221; make_fullwidth=&#8221;on&#8221; use_custom_width=&#8221;off&#8221; width_unit=&#8221;on&#8221; use_custom_gutter=&#8221;on&#8221; padding_mobile=&#8221;on&#8221; allow_player_pause=&#8221;off&#8221; parallax=&#8221;off&#8221; parallax_method=&#8221;off&#8221; make_equal=&#8221;on&#8221; parallax_1=&#8221;on&#8221; parallax_method_1=&#8221;on&#8221; parallax_2=&#8221;off&#8221; parallax_method_2=&#8221;off&#8221; column_padding_mobile=&#8221;off&#8221; gutter_width=&#8221;1&#8243; module_id_1=&#8221;column-header-split&#8221; module_id_2=&#8221;column-text-split&#8221; padding_2_last_edited=&#8221;off|desktop&#8221;][et_pb_column type=&#8221;1_2&#8243;][et_pb_text admin_label=&#8221;Text &#8211; Part 8\/8&#8243; background_layout=&#8221;dark&#8221; text_orientation=&#8221;center&#8221; use_border_color=&#8221;off&#8221; border_color=&#8221;#ffffff&#8221; border_style=&#8221;solid&#8221; custom_margin=&#8221;||4%|&#8221;] Part 8\/8 [\/et_pb_text][et_pb_text admin_label=&#8221;T\u00edtol &#8211; S. XXI&#8221; background_layout=&#8221;dark&#8221; [&hellip;]<\/p>\n","protected":false},"author":1,"featured_media":4696,"parent":80,"menu_order":8,"comment_status":"closed","ping_status":"closed","template":"page-withtimeline.php","meta":{"footnotes":""},"class_list":["post-4661","page","type-page","status-publish","has-post-thumbnail","hentry"],"yoast_head":"<!-- This site is optimized with the Yoast SEO plugin v27.3 - https:\/\/yoast.com\/product\/yoast-seo-wordpress\/ -->\n<title>Part 8 - S. XXI - Catedral de Val\u00e8ncia<\/title>\n<meta name=\"robots\" content=\"index, follow, max-snippet:-1, max-image-preview:large, max-video-preview:-1\" \/>\n<link rel=\"canonical\" href=\"https:\/\/catedraldevalencia.es\/va\/historia\/l-esglesia-a-valencia\/part-8-s-xxi\/\" \/>\n<meta property=\"og:locale\" content=\"ca_ES\" \/>\n<meta property=\"og:type\" content=\"article\" \/>\n<meta property=\"og:title\" content=\"Part 8 - S. XXI - Catedral de Val\u00e8ncia\" \/>\n<meta property=\"og:description\" content=\"[et_pb_section admin_label=&#8221;Secci\u00f3&#8221; transparent_background=&#8221;on&#8221; background_color=&#8221;#ffffff&#8221; allow_player_pause=&#8221;off&#8221; inner_shadow=&#8221;off&#8221; parallax=&#8221;on&#8221; parallax_method=&#8221;on&#8221; padding_mobile=&#8221;on&#8221; make_fullwidth=&#8221;off&#8221; use_custom_width=&#8221;off&#8221; width_unit=&#8221;on&#8221; make_equal=&#8221;off&#8221; use_custom_gutter=&#8221;off&#8221; custom_padding=&#8221;0px|0px|0px|0px&#8221; background_image=&#8221;https:\/\/catedraldevalencia.es\/wp-content\/uploads\/2019\/12\/bg-part-8-21th-century-summary.jpg&#8221; module_id=&#8221;row-1&#8243;][et_pb_row admin_label=&#8221;Fila&#8221; make_fullwidth=&#8221;on&#8221; use_custom_width=&#8221;off&#8221; width_unit=&#8221;on&#8221; use_custom_gutter=&#8221;on&#8221; padding_mobile=&#8221;on&#8221; allow_player_pause=&#8221;off&#8221; parallax=&#8221;off&#8221; parallax_method=&#8221;off&#8221; make_equal=&#8221;on&#8221; parallax_1=&#8221;on&#8221; parallax_method_1=&#8221;on&#8221; parallax_2=&#8221;off&#8221; parallax_method_2=&#8221;off&#8221; column_padding_mobile=&#8221;off&#8221; gutter_width=&#8221;1&#8243; module_id_1=&#8221;column-header-split&#8221; module_id_2=&#8221;column-text-split&#8221; padding_2_last_edited=&#8221;off|desktop&#8221;][et_pb_column type=&#8221;1_2&#8243;][et_pb_text admin_label=&#8221;Text &#8211; Part 8\/8&#8243; background_layout=&#8221;dark&#8221; text_orientation=&#8221;center&#8221; use_border_color=&#8221;off&#8221; border_color=&#8221;#ffffff&#8221; border_style=&#8221;solid&#8221; custom_margin=&#8221;||4%|&#8221;] Part 8\/8 [\/et_pb_text][et_pb_text admin_label=&#8221;T\u00edtol &#8211; S. XXI&#8221; background_layout=&#8221;dark&#8221; [&hellip;]\" \/>\n<meta property=\"og:url\" content=\"https:\/\/catedraldevalencia.es\/va\/historia\/l-esglesia-a-valencia\/part-8-s-xxi\/\" \/>\n<meta property=\"og:site_name\" content=\"Catedral de Val\u00e8ncia\" \/>\n<meta property=\"article:modified_time\" content=\"2025-04-19T10:05:10+00:00\" \/>\n<meta property=\"og:image\" content=\"https:\/\/catedraldevalencia.es\/va\/wp-content\/uploads\/2020\/01\/ft-part-8-s-xxi.jpg\" \/>\n\t<meta property=\"og:image:width\" content=\"700\" \/>\n\t<meta property=\"og:image:height\" content=\"525\" \/>\n\t<meta property=\"og:image:type\" content=\"image\/jpeg\" \/>\n<meta name=\"twitter:card\" content=\"summary_large_image\" \/>\n<meta name=\"twitter:label1\" content=\"Est. reading time\" \/>\n\t<meta name=\"twitter:data1\" content=\"4 minutes\" \/>\n<script type=\"application\/ld+json\" class=\"yoast-schema-graph\">{\"@context\":\"https:\\\/\\\/schema.org\",\"@graph\":[{\"@type\":\"WebPage\",\"@id\":\"https:\\\/\\\/catedraldevalencia.es\\\/va\\\/historia\\\/l-esglesia-a-valencia\\\/part-8-s-xxi\\\/\",\"url\":\"https:\\\/\\\/catedraldevalencia.es\\\/va\\\/historia\\\/l-esglesia-a-valencia\\\/part-8-s-xxi\\\/\",\"name\":\"Part 8 - S. XXI - Catedral de Val\u00e8ncia\",\"isPartOf\":{\"@id\":\"https:\\\/\\\/catedraldevalencia.es\\\/va\\\/#website\"},\"primaryImageOfPage\":{\"@id\":\"https:\\\/\\\/catedraldevalencia.es\\\/va\\\/historia\\\/l-esglesia-a-valencia\\\/part-8-s-xxi\\\/#primaryimage\"},\"image\":{\"@id\":\"https:\\\/\\\/catedraldevalencia.es\\\/va\\\/historia\\\/l-esglesia-a-valencia\\\/part-8-s-xxi\\\/#primaryimage\"},\"thumbnailUrl\":\"https:\\\/\\\/catedraldevalencia.es\\\/va\\\/wp-content\\\/uploads\\\/2020\\\/01\\\/ft-part-8-s-xxi.jpg\",\"datePublished\":\"2019-12-30T12:51:06+00:00\",\"dateModified\":\"2025-04-19T10:05:10+00:00\",\"breadcrumb\":{\"@id\":\"https:\\\/\\\/catedraldevalencia.es\\\/va\\\/historia\\\/l-esglesia-a-valencia\\\/part-8-s-xxi\\\/#breadcrumb\"},\"inLanguage\":\"ca\",\"potentialAction\":[{\"@type\":\"ReadAction\",\"target\":[\"https:\\\/\\\/catedraldevalencia.es\\\/va\\\/historia\\\/l-esglesia-a-valencia\\\/part-8-s-xxi\\\/\"]}]},{\"@type\":\"ImageObject\",\"inLanguage\":\"ca\",\"@id\":\"https:\\\/\\\/catedraldevalencia.es\\\/va\\\/historia\\\/l-esglesia-a-valencia\\\/part-8-s-xxi\\\/#primaryimage\",\"url\":\"https:\\\/\\\/catedraldevalencia.es\\\/va\\\/wp-content\\\/uploads\\\/2020\\\/01\\\/ft-part-8-s-xxi.jpg\",\"contentUrl\":\"https:\\\/\\\/catedraldevalencia.es\\\/va\\\/wp-content\\\/uploads\\\/2020\\\/01\\\/ft-part-8-s-xxi.jpg\",\"width\":700,\"height\":525},{\"@type\":\"BreadcrumbList\",\"@id\":\"https:\\\/\\\/catedraldevalencia.es\\\/va\\\/historia\\\/l-esglesia-a-valencia\\\/part-8-s-xxi\\\/#breadcrumb\",\"itemListElement\":[{\"@type\":\"ListItem\",\"position\":1,\"name\":\"Portada\",\"item\":\"https:\\\/\\\/catedraldevalencia.es\\\/va\\\/\"},{\"@type\":\"ListItem\",\"position\":2,\"name\":\"Hist\u00f2ria\",\"item\":\"https:\\\/\\\/catedraldevalencia.es\\\/va\\\/historia\\\/\"},{\"@type\":\"ListItem\",\"position\":3,\"name\":\"L&#8217;Esgl\u00e9sia a Val\u00e8ncia\",\"item\":\"https:\\\/\\\/catedraldevalencia.es\\\/va\\\/historia\\\/l-esglesia-a-valencia\\\/\"},{\"@type\":\"ListItem\",\"position\":4,\"name\":\"Part 8 &#8211; S. XXI\"}]},{\"@type\":\"WebSite\",\"@id\":\"https:\\\/\\\/catedraldevalencia.es\\\/va\\\/#website\",\"url\":\"https:\\\/\\\/catedraldevalencia.es\\\/va\\\/\",\"name\":\"Catedral de Val\u00e8ncia\",\"description\":\"La Catedral del Sant Calze\",\"potentialAction\":[{\"@type\":\"SearchAction\",\"target\":{\"@type\":\"EntryPoint\",\"urlTemplate\":\"https:\\\/\\\/catedraldevalencia.es\\\/va\\\/?s={search_term_string}\"},\"query-input\":{\"@type\":\"PropertyValueSpecification\",\"valueRequired\":true,\"valueName\":\"search_term_string\"}}],\"inLanguage\":\"ca\"}]}<\/script>\n<!-- \/ Yoast SEO plugin. -->","yoast_head_json":{"title":"Part 8 - S. XXI - Catedral de Val\u00e8ncia","robots":{"index":"index","follow":"follow","max-snippet":"max-snippet:-1","max-image-preview":"max-image-preview:large","max-video-preview":"max-video-preview:-1"},"canonical":"https:\/\/catedraldevalencia.es\/va\/historia\/l-esglesia-a-valencia\/part-8-s-xxi\/","og_locale":"ca_ES","og_type":"article","og_title":"Part 8 - S. XXI - Catedral de Val\u00e8ncia","og_description":"[et_pb_section admin_label=&#8221;Secci\u00f3&#8221; transparent_background=&#8221;on&#8221; background_color=&#8221;#ffffff&#8221; allow_player_pause=&#8221;off&#8221; inner_shadow=&#8221;off&#8221; parallax=&#8221;on&#8221; parallax_method=&#8221;on&#8221; padding_mobile=&#8221;on&#8221; make_fullwidth=&#8221;off&#8221; use_custom_width=&#8221;off&#8221; width_unit=&#8221;on&#8221; make_equal=&#8221;off&#8221; use_custom_gutter=&#8221;off&#8221; custom_padding=&#8221;0px|0px|0px|0px&#8221; background_image=&#8221;https:\/\/catedraldevalencia.es\/wp-content\/uploads\/2019\/12\/bg-part-8-21th-century-summary.jpg&#8221; module_id=&#8221;row-1&#8243;][et_pb_row admin_label=&#8221;Fila&#8221; make_fullwidth=&#8221;on&#8221; use_custom_width=&#8221;off&#8221; width_unit=&#8221;on&#8221; use_custom_gutter=&#8221;on&#8221; padding_mobile=&#8221;on&#8221; allow_player_pause=&#8221;off&#8221; parallax=&#8221;off&#8221; parallax_method=&#8221;off&#8221; make_equal=&#8221;on&#8221; parallax_1=&#8221;on&#8221; parallax_method_1=&#8221;on&#8221; parallax_2=&#8221;off&#8221; parallax_method_2=&#8221;off&#8221; column_padding_mobile=&#8221;off&#8221; gutter_width=&#8221;1&#8243; module_id_1=&#8221;column-header-split&#8221; module_id_2=&#8221;column-text-split&#8221; padding_2_last_edited=&#8221;off|desktop&#8221;][et_pb_column type=&#8221;1_2&#8243;][et_pb_text admin_label=&#8221;Text &#8211; Part 8\/8&#8243; background_layout=&#8221;dark&#8221; text_orientation=&#8221;center&#8221; use_border_color=&#8221;off&#8221; border_color=&#8221;#ffffff&#8221; border_style=&#8221;solid&#8221; custom_margin=&#8221;||4%|&#8221;] Part 8\/8 [\/et_pb_text][et_pb_text admin_label=&#8221;T\u00edtol &#8211; S. XXI&#8221; background_layout=&#8221;dark&#8221; [&hellip;]","og_url":"https:\/\/catedraldevalencia.es\/va\/historia\/l-esglesia-a-valencia\/part-8-s-xxi\/","og_site_name":"Catedral de Val\u00e8ncia","article_modified_time":"2025-04-19T10:05:10+00:00","og_image":[{"width":700,"height":525,"url":"https:\/\/catedraldevalencia.es\/va\/wp-content\/uploads\/2020\/01\/ft-part-8-s-xxi.jpg","type":"image\/jpeg"}],"twitter_card":"summary_large_image","twitter_misc":{"Est. reading time":"4 minutes"},"schema":{"@context":"https:\/\/schema.org","@graph":[{"@type":"WebPage","@id":"https:\/\/catedraldevalencia.es\/va\/historia\/l-esglesia-a-valencia\/part-8-s-xxi\/","url":"https:\/\/catedraldevalencia.es\/va\/historia\/l-esglesia-a-valencia\/part-8-s-xxi\/","name":"Part 8 - S. XXI - Catedral de Val\u00e8ncia","isPartOf":{"@id":"https:\/\/catedraldevalencia.es\/va\/#website"},"primaryImageOfPage":{"@id":"https:\/\/catedraldevalencia.es\/va\/historia\/l-esglesia-a-valencia\/part-8-s-xxi\/#primaryimage"},"image":{"@id":"https:\/\/catedraldevalencia.es\/va\/historia\/l-esglesia-a-valencia\/part-8-s-xxi\/#primaryimage"},"thumbnailUrl":"https:\/\/catedraldevalencia.es\/va\/wp-content\/uploads\/2020\/01\/ft-part-8-s-xxi.jpg","datePublished":"2019-12-30T12:51:06+00:00","dateModified":"2025-04-19T10:05:10+00:00","breadcrumb":{"@id":"https:\/\/catedraldevalencia.es\/va\/historia\/l-esglesia-a-valencia\/part-8-s-xxi\/#breadcrumb"},"inLanguage":"ca","potentialAction":[{"@type":"ReadAction","target":["https:\/\/catedraldevalencia.es\/va\/historia\/l-esglesia-a-valencia\/part-8-s-xxi\/"]}]},{"@type":"ImageObject","inLanguage":"ca","@id":"https:\/\/catedraldevalencia.es\/va\/historia\/l-esglesia-a-valencia\/part-8-s-xxi\/#primaryimage","url":"https:\/\/catedraldevalencia.es\/va\/wp-content\/uploads\/2020\/01\/ft-part-8-s-xxi.jpg","contentUrl":"https:\/\/catedraldevalencia.es\/va\/wp-content\/uploads\/2020\/01\/ft-part-8-s-xxi.jpg","width":700,"height":525},{"@type":"BreadcrumbList","@id":"https:\/\/catedraldevalencia.es\/va\/historia\/l-esglesia-a-valencia\/part-8-s-xxi\/#breadcrumb","itemListElement":[{"@type":"ListItem","position":1,"name":"Portada","item":"https:\/\/catedraldevalencia.es\/va\/"},{"@type":"ListItem","position":2,"name":"Hist\u00f2ria","item":"https:\/\/catedraldevalencia.es\/va\/historia\/"},{"@type":"ListItem","position":3,"name":"L&#8217;Esgl\u00e9sia a Val\u00e8ncia","item":"https:\/\/catedraldevalencia.es\/va\/historia\/l-esglesia-a-valencia\/"},{"@type":"ListItem","position":4,"name":"Part 8 &#8211; S. XXI"}]},{"@type":"WebSite","@id":"https:\/\/catedraldevalencia.es\/va\/#website","url":"https:\/\/catedraldevalencia.es\/va\/","name":"Catedral de Val\u00e8ncia","description":"La Catedral del Sant Calze","potentialAction":[{"@type":"SearchAction","target":{"@type":"EntryPoint","urlTemplate":"https:\/\/catedraldevalencia.es\/va\/?s={search_term_string}"},"query-input":{"@type":"PropertyValueSpecification","valueRequired":true,"valueName":"search_term_string"}}],"inLanguage":"ca"}]}},"_links":{"self":[{"href":"https:\/\/catedraldevalencia.es\/va\/wp-json\/wp\/v2\/pages\/4661","targetHints":{"allow":["GET"]}}],"collection":[{"href":"https:\/\/catedraldevalencia.es\/va\/wp-json\/wp\/v2\/pages"}],"about":[{"href":"https:\/\/catedraldevalencia.es\/va\/wp-json\/wp\/v2\/types\/page"}],"author":[{"embeddable":true,"href":"https:\/\/catedraldevalencia.es\/va\/wp-json\/wp\/v2\/users\/1"}],"replies":[{"embeddable":true,"href":"https:\/\/catedraldevalencia.es\/va\/wp-json\/wp\/v2\/comments?post=4661"}],"version-history":[{"count":0,"href":"https:\/\/catedraldevalencia.es\/va\/wp-json\/wp\/v2\/pages\/4661\/revisions"}],"up":[{"embeddable":true,"href":"https:\/\/catedraldevalencia.es\/va\/wp-json\/wp\/v2\/pages\/80"}],"wp:featuredmedia":[{"embeddable":true,"href":"https:\/\/catedraldevalencia.es\/va\/wp-json\/wp\/v2\/media\/4696"}],"wp:attachment":[{"href":"https:\/\/catedraldevalencia.es\/va\/wp-json\/wp\/v2\/media?parent=4661"}],"curies":[{"name":"wp","href":"https:\/\/api.w.org\/{rel}","templated":true}]}}