{"id":58,"date":"2017-10-31T12:47:10","date_gmt":"2017-10-31T12:47:10","guid":{"rendered":"https:\/\/catedraldevalencia.es\/va\/?page_id=58"},"modified":"2020-02-05T09:36:17","modified_gmt":"2020-02-05T09:36:17","slug":"celebracions-extraordinaries","status":"publish","type":"page","link":"https:\/\/catedraldevalencia.es\/va\/culte\/celebracions-extraordinaries\/","title":{"rendered":"Celebracions extraordin\u00e0ries"},"content":{"rendered":"<p>[et_pb_section admin_label=&#8221;Cap\u00e7alera&#8221; fullwidth=&#8221;on&#8221; transparent_background=&#8221;on&#8221; allow_player_pause=&#8221;off&#8221; inner_shadow=&#8221;off&#8221; parallax=&#8221;off&#8221; parallax_method=&#8221;off&#8221; padding_mobile=&#8221;off&#8221; make_fullwidth=&#8221;off&#8221; use_custom_width=&#8221;off&#8221; width_unit=&#8221;on&#8221; make_equal=&#8221;off&#8221; use_custom_gutter=&#8221;off&#8221; module_id=&#8221;marquee&#8221; module_class=&#8221;medium animated&#8221; background_color=&#8221;#ffffff&#8221;]\n[et_pb_fullwidth_header admin_label=&#8221;Cap\u00e7alera &#8211; Celebracions extraordin\u00e0ries&#8221; title=&#8221;Celebracions&#8221; subhead=&#8221;Culte en la Catedral de Val\u00e8ncia&#8221; background_layout=&#8221;dark&#8221; text_orientation=&#8221;left&#8221; header_fullscreen=&#8221;off&#8221; header_scroll_down=&#8221;off&#8221; parallax=&#8221;off&#8221; parallax_method=&#8221;off&#8221; content_orientation=&#8221;center&#8221; image_orientation=&#8221;center&#8221; custom_button_one=&#8221;off&#8221; button_one_letter_spacing=&#8221;0&#8243; button_one_use_icon=&#8221;default&#8221; button_one_icon_placement=&#8221;right&#8221; button_one_on_hover=&#8221;on&#8221; button_one_letter_spacing_hover=&#8221;0&#8243; custom_button_two=&#8221;off&#8221; button_two_letter_spacing=&#8221;0&#8243; button_two_use_icon=&#8221;default&#8221; button_two_icon_placement=&#8221;right&#8221; button_two_on_hover=&#8221;on&#8221; button_two_letter_spacing_hover=&#8221;0&#8243; background_overlay_color=&#8221;rgba(27,27,27,0)&#8221;]\n[\/et_pb_fullwidth_header]\n[\/et_pb_section]\n[et_pb_section admin_label=&#8221;Secci\u00f3&#8221; fullwidth=&#8221;off&#8221; specialty=&#8221;on&#8221; transparent_background=&#8221;on&#8221; background_color=&#8221;#ffffff&#8221; allow_player_pause=&#8221;off&#8221; inner_shadow=&#8221;off&#8221; parallax=&#8221;off&#8221; parallax_method=&#8221;off&#8221; padding_mobile=&#8221;off&#8221; make_fullwidth=&#8221;off&#8221; use_custom_width=&#8221;off&#8221; width_unit=&#8221;on&#8221; make_equal=&#8221;on&#8221; use_custom_gutter=&#8221;off&#8221; parallax_1=&#8221;off&#8221; parallax_method_1=&#8221;off&#8221; parallax_2=&#8221;off&#8221; parallax_method_2=&#8221;off&#8221; module_id=&#8221;row-1&#8243; module_class_1=&#8221;col-1&#8243; module_class_2=&#8221;col-2&#8243;]\n[et_pb_column type=&#8221;2_3&#8243; specialty_columns=&#8221;2&#8243;]\n[et_pb_row_inner admin_label=&#8221;Fila&#8221;]\n[et_pb_column_inner type=&#8221;4_4&#8243; saved_specialty_column_type=&#8221;2_3&#8243;]\n[et_pb_text admin_label=&#8221;Text &#8211; Celebracions extraordin\u00e0ries&#8221; background_layout=&#8221;light&#8221; text_orientation=&#8221;left&#8221; use_border_color=&#8221;off&#8221; border_color=&#8221;#ffffff&#8221; border_style=&#8221;solid&#8221; module_class=&#8221;header&#8221;]<\/p>\n<h3>Llistat de celebracions extraordin\u00e0ries<\/h3>\n<p>[\/et_pb_text]\n[et_pb_code admin_label=&#8221;Shortcode &#8211; Celebracions extraordin\u00e0ries&#8221;]\n<div id=\"worship-list\">\n<ul class=\"&#x27;special-celebrations&#x27;\">\n<li class=\"li-solemnitat-de-sant-vicent-martir\">\n<h5>Solemnitat de Sant Vicent M\u00e0rtir<\/h5><p>22 de gener.<\/p>\n\n<\/li>\n<li class=\"li-festa-de-la-presentacio-del-senyor\">\n<h5>Festa de la Presentaci\u00f3 del Senyor<\/h5><p>2 de febrer.<\/p>\n\n<\/li>\n<li class=\"li-ash-wednesday\">\n<h5>Dimecres de cendra<\/h5><p><strong><\/strong>el 18 de febrer 2026. <span class=\"note\">(Data variable, entre el 4 de febrer i el 10 de mar\u00e7.)<\/span><\/p><div class=\"txt-worship\"><p>Primer dia de la Quaresma.<\/p>\n<\/div>\n<\/li>\n<li class=\"li-sant-josep\">\n<h5>Sant Josep<\/h5><p>19 de mar&ccedil;.<\/p>\n\n<\/li>\n<li class=\"li-palm-sunday\">\n<h5>Diumenge de Rams<\/h5><p><strong><\/strong>el 29 de mar\u00e7 2026. <span class=\"note\">(Data variable, entre el 15 de mar\u00e7 i el 18 d'abril.)<\/span><\/p>\n<\/li>\n<li class=\"li-chrism-mass\">\n<h5>Missa crismal<\/h5><p><strong>Dimecres Sant.\n<\/strong>el 1 d'abril 2026. <span class=\"note\">(Data variable, entre mar\u00e7 i abril segons l'any.)<\/span><\/p>\n<\/li>\n<li class=\"li-mass-of-the-lords-supper\">\n<h5>Missa del Sopar del Senyor<\/h5><p><strong>Dijous Sant.\n<\/strong>el 2 d'abril 2026. <span class=\"note\">(Data variable, entre mar\u00e7 i abril segons l'any.)<\/span><\/p>\n<\/li>\n<li class=\"li-good-friday\">\n<h5>Celebraci\u00f3 de la Passi\u00f3 del Senyor<\/h5><p><strong>Divendres Sant.\n<\/strong>el 3 d'abril 2026. <span class=\"note\">(Data variable, entre mar\u00e7 i abril segons l'any.)<\/span><\/p>\n<\/li>\n<li class=\"li-easter-sunday\">\n<h5>Diumenge de Pasqua de Resurrecci\u00f3<\/h5><p><strong><\/strong>el 5 d'abril 2026. <span class=\"note\">(Data variable, entre mar\u00e7 i abril segons l'any.)<\/span><\/p><div class=\"txt-worship\"><p>Vig&iacute;lia Pasqual.<\/p>\n<\/div>\n<\/li>\n<li class=\"li-solemnity-of-saint-vincent-ferrer\">\n<h5>Solemnitat de Sant Vicent Ferrer<\/h5><p><strong><\/strong>el 13 d'abril 2026. <span class=\"note\">(Dilluns despr\u00e9s del segon diumenge de Pasqua.)<\/span><\/p>\n<\/li>\n<li class=\"li-solemnitat-externa-de-la-nostra-senyora-dels-desemparats\">\n<h5>Solemnitat externa de La nostra Senyora dels Desemparats<\/h5><p>Segon diumenge de maig.<\/p>\n\n<\/li>\n<li class=\"li-solemnitat-de-corpus-christi\">\n<h5>Solemnitat de Corpus Christi<\/h5>\n<\/li>\n<li class=\"li-solemnitat-de-lasuncion-de-la-verge\">\n<h5>Solemnitat de l'Asunci\u00f3n de la Verge, titular de la S. I. Catedral<\/h5><p>15 d&#8217;agost.<\/p>\n\n<\/li>\n<li class=\"li-aniversari-de-la-dedicacio-de-la-santa-esglesia-catedral\">\n<h5>Aniversari de la Dedicaci\u00f3 de la Santa Esgl\u00e9sia Catedral<\/h5><p>9 d&#8217;octubre.<\/p>\n\n<\/li>\n<li class=\"li-festa-anual-del-sant-calze\">\n<h5>Festa anual del Sant Calze<\/h5><p>&Uacute;ltim dijous d&#8217;octubre.<\/p>\n\n<\/li>\n<li class=\"li-solemnitat-de-la-immaculada-concepcio-de-la-mare-de-deu\">\n<h5>Solemnitat de la Immaculada Concepci\u00f3 de la Mare de D\u00e9u<\/h5><p>8 de desembre.<\/p>\n\n<\/li>\n<li class=\"li-solemnitat-de-la-nativitat-del-senyor\">\n<h5>Solemnitat de la Nativitat del Senyor<\/h5><p>Missa 19.00 h.<\/p>\n\n<\/li>\n<li class=\"li-primeres-vespres-i-quaranta-hores\">\n<h5>Primeres vespres i quaranta hores<\/h5><p>31 de desembre.<\/p>\n<div class=\"txt-worship\"><p>I Vespres de la solemnitat de *Sta. Mar&iacute;a *Madre de D&eacute;u i conclusi&oacute; de les *XL hores d&#8217;adoraci&oacute; al Sant&iacute;ssim Sagrament.<\/p>\n<\/div>\n<\/li>\n<li class=\"li-ordenacio-de-preveres\">\n<h5>Ordenaci\u00f3 de Preveres<\/h5>\n<\/li>\n<\/ul>\n<\/div>\n[\/et_pb_code]\n[et_pb_text admin_label=&#8221;Nota &#8211; Horaris subjectes a canvis&#8221; background_layout=&#8221;light&#8221; text_orientation=&#8221;left&#8221; use_border_color=&#8221;off&#8221; border_color=&#8221;#ffffff&#8221; border_style=&#8221;solid&#8221; saved_tabs=&#8221;all&#8221; global_module=&#8221;26213&#8243;]<\/p>\n<p class=\"note\"><i class=\"icon icon-info-circled\"><\/i>Aquests horaris poden estar subjectes a canvis.<\/p>\n<p>[\/et_pb_text]\n[\/et_pb_column_inner]\n[\/et_pb_row_inner]\n[\/et_pb_column]\n[et_pb_column type=&#8221;1_3&#8243;]\n[et_pb_sidebar admin_label=&#8221;En esta secci\u00f3&#8221; orientation=&#8221;right&#8221; area=&#8221;et_pb_widget_area_7&#8243; background_layout=&#8221;light&#8221; remove_border=&#8221;off&#8221; module_class=&#8221;sidebar&#8221;]\n[\/et_pb_sidebar]\n[\/et_pb_column]\n[\/et_pb_section]<\/p>\n","protected":false},"excerpt":{"rendered":"<p>Solemnitats, Festes, Celebracions, Ordenaci\u00f3 i Vespres.<\/p>\n","protected":false},"author":1,"featured_media":4720,"parent":39,"menu_order":3,"comment_status":"closed","ping_status":"closed","template":"","meta":{"footnotes":""},"class_list":["post-58","page","type-page","status-publish","has-post-thumbnail","hentry"],"yoast_head":"<!-- This site is optimized with the Yoast SEO plugin v27.4 - https:\/\/yoast.com\/product\/yoast-seo-wordpress\/ -->\n<title>Celebracions extraordin\u00e0ries - Catedral de Val\u00e8ncia<\/title>\n<meta name=\"robots\" content=\"index, follow, max-snippet:-1, max-image-preview:large, max-video-preview:-1\" \/>\n<link rel=\"canonical\" href=\"https:\/\/catedraldevalencia.es\/va\/culte\/celebracions-extraordinaries\/\" \/>\n<meta property=\"og:locale\" content=\"ca_ES\" \/>\n<meta property=\"og:type\" content=\"article\" \/>\n<meta property=\"og:title\" content=\"Celebracions extraordin\u00e0ries - Catedral de Val\u00e8ncia\" \/>\n<meta property=\"og:description\" content=\"Solemnitats, Festes, Celebracions, Ordenaci\u00f3 i Vespres.\" \/>\n<meta property=\"og:url\" content=\"https:\/\/catedraldevalencia.es\/va\/culte\/celebracions-extraordinaries\/\" \/>\n<meta property=\"og:site_name\" content=\"Catedral de Val\u00e8ncia\" \/>\n<meta property=\"article:modified_time\" content=\"2020-02-05T09:36:17+00:00\" \/>\n<meta property=\"og:image\" content=\"https:\/\/catedraldevalencia.es\/va\/wp-content\/uploads\/2020\/01\/ft-worship-extraordinary.jpg\" \/>\n\t<meta property=\"og:image:width\" content=\"700\" \/>\n\t<meta property=\"og:image:height\" content=\"525\" \/>\n\t<meta property=\"og:image:type\" content=\"image\/jpeg\" \/>\n<meta name=\"twitter:card\" content=\"summary_large_image\" \/>\n<meta name=\"twitter:label1\" content=\"Est. reading time\" \/>\n\t<meta name=\"twitter:data1\" content=\"2 minutes\" \/>\n<script type=\"application\/ld+json\" class=\"yoast-schema-graph\">{\"@context\":\"https:\\\/\\\/schema.org\",\"@graph\":[{\"@type\":\"WebPage\",\"@id\":\"https:\\\/\\\/catedraldevalencia.es\\\/va\\\/culte\\\/celebracions-extraordinaries\\\/\",\"url\":\"https:\\\/\\\/catedraldevalencia.es\\\/va\\\/culte\\\/celebracions-extraordinaries\\\/\",\"name\":\"Celebracions extraordin\u00e0ries - Catedral de Val\u00e8ncia\",\"isPartOf\":{\"@id\":\"https:\\\/\\\/catedraldevalencia.es\\\/va\\\/#website\"},\"primaryImageOfPage\":{\"@id\":\"https:\\\/\\\/catedraldevalencia.es\\\/va\\\/culte\\\/celebracions-extraordinaries\\\/#primaryimage\"},\"image\":{\"@id\":\"https:\\\/\\\/catedraldevalencia.es\\\/va\\\/culte\\\/celebracions-extraordinaries\\\/#primaryimage\"},\"thumbnailUrl\":\"https:\\\/\\\/catedraldevalencia.es\\\/va\\\/wp-content\\\/uploads\\\/2020\\\/01\\\/ft-worship-extraordinary.jpg\",\"datePublished\":\"2017-10-31T12:47:10+00:00\",\"dateModified\":\"2020-02-05T09:36:17+00:00\",\"breadcrumb\":{\"@id\":\"https:\\\/\\\/catedraldevalencia.es\\\/va\\\/culte\\\/celebracions-extraordinaries\\\/#breadcrumb\"},\"inLanguage\":\"ca\",\"potentialAction\":[{\"@type\":\"ReadAction\",\"target\":[\"https:\\\/\\\/catedraldevalencia.es\\\/va\\\/culte\\\/celebracions-extraordinaries\\\/\"]}]},{\"@type\":\"ImageObject\",\"inLanguage\":\"ca\",\"@id\":\"https:\\\/\\\/catedraldevalencia.es\\\/va\\\/culte\\\/celebracions-extraordinaries\\\/#primaryimage\",\"url\":\"https:\\\/\\\/catedraldevalencia.es\\\/va\\\/wp-content\\\/uploads\\\/2020\\\/01\\\/ft-worship-extraordinary.jpg\",\"contentUrl\":\"https:\\\/\\\/catedraldevalencia.es\\\/va\\\/wp-content\\\/uploads\\\/2020\\\/01\\\/ft-worship-extraordinary.jpg\",\"width\":700,\"height\":525},{\"@type\":\"BreadcrumbList\",\"@id\":\"https:\\\/\\\/catedraldevalencia.es\\\/va\\\/culte\\\/celebracions-extraordinaries\\\/#breadcrumb\",\"itemListElement\":[{\"@type\":\"ListItem\",\"position\":1,\"name\":\"Portada\",\"item\":\"https:\\\/\\\/catedraldevalencia.es\\\/va\\\/\"},{\"@type\":\"ListItem\",\"position\":2,\"name\":\"Culte\",\"item\":\"https:\\\/\\\/catedraldevalencia.es\\\/va\\\/culte\\\/\"},{\"@type\":\"ListItem\",\"position\":3,\"name\":\"Celebracions extraordin\u00e0ries\"}]},{\"@type\":\"WebSite\",\"@id\":\"https:\\\/\\\/catedraldevalencia.es\\\/va\\\/#website\",\"url\":\"https:\\\/\\\/catedraldevalencia.es\\\/va\\\/\",\"name\":\"Catedral de Val\u00e8ncia\",\"description\":\"La Catedral del Sant Calze\",\"potentialAction\":[{\"@type\":\"SearchAction\",\"target\":{\"@type\":\"EntryPoint\",\"urlTemplate\":\"https:\\\/\\\/catedraldevalencia.es\\\/va\\\/?s={search_term_string}\"},\"query-input\":{\"@type\":\"PropertyValueSpecification\",\"valueRequired\":true,\"valueName\":\"search_term_string\"}}],\"inLanguage\":\"ca\"}]}<\/script>\n<!-- \/ Yoast SEO plugin. -->","yoast_head_json":{"title":"Celebracions extraordin\u00e0ries - Catedral de Val\u00e8ncia","robots":{"index":"index","follow":"follow","max-snippet":"max-snippet:-1","max-image-preview":"max-image-preview:large","max-video-preview":"max-video-preview:-1"},"canonical":"https:\/\/catedraldevalencia.es\/va\/culte\/celebracions-extraordinaries\/","og_locale":"ca_ES","og_type":"article","og_title":"Celebracions extraordin\u00e0ries - Catedral de Val\u00e8ncia","og_description":"Solemnitats, Festes, Celebracions, Ordenaci\u00f3 i Vespres.","og_url":"https:\/\/catedraldevalencia.es\/va\/culte\/celebracions-extraordinaries\/","og_site_name":"Catedral de Val\u00e8ncia","article_modified_time":"2020-02-05T09:36:17+00:00","og_image":[{"width":700,"height":525,"url":"https:\/\/catedraldevalencia.es\/va\/wp-content\/uploads\/2020\/01\/ft-worship-extraordinary.jpg","type":"image\/jpeg"}],"twitter_card":"summary_large_image","twitter_misc":{"Est. reading time":"2 minutes"},"schema":{"@context":"https:\/\/schema.org","@graph":[{"@type":"WebPage","@id":"https:\/\/catedraldevalencia.es\/va\/culte\/celebracions-extraordinaries\/","url":"https:\/\/catedraldevalencia.es\/va\/culte\/celebracions-extraordinaries\/","name":"Celebracions extraordin\u00e0ries - Catedral de Val\u00e8ncia","isPartOf":{"@id":"https:\/\/catedraldevalencia.es\/va\/#website"},"primaryImageOfPage":{"@id":"https:\/\/catedraldevalencia.es\/va\/culte\/celebracions-extraordinaries\/#primaryimage"},"image":{"@id":"https:\/\/catedraldevalencia.es\/va\/culte\/celebracions-extraordinaries\/#primaryimage"},"thumbnailUrl":"https:\/\/catedraldevalencia.es\/va\/wp-content\/uploads\/2020\/01\/ft-worship-extraordinary.jpg","datePublished":"2017-10-31T12:47:10+00:00","dateModified":"2020-02-05T09:36:17+00:00","breadcrumb":{"@id":"https:\/\/catedraldevalencia.es\/va\/culte\/celebracions-extraordinaries\/#breadcrumb"},"inLanguage":"ca","potentialAction":[{"@type":"ReadAction","target":["https:\/\/catedraldevalencia.es\/va\/culte\/celebracions-extraordinaries\/"]}]},{"@type":"ImageObject","inLanguage":"ca","@id":"https:\/\/catedraldevalencia.es\/va\/culte\/celebracions-extraordinaries\/#primaryimage","url":"https:\/\/catedraldevalencia.es\/va\/wp-content\/uploads\/2020\/01\/ft-worship-extraordinary.jpg","contentUrl":"https:\/\/catedraldevalencia.es\/va\/wp-content\/uploads\/2020\/01\/ft-worship-extraordinary.jpg","width":700,"height":525},{"@type":"BreadcrumbList","@id":"https:\/\/catedraldevalencia.es\/va\/culte\/celebracions-extraordinaries\/#breadcrumb","itemListElement":[{"@type":"ListItem","position":1,"name":"Portada","item":"https:\/\/catedraldevalencia.es\/va\/"},{"@type":"ListItem","position":2,"name":"Culte","item":"https:\/\/catedraldevalencia.es\/va\/culte\/"},{"@type":"ListItem","position":3,"name":"Celebracions extraordin\u00e0ries"}]},{"@type":"WebSite","@id":"https:\/\/catedraldevalencia.es\/va\/#website","url":"https:\/\/catedraldevalencia.es\/va\/","name":"Catedral de Val\u00e8ncia","description":"La Catedral del Sant Calze","potentialAction":[{"@type":"SearchAction","target":{"@type":"EntryPoint","urlTemplate":"https:\/\/catedraldevalencia.es\/va\/?s={search_term_string}"},"query-input":{"@type":"PropertyValueSpecification","valueRequired":true,"valueName":"search_term_string"}}],"inLanguage":"ca"}]}},"_links":{"self":[{"href":"https:\/\/catedraldevalencia.es\/va\/wp-json\/wp\/v2\/pages\/58","targetHints":{"allow":["GET"]}}],"collection":[{"href":"https:\/\/catedraldevalencia.es\/va\/wp-json\/wp\/v2\/pages"}],"about":[{"href":"https:\/\/catedraldevalencia.es\/va\/wp-json\/wp\/v2\/types\/page"}],"author":[{"embeddable":true,"href":"https:\/\/catedraldevalencia.es\/va\/wp-json\/wp\/v2\/users\/1"}],"replies":[{"embeddable":true,"href":"https:\/\/catedraldevalencia.es\/va\/wp-json\/wp\/v2\/comments?post=58"}],"version-history":[{"count":0,"href":"https:\/\/catedraldevalencia.es\/va\/wp-json\/wp\/v2\/pages\/58\/revisions"}],"up":[{"embeddable":true,"href":"https:\/\/catedraldevalencia.es\/va\/wp-json\/wp\/v2\/pages\/39"}],"wp:featuredmedia":[{"embeddable":true,"href":"https:\/\/catedraldevalencia.es\/va\/wp-json\/wp\/v2\/media\/4720"}],"wp:attachment":[{"href":"https:\/\/catedraldevalencia.es\/va\/wp-json\/wp\/v2\/media?parent=58"}],"curies":[{"name":"wp","href":"https:\/\/api.w.org\/{rel}","templated":true}]}}