{"id":59,"date":"2017-10-31T12:48:04","date_gmt":"2017-10-31T12:48:04","guid":{"rendered":"https:\/\/catedraldevalencia.es\/va\/?page_id=59"},"modified":"2020-02-05T09:36:56","modified_gmt":"2020-02-05T09:36:56","slug":"exercicis-piadosos","status":"publish","type":"page","link":"https:\/\/catedraldevalencia.es\/va\/culte\/exercicis-piadosos\/","title":{"rendered":"Exercicis Piadosos"},"content":{"rendered":"<p>[et_pb_section admin_label=&#8221;Cap\u00e7alera&#8221; fullwidth=&#8221;on&#8221; transparent_background=&#8221;on&#8221; allow_player_pause=&#8221;off&#8221; inner_shadow=&#8221;off&#8221; parallax=&#8221;off&#8221; parallax_method=&#8221;off&#8221; padding_mobile=&#8221;off&#8221; make_fullwidth=&#8221;off&#8221; use_custom_width=&#8221;off&#8221; width_unit=&#8221;on&#8221; make_equal=&#8221;off&#8221; use_custom_gutter=&#8221;off&#8221; module_id=&#8221;marquee&#8221; module_class=&#8221;medium animated&#8221; background_color=&#8221;#ffffff&#8221;]\n[et_pb_fullwidth_header admin_label=&#8221;Cap\u00e7alera &#8211; Exercicis piadosos&#8221; title=&#8221;Exercicis piadosos&#8221; subhead=&#8221;Culte en la Catedral de Val\u00e8ncia&#8221; background_layout=&#8221;dark&#8221; text_orientation=&#8221;left&#8221; header_fullscreen=&#8221;off&#8221; header_scroll_down=&#8221;off&#8221; parallax=&#8221;off&#8221; parallax_method=&#8221;off&#8221; content_orientation=&#8221;center&#8221; image_orientation=&#8221;center&#8221; custom_button_one=&#8221;off&#8221; button_one_letter_spacing=&#8221;0&#8243; button_one_use_icon=&#8221;default&#8221; button_one_icon_placement=&#8221;right&#8221; button_one_on_hover=&#8221;on&#8221; button_one_letter_spacing_hover=&#8221;0&#8243; custom_button_two=&#8221;off&#8221; button_two_letter_spacing=&#8221;0&#8243; button_two_use_icon=&#8221;default&#8221; button_two_icon_placement=&#8221;right&#8221; button_two_on_hover=&#8221;on&#8221; button_two_letter_spacing_hover=&#8221;0&#8243; background_overlay_color=&#8221;rgba(27,27,27,0)&#8221;]\n[\/et_pb_fullwidth_header]\n[\/et_pb_section]\n[et_pb_section admin_label=&#8221;Secci\u00f3&#8221; fullwidth=&#8221;off&#8221; specialty=&#8221;on&#8221; transparent_background=&#8221;on&#8221; background_color=&#8221;#ffffff&#8221; allow_player_pause=&#8221;off&#8221; inner_shadow=&#8221;off&#8221; parallax=&#8221;off&#8221; parallax_method=&#8221;off&#8221; padding_mobile=&#8221;off&#8221; make_fullwidth=&#8221;off&#8221; use_custom_width=&#8221;off&#8221; width_unit=&#8221;on&#8221; make_equal=&#8221;on&#8221; use_custom_gutter=&#8221;off&#8221; parallax_1=&#8221;off&#8221; parallax_method_1=&#8221;off&#8221; parallax_2=&#8221;off&#8221; parallax_method_2=&#8221;off&#8221; module_id=&#8221;row-1&#8243; module_class_1=&#8221;col-1&#8243; module_class_2=&#8221;col-2&#8243;]\n[et_pb_column type=&#8221;2_3&#8243; specialty_columns=&#8221;2&#8243;]\n[et_pb_row_inner admin_label=&#8221;Fila&#8221;]\n[et_pb_column_inner type=&#8221;4_4&#8243; saved_specialty_column_type=&#8221;2_3&#8243;]\n[et_pb_text admin_label=&#8221;Text &#8211; Exercicis piadosos&#8221; background_layout=&#8221;light&#8221; text_orientation=&#8221;left&#8221; use_border_color=&#8221;off&#8221; border_color=&#8221;#ffffff&#8221; border_style=&#8221;solid&#8221; module_class=&#8221;header&#8221;]<\/p>\n<h3>Llistat d&#8217;exercicis piadosos<\/h3>\n<p>[\/et_pb_text]\n[et_pb_code admin_label=&#8221;Shortcode &#8211; Exercicis piadosos&#8221;]\n<div id=\"worship-list\">\n<ul class=\"&#x27;pious-exercises&#x27;\">\n<li class=\"li-exposicio-major-del-santissim-sagrament\">\n<h5>Exposici\u00f3 major del Sant\u00edssim Sagrament<\/h5><p><strong>Tots els dijous<\/strong> a les 19.30 h., des d&#8217;octubre a juny.<\/p>\n\n<\/li>\n<li class=\"li-dijous-del-sant-calze\">\n<h5>Dijous del Sant Calze<\/h5><p><strong>Tots els dijous<\/strong> a les 19.45 h, menys el Dijous Sant i entre l&#8217;1 de juliol i el 15 de setembre.<\/p>\n\n<\/li>\n<li class=\"li-quaranta-hores\">\n<h5>Quaranta Hores (XL Hores)<\/h5><p>Els dies 27 al 31 de desembre.<\/p>\n\n<\/li>\n<li class=\"li-festa-anual-del-sant-calze-dijous\">\n<h5>Festa anual del Sant Calze<\/h5><p><strong>&Uacute;ltim dijous d&#8217;octubre,<\/strong> a les 19.00 h.<\/p>\n\n<\/li>\n<li class=\"li-felicitacio-sabatina\">\n<h5>Felicitaci\u00f3 Sabatina<\/h5><p><strong>Tots els dissabtes,<\/strong> a les 19.30 h.<\/p>\n\n<\/li>\n<li class=\"li-via-crucis\">\n<h5>Via Crucis<\/h5><p>Divendres de Quaresma a les 19.30 h.<\/p>\n\n<\/li>\n<li class=\"li-misa-dels-cavallers-jurats-a-san-vicente-ferrer\">\n<h5>Misa dels cavallers jurats a Sant Vicent Ferrer<\/h5><p>Tots els primers dimecres de mes, en la missa de les 20.00 h.<\/p>\n\n<\/li>\n<li class=\"li-tridu-i-festa-a-la-verge-del-lluch-i-als-sants-patrons-dalzira\">\n<h5>Tridu i festa a la Verge del Lluch i als Sants Patrons d'Alzira<\/h5><p>En les dates fixades per la respectiva Germanor.<\/p>\n\n<\/li>\n<\/ul>\n<\/div>\n[\/et_pb_code]\n[et_pb_text admin_label=&#8221;Nota &#8211; Horaris subjectes a canvis&#8221; background_layout=&#8221;light&#8221; text_orientation=&#8221;left&#8221; use_border_color=&#8221;off&#8221; border_color=&#8221;#ffffff&#8221; border_style=&#8221;solid&#8221; saved_tabs=&#8221;all&#8221; global_module=&#8221;26213&#8243;]<\/p>\n<p class=\"note\"><i class=\"icon icon-info-circled\"><\/i>Aquests horaris poden estar subjectes a canvis.<\/p>\n<p>[\/et_pb_text]\n[\/et_pb_column_inner]\n[\/et_pb_row_inner]\n[\/et_pb_column]\n[et_pb_column type=&#8221;1_3&#8243;]\n[et_pb_sidebar admin_label=&#8221;En esta secci\u00f3&#8221; orientation=&#8221;right&#8221; area=&#8221;et_pb_widget_area_7&#8243; background_layout=&#8221;light&#8221; remove_border=&#8221;off&#8221; module_class=&#8221;sidebar&#8221;]\n[\/et_pb_sidebar]\n[\/et_pb_column]\n[\/et_pb_section]<\/p>\n","protected":false},"excerpt":{"rendered":"<p>Exposici\u00f3 del Sant\u00edssim Sagrament, Festes, Via crucis\u2026<\/p>\n","protected":false},"author":1,"featured_media":4719,"parent":39,"menu_order":4,"comment_status":"closed","ping_status":"closed","template":"","meta":{"footnotes":""},"class_list":["post-59","page","type-page","status-publish","has-post-thumbnail","hentry"],"yoast_head":"<!-- This site is optimized with the Yoast SEO plugin v27.4 - https:\/\/yoast.com\/product\/yoast-seo-wordpress\/ -->\n<title>Exercicis Piadosos - Catedral de Val\u00e8ncia<\/title>\n<meta name=\"robots\" content=\"index, follow, max-snippet:-1, max-image-preview:large, max-video-preview:-1\" \/>\n<link rel=\"canonical\" href=\"https:\/\/catedraldevalencia.es\/va\/culte\/exercicis-piadosos\/\" \/>\n<meta property=\"og:locale\" content=\"ca_ES\" \/>\n<meta property=\"og:type\" content=\"article\" \/>\n<meta property=\"og:title\" content=\"Exercicis Piadosos - Catedral de Val\u00e8ncia\" \/>\n<meta property=\"og:description\" content=\"Exposici\u00f3 del Sant\u00edssim Sagrament, Festes, Via crucis\u2026\" \/>\n<meta property=\"og:url\" content=\"https:\/\/catedraldevalencia.es\/va\/culte\/exercicis-piadosos\/\" \/>\n<meta property=\"og:site_name\" content=\"Catedral de Val\u00e8ncia\" \/>\n<meta property=\"article:modified_time\" content=\"2020-02-05T09:36:56+00:00\" \/>\n<meta property=\"og:image\" content=\"https:\/\/catedraldevalencia.es\/va\/wp-content\/uploads\/2020\/01\/ft-worship-piousexercises.jpg\" \/>\n\t<meta property=\"og:image:width\" content=\"700\" \/>\n\t<meta property=\"og:image:height\" content=\"525\" \/>\n\t<meta property=\"og:image:type\" content=\"image\/jpeg\" \/>\n<meta name=\"twitter:card\" content=\"summary_large_image\" \/>\n<meta name=\"twitter:label1\" content=\"Est. reading time\" \/>\n\t<meta name=\"twitter:data1\" content=\"2 minutes\" \/>\n<script type=\"application\/ld+json\" class=\"yoast-schema-graph\">{\"@context\":\"https:\\\/\\\/schema.org\",\"@graph\":[{\"@type\":\"WebPage\",\"@id\":\"https:\\\/\\\/catedraldevalencia.es\\\/va\\\/culte\\\/exercicis-piadosos\\\/\",\"url\":\"https:\\\/\\\/catedraldevalencia.es\\\/va\\\/culte\\\/exercicis-piadosos\\\/\",\"name\":\"Exercicis Piadosos - Catedral de Val\u00e8ncia\",\"isPartOf\":{\"@id\":\"https:\\\/\\\/catedraldevalencia.es\\\/va\\\/#website\"},\"primaryImageOfPage\":{\"@id\":\"https:\\\/\\\/catedraldevalencia.es\\\/va\\\/culte\\\/exercicis-piadosos\\\/#primaryimage\"},\"image\":{\"@id\":\"https:\\\/\\\/catedraldevalencia.es\\\/va\\\/culte\\\/exercicis-piadosos\\\/#primaryimage\"},\"thumbnailUrl\":\"https:\\\/\\\/catedraldevalencia.es\\\/va\\\/wp-content\\\/uploads\\\/2020\\\/01\\\/ft-worship-piousexercises.jpg\",\"datePublished\":\"2017-10-31T12:48:04+00:00\",\"dateModified\":\"2020-02-05T09:36:56+00:00\",\"breadcrumb\":{\"@id\":\"https:\\\/\\\/catedraldevalencia.es\\\/va\\\/culte\\\/exercicis-piadosos\\\/#breadcrumb\"},\"inLanguage\":\"ca\",\"potentialAction\":[{\"@type\":\"ReadAction\",\"target\":[\"https:\\\/\\\/catedraldevalencia.es\\\/va\\\/culte\\\/exercicis-piadosos\\\/\"]}]},{\"@type\":\"ImageObject\",\"inLanguage\":\"ca\",\"@id\":\"https:\\\/\\\/catedraldevalencia.es\\\/va\\\/culte\\\/exercicis-piadosos\\\/#primaryimage\",\"url\":\"https:\\\/\\\/catedraldevalencia.es\\\/va\\\/wp-content\\\/uploads\\\/2020\\\/01\\\/ft-worship-piousexercises.jpg\",\"contentUrl\":\"https:\\\/\\\/catedraldevalencia.es\\\/va\\\/wp-content\\\/uploads\\\/2020\\\/01\\\/ft-worship-piousexercises.jpg\",\"width\":700,\"height\":525},{\"@type\":\"BreadcrumbList\",\"@id\":\"https:\\\/\\\/catedraldevalencia.es\\\/va\\\/culte\\\/exercicis-piadosos\\\/#breadcrumb\",\"itemListElement\":[{\"@type\":\"ListItem\",\"position\":1,\"name\":\"Portada\",\"item\":\"https:\\\/\\\/catedraldevalencia.es\\\/va\\\/\"},{\"@type\":\"ListItem\",\"position\":2,\"name\":\"Culte\",\"item\":\"https:\\\/\\\/catedraldevalencia.es\\\/va\\\/culte\\\/\"},{\"@type\":\"ListItem\",\"position\":3,\"name\":\"Exercicis Piadosos\"}]},{\"@type\":\"WebSite\",\"@id\":\"https:\\\/\\\/catedraldevalencia.es\\\/va\\\/#website\",\"url\":\"https:\\\/\\\/catedraldevalencia.es\\\/va\\\/\",\"name\":\"Catedral de Val\u00e8ncia\",\"description\":\"La Catedral del Sant Calze\",\"potentialAction\":[{\"@type\":\"SearchAction\",\"target\":{\"@type\":\"EntryPoint\",\"urlTemplate\":\"https:\\\/\\\/catedraldevalencia.es\\\/va\\\/?s={search_term_string}\"},\"query-input\":{\"@type\":\"PropertyValueSpecification\",\"valueRequired\":true,\"valueName\":\"search_term_string\"}}],\"inLanguage\":\"ca\"}]}<\/script>\n<!-- \/ Yoast SEO plugin. -->","yoast_head_json":{"title":"Exercicis Piadosos - Catedral de Val\u00e8ncia","robots":{"index":"index","follow":"follow","max-snippet":"max-snippet:-1","max-image-preview":"max-image-preview:large","max-video-preview":"max-video-preview:-1"},"canonical":"https:\/\/catedraldevalencia.es\/va\/culte\/exercicis-piadosos\/","og_locale":"ca_ES","og_type":"article","og_title":"Exercicis Piadosos - Catedral de Val\u00e8ncia","og_description":"Exposici\u00f3 del Sant\u00edssim Sagrament, Festes, Via crucis\u2026","og_url":"https:\/\/catedraldevalencia.es\/va\/culte\/exercicis-piadosos\/","og_site_name":"Catedral de Val\u00e8ncia","article_modified_time":"2020-02-05T09:36:56+00:00","og_image":[{"width":700,"height":525,"url":"https:\/\/catedraldevalencia.es\/va\/wp-content\/uploads\/2020\/01\/ft-worship-piousexercises.jpg","type":"image\/jpeg"}],"twitter_card":"summary_large_image","twitter_misc":{"Est. reading time":"2 minutes"},"schema":{"@context":"https:\/\/schema.org","@graph":[{"@type":"WebPage","@id":"https:\/\/catedraldevalencia.es\/va\/culte\/exercicis-piadosos\/","url":"https:\/\/catedraldevalencia.es\/va\/culte\/exercicis-piadosos\/","name":"Exercicis Piadosos - Catedral de Val\u00e8ncia","isPartOf":{"@id":"https:\/\/catedraldevalencia.es\/va\/#website"},"primaryImageOfPage":{"@id":"https:\/\/catedraldevalencia.es\/va\/culte\/exercicis-piadosos\/#primaryimage"},"image":{"@id":"https:\/\/catedraldevalencia.es\/va\/culte\/exercicis-piadosos\/#primaryimage"},"thumbnailUrl":"https:\/\/catedraldevalencia.es\/va\/wp-content\/uploads\/2020\/01\/ft-worship-piousexercises.jpg","datePublished":"2017-10-31T12:48:04+00:00","dateModified":"2020-02-05T09:36:56+00:00","breadcrumb":{"@id":"https:\/\/catedraldevalencia.es\/va\/culte\/exercicis-piadosos\/#breadcrumb"},"inLanguage":"ca","potentialAction":[{"@type":"ReadAction","target":["https:\/\/catedraldevalencia.es\/va\/culte\/exercicis-piadosos\/"]}]},{"@type":"ImageObject","inLanguage":"ca","@id":"https:\/\/catedraldevalencia.es\/va\/culte\/exercicis-piadosos\/#primaryimage","url":"https:\/\/catedraldevalencia.es\/va\/wp-content\/uploads\/2020\/01\/ft-worship-piousexercises.jpg","contentUrl":"https:\/\/catedraldevalencia.es\/va\/wp-content\/uploads\/2020\/01\/ft-worship-piousexercises.jpg","width":700,"height":525},{"@type":"BreadcrumbList","@id":"https:\/\/catedraldevalencia.es\/va\/culte\/exercicis-piadosos\/#breadcrumb","itemListElement":[{"@type":"ListItem","position":1,"name":"Portada","item":"https:\/\/catedraldevalencia.es\/va\/"},{"@type":"ListItem","position":2,"name":"Culte","item":"https:\/\/catedraldevalencia.es\/va\/culte\/"},{"@type":"ListItem","position":3,"name":"Exercicis Piadosos"}]},{"@type":"WebSite","@id":"https:\/\/catedraldevalencia.es\/va\/#website","url":"https:\/\/catedraldevalencia.es\/va\/","name":"Catedral de Val\u00e8ncia","description":"La Catedral del Sant Calze","potentialAction":[{"@type":"SearchAction","target":{"@type":"EntryPoint","urlTemplate":"https:\/\/catedraldevalencia.es\/va\/?s={search_term_string}"},"query-input":{"@type":"PropertyValueSpecification","valueRequired":true,"valueName":"search_term_string"}}],"inLanguage":"ca"}]}},"_links":{"self":[{"href":"https:\/\/catedraldevalencia.es\/va\/wp-json\/wp\/v2\/pages\/59","targetHints":{"allow":["GET"]}}],"collection":[{"href":"https:\/\/catedraldevalencia.es\/va\/wp-json\/wp\/v2\/pages"}],"about":[{"href":"https:\/\/catedraldevalencia.es\/va\/wp-json\/wp\/v2\/types\/page"}],"author":[{"embeddable":true,"href":"https:\/\/catedraldevalencia.es\/va\/wp-json\/wp\/v2\/users\/1"}],"replies":[{"embeddable":true,"href":"https:\/\/catedraldevalencia.es\/va\/wp-json\/wp\/v2\/comments?post=59"}],"version-history":[{"count":0,"href":"https:\/\/catedraldevalencia.es\/va\/wp-json\/wp\/v2\/pages\/59\/revisions"}],"up":[{"embeddable":true,"href":"https:\/\/catedraldevalencia.es\/va\/wp-json\/wp\/v2\/pages\/39"}],"wp:featuredmedia":[{"embeddable":true,"href":"https:\/\/catedraldevalencia.es\/va\/wp-json\/wp\/v2\/media\/4719"}],"wp:attachment":[{"href":"https:\/\/catedraldevalencia.es\/va\/wp-json\/wp\/v2\/media?parent=59"}],"curies":[{"name":"wp","href":"https:\/\/api.w.org\/{rel}","templated":true}]}}