{"id":69,"date":"2017-10-31T13:05:26","date_gmt":"2017-10-31T13:05:26","guid":{"rendered":"https:\/\/catedraldevalencia.es\/va\/?page_id=69"},"modified":"2025-04-18T18:12:22","modified_gmt":"2025-04-18T18:12:22","slug":"la-real-germanor-del-sant-calze","status":"publish","type":"page","link":"https:\/\/catedraldevalencia.es\/va\/el-sant-calze\/la-real-germanor-del-sant-calze\/","title":{"rendered":"La Real Germanor del Sant Calze"},"content":{"rendered":"<p>[et_pb_section admin_label=&#8221;Secci\u00f3&#8221; fullwidth=&#8221;on&#8221; specialty=&#8221;off&#8221; transparent_background=&#8221;off&#8221; background_color=&#8221;#1b1b1b&#8221; allow_player_pause=&#8221;off&#8221; inner_shadow=&#8221;off&#8221; parallax=&#8221;on&#8221; parallax_method=&#8221;on&#8221; padding_mobile=&#8221;off&#8221; make_fullwidth=&#8221;off&#8221; use_custom_width=&#8221;off&#8221; width_unit=&#8221;on&#8221; make_equal=&#8221;off&#8221; use_custom_gutter=&#8221;off&#8221; module_id=&#8221;marquee&#8221; module_class=&#8221;full w_image animated&#8221; background_image=&#8221;https:\/\/catedraldevalencia.es\/va\/wp-content\/uploads\/2020\/01\/hd-real-brotherhood-holy-chalice.jpg&#8221;]\n[et_pb_fullwidth_header admin_label=&#8221;Cap\u00e7alera &#8211; La Reial Germandat del Sant Calze&#8221; title=&#8221;La Reial Germandat&#8221; subhead=&#8221;El Sant Calze del Sopar del Senyor&#8221; background_layout=&#8221;dark&#8221; text_orientation=&#8221;center&#8221; header_fullscreen=&#8221;on&#8221; header_scroll_down=&#8221;off&#8221; background_overlay_color=&#8221;rgba(27,27,27,0.35)&#8221; parallax=&#8221;off&#8221; parallax_method=&#8221;off&#8221; content_orientation=&#8221;center&#8221; image_orientation=&#8221;center&#8221; custom_button_one=&#8221;off&#8221; button_one_letter_spacing=&#8221;0&#8243; button_one_use_icon=&#8221;default&#8221; button_one_icon_placement=&#8221;right&#8221; button_one_on_hover=&#8221;on&#8221; button_one_letter_spacing_hover=&#8221;0&#8243; custom_button_two=&#8221;off&#8221; button_two_letter_spacing=&#8221;0&#8243; button_two_use_icon=&#8221;default&#8221; button_two_icon_placement=&#8221;right&#8221; button_two_on_hover=&#8221;on&#8221; button_two_letter_spacing_hover=&#8221;0&#8243; scroll_down_icon=&#8221;%%1%%&#8221; logo_image_url=&#8221;https:\/\/catedraldevalencia.es\/va\/wp-content\/uploads\/2020\/01\/img-emblem-the-real-brotherhood-of-the-holy-chalice.png&#8221;]\n[\/et_pb_fullwidth_header]\n[\/et_pb_section]\n[et_pb_section admin_label=&#8221;Secci\u00f3&#8221; fullwidth=&#8221;off&#8221; specialty=&#8221;off&#8221; transparent_background=&#8221;on&#8221; background_color=&#8221;#f7f7f4&#8243; allow_player_pause=&#8221;off&#8221; inner_shadow=&#8221;off&#8221; parallax=&#8221;off&#8221; parallax_method=&#8221;off&#8221; padding_mobile=&#8221;off&#8221; make_fullwidth=&#8221;off&#8221; use_custom_width=&#8221;off&#8221; width_unit=&#8221;on&#8221; make_equal=&#8221;off&#8221; use_custom_gutter=&#8221;off&#8221; module_id=&#8221;row-1&#8243;]\n[et_pb_row admin_label=&#8221;Fila&#8221; make_fullwidth=&#8221;off&#8221; use_custom_width=&#8221;on&#8221; width_unit=&#8221;on&#8221; use_custom_gutter=&#8221;off&#8221; custom_padding=&#8221;20px|||&#8221; padding_mobile=&#8221;on&#8221; allow_player_pause=&#8221;off&#8221; parallax=&#8221;off&#8221; parallax_method=&#8221;off&#8221; make_equal=&#8221;off&#8221; parallax_1=&#8221;off&#8221; parallax_method_1=&#8221;off&#8221; parallax_2=&#8221;off&#8221; parallax_method_2=&#8221;off&#8221; column_padding_mobile=&#8221;on&#8221; custom_padding_tablet=&#8221;0px|||&#8221; custom_padding_last_edited=&#8221;on|tablet&#8221; custom_width_px=&#8221;980px&#8221; module_class=&#8221;cm-column&#8221; module_class_1=&#8221;col-1&#8243; module_class_2=&#8221;col-2&#8243;]\n[et_pb_column type=&#8221;2_3&#8243;]\n[et_pb_number_counter admin_label=&#8221;1955&#8243; number=&#8221;1955&#8243; percent_sign=&#8221;off&#8221; counter_color=&#8221;#990000&#8243; background_layout=&#8221;light&#8221; use_border_color=&#8221;off&#8221; border_color=&#8221;#ffffff&#8221; border_style=&#8221;solid&#8221;]\n[\/et_pb_number_counter]\n[et_pb_text admin_label=&#8221;Text &#8211; Presentaci\u00f3&#8221; background_layout=&#8221;light&#8221; text_orientation=&#8221;left&#8221; use_border_color=&#8221;off&#8221; border_color=&#8221;#ffffff&#8221; border_style=&#8221;solid&#8221; text_font_size_last_edited=&#8221;off|tablet&#8221;]<\/p>\n<h2>La Reial Germandat del Sant Calze<\/h2>\n<p class=\"lead\">Quan el 6 de gener de 1916 el Sant Calze va ser exposat definitivament en l&#8217;antiga <em>Aula Capitular g\u00f2tica<\/em> (segle XIV), l&#8217;Arquebisbe <strong>Jos\u00e9 Mar\u00eda Salvador y Barrera<\/strong> va aprovar al febrer de 1918 els estatuts de la <em>\u201cReial Germandat del Sant Calze, cos col\u00b7legiat de la noblesa titulada valenciana\u201d<\/em>, amb la finalitat de contribuir al culte de la sagrada rel\u00edquia.<\/p>\n<p>[\/et_pb_text]\n[\/et_pb_column]\n[et_pb_column type=&#8221;1_3&#8243;]\n[et_pb_image admin_label=&#8221;Imatge &#8211; Jos\u00e9 Mar\u00eda Salvador y Barrera&#8221; src=&#8221;https:\/\/catedraldevalencia.es\/va\/wp-content\/uploads\/2020\/01\/img-archbishop-jose-maria-salvador-barrera.jpg&#8221; show_in_lightbox=&#8221;on&#8221; url_new_window=&#8221;off&#8221; use_overlay=&#8221;on&#8221; animation=&#8221;fade_in&#8221; sticky=&#8221;on&#8221; align=&#8221;center&#8221; force_fullwidth=&#8221;off&#8221; always_center_on_mobile=&#8221;on&#8221; use_border_color=&#8221;off&#8221; border_color=&#8221;#ffffff&#8221; border_style=&#8221;solid&#8221; custom_margin=&#8221;0px|||&#8221; alt=&#8221;Jos\u00e9 Mar\u00eda Salvador y Barrera&#8221; title_text=&#8221;Jos\u00e9 Mar\u00eda Salvador y Barrera&#8221; hover_icon=&#8221;%%51%%&#8221;]\n[\/et_pb_image]\n[et_pb_text admin_label=&#8221;Ep\u00edgraf&#8221; background_layout=&#8221;light&#8221; text_orientation=&#8221;center&#8221; use_border_color=&#8221;off&#8221; border_color=&#8221;#ffffff&#8221; border_style=&#8221;solid&#8221; custom_margin_last_edited=&#8221;on|phone&#8221; text_font_size_last_edited=&#8221;off|desktop&#8221; disabled=&#8221;off&#8221; disabled_on=&#8221;off|off|&#8221; text_line_height=&#8221;1.2em&#8221;]<\/p>\n<p class=\"epigraph\">Arquebisbe <br>Jos\u00e9 Mar\u00eda Salvador y Barrera.<\/p>\n<p>[\/et_pb_text]\n[\/et_pb_column]\n[\/et_pb_row]\n[\/et_pb_section]\n[et_pb_section admin_label=&#8221;Secci\u00f3&#8221; fullwidth=&#8221;off&#8221; specialty=&#8221;off&#8221; module_id=&#8221;row-2&#8243; transparent_background=&#8221;on&#8221; background_color=&#8221;#ffffff&#8221; allow_player_pause=&#8221;off&#8221; inner_shadow=&#8221;off&#8221; parallax=&#8221;off&#8221; parallax_method=&#8221;off&#8221; padding_mobile=&#8221;off&#8221; make_fullwidth=&#8221;off&#8221; use_custom_width=&#8221;off&#8221; width_unit=&#8221;on&#8221; make_equal=&#8221;off&#8221; use_custom_gutter=&#8221;off&#8221;]\n[et_pb_row admin_label=&#8221;Fila&#8221; make_fullwidth=&#8221;off&#8221; use_custom_width=&#8221;on&#8221; width_unit=&#8221;on&#8221; use_custom_gutter=&#8221;on&#8221; padding_mobile=&#8221;on&#8221; allow_player_pause=&#8221;off&#8221; parallax=&#8221;off&#8221; parallax_method=&#8221;off&#8221; make_equal=&#8221;off&#8221; parallax_1=&#8221;off&#8221; parallax_method_1=&#8221;off&#8221; column_padding_mobile=&#8221;on&#8221; custom_padding_last_edited=&#8221;off|phone&#8221; custom_width_px=&#8221;980px&#8221; parallax_2=&#8221;off&#8221; parallax_method_2=&#8221;off&#8221; module_class=&#8221;inner_header&#8221;]\n[et_pb_column type=&#8221;4_4&#8243;]\n[et_pb_text admin_label=&#8221;Text &#8211; Su primer presidente fue &#8230;&#8221; background_layout=&#8221;light&#8221; text_orientation=&#8221;left&#8221; max_width=&#8221;980px&#8221; use_border_color=&#8221;off&#8221; border_color=&#8221;#ffffff&#8221; border_style=&#8221;solid&#8221; custom_margin=&#8221;40px||0px|&#8221; text_font_size_last_edited=&#8221;off|tablet&#8221; custom_margin_phone=&#8221;0px||0px|&#8221; custom_margin_last_edited=&#8221;on|phone&#8221;]<\/p>\n<p class=\"lead with_caps\">El seu primer president va ser <strong>Luis Vich, Bar\u00f3 de Llaur\u00ed,<\/strong> cofundador d&#8217;aquesta il\u00b7lustre associaci\u00f3 juntament amb el Bar\u00f3 de Santa B\u00e0rbera.<\/p>\n<p>[\/et_pb_text]\n[\/et_pb_column]\n[\/et_pb_row]\n[et_pb_row admin_label=&#8221;Fila&#8221; make_fullwidth=&#8221;off&#8221; use_custom_width=&#8221;on&#8221; width_unit=&#8221;on&#8221; use_custom_gutter=&#8221;on&#8221; padding_mobile=&#8221;on&#8221; allow_player_pause=&#8221;off&#8221; parallax=&#8221;off&#8221; parallax_method=&#8221;off&#8221; make_equal=&#8221;off&#8221; parallax_1=&#8221;off&#8221; parallax_method_1=&#8221;off&#8221; column_padding_mobile=&#8221;on&#8221; custom_padding_tablet=&#8221;17px|||&#8221; custom_padding_last_edited=&#8221;off|tablet&#8221; custom_width_px=&#8221;980px&#8221; parallax_2=&#8221;off&#8221; parallax_method_2=&#8221;off&#8221; gutter_width=&#8221;2&#8243; module_class_1=&#8221;col-1&#8243; module_class_2=&#8221;col-2&#8243; module_class=&#8221;cm-column&#8221;]\n[et_pb_column type=&#8221;3_4&#8243;]\n[et_pb_image admin_label=&#8221;Imatge &#8211; Festa anual de la Reial Germandat del Sant Calze&#8221; src=&#8221;https:\/\/catedraldevalencia.es\/va\/wp-content\/uploads\/2020\/01\/img-of-the-annual-feast-royal-brotherhood-holy-chalice.jpg&#8221; show_in_lightbox=&#8221;on&#8221; url_new_window=&#8221;off&#8221; use_overlay=&#8221;on&#8221; animation=&#8221;fade_in&#8221; sticky=&#8221;on&#8221; align=&#8221;left&#8221; force_fullwidth=&#8221;off&#8221; always_center_on_mobile=&#8221;on&#8221; use_border_color=&#8221;off&#8221; border_color=&#8221;#ffffff&#8221; border_style=&#8221;solid&#8221; hover_icon=&#8221;%%51%%&#8221; alt=&#8221;Festa anual de la Reial Germandat del Sant Calze&#8221; title_text=&#8221;Festa anual de la Reial Germandat del Sant Calze \/ V\u00edctor Guti\u00e9rrez&#8221;]\n[\/et_pb_image]\n[et_pb_text admin_label=&#8221;Ep\u00edgraf&#8221; background_layout=&#8221;light&#8221; text_orientation=&#8221;left&#8221; use_border_color=&#8221;off&#8221; border_color=&#8221;#ffffff&#8221; border_style=&#8221;solid&#8221; text_font_size=&#8221;12&#8243; text_line_height=&#8221;1.2em&#8221; custom_margin=&#8221;6px|||&#8221;]<\/p>\n<p class=\"epigraph\">Festa anual de la Reial Germandat del Sant Calze.<\/p>\n<p>[\/et_pb_text]\n[\/et_pb_column]\n[et_pb_column type=&#8221;1_4&#8243;]\n[et_pb_image admin_label=&#8221;Imatge &#8211; Estendard&#8221; src=&#8221;https:\/\/catedraldevalencia.es\/va\/wp-content\/uploads\/2020\/01\/img-banner-royal-brotherhood-holy-chalice.jpg&#8221; show_in_lightbox=&#8221;on&#8221; url_new_window=&#8221;off&#8221; use_overlay=&#8221;off&#8221; animation=&#8221;fade_in&#8221; sticky=&#8221;on&#8221; align=&#8221;center&#8221; force_fullwidth=&#8221;off&#8221; always_center_on_mobile=&#8221;on&#8221; use_border_color=&#8221;off&#8221; border_color=&#8221;#ffffff&#8221; border_style=&#8221;solid&#8221; custom_margin=&#8221;-48px|||&#8221; alt=&#8221;Estendard de la Reial Germandat del Sant Calze&#8221; title_text=&#8221;Estendard de la Reial Germandat del Sant Calze&#8221; custom_margin_phone=&#8221;0px|||&#8221; custom_margin_last_edited=&#8221;on|phone&#8221;]\n[\/et_pb_image]\n[et_pb_text admin_label=&#8221;Ep\u00edgraf&#8221; background_layout=&#8221;light&#8221; text_orientation=&#8221;center&#8221; use_border_color=&#8221;off&#8221; border_color=&#8221;#ffffff&#8221; border_style=&#8221;solid&#8221; custom_margin_last_edited=&#8221;on|phone&#8221; text_font_size_last_edited=&#8221;off|desktop&#8221; disabled=&#8221;off&#8221; disabled_on=&#8221;off|off|&#8221; text_line_height=&#8221;1.2em&#8221;]<\/p>\n<p class=\"epigraph\">Estendard <br>de la Reial Germandat <br>del Sant Calze.<\/p>\n<p>[\/et_pb_text]\n[\/et_pb_column]\n[\/et_pb_row]\n[et_pb_row admin_label=&#8221;Fila&#8221; make_fullwidth=&#8221;off&#8221; use_custom_width=&#8221;on&#8221; width_unit=&#8221;on&#8221; use_custom_gutter=&#8221;on&#8221; padding_mobile=&#8221;on&#8221; allow_player_pause=&#8221;off&#8221; parallax=&#8221;off&#8221; parallax_method=&#8221;off&#8221; make_equal=&#8221;off&#8221; parallax_1=&#8221;off&#8221; parallax_method_1=&#8221;off&#8221; column_padding_mobile=&#8221;on&#8221; custom_padding_tablet=&#8221;17px|||&#8221; custom_padding_last_edited=&#8221;off|tablet&#8221; custom_width_px=&#8221;980px&#8221; parallax_2=&#8221;off&#8221; parallax_method_2=&#8221;off&#8221;]\n[et_pb_column type=&#8221;4_4&#8243;]\n[et_pb_text admin_label=&#8221;Text &#8211; S\u00f3n moltes les millores de la capella del Sant Calze que ha patrocinat&#8221; background_layout=&#8221;light&#8221; text_orientation=&#8221;left&#8221; use_border_color=&#8221;off&#8221; border_color=&#8221;#ffffff&#8221; border_style=&#8221;solid&#8221; text_font_size_last_edited=&#8221;off|tablet&#8221;]<\/p>\n<p>S\u00f3n moltes les millores de la <strong>capella del Sant Calze<\/strong> que ha patrocinat la Reial Germandat, que va adoptar la celebraci\u00f3 en els primers dijous de mes del <em>\u201cDijous del Sant Calze\u201d<\/em>.<\/p>\n<p class=\"note\">Aquesta Reial Germandat t\u00e9 tamb\u00e9 una secci\u00f3 a Madrid.<\/p>\n<p>[\/et_pb_text]\n[\/et_pb_column]\n[\/et_pb_row]\n[\/et_pb_section]\n[et_pb_section admin_label=&#8221;Secci\u00f3&#8221; fullwidth=&#8221;off&#8221; specialty=&#8221;off&#8221; transparent_background=&#8221;on&#8221; background_color=&#8221;#ffffff&#8221; allow_player_pause=&#8221;off&#8221; inner_shadow=&#8221;off&#8221; parallax=&#8221;off&#8221; parallax_method=&#8221;off&#8221; padding_mobile=&#8221;off&#8221; make_fullwidth=&#8221;off&#8221; use_custom_width=&#8221;off&#8221; width_unit=&#8221;on&#8221; make_equal=&#8221;off&#8221; use_custom_gutter=&#8221;off&#8221; module_id=&#8221;row-3&#8243; disabled=&#8221;off&#8221; disabled_on=&#8221;off|off|off&#8221;]\n[et_pb_row admin_label=&#8221;Fila&#8221; make_fullwidth=&#8221;off&#8221; use_custom_width=&#8221;on&#8221; width_unit=&#8221;on&#8221; use_custom_gutter=&#8221;off&#8221; padding_mobile=&#8221;off&#8221; allow_player_pause=&#8221;off&#8221; parallax=&#8221;off&#8221; parallax_method=&#8221;off&#8221; make_equal=&#8221;on&#8221; parallax_1=&#8221;off&#8221; parallax_method_1=&#8221;off&#8221; column_padding_mobile=&#8221;on&#8221; parallax_2=&#8221;off&#8221; parallax_method_2=&#8221;off&#8221; module_class_1=&#8221;col-1&#8243; module_class_2=&#8221;col-2&#8243; module_id_1=&#8221;col-publicattention&#8221; module_id_2=&#8221;col-contactdata&#8221; custom_width_px=&#8221;980px&#8221;]\n[et_pb_column type=&#8221;4_4&#8243;]\n[et_pb_text admin_label=&#8221;Text &#8211; Reial Germandat del Sant Calze, Cos de la Noblesa Valenciana&#8221; background_layout=&#8221;light&#8221; text_orientation=&#8221;left&#8221; use_border_color=&#8221;off&#8221; border_color=&#8221;#ffffff&#8221; border_style=&#8221;solid&#8221;]<\/p>\n<h4 class=\"pretitle\">Enlla\u00e7os relacionats<\/h4>\n<h3>Reial Germandat del Sant Calze, Cos de la Noblesa Valenciana<\/h3>\n<p>[\/et_pb_text]\n[et_pb_button admin_label=&#8221;Bot\u00f3 &#8211; rhscvalencia.es&#8221; button_url=&#8221;http:\/\/www.rhscvalencia.es&#8221; url_new_window=&#8221;on&#8221; button_text=&#8221;P\u00e1gina web de la Real Hermandad del Santo C\u00e1liz \/ www.rhscvalencia.es&#8221; button_alignment=&#8221;left&#8221; background_layout=&#8221;light&#8221; is_nobtn=&#8221;on&#8221; custom_button=&#8221;off&#8221; button_letter_spacing=&#8221;0&#8243; button_use_icon=&#8221;default&#8221; button_icon_placement=&#8221;right&#8221; button_on_hover=&#8221;on&#8221; button_letter_spacing_hover=&#8221;0&#8243; module_class=&#8221;related_link&#8221;]\n[\/et_pb_button]\n[\/et_pb_column]\n[\/et_pb_row]\n[\/et_pb_section]<\/p>\n","protected":false},"excerpt":{"rendered":"<p>Cos col\u00b7legiat de la noblesa titulada valenciana.<\/p>\n","protected":false},"author":1,"featured_media":26262,"parent":42,"menu_order":5,"comment_status":"closed","ping_status":"closed","template":"page-withmenu.php","meta":{"footnotes":""},"class_list":["post-69","page","type-page","status-publish","has-post-thumbnail","hentry"],"yoast_head":"<!-- This site is optimized with the Yoast SEO plugin v27.3 - https:\/\/yoast.com\/product\/yoast-seo-wordpress\/ -->\n<title>La Real Germanor del Sant Calze - Catedral de Val\u00e8ncia<\/title>\n<meta name=\"robots\" content=\"index, follow, max-snippet:-1, max-image-preview:large, max-video-preview:-1\" \/>\n<link rel=\"canonical\" href=\"https:\/\/catedraldevalencia.es\/va\/el-sant-calze\/la-real-germanor-del-sant-calze\/\" \/>\n<meta property=\"og:locale\" content=\"ca_ES\" \/>\n<meta property=\"og:type\" content=\"article\" \/>\n<meta property=\"og:title\" content=\"La Real Germanor del Sant Calze - Catedral de Val\u00e8ncia\" \/>\n<meta property=\"og:description\" content=\"Cos col\u00b7legiat de la noblesa titulada valenciana.\" \/>\n<meta property=\"og:url\" content=\"https:\/\/catedraldevalencia.es\/va\/el-sant-calze\/la-real-germanor-del-sant-calze\/\" \/>\n<meta property=\"og:site_name\" content=\"Catedral de Val\u00e8ncia\" \/>\n<meta property=\"article:modified_time\" content=\"2025-04-18T18:12:22+00:00\" \/>\n<meta property=\"og:image\" content=\"https:\/\/catedraldevalencia.es\/va\/wp-content\/uploads\/2020\/01\/ft-holy-chalice-real-brotherhood.jpg\" \/>\n\t<meta property=\"og:image:width\" content=\"700\" \/>\n\t<meta property=\"og:image:height\" content=\"525\" \/>\n\t<meta property=\"og:image:type\" content=\"image\/jpeg\" \/>\n<meta name=\"twitter:card\" content=\"summary_large_image\" \/>\n<meta name=\"twitter:label1\" content=\"Est. reading time\" \/>\n\t<meta name=\"twitter:data1\" content=\"4 minutes\" \/>\n<script type=\"application\/ld+json\" class=\"yoast-schema-graph\">{\"@context\":\"https:\\\/\\\/schema.org\",\"@graph\":[{\"@type\":\"WebPage\",\"@id\":\"https:\\\/\\\/catedraldevalencia.es\\\/va\\\/el-sant-calze\\\/la-real-germanor-del-sant-calze\\\/\",\"url\":\"https:\\\/\\\/catedraldevalencia.es\\\/va\\\/el-sant-calze\\\/la-real-germanor-del-sant-calze\\\/\",\"name\":\"La Real Germanor del Sant Calze - Catedral de Val\u00e8ncia\",\"isPartOf\":{\"@id\":\"https:\\\/\\\/catedraldevalencia.es\\\/va\\\/#website\"},\"primaryImageOfPage\":{\"@id\":\"https:\\\/\\\/catedraldevalencia.es\\\/va\\\/el-sant-calze\\\/la-real-germanor-del-sant-calze\\\/#primaryimage\"},\"image\":{\"@id\":\"https:\\\/\\\/catedraldevalencia.es\\\/va\\\/el-sant-calze\\\/la-real-germanor-del-sant-calze\\\/#primaryimage\"},\"thumbnailUrl\":\"https:\\\/\\\/catedraldevalencia.es\\\/va\\\/wp-content\\\/uploads\\\/2020\\\/01\\\/ft-holy-chalice-real-brotherhood.jpg\",\"datePublished\":\"2017-10-31T13:05:26+00:00\",\"dateModified\":\"2025-04-18T18:12:22+00:00\",\"breadcrumb\":{\"@id\":\"https:\\\/\\\/catedraldevalencia.es\\\/va\\\/el-sant-calze\\\/la-real-germanor-del-sant-calze\\\/#breadcrumb\"},\"inLanguage\":\"ca\",\"potentialAction\":[{\"@type\":\"ReadAction\",\"target\":[\"https:\\\/\\\/catedraldevalencia.es\\\/va\\\/el-sant-calze\\\/la-real-germanor-del-sant-calze\\\/\"]}]},{\"@type\":\"ImageObject\",\"inLanguage\":\"ca\",\"@id\":\"https:\\\/\\\/catedraldevalencia.es\\\/va\\\/el-sant-calze\\\/la-real-germanor-del-sant-calze\\\/#primaryimage\",\"url\":\"https:\\\/\\\/catedraldevalencia.es\\\/va\\\/wp-content\\\/uploads\\\/2020\\\/01\\\/ft-holy-chalice-real-brotherhood.jpg\",\"contentUrl\":\"https:\\\/\\\/catedraldevalencia.es\\\/va\\\/wp-content\\\/uploads\\\/2020\\\/01\\\/ft-holy-chalice-real-brotherhood.jpg\",\"width\":700,\"height\":525},{\"@type\":\"BreadcrumbList\",\"@id\":\"https:\\\/\\\/catedraldevalencia.es\\\/va\\\/el-sant-calze\\\/la-real-germanor-del-sant-calze\\\/#breadcrumb\",\"itemListElement\":[{\"@type\":\"ListItem\",\"position\":1,\"name\":\"Portada\",\"item\":\"https:\\\/\\\/catedraldevalencia.es\\\/va\\\/\"},{\"@type\":\"ListItem\",\"position\":2,\"name\":\"El Sant Calze\",\"item\":\"https:\\\/\\\/catedraldevalencia.es\\\/va\\\/el-sant-calze\\\/\"},{\"@type\":\"ListItem\",\"position\":3,\"name\":\"La Real Germanor del Sant Calze\"}]},{\"@type\":\"WebSite\",\"@id\":\"https:\\\/\\\/catedraldevalencia.es\\\/va\\\/#website\",\"url\":\"https:\\\/\\\/catedraldevalencia.es\\\/va\\\/\",\"name\":\"Catedral de Val\u00e8ncia\",\"description\":\"La Catedral del Sant Calze\",\"potentialAction\":[{\"@type\":\"SearchAction\",\"target\":{\"@type\":\"EntryPoint\",\"urlTemplate\":\"https:\\\/\\\/catedraldevalencia.es\\\/va\\\/?s={search_term_string}\"},\"query-input\":{\"@type\":\"PropertyValueSpecification\",\"valueRequired\":true,\"valueName\":\"search_term_string\"}}],\"inLanguage\":\"ca\"}]}<\/script>\n<!-- \/ Yoast SEO plugin. -->","yoast_head_json":{"title":"La Real Germanor del Sant Calze - Catedral de Val\u00e8ncia","robots":{"index":"index","follow":"follow","max-snippet":"max-snippet:-1","max-image-preview":"max-image-preview:large","max-video-preview":"max-video-preview:-1"},"canonical":"https:\/\/catedraldevalencia.es\/va\/el-sant-calze\/la-real-germanor-del-sant-calze\/","og_locale":"ca_ES","og_type":"article","og_title":"La Real Germanor del Sant Calze - Catedral de Val\u00e8ncia","og_description":"Cos col\u00b7legiat de la noblesa titulada valenciana.","og_url":"https:\/\/catedraldevalencia.es\/va\/el-sant-calze\/la-real-germanor-del-sant-calze\/","og_site_name":"Catedral de Val\u00e8ncia","article_modified_time":"2025-04-18T18:12:22+00:00","og_image":[{"width":700,"height":525,"url":"https:\/\/catedraldevalencia.es\/va\/wp-content\/uploads\/2020\/01\/ft-holy-chalice-real-brotherhood.jpg","type":"image\/jpeg"}],"twitter_card":"summary_large_image","twitter_misc":{"Est. reading time":"4 minutes"},"schema":{"@context":"https:\/\/schema.org","@graph":[{"@type":"WebPage","@id":"https:\/\/catedraldevalencia.es\/va\/el-sant-calze\/la-real-germanor-del-sant-calze\/","url":"https:\/\/catedraldevalencia.es\/va\/el-sant-calze\/la-real-germanor-del-sant-calze\/","name":"La Real Germanor del Sant Calze - Catedral de Val\u00e8ncia","isPartOf":{"@id":"https:\/\/catedraldevalencia.es\/va\/#website"},"primaryImageOfPage":{"@id":"https:\/\/catedraldevalencia.es\/va\/el-sant-calze\/la-real-germanor-del-sant-calze\/#primaryimage"},"image":{"@id":"https:\/\/catedraldevalencia.es\/va\/el-sant-calze\/la-real-germanor-del-sant-calze\/#primaryimage"},"thumbnailUrl":"https:\/\/catedraldevalencia.es\/va\/wp-content\/uploads\/2020\/01\/ft-holy-chalice-real-brotherhood.jpg","datePublished":"2017-10-31T13:05:26+00:00","dateModified":"2025-04-18T18:12:22+00:00","breadcrumb":{"@id":"https:\/\/catedraldevalencia.es\/va\/el-sant-calze\/la-real-germanor-del-sant-calze\/#breadcrumb"},"inLanguage":"ca","potentialAction":[{"@type":"ReadAction","target":["https:\/\/catedraldevalencia.es\/va\/el-sant-calze\/la-real-germanor-del-sant-calze\/"]}]},{"@type":"ImageObject","inLanguage":"ca","@id":"https:\/\/catedraldevalencia.es\/va\/el-sant-calze\/la-real-germanor-del-sant-calze\/#primaryimage","url":"https:\/\/catedraldevalencia.es\/va\/wp-content\/uploads\/2020\/01\/ft-holy-chalice-real-brotherhood.jpg","contentUrl":"https:\/\/catedraldevalencia.es\/va\/wp-content\/uploads\/2020\/01\/ft-holy-chalice-real-brotherhood.jpg","width":700,"height":525},{"@type":"BreadcrumbList","@id":"https:\/\/catedraldevalencia.es\/va\/el-sant-calze\/la-real-germanor-del-sant-calze\/#breadcrumb","itemListElement":[{"@type":"ListItem","position":1,"name":"Portada","item":"https:\/\/catedraldevalencia.es\/va\/"},{"@type":"ListItem","position":2,"name":"El Sant Calze","item":"https:\/\/catedraldevalencia.es\/va\/el-sant-calze\/"},{"@type":"ListItem","position":3,"name":"La Real Germanor del Sant Calze"}]},{"@type":"WebSite","@id":"https:\/\/catedraldevalencia.es\/va\/#website","url":"https:\/\/catedraldevalencia.es\/va\/","name":"Catedral de Val\u00e8ncia","description":"La Catedral del Sant Calze","potentialAction":[{"@type":"SearchAction","target":{"@type":"EntryPoint","urlTemplate":"https:\/\/catedraldevalencia.es\/va\/?s={search_term_string}"},"query-input":{"@type":"PropertyValueSpecification","valueRequired":true,"valueName":"search_term_string"}}],"inLanguage":"ca"}]}},"_links":{"self":[{"href":"https:\/\/catedraldevalencia.es\/va\/wp-json\/wp\/v2\/pages\/69","targetHints":{"allow":["GET"]}}],"collection":[{"href":"https:\/\/catedraldevalencia.es\/va\/wp-json\/wp\/v2\/pages"}],"about":[{"href":"https:\/\/catedraldevalencia.es\/va\/wp-json\/wp\/v2\/types\/page"}],"author":[{"embeddable":true,"href":"https:\/\/catedraldevalencia.es\/va\/wp-json\/wp\/v2\/users\/1"}],"replies":[{"embeddable":true,"href":"https:\/\/catedraldevalencia.es\/va\/wp-json\/wp\/v2\/comments?post=69"}],"version-history":[{"count":0,"href":"https:\/\/catedraldevalencia.es\/va\/wp-json\/wp\/v2\/pages\/69\/revisions"}],"up":[{"embeddable":true,"href":"https:\/\/catedraldevalencia.es\/va\/wp-json\/wp\/v2\/pages\/42"}],"wp:featuredmedia":[{"embeddable":true,"href":"https:\/\/catedraldevalencia.es\/va\/wp-json\/wp\/v2\/media\/26262"}],"wp:attachment":[{"href":"https:\/\/catedraldevalencia.es\/va\/wp-json\/wp\/v2\/media?parent=69"}],"curies":[{"name":"wp","href":"https:\/\/api.w.org\/{rel}","templated":true}]}}