{"id":87,"date":"2017-11-02T11:35:32","date_gmt":"2017-11-02T11:35:32","guid":{"rendered":"https:\/\/catedraldevalencia.es\/va\/?page_id=87"},"modified":"2025-04-23T15:00:52","modified_gmt":"2025-04-23T15:00:52","slug":"localizacio","status":"publish","type":"page","link":"https:\/\/catedraldevalencia.es\/va\/contacte\/localizacio\/","title":{"rendered":"Localitzaci\u00f3"},"content":{"rendered":"<p>[et_pb_section admin_label=&#8221;Secci\u00f3&#8221; fullwidth=&#8221;on&#8221; specialty=&#8221;off&#8221; transparent_background=&#8221;on&#8221; background_color=&#8221;#1b1b1b&#8221; allow_player_pause=&#8221;off&#8221; inner_shadow=&#8221;off&#8221; parallax=&#8221;off&#8221; parallax_method=&#8221;on&#8221; padding_mobile=&#8221;off&#8221; make_fullwidth=&#8221;off&#8221; use_custom_width=&#8221;off&#8221; width_unit=&#8221;on&#8221; make_equal=&#8221;off&#8221; use_custom_gutter=&#8221;off&#8221; module_id=&#8221;marquee&#8221; module_class=&#8221;full animated w_bg&#8221;]\n[et_pb_fullwidth_header admin_label=&#8221;Cap\u00e7alera &#8211; Localitzaci\u00f3&#8221; title=&#8221;Localitzaci\u00f3&#8221; background_layout=&#8221;dark&#8221; text_orientation=&#8221;center&#8221; header_fullscreen=&#8221;on&#8221; header_scroll_down=&#8221;off&#8221; parallax=&#8221;off&#8221; parallax_method=&#8221;on&#8221; content_orientation=&#8221;center&#8221; image_orientation=&#8221;bottom&#8221; custom_button_one=&#8221;off&#8221; button_one_letter_spacing=&#8221;0&#8243; button_one_use_icon=&#8221;default&#8221; button_one_icon_placement=&#8221;right&#8221; button_one_on_hover=&#8221;on&#8221; button_one_letter_spacing_hover=&#8221;0&#8243; custom_button_two=&#8221;off&#8221; button_two_letter_spacing=&#8221;0&#8243; button_two_use_icon=&#8221;default&#8221; button_two_icon_placement=&#8221;right&#8221; button_two_on_hover=&#8221;on&#8221; button_two_letter_spacing_hover=&#8221;0&#8243; subhead=&#8221;Pla\u00e7a de l&#8217;Almoina, s\/n, 46003 Val\u00e8ncia, Espanya&#8221; scroll_down_icon=&#8221;%%1%%&#8221; module_class=&#8221;animated&#8221; background_overlay_color=&#8221;rgba(27,27,27,0.6)&#8221; background_url=&#8221;https:\/\/catedraldevalencia.es\/va\/wp-content\/uploads\/2018\/07\/hd-localization.jpg&#8221;]\n[\/et_pb_fullwidth_header]\n[\/et_pb_section]\n[et_pb_section admin_label=&#8221;Secci\u00f3&#8221; fullwidth=&#8221;off&#8221; specialty=&#8221;off&#8221; transparent_background=&#8221;on&#8221; background_color=&#8221;#ffffff&#8221; allow_player_pause=&#8221;off&#8221; inner_shadow=&#8221;off&#8221; parallax=&#8221;off&#8221; parallax_method=&#8221;off&#8221; padding_mobile=&#8221;off&#8221; make_fullwidth=&#8221;off&#8221; use_custom_width=&#8221;off&#8221; width_unit=&#8221;on&#8221; make_equal=&#8221;off&#8221; use_custom_gutter=&#8221;off&#8221; module_id=&#8221;row-1&#8243; disabled=&#8221;off&#8221; disabled_on=&#8221;off|off|off&#8221;]\n[et_pb_row admin_label=&#8221;Fila&#8221; make_fullwidth=&#8221;off&#8221; use_custom_width=&#8221;off&#8221; width_unit=&#8221;on&#8221; use_custom_gutter=&#8221;off&#8221; padding_mobile=&#8221;off&#8221; allow_player_pause=&#8221;off&#8221; parallax=&#8221;off&#8221; parallax_method=&#8221;off&#8221; make_equal=&#8221;off&#8221; parallax_1=&#8221;off&#8221; parallax_method_1=&#8221;off&#8221; column_padding_mobile=&#8221;on&#8221; module_class=&#8221;title-container&#8221;]\n[et_pb_column type=&#8221;4_4&#8243;]\n[et_pb_code admin_label=&#8221;Adreces i dades de contacte&#8221;]\n&lt;h2&gt;Adreces i dades de contacte&lt;\/h2&gt;\n[\/et_pb_code]\n[\/et_pb_column]\n[\/et_pb_row]\n[et_pb_row admin_label=&#8221;Fila&#8221; make_fullwidth=&#8221;off&#8221; use_custom_width=&#8221;off&#8221; width_unit=&#8221;on&#8221; use_custom_gutter=&#8221;on&#8221; padding_mobile=&#8221;off&#8221; allow_player_pause=&#8221;off&#8221; parallax=&#8221;off&#8221; parallax_method=&#8221;off&#8221; make_equal=&#8221;off&#8221; parallax_1=&#8221;off&#8221; parallax_method_1=&#8221;off&#8221; parallax_2=&#8221;off&#8221; parallax_method_2=&#8221;off&#8221; parallax_3=&#8221;off&#8221; parallax_method_3=&#8221;off&#8221; column_padding_mobile=&#8221;on&#8221; gutter_width=&#8221;2&#8243; disabled=&#8221;off&#8221; disabled_on=&#8221;off|off|off&#8221; module_class=&#8221;address_columns&#8221;]\n[et_pb_column type=&#8221;1_2&#8243;]\n[et_pb_image admin_label=&#8221;Imatge&#8221; src=&#8221;https:\/\/catedraldevalencia.es\/va\/wp-content\/uploads\/2018\/07\/img-catedral-de-valencia.jpg&#8221; show_in_lightbox=&#8221;off&#8221; url_new_window=&#8221;off&#8221; use_overlay=&#8221;off&#8221; animation=&#8221;fade_in&#8221; sticky=&#8221;off&#8221; align=&#8221;center&#8221; force_fullwidth=&#8221;off&#8221; always_center_on_mobile=&#8221;on&#8221; use_border_color=&#8221;off&#8221; border_color=&#8221;#ffffff&#8221; border_style=&#8221;solid&#8221; module_class=&#8221;ae-1&#8243; alt=&#8221;Catedral de Val\u00e8ncia&#8221; title_text=&#8221;Catedral de Val\u00e8ncia&#8221;]\n[\/et_pb_image]\n[et_pb_text admin_label=&#8221;Adre\u00e7a &#8211; Catedral de Val\u00e8ncia&#8221; background_layout=&#8221;light&#8221; text_orientation=&#8221;center&#8221; use_border_color=&#8221;off&#8221; border_color=&#8221;#ffffff&#8221; border_style=&#8221;solid&#8221;]<\/p>\n<address>\n<h4 class=\"pretitle\">Catedral de Val\u00e8ncia<\/h4>\n<ul>\n<li><strong>Adre\u00e7a<\/strong> Pla\u00e7a de l&#8217;Almoina, s\/n, <br>46003 Val\u00e8ncia, Espanya.<\/li>\n<li><strong>Tel\u00e8fon<\/strong> 96 391 81 27<\/li>\n<li><strong>Email<\/strong> <a href=\"mailto:cabildo.metropolitano@catedraldevalencia.es\">cabildo.metropolitano@catedraldevalencia.es<\/a><\/li>\n<\/ul>\n<\/address>\n<p>[\/et_pb_text]\n[\/et_pb_column]\n[et_pb_column type=&#8221;1_2&#8243;]\n[et_pb_image admin_label=&#8221;Imatge&#8221; src=&#8221;https:\/\/catedraldevalencia.es\/va\/wp-content\/uploads\/2018\/07\/img-secretaria.jpg&#8221; show_in_lightbox=&#8221;off&#8221; url_new_window=&#8221;off&#8221; use_overlay=&#8221;off&#8221; animation=&#8221;fade_in&#8221; sticky=&#8221;off&#8221; align=&#8221;center&#8221; force_fullwidth=&#8221;off&#8221; always_center_on_mobile=&#8221;on&#8221; use_border_color=&#8221;off&#8221; border_color=&#8221;#ffffff&#8221; border_style=&#8221;solid&#8221; module_class=&#8221;ae-2&#8243;]\n[\/et_pb_image]\n[et_pb_text admin_label=&#8221;Adre\u00e7a &#8211; Secret\u00e0ria&#8221; background_layout=&#8221;light&#8221; text_orientation=&#8221;center&#8221; use_border_color=&#8221;off&#8221; border_color=&#8221;#ffffff&#8221; border_style=&#8221;solid&#8221;]<\/p>\n<address>\n<h4 class=\"pretitle\">Secret\u00e0ria<\/h4>\n<ul>\n<li><strong>Adre\u00e7a<\/strong> c\/de la Barcella n\u00ba 6. <br>46003 &#8211; Val\u00e8ncia, Espanya. <sup>*<\/sup><\/li>\n<li><strong>Tel\u00e8fon<\/strong> 96 392 43 02<\/li>\n<li><strong>Email<\/strong> <a href=\"mailto:cabildo.secretaria@catedraldevalencia.es\">cabildo.secretaria@catedraldevalencia.es<\/a><\/li>\n<\/ul>\n<\/address>\n<p>[\/et_pb_text]\n[\/et_pb_column]\n[\/et_pb_row]\n[et_pb_row admin_label=&#8221;Fila&#8221; make_fullwidth=&#8221;off&#8221; use_custom_width=&#8221;off&#8221; width_unit=&#8221;on&#8221; use_custom_gutter=&#8221;on&#8221; padding_mobile=&#8221;off&#8221; allow_player_pause=&#8221;off&#8221; parallax=&#8221;off&#8221; parallax_method=&#8221;off&#8221; make_equal=&#8221;off&#8221; parallax_1=&#8221;off&#8221; parallax_method_1=&#8221;off&#8221; parallax_2=&#8221;off&#8221; parallax_method_2=&#8221;off&#8221; parallax_3=&#8221;off&#8221; parallax_method_3=&#8221;off&#8221; column_padding_mobile=&#8221;on&#8221; gutter_width=&#8221;2&#8243; disabled=&#8221;off&#8221; disabled_on=&#8221;off|off|off&#8221; module_class=&#8221;address_columns&#8221;]\n[et_pb_column type=&#8221;1_2&#8243;]\n[et_pb_image admin_label=&#8221;Imatge&#8221; src=&#8221;https:\/\/catedraldevalencia.es\/va\/wp-content\/uploads\/2018\/07\/img-oficina-asuntos-corales.jpg&#8221; show_in_lightbox=&#8221;off&#8221; url_new_window=&#8221;off&#8221; use_overlay=&#8221;off&#8221; animation=&#8221;fade_in&#8221; sticky=&#8221;off&#8221; align=&#8221;center&#8221; force_fullwidth=&#8221;off&#8221; always_center_on_mobile=&#8221;on&#8221; use_border_color=&#8221;off&#8221; border_color=&#8221;#ffffff&#8221; border_style=&#8221;solid&#8221; module_class=&#8221;ae-2&#8243; alt=&#8221;Oficina pastoral d&#8217;assumptes no Corals&#8221; title_text=&#8221;Oficina pastoral d&#8217;assumptes no Corals&#8221;]\n[\/et_pb_image]\n[et_pb_text admin_label=&#8221;Adre\u00e7a &#8211; Oficina pastoral d&#8217;assumptes no Corals&#8221; background_layout=&#8221;light&#8221; text_orientation=&#8221;center&#8221; use_border_color=&#8221;off&#8221; border_color=&#8221;#ffffff&#8221; border_style=&#8221;solid&#8221;]<\/p>\n<address>\n<h4 class=\"pretitle\">Oficina pastoral <br>d&#8217;assumptes no Corals<\/h4>\n<ul>\n<li><strong>Adre\u00e7a<\/strong> c\/de la Barcella n\u00ba 6. <br>46003 &#8211; Val\u00e8ncia, Espanya. <sup>*<\/sup><\/li>\n<li><strong>Tel\u00e8fon<\/strong> 96 392 43 02<\/li>\n<li><strong>Email<\/strong> <a href=\"mailto:oficina.pastoral@catedraldevalencia.es\">oficina.pastoral@catedraldevalencia.es<\/a><\/li>\n<\/ul>\n<\/address>\n<p>[\/et_pb_text]\n[\/et_pb_column]\n[et_pb_column type=&#8221;1_2&#8243;]\n[et_pb_image admin_label=&#8221;Imatge&#8221; src=&#8221;https:\/\/catedraldevalencia.es\/va\/wp-content\/uploads\/2020\/08\/img-entrada-archivo-catedral-de-valencia.jpg&#8221; show_in_lightbox=&#8221;off&#8221; url_new_window=&#8221;off&#8221; use_overlay=&#8221;off&#8221; animation=&#8221;fade_in&#8221; sticky=&#8221;off&#8221; align=&#8221;center&#8221; force_fullwidth=&#8221;off&#8221; always_center_on_mobile=&#8221;on&#8221; use_border_color=&#8221;off&#8221; border_color=&#8221;#ffffff&#8221; border_style=&#8221;solid&#8221; module_class=&#8221;ae-2&#8243; alt=&#8221;Arxiu Catedral de Val\u00e8ncia&#8221; title_text=&#8221;Arxiu Catedral de Val\u00e8ncia&#8221;]\n[\/et_pb_image]\n[et_pb_text admin_label=&#8221;Adre\u00e7a &#8211; Arxiu de la Catedral de Val\u00e8ncia&#8221; background_layout=&#8221;light&#8221; text_orientation=&#8221;center&#8221; use_border_color=&#8221;off&#8221; border_color=&#8221;#ffffff&#8221; border_style=&#8221;solid&#8221;]<\/p>\n<address>\n<h4 class=\"pretitle\">Arxiu Catedral <br>de Val\u00e8ncia<\/h4>\n<ul>\n<li><strong>Adre\u00e7a<\/strong> Pla\u00e7a de la Reina, s\/n. <br>46003 \u2013 Val\u00e8ncia, Espanya. <sup>***<\/sup><\/li>\n<li><strong>Tel\u00e8fon<\/strong> 96 315 68 81 <\/li>\n<li><strong>Email<\/strong> <a href=\"mailto:archivo.catedral@catedraldevalencia.es\">archivo.catedral@catedraldevalencia.es<\/a><\/li>\n<\/ul>\n<\/address>\n<p>[\/et_pb_text]\n[\/et_pb_column]\n[\/et_pb_row]\n[et_pb_row admin_label=&#8221;Fila&#8221; make_fullwidth=&#8221;off&#8221; use_custom_width=&#8221;off&#8221; width_unit=&#8221;on&#8221; use_custom_gutter=&#8221;on&#8221; padding_mobile=&#8221;off&#8221; allow_player_pause=&#8221;off&#8221; parallax=&#8221;off&#8221; parallax_method=&#8221;off&#8221; make_equal=&#8221;off&#8221; parallax_1=&#8221;off&#8221; parallax_method_1=&#8221;off&#8221; parallax_2=&#8221;off&#8221; parallax_method_2=&#8221;off&#8221; parallax_3=&#8221;off&#8221; parallax_method_3=&#8221;off&#8221; column_padding_mobile=&#8221;on&#8221; gutter_width=&#8221;2&#8243; disabled=&#8221;off&#8221; disabled_on=&#8221;off|off|off&#8221; module_class=&#8221;address_columns&#8221;]\n[et_pb_column type=&#8221;1_2&#8243;]\n[et_pb_image admin_label=&#8221;Imatge&#8221; src=&#8221;https:\/\/catedraldevalencia.es\/va\/wp-content\/uploads\/2018\/07\/img-museo.jpg&#8221; show_in_lightbox=&#8221;off&#8221; url_new_window=&#8221;off&#8221; use_overlay=&#8221;off&#8221; animation=&#8221;fade_in&#8221; sticky=&#8221;off&#8221; align=&#8221;center&#8221; force_fullwidth=&#8221;off&#8221; always_center_on_mobile=&#8221;on&#8221; use_border_color=&#8221;off&#8221; border_color=&#8221;#ffffff&#8221; border_style=&#8221;solid&#8221; module_class=&#8221;ae-3&#8243; alt=&#8221;Museu Catedral de Val\u00e8ncia&#8221; title_text=&#8221;Museu Catedral de Val\u00e8ncia&#8221;]\n[\/et_pb_image]\n[et_pb_text admin_label=&#8221;Adre\u00e7a &#8211; Museu Catedral de Val\u00e8ncia&#8221; background_layout=&#8221;light&#8221; text_orientation=&#8221;center&#8221; use_border_color=&#8221;off&#8221; border_color=&#8221;#ffffff&#8221; border_style=&#8221;solid&#8221;]<\/p>\n<address>\n<h4 class=\"pretitle\">Museu Catedral <br>de Val\u00e8ncia<\/h4>\n<ul>\n<li><strong>Adre\u00e7a<\/strong> Pla\u00e7a de la Reina, s\/n. <br>46003 &#8211; Val\u00e8ncia, Espanya.<sup>**<\/sup><\/li>\n<li><strong>Email<\/strong> <a href=\"mailto:info@museocatedralvalencia.com\">info@museocatedralvalencia.com<\/a><\/li>\n<\/ul>\n<\/address>\n<p>[\/et_pb_text]\n[\/et_pb_column]\n[et_pb_column type=&#8221;1_2&#8243;]\n[et_pb_image admin_label=&#8221;Imatge&#8221; src=&#8221;https:\/\/catedraldevalencia.es\/va\/wp-content\/uploads\/2020\/08\/img-entrada-torre-campanario-micalet.jpg&#8221; show_in_lightbox=&#8221;off&#8221; url_new_window=&#8221;off&#8221; use_overlay=&#8221;off&#8221; animation=&#8221;fade_in&#8221; sticky=&#8221;off&#8221; align=&#8221;center&#8221; force_fullwidth=&#8221;off&#8221; always_center_on_mobile=&#8221;on&#8221; use_border_color=&#8221;off&#8221; border_color=&#8221;#ffffff&#8221; border_style=&#8221;solid&#8221; module_class=&#8221;ae-3&#8243; alt=&#8221;Torre Campanar \u00abMicalet\u00bb&#8221; title_text=&#8221;Torre Campanar \u00abMicalet\u00bb&#8221;]\n[\/et_pb_image]\n[et_pb_text admin_label=&#8221;Adre\u00e7a &#8211; Torre del %22Micalet%22&#8243; background_layout=&#8221;light&#8221; text_orientation=&#8221;center&#8221; use_border_color=&#8221;off&#8221; border_color=&#8221;#ffffff&#8221; border_style=&#8221;solid&#8221;]<\/p>\n<address>\n<h4 class=\"pretitle\">Torre del <br>\u00abMicalet\u00bb<\/h4>\n<ul>\n<li><strong>Adre\u00e7a<\/strong> Pla\u00e7a de la Reina, s\/n. <br>46003 \u2013 Val\u00e8ncia, Espanya. <sup>****<\/sup><\/li>\n<li><strong>Email<\/strong> <a href=\"mailto:miguelete@catedraldevalencia.es\">miguelete@catedraldevalencia.es<\/a><\/li>\n<\/ul>\n<\/address>\n<p>[\/et_pb_text]\n[\/et_pb_column]\n[\/et_pb_row]\n[et_pb_row admin_label=&#8221;Fila&#8221;]\n[et_pb_column type=&#8221;4_4&#8243;]\n[et_pb_text admin_label=&#8221;Nota&#8221; background_layout=&#8221;light&#8221; text_orientation=&#8221;center&#8221; use_border_color=&#8221;off&#8221; border_color=&#8221;#ffffff&#8221; border_style=&#8221;solid&#8221; module_class=&#8221;note&#8221;]<\/p>\n<p><sup>*<\/sup> Al costat de la Catedral. <br><sup>**<\/sup> L&#8217;entrada al museu es troba dins de la Catedral. <br><sup>***<\/sup> L&#8217;entrada a l&#8217;Arxiu es troba dins de la Catedral, en la sagristia major.<br><sup>****<\/sup> L&#8217;entrada a la torre Micalet es troba dins de la Catedral.<\/p>\n<p>[\/et_pb_text]\n[\/et_pb_column]\n[\/et_pb_row]\n[\/et_pb_section]<\/p>\n","protected":false},"excerpt":{"rendered":"<p>Direccions i dades de contacte<\/p>\n","protected":false},"author":1,"featured_media":356,"parent":51,"menu_order":1,"comment_status":"closed","ping_status":"closed","template":"","meta":{"footnotes":""},"class_list":["post-87","page","type-page","status-publish","has-post-thumbnail","hentry"],"yoast_head":"<!-- This site is optimized with the Yoast SEO plugin v27.3 - https:\/\/yoast.com\/product\/yoast-seo-wordpress\/ -->\n<title>Localitzaci\u00f3 - Catedral de Val\u00e8ncia<\/title>\n<meta name=\"robots\" content=\"index, follow, max-snippet:-1, max-image-preview:large, max-video-preview:-1\" \/>\n<link rel=\"canonical\" href=\"https:\/\/catedraldevalencia.es\/va\/contacte\/localizacio\/\" \/>\n<meta property=\"og:locale\" content=\"ca_ES\" \/>\n<meta property=\"og:type\" content=\"article\" \/>\n<meta property=\"og:title\" content=\"Localitzaci\u00f3 - Catedral de Val\u00e8ncia\" \/>\n<meta property=\"og:description\" content=\"Direccions i dades de contacte\" \/>\n<meta property=\"og:url\" content=\"https:\/\/catedraldevalencia.es\/va\/contacte\/localizacio\/\" \/>\n<meta property=\"og:site_name\" content=\"Catedral de Val\u00e8ncia\" \/>\n<meta property=\"article:modified_time\" content=\"2025-04-23T15:00:52+00:00\" \/>\n<meta property=\"og:image\" content=\"https:\/\/catedraldevalencia.es\/va\/wp-content\/uploads\/2018\/07\/ft-localization.jpg\" \/>\n\t<meta property=\"og:image:width\" content=\"700\" \/>\n\t<meta property=\"og:image:height\" content=\"525\" \/>\n\t<meta property=\"og:image:type\" content=\"image\/jpeg\" \/>\n<meta name=\"twitter:card\" content=\"summary_large_image\" \/>\n<meta name=\"twitter:label1\" content=\"Est. reading time\" \/>\n\t<meta name=\"twitter:data1\" content=\"4 minutes\" \/>\n<script type=\"application\/ld+json\" class=\"yoast-schema-graph\">{\"@context\":\"https:\\\/\\\/schema.org\",\"@graph\":[{\"@type\":\"WebPage\",\"@id\":\"https:\\\/\\\/catedraldevalencia.es\\\/va\\\/contacte\\\/localizacio\\\/\",\"url\":\"https:\\\/\\\/catedraldevalencia.es\\\/va\\\/contacte\\\/localizacio\\\/\",\"name\":\"Localitzaci\u00f3 - Catedral de Val\u00e8ncia\",\"isPartOf\":{\"@id\":\"https:\\\/\\\/catedraldevalencia.es\\\/va\\\/#website\"},\"primaryImageOfPage\":{\"@id\":\"https:\\\/\\\/catedraldevalencia.es\\\/va\\\/contacte\\\/localizacio\\\/#primaryimage\"},\"image\":{\"@id\":\"https:\\\/\\\/catedraldevalencia.es\\\/va\\\/contacte\\\/localizacio\\\/#primaryimage\"},\"thumbnailUrl\":\"https:\\\/\\\/catedraldevalencia.es\\\/va\\\/wp-content\\\/uploads\\\/2018\\\/07\\\/ft-localization.jpg\",\"datePublished\":\"2017-11-02T11:35:32+00:00\",\"dateModified\":\"2025-04-23T15:00:52+00:00\",\"breadcrumb\":{\"@id\":\"https:\\\/\\\/catedraldevalencia.es\\\/va\\\/contacte\\\/localizacio\\\/#breadcrumb\"},\"inLanguage\":\"ca\",\"potentialAction\":[{\"@type\":\"ReadAction\",\"target\":[\"https:\\\/\\\/catedraldevalencia.es\\\/va\\\/contacte\\\/localizacio\\\/\"]}]},{\"@type\":\"ImageObject\",\"inLanguage\":\"ca\",\"@id\":\"https:\\\/\\\/catedraldevalencia.es\\\/va\\\/contacte\\\/localizacio\\\/#primaryimage\",\"url\":\"https:\\\/\\\/catedraldevalencia.es\\\/va\\\/wp-content\\\/uploads\\\/2018\\\/07\\\/ft-localization.jpg\",\"contentUrl\":\"https:\\\/\\\/catedraldevalencia.es\\\/va\\\/wp-content\\\/uploads\\\/2018\\\/07\\\/ft-localization.jpg\",\"width\":700,\"height\":525},{\"@type\":\"BreadcrumbList\",\"@id\":\"https:\\\/\\\/catedraldevalencia.es\\\/va\\\/contacte\\\/localizacio\\\/#breadcrumb\",\"itemListElement\":[{\"@type\":\"ListItem\",\"position\":1,\"name\":\"Portada\",\"item\":\"https:\\\/\\\/catedraldevalencia.es\\\/va\\\/\"},{\"@type\":\"ListItem\",\"position\":2,\"name\":\"Contacte\",\"item\":\"https:\\\/\\\/catedraldevalencia.es\\\/va\\\/contacte\\\/\"},{\"@type\":\"ListItem\",\"position\":3,\"name\":\"Localitzaci\u00f3\"}]},{\"@type\":\"WebSite\",\"@id\":\"https:\\\/\\\/catedraldevalencia.es\\\/va\\\/#website\",\"url\":\"https:\\\/\\\/catedraldevalencia.es\\\/va\\\/\",\"name\":\"Catedral de Val\u00e8ncia\",\"description\":\"La Catedral del Sant Calze\",\"potentialAction\":[{\"@type\":\"SearchAction\",\"target\":{\"@type\":\"EntryPoint\",\"urlTemplate\":\"https:\\\/\\\/catedraldevalencia.es\\\/va\\\/?s={search_term_string}\"},\"query-input\":{\"@type\":\"PropertyValueSpecification\",\"valueRequired\":true,\"valueName\":\"search_term_string\"}}],\"inLanguage\":\"ca\"}]}<\/script>\n<!-- \/ Yoast SEO plugin. -->","yoast_head_json":{"title":"Localitzaci\u00f3 - Catedral de Val\u00e8ncia","robots":{"index":"index","follow":"follow","max-snippet":"max-snippet:-1","max-image-preview":"max-image-preview:large","max-video-preview":"max-video-preview:-1"},"canonical":"https:\/\/catedraldevalencia.es\/va\/contacte\/localizacio\/","og_locale":"ca_ES","og_type":"article","og_title":"Localitzaci\u00f3 - Catedral de Val\u00e8ncia","og_description":"Direccions i dades de contacte","og_url":"https:\/\/catedraldevalencia.es\/va\/contacte\/localizacio\/","og_site_name":"Catedral de Val\u00e8ncia","article_modified_time":"2025-04-23T15:00:52+00:00","og_image":[{"width":700,"height":525,"url":"https:\/\/catedraldevalencia.es\/va\/wp-content\/uploads\/2018\/07\/ft-localization.jpg","type":"image\/jpeg"}],"twitter_card":"summary_large_image","twitter_misc":{"Est. reading time":"4 minutes"},"schema":{"@context":"https:\/\/schema.org","@graph":[{"@type":"WebPage","@id":"https:\/\/catedraldevalencia.es\/va\/contacte\/localizacio\/","url":"https:\/\/catedraldevalencia.es\/va\/contacte\/localizacio\/","name":"Localitzaci\u00f3 - Catedral de Val\u00e8ncia","isPartOf":{"@id":"https:\/\/catedraldevalencia.es\/va\/#website"},"primaryImageOfPage":{"@id":"https:\/\/catedraldevalencia.es\/va\/contacte\/localizacio\/#primaryimage"},"image":{"@id":"https:\/\/catedraldevalencia.es\/va\/contacte\/localizacio\/#primaryimage"},"thumbnailUrl":"https:\/\/catedraldevalencia.es\/va\/wp-content\/uploads\/2018\/07\/ft-localization.jpg","datePublished":"2017-11-02T11:35:32+00:00","dateModified":"2025-04-23T15:00:52+00:00","breadcrumb":{"@id":"https:\/\/catedraldevalencia.es\/va\/contacte\/localizacio\/#breadcrumb"},"inLanguage":"ca","potentialAction":[{"@type":"ReadAction","target":["https:\/\/catedraldevalencia.es\/va\/contacte\/localizacio\/"]}]},{"@type":"ImageObject","inLanguage":"ca","@id":"https:\/\/catedraldevalencia.es\/va\/contacte\/localizacio\/#primaryimage","url":"https:\/\/catedraldevalencia.es\/va\/wp-content\/uploads\/2018\/07\/ft-localization.jpg","contentUrl":"https:\/\/catedraldevalencia.es\/va\/wp-content\/uploads\/2018\/07\/ft-localization.jpg","width":700,"height":525},{"@type":"BreadcrumbList","@id":"https:\/\/catedraldevalencia.es\/va\/contacte\/localizacio\/#breadcrumb","itemListElement":[{"@type":"ListItem","position":1,"name":"Portada","item":"https:\/\/catedraldevalencia.es\/va\/"},{"@type":"ListItem","position":2,"name":"Contacte","item":"https:\/\/catedraldevalencia.es\/va\/contacte\/"},{"@type":"ListItem","position":3,"name":"Localitzaci\u00f3"}]},{"@type":"WebSite","@id":"https:\/\/catedraldevalencia.es\/va\/#website","url":"https:\/\/catedraldevalencia.es\/va\/","name":"Catedral de Val\u00e8ncia","description":"La Catedral del Sant Calze","potentialAction":[{"@type":"SearchAction","target":{"@type":"EntryPoint","urlTemplate":"https:\/\/catedraldevalencia.es\/va\/?s={search_term_string}"},"query-input":{"@type":"PropertyValueSpecification","valueRequired":true,"valueName":"search_term_string"}}],"inLanguage":"ca"}]}},"_links":{"self":[{"href":"https:\/\/catedraldevalencia.es\/va\/wp-json\/wp\/v2\/pages\/87","targetHints":{"allow":["GET"]}}],"collection":[{"href":"https:\/\/catedraldevalencia.es\/va\/wp-json\/wp\/v2\/pages"}],"about":[{"href":"https:\/\/catedraldevalencia.es\/va\/wp-json\/wp\/v2\/types\/page"}],"author":[{"embeddable":true,"href":"https:\/\/catedraldevalencia.es\/va\/wp-json\/wp\/v2\/users\/1"}],"replies":[{"embeddable":true,"href":"https:\/\/catedraldevalencia.es\/va\/wp-json\/wp\/v2\/comments?post=87"}],"version-history":[{"count":0,"href":"https:\/\/catedraldevalencia.es\/va\/wp-json\/wp\/v2\/pages\/87\/revisions"}],"up":[{"embeddable":true,"href":"https:\/\/catedraldevalencia.es\/va\/wp-json\/wp\/v2\/pages\/51"}],"wp:featuredmedia":[{"embeddable":true,"href":"https:\/\/catedraldevalencia.es\/va\/wp-json\/wp\/v2\/media\/356"}],"wp:attachment":[{"href":"https:\/\/catedraldevalencia.es\/va\/wp-json\/wp\/v2\/media?parent=87"}],"curies":[{"name":"wp","href":"https:\/\/api.w.org\/{rel}","templated":true}]}}