{"id":90,"date":"2017-11-02T11:40:22","date_gmt":"2017-11-02T11:40:22","guid":{"rendered":"https:\/\/catedraldevalencia.es\/va\/?page_id=90"},"modified":"2025-04-23T16:48:25","modified_gmt":"2025-04-23T16:48:25","slug":"avis-legal","status":"publish","type":"page","link":"https:\/\/catedraldevalencia.es\/va\/legal\/avis-legal\/","title":{"rendered":"Av\u00eds Legal"},"content":{"rendered":"<p>[et_pb_section admin_label=&#8221;Secci\u00f3&#8221; fullwidth=&#8221;off&#8221; specialty=&#8221;on&#8221; module_id=&#8221;row-info&#8221; transparent_background=&#8221;on&#8221; background_color=&#8221;#ffffff&#8221; allow_player_pause=&#8221;off&#8221; inner_shadow=&#8221;off&#8221; parallax=&#8221;off&#8221; parallax_method=&#8221;off&#8221; padding_mobile=&#8221;off&#8221; make_fullwidth=&#8221;off&#8221; use_custom_width=&#8221;off&#8221; width_unit=&#8221;on&#8221; make_equal=&#8221;on&#8221; use_custom_gutter=&#8221;off&#8221; parallax_1=&#8221;off&#8221; parallax_method_1=&#8221;off&#8221; parallax_2=&#8221;off&#8221; parallax_method_2=&#8221;off&#8221; module_id_1=&#8221;col-text&#8221; module_id_2=&#8221;col-sidebar&#8221;]\n[et_pb_column type=&#8221;3_4&#8243; specialty_columns=&#8221;3&#8243;]\n[et_pb_row_inner admin_label=&#8221;Fila&#8221; padding_mobile=&#8221;off&#8221; use_custom_gutter=&#8221;off&#8221; column_padding_mobile=&#8221;on&#8221; make_equal=&#8221;off&#8221; parallax_1=&#8221;off&#8221; parallax_method_1=&#8221;off&#8221; module_id=&#8221;row-1&#8243;]\n[et_pb_column_inner type=&#8221;4_4&#8243; saved_specialty_column_type=&#8221;3_4&#8243;]\n[et_pb_text admin_label=&#8221;Text &#8211; Av\u00eds legal&#8221; background_layout=&#8221;light&#8221; text_orientation=&#8221;left&#8221; use_border_color=&#8221;off&#8221; border_color=&#8221;#ffffff&#8221; border_style=&#8221;solid&#8221; module_id=&#8221;txt-1&#8243;]<\/p>\n<h3 class=\"section-title\">Informaci\u00f3<\/h3>\n<h1 class=\"main-title\">Av\u00eds legal<\/h1>\n<p class=\"lead\">En compliment de la Llei 34\/2002 \u2013 LSSICE de \u201cServeis de la Societat i la Informaci\u00f3 de Comer\u00e7 Electr\u00f2nic\u201d, posem a la disposici\u00f3 dels usuaris la seg\u00fcent informaci\u00f3:<\/p>\n<p>[\/et_pb_text]\n[\/et_pb_column_inner]\n[\/et_pb_row_inner]\n[et_pb_row_inner admin_label=&#8221;Fila&#8221; padding_mobile=&#8221;off&#8221; use_custom_gutter=&#8221;off&#8221; column_padding_mobile=&#8221;on&#8221; make_equal=&#8221;off&#8221; parallax_1=&#8221;off&#8221; parallax_method_1=&#8221;off&#8221; module_id=&#8221;row-2&#8243;]\n[et_pb_column_inner type=&#8221;4_4&#8243; saved_specialty_column_type=&#8221;3_4&#8243;]\n[et_pb_list admin_label=&#8221;Llistat &#8211; Dades de titularitat&#8221; horizontal_line=&#8221;on&#8221; use_border_color=&#8221;off&#8221; border_color=&#8221;#ffffff&#8221; border_style=&#8221;solid&#8221; module_id=&#8221;lists&#8221;]\n[et_pb_list_item title=&#8221;Titular&#8221; use_icon=&#8221;off&#8221; custom_icon=&#8221;off&#8221; animation=&#8221;top&#8221;]\nCatedral de Val\u00e8ncia\n[\/et_pb_list_item]\n[et_pb_list_item title=&#8221;Propietari&#8221; use_icon=&#8221;off&#8221; custom_icon=&#8221;off&#8221; animation=&#8221;top&#8221;]\nCap\u00edtol Metropolit\u00e0 de Val\u00e8ncia\n[\/et_pb_list_item]\n[et_pb_list_item title=&#8221;Domicili&#8221; use_icon=&#8221;off&#8221; custom_icon=&#8221;off&#8221; animation=&#8221;top&#8221;]\nC\/ Barcella, 1,  <br>(46003) Val\u00e8ncia, Espanya  <br><small>(acc\u00e9s per la Porta dels Ferros)<\/small>\n[\/et_pb_list_item]\n[et_pb_list_item title=&#8221;CIF&#8221; use_icon=&#8221;off&#8221; custom_icon=&#8221;off&#8221; animation=&#8221;top&#8221;]\nR4600021B\n[\/et_pb_list_item]\n[et_pb_list_item title=&#8221;E-mail&#8221; use_icon=&#8221;off&#8221; custom_icon=&#8221;off&#8221; animation=&#8221;top&#8221;]\n<a href=\"mailto:cabildo.metropolitano@catedraldevalencia.es\">cabildo.metropolitano@catedraldevalencia.es<\/a>\n[\/et_pb_list_item]\n[\/et_pb_list]\n[et_pb_text admin_label=&#8221;Text &#8211; Aquest Web ha sigut creat &#8230;&#8221; background_layout=&#8221;light&#8221; text_orientation=&#8221;left&#8221; use_border_color=&#8221;off&#8221; border_color=&#8221;#ffffff&#8221; border_style=&#8221;solid&#8221; module_id=&#8221;txt-2&#8243;]<\/p>\n<p>Aquest Web ha sigut creat per la <em>Catedral de Val\u00e8ncia<\/em>, amb car\u00e0cter informatiu i per a la seua utilitzaci\u00f3 gratu\u00efta i personal per l&#8217;usuari d&#8217;aquesta. L&#8217;acc\u00e9s a aquest Web implica el coneixement i acceptaci\u00f3 dels seg\u00fcents termes:<\/p>\n<p>[\/et_pb_text]\n[et_pb_text admin_label=&#8221;Text &#8211; 1 &#8211; Limitacions d&#8217;\u00fas&#8221; background_layout=&#8221;light&#8221; text_orientation=&#8221;left&#8221; use_border_color=&#8221;off&#8221; border_color=&#8221;#ffffff&#8221; border_style=&#8221;solid&#8221; module_id=&#8221;txt-3&#8243;]<\/p>\n<h2>1. Limitacions d&#8217;\u00fas<\/h2>\n<div>\n<p class=\"p_first\">Els usuaris que accedisquen a aquest Web estan autoritzats per visualitzar tota la informaci\u00f3 i continguts d&#8217;aquest. No s&#8217;autoritza la c\u00f2pia, reproducci\u00f3, transmissi\u00f3, distribuci\u00f3 o modificaci\u00f3 del lloc o els seus continguts.<\/p>\n<p>La <em>Catedral de Val\u00e8ncia<\/em> es reserva el dret de prohibir o impedir l&#8217;acc\u00e9s a qualsevol usuari que introdu\u00efsca en el Web qualsevol tipus de contingut contrari a les normes legals o la moral i cooperar\u00e0 amb les autoritats en la identificaci\u00f3 de les persones responsables que introdu\u00efsquen en el Web continguts que puguen suposar una violaci\u00f3 de la llei.<\/p>\n<\/div>\n<p>[\/et_pb_text]\n[et_pb_text admin_label=&#8221;Text &#8211; 2 &#8211; Propietat intel\u00b7lectual, industrial i drets an\u00e0legs&#8221; background_layout=&#8221;light&#8221; text_orientation=&#8221;left&#8221; use_border_color=&#8221;off&#8221; border_color=&#8221;#ffffff&#8221; border_style=&#8221;solid&#8221; module_id=&#8221;txt-3&#8243;]<\/p>\n<h2>2. Propietat intel\u00b7lectual, industrial i drets an\u00e0legs<\/h2>\n<div>\n<p class=\"p_first\">Tots els continguts i elements als quals puguen accedir els usuaris a trav\u00e9s d&#8217;aquest Web, ja siguen textos, dissenys gr\u00e0fics, composicions sonores, visuals o audiovisuals o aplicacions inform\u00e0tiques expressades en qualsevol codi o llenguatge, estan subjectes a drets de propietat intel\u00b7lectual, industrial o drets d&#8217;an\u00e0leg contingut econ\u00f2mic de la <em>Catedral de Val\u00e8ncia<\/em> o dels tercers que en cada cas s&#8217;indiquen.<\/p>\n<p>L&#8217;acc\u00e9s a aquests continguts o elements a trav\u00e9s del Web no atorga als usuaris cap dret sobre aquests, els qui no podran alterar-los, modificar-los, explotar-los, reproduir-los, distribuir-los, ni comunicar-los p\u00fablicament ni podran exercitar cap altre dret que corresponga al titular del dret afectat. Els usuaris que accedisquen al Web s&#8217;obliguen especialment a no realitzar una explotaci\u00f3 comercial, directa o indirecta, dels continguts i elements del Web.<\/p>\n<p>Les imatges reprodu\u00efdes estan protegides per Drets d&#8217;Autor. Queda prohibida la seua reproducci\u00f3 total o parcial. La <em>Catedral de Val\u00e8ncia<\/em> no es fa responsable de l&#8217;\u00fas per tercers d&#8217;aquestes imatges.<\/p>\n<p>Qualsevol infracci\u00f3 de les Limitacions d&#8217;\u00das o dels Drets de Propietat Intel\u00b7lectual, Industrial o drets an\u00e0legs, o de la legalitat vigent podr\u00e0 ser perseguida per la <em>Catedral de Val\u00e8ncia<\/em> mitjan\u00e7ant l&#8217;exercici de les accions legals que en cada cas corresponguen.<\/p>\n<\/div>\n<p>[\/et_pb_text]\n[et_pb_text admin_label=&#8221;Text &#8211; 3 &#8211; Responsabilitat&#8221; background_layout=&#8221;light&#8221; text_orientation=&#8221;left&#8221; use_border_color=&#8221;off&#8221; border_color=&#8221;#ffffff&#8221; border_style=&#8221;solid&#8221; module_id=&#8221;txt-4&#8243;]<\/p>\n<h2>3. Responsabilitat<\/h2>\n<div>\n<p class=\"p_first\">La <em>Catedral de Val\u00e8ncia<\/em> \u00fanicament ser\u00e0 responsable de la informaci\u00f3 continguda en aquest Web que haja sigut creada per ella.<\/p>\n<p>La <em>Catedral de Val\u00e8ncia<\/em> no assumeix cap responsabilitat per informacions de qualsevol tipus que pogueren haver incl\u00f2s els usuaris, ni per les informacions contingudes en altres webs no gestionats directament per la <em>Catedral de Val\u00e8ncia<\/em>, als quals aquest Web puga remetre per mitj\u00e0 d&#8217;enlla\u00e7os o \u201clinks\u201d. La finalitat dels enlla\u00e7os que apareixen en aquest Web \u00e9s exclusivament informativa, no suposant, en cap cas, un suggeriment o invitaci\u00f3 a l&#8217;usuari a visitar els webs de destinaci\u00f3. En conseq\u00fc\u00e8ncia, la <em>Catedral de Val\u00e8ncia<\/em> no ser\u00e0, en cap cas, responsable del resultat que puga o pretenga obtindre l&#8217;usuari dels webs als quals accedisca a trav\u00e9s dels citats enlla\u00e7os.<\/p>\n<p>La <em>Catedral de Val\u00e8ncia<\/em> no respondr\u00e0 dels danys i perjudicis que poguera ocasionar l&#8217;exist\u00e8ncia de virus o altres elements que pogueren causar danys en els sistemes inform\u00e0tics, en els documents electr\u00f2nics o en els fitxers d&#8217;usuari d&#8217;aquest lloc web o de llocs web de tercers. Aix\u00ed mateix, la <em>Catedral de Val\u00e8ncia<\/em> no respondr\u00e0 tampoc de qualsevol interrupci\u00f3, errada o fallada que es produ\u00efsca en el sistema com a conseq\u00fc\u00e8ncia d&#8217;un mal funcionament de la xarxa o dels servidors connectats a aquesta.<\/p>\n<\/div>\n<p>[\/et_pb_text]\n[et_pb_text admin_label=&#8221;Text &#8211; 4 &#8211; Modificacions&#8221; background_layout=&#8221;light&#8221; text_orientation=&#8221;left&#8221; use_border_color=&#8221;off&#8221; border_color=&#8221;#ffffff&#8221; border_style=&#8221;solid&#8221; module_id=&#8221;txt-5&#8243;]<\/p>\n<h2>4. Modificacions<\/h2>\n<div>\n<p>El contingut d&#8217;aquest Web i dels presents advertiments podr\u00e0 ser modificat o actualitzat per la <em>Catedral de Val\u00e8ncia<\/em> en qualsevol moment i sense necessitat de previ av\u00eds.<\/p>\n<\/div>\n<p>[\/et_pb_text]\n[et_pb_text admin_label=&#8221;Text &#8211; 5 &#8211; Confidencialitat de les dades&#8221; background_layout=&#8221;light&#8221; text_orientation=&#8221;left&#8221; use_border_color=&#8221;off&#8221; border_color=&#8221;#ffffff&#8221; border_style=&#8221;solid&#8221; module_id=&#8221;txt-6&#8243;]<\/p>\n<h2>5. Confidencialitat de les dades<\/h2>\n<div>\n<p class=\"p_first\">A trav\u00e9s de la p\u00e0gina web no es recull cap dada personal sense el seu coneixement, ni se cedeixen a tercers.<\/p>\n<p>En virtut del que es disposa en la Llei 15\/1999, de 13 de desembre, de Protecci\u00f3 de Dades de Car\u00e0cter Personal, us informem que, mitjan\u00e7ant l&#8217;emplenament dels formularis del lloc web, les vostres dades personals quedaran incorporades al fitxer titularitat de la <em>Catedral de Val\u00e8ncia<\/em>. Dades que seran tractades amb la finalitat de respondre a les vostres sol\u00b7licituds d&#8217;informaci\u00f3, aix\u00ed com per a mantindre-vos informats, fins i tot per mitjans electr\u00f2nics, sobre q\u00fcestions relatives a les novetats i promocions de la Catedral.<\/p>\n<p>Si no desitgeu que tractem les vostres dades per a aquestes finalitats, podeu exercir, en qualsevol moment, els drets d&#8217;acc\u00e9s, rectificaci\u00f3, cancel\u00b7laci\u00f3 i oposici\u00f3 de les vostres dades de car\u00e0cter personal mitjan\u00e7ant correu electr\u00f2nic dirigit a \n<a href=\"mailto:cabildo.metropolitano@catedraldevalencia.es\">cabildo.metropolitano@catedraldevalencia.es<\/a>\n o b\u00e9 mitjan\u00e7ant un escrit dirigit al Cap\u00edtol Metropolit\u00e0 de la <em>Catedral de Val\u00e8ncia<\/em>, <span>C\/ Barcella, 1,  <br>(46003) Val\u00e8ncia, Espanya  <br><small>(acc\u00e9s per la Porta dels Ferros)<\/small>.<\/span><\/p>\n<\/div>\n<p>[\/et_pb_text]\n[et_pb_text admin_label=&#8221;Text &#8211; 6 &#8211; Legislaci\u00f3 i Jurisdicci\u00f3&#8221; background_layout=&#8221;light&#8221; text_orientation=&#8221;left&#8221; use_border_color=&#8221;off&#8221; border_color=&#8221;#ffffff&#8221; border_style=&#8221;solid&#8221; module_id=&#8221;txt-7&#8243;]<\/p>\n<h2>6. Legislaci\u00f3 i Jurisdicci\u00f3<\/h2>\n<div>\n<p class=\"p_last\">Els presents Advertiments Legals es regeixen en tots i cadascun dels seus extrems per la Llei espanyola, sotmetent-se expressament la <em>Catedral de Val\u00e8ncia<\/em> i els usuaris a la jurisdicci\u00f3 dels Jutjats i Tribunals de Val\u00e8ncia, renunciant a qualsevol altre fur que poguera correspondre&#8217;ls.<\/p>\n<\/div>\n<p>[\/et_pb_text]\n[\/et_pb_column_inner]\n[\/et_pb_row_inner]\n[\/et_pb_column]\n[et_pb_column type=&#8221;1_4&#8243;]\n[et_pb_sidebar admin_label=&#8221;Men\u00fa &#8211; Ajuda&#8221; orientation=&#8221;right&#8221; area=&#8221;et_pb_widget_area_3&#8243; background_layout=&#8221;light&#8221; remove_border=&#8221;off&#8221;]\n[\/et_pb_sidebar]\n[\/et_pb_column]\n[\/et_pb_section]<\/p>\n","protected":false},"excerpt":{"rendered":"<p>[et_pb_section admin_label=&#8221;Secci\u00f3&#8221; fullwidth=&#8221;off&#8221; specialty=&#8221;on&#8221; module_id=&#8221;row-info&#8221; transparent_background=&#8221;on&#8221; background_color=&#8221;#ffffff&#8221; allow_player_pause=&#8221;off&#8221; inner_shadow=&#8221;off&#8221; parallax=&#8221;off&#8221; parallax_method=&#8221;off&#8221; padding_mobile=&#8221;off&#8221; make_fullwidth=&#8221;off&#8221; use_custom_width=&#8221;off&#8221; width_unit=&#8221;on&#8221; make_equal=&#8221;on&#8221; use_custom_gutter=&#8221;off&#8221; parallax_1=&#8221;off&#8221; parallax_method_1=&#8221;off&#8221; parallax_2=&#8221;off&#8221; parallax_method_2=&#8221;off&#8221; module_id_1=&#8221;col-text&#8221; module_id_2=&#8221;col-sidebar&#8221;] [et_pb_column type=&#8221;3_4&#8243; specialty_columns=&#8221;3&#8243;] [et_pb_row_inner admin_label=&#8221;Fila&#8221; padding_mobile=&#8221;off&#8221; use_custom_gutter=&#8221;off&#8221; column_padding_mobile=&#8221;on&#8221; make_equal=&#8221;off&#8221; parallax_1=&#8221;off&#8221; parallax_method_1=&#8221;off&#8221; module_id=&#8221;row-1&#8243;] [et_pb_column_inner type=&#8221;4_4&#8243; saved_specialty_column_type=&#8221;3_4&#8243;] [et_pb_text admin_label=&#8221;Text &#8211; Av\u00eds legal&#8221; background_layout=&#8221;light&#8221; text_orientation=&#8221;left&#8221; use_border_color=&#8221;off&#8221; border_color=&#8221;#ffffff&#8221; border_style=&#8221;solid&#8221; module_id=&#8221;txt-1&#8243;] Informaci\u00f3 Av\u00eds legal En compliment de [&hellip;]<\/p>\n","protected":false},"author":1,"featured_media":4597,"parent":25992,"menu_order":2,"comment_status":"closed","ping_status":"closed","template":"page-legal.php","meta":{"footnotes":""},"class_list":["post-90","page","type-page","status-publish","has-post-thumbnail","hentry"],"yoast_head":"<!-- This site is optimized with the Yoast SEO plugin v27.3 - https:\/\/yoast.com\/product\/yoast-seo-wordpress\/ -->\n<title>Av\u00eds Legal - Catedral de Val\u00e8ncia<\/title>\n<meta name=\"robots\" content=\"index, follow, max-snippet:-1, max-image-preview:large, max-video-preview:-1\" \/>\n<link rel=\"canonical\" href=\"https:\/\/catedraldevalencia.es\/va\/legal\/avis-legal\/\" \/>\n<meta property=\"og:locale\" content=\"ca_ES\" \/>\n<meta property=\"og:type\" content=\"article\" \/>\n<meta property=\"og:title\" content=\"Av\u00eds Legal - Catedral de Val\u00e8ncia\" \/>\n<meta property=\"og:description\" content=\"[et_pb_section admin_label=&#8221;Secci\u00f3&#8221; fullwidth=&#8221;off&#8221; specialty=&#8221;on&#8221; module_id=&#8221;row-info&#8221; transparent_background=&#8221;on&#8221; background_color=&#8221;#ffffff&#8221; allow_player_pause=&#8221;off&#8221; inner_shadow=&#8221;off&#8221; parallax=&#8221;off&#8221; parallax_method=&#8221;off&#8221; padding_mobile=&#8221;off&#8221; make_fullwidth=&#8221;off&#8221; use_custom_width=&#8221;off&#8221; width_unit=&#8221;on&#8221; make_equal=&#8221;on&#8221; use_custom_gutter=&#8221;off&#8221; parallax_1=&#8221;off&#8221; parallax_method_1=&#8221;off&#8221; parallax_2=&#8221;off&#8221; parallax_method_2=&#8221;off&#8221; module_id_1=&#8221;col-text&#8221; module_id_2=&#8221;col-sidebar&#8221;] [et_pb_column type=&#8221;3_4&#8243; specialty_columns=&#8221;3&#8243;] [et_pb_row_inner admin_label=&#8221;Fila&#8221; padding_mobile=&#8221;off&#8221; use_custom_gutter=&#8221;off&#8221; column_padding_mobile=&#8221;on&#8221; make_equal=&#8221;off&#8221; parallax_1=&#8221;off&#8221; parallax_method_1=&#8221;off&#8221; module_id=&#8221;row-1&#8243;] [et_pb_column_inner type=&#8221;4_4&#8243; saved_specialty_column_type=&#8221;3_4&#8243;] [et_pb_text admin_label=&#8221;Text &#8211; Av\u00eds legal&#8221; background_layout=&#8221;light&#8221; text_orientation=&#8221;left&#8221; use_border_color=&#8221;off&#8221; border_color=&#8221;#ffffff&#8221; border_style=&#8221;solid&#8221; module_id=&#8221;txt-1&#8243;] Informaci\u00f3 Av\u00eds legal En compliment de [&hellip;]\" \/>\n<meta property=\"og:url\" content=\"https:\/\/catedraldevalencia.es\/va\/legal\/avis-legal\/\" \/>\n<meta property=\"og:site_name\" content=\"Catedral de Val\u00e8ncia\" \/>\n<meta property=\"article:modified_time\" content=\"2025-04-23T16:48:25+00:00\" \/>\n<meta property=\"og:image\" content=\"https:\/\/catedraldevalencia.es\/va\/wp-content\/uploads\/2019\/12\/ft-legal-warning.jpg\" \/>\n\t<meta property=\"og:image:width\" content=\"700\" \/>\n\t<meta property=\"og:image:height\" content=\"525\" \/>\n\t<meta property=\"og:image:type\" content=\"image\/jpeg\" \/>\n<meta name=\"twitter:card\" content=\"summary_large_image\" \/>\n<meta name=\"twitter:label1\" content=\"Est. reading time\" \/>\n\t<meta name=\"twitter:data1\" content=\"6 minutes\" \/>\n<script type=\"application\/ld+json\" class=\"yoast-schema-graph\">{\"@context\":\"https:\\\/\\\/schema.org\",\"@graph\":[{\"@type\":\"WebPage\",\"@id\":\"https:\\\/\\\/catedraldevalencia.es\\\/va\\\/legal\\\/avis-legal\\\/\",\"url\":\"https:\\\/\\\/catedraldevalencia.es\\\/va\\\/legal\\\/avis-legal\\\/\",\"name\":\"Av\u00eds Legal - Catedral de Val\u00e8ncia\",\"isPartOf\":{\"@id\":\"https:\\\/\\\/catedraldevalencia.es\\\/va\\\/#website\"},\"primaryImageOfPage\":{\"@id\":\"https:\\\/\\\/catedraldevalencia.es\\\/va\\\/legal\\\/avis-legal\\\/#primaryimage\"},\"image\":{\"@id\":\"https:\\\/\\\/catedraldevalencia.es\\\/va\\\/legal\\\/avis-legal\\\/#primaryimage\"},\"thumbnailUrl\":\"https:\\\/\\\/catedraldevalencia.es\\\/va\\\/wp-content\\\/uploads\\\/2019\\\/12\\\/ft-legal-warning.jpg\",\"datePublished\":\"2017-11-02T11:40:22+00:00\",\"dateModified\":\"2025-04-23T16:48:25+00:00\",\"breadcrumb\":{\"@id\":\"https:\\\/\\\/catedraldevalencia.es\\\/va\\\/legal\\\/avis-legal\\\/#breadcrumb\"},\"inLanguage\":\"ca\",\"potentialAction\":[{\"@type\":\"ReadAction\",\"target\":[\"https:\\\/\\\/catedraldevalencia.es\\\/va\\\/legal\\\/avis-legal\\\/\"]}]},{\"@type\":\"ImageObject\",\"inLanguage\":\"ca\",\"@id\":\"https:\\\/\\\/catedraldevalencia.es\\\/va\\\/legal\\\/avis-legal\\\/#primaryimage\",\"url\":\"https:\\\/\\\/catedraldevalencia.es\\\/va\\\/wp-content\\\/uploads\\\/2019\\\/12\\\/ft-legal-warning.jpg\",\"contentUrl\":\"https:\\\/\\\/catedraldevalencia.es\\\/va\\\/wp-content\\\/uploads\\\/2019\\\/12\\\/ft-legal-warning.jpg\",\"width\":700,\"height\":525},{\"@type\":\"BreadcrumbList\",\"@id\":\"https:\\\/\\\/catedraldevalencia.es\\\/va\\\/legal\\\/avis-legal\\\/#breadcrumb\",\"itemListElement\":[{\"@type\":\"ListItem\",\"position\":1,\"name\":\"Portada\",\"item\":\"https:\\\/\\\/catedraldevalencia.es\\\/va\\\/\"},{\"@type\":\"ListItem\",\"position\":2,\"name\":\"Legal\",\"item\":\"https:\\\/\\\/catedraldevalencia.es\\\/va\\\/legal\\\/\"},{\"@type\":\"ListItem\",\"position\":3,\"name\":\"Av\u00eds Legal\"}]},{\"@type\":\"WebSite\",\"@id\":\"https:\\\/\\\/catedraldevalencia.es\\\/va\\\/#website\",\"url\":\"https:\\\/\\\/catedraldevalencia.es\\\/va\\\/\",\"name\":\"Catedral de Val\u00e8ncia\",\"description\":\"La Catedral del Sant Calze\",\"potentialAction\":[{\"@type\":\"SearchAction\",\"target\":{\"@type\":\"EntryPoint\",\"urlTemplate\":\"https:\\\/\\\/catedraldevalencia.es\\\/va\\\/?s={search_term_string}\"},\"query-input\":{\"@type\":\"PropertyValueSpecification\",\"valueRequired\":true,\"valueName\":\"search_term_string\"}}],\"inLanguage\":\"ca\"}]}<\/script>\n<!-- \/ Yoast SEO plugin. -->","yoast_head_json":{"title":"Av\u00eds Legal - Catedral de Val\u00e8ncia","robots":{"index":"index","follow":"follow","max-snippet":"max-snippet:-1","max-image-preview":"max-image-preview:large","max-video-preview":"max-video-preview:-1"},"canonical":"https:\/\/catedraldevalencia.es\/va\/legal\/avis-legal\/","og_locale":"ca_ES","og_type":"article","og_title":"Av\u00eds Legal - Catedral de Val\u00e8ncia","og_description":"[et_pb_section admin_label=&#8221;Secci\u00f3&#8221; fullwidth=&#8221;off&#8221; specialty=&#8221;on&#8221; module_id=&#8221;row-info&#8221; transparent_background=&#8221;on&#8221; background_color=&#8221;#ffffff&#8221; allow_player_pause=&#8221;off&#8221; inner_shadow=&#8221;off&#8221; parallax=&#8221;off&#8221; parallax_method=&#8221;off&#8221; padding_mobile=&#8221;off&#8221; make_fullwidth=&#8221;off&#8221; use_custom_width=&#8221;off&#8221; width_unit=&#8221;on&#8221; make_equal=&#8221;on&#8221; use_custom_gutter=&#8221;off&#8221; parallax_1=&#8221;off&#8221; parallax_method_1=&#8221;off&#8221; parallax_2=&#8221;off&#8221; parallax_method_2=&#8221;off&#8221; module_id_1=&#8221;col-text&#8221; module_id_2=&#8221;col-sidebar&#8221;] [et_pb_column type=&#8221;3_4&#8243; specialty_columns=&#8221;3&#8243;] [et_pb_row_inner admin_label=&#8221;Fila&#8221; padding_mobile=&#8221;off&#8221; use_custom_gutter=&#8221;off&#8221; column_padding_mobile=&#8221;on&#8221; make_equal=&#8221;off&#8221; parallax_1=&#8221;off&#8221; parallax_method_1=&#8221;off&#8221; module_id=&#8221;row-1&#8243;] [et_pb_column_inner type=&#8221;4_4&#8243; saved_specialty_column_type=&#8221;3_4&#8243;] [et_pb_text admin_label=&#8221;Text &#8211; Av\u00eds legal&#8221; background_layout=&#8221;light&#8221; text_orientation=&#8221;left&#8221; use_border_color=&#8221;off&#8221; border_color=&#8221;#ffffff&#8221; border_style=&#8221;solid&#8221; module_id=&#8221;txt-1&#8243;] Informaci\u00f3 Av\u00eds legal En compliment de [&hellip;]","og_url":"https:\/\/catedraldevalencia.es\/va\/legal\/avis-legal\/","og_site_name":"Catedral de Val\u00e8ncia","article_modified_time":"2025-04-23T16:48:25+00:00","og_image":[{"width":700,"height":525,"url":"https:\/\/catedraldevalencia.es\/va\/wp-content\/uploads\/2019\/12\/ft-legal-warning.jpg","type":"image\/jpeg"}],"twitter_card":"summary_large_image","twitter_misc":{"Est. reading time":"6 minutes"},"schema":{"@context":"https:\/\/schema.org","@graph":[{"@type":"WebPage","@id":"https:\/\/catedraldevalencia.es\/va\/legal\/avis-legal\/","url":"https:\/\/catedraldevalencia.es\/va\/legal\/avis-legal\/","name":"Av\u00eds Legal - Catedral de Val\u00e8ncia","isPartOf":{"@id":"https:\/\/catedraldevalencia.es\/va\/#website"},"primaryImageOfPage":{"@id":"https:\/\/catedraldevalencia.es\/va\/legal\/avis-legal\/#primaryimage"},"image":{"@id":"https:\/\/catedraldevalencia.es\/va\/legal\/avis-legal\/#primaryimage"},"thumbnailUrl":"https:\/\/catedraldevalencia.es\/va\/wp-content\/uploads\/2019\/12\/ft-legal-warning.jpg","datePublished":"2017-11-02T11:40:22+00:00","dateModified":"2025-04-23T16:48:25+00:00","breadcrumb":{"@id":"https:\/\/catedraldevalencia.es\/va\/legal\/avis-legal\/#breadcrumb"},"inLanguage":"ca","potentialAction":[{"@type":"ReadAction","target":["https:\/\/catedraldevalencia.es\/va\/legal\/avis-legal\/"]}]},{"@type":"ImageObject","inLanguage":"ca","@id":"https:\/\/catedraldevalencia.es\/va\/legal\/avis-legal\/#primaryimage","url":"https:\/\/catedraldevalencia.es\/va\/wp-content\/uploads\/2019\/12\/ft-legal-warning.jpg","contentUrl":"https:\/\/catedraldevalencia.es\/va\/wp-content\/uploads\/2019\/12\/ft-legal-warning.jpg","width":700,"height":525},{"@type":"BreadcrumbList","@id":"https:\/\/catedraldevalencia.es\/va\/legal\/avis-legal\/#breadcrumb","itemListElement":[{"@type":"ListItem","position":1,"name":"Portada","item":"https:\/\/catedraldevalencia.es\/va\/"},{"@type":"ListItem","position":2,"name":"Legal","item":"https:\/\/catedraldevalencia.es\/va\/legal\/"},{"@type":"ListItem","position":3,"name":"Av\u00eds Legal"}]},{"@type":"WebSite","@id":"https:\/\/catedraldevalencia.es\/va\/#website","url":"https:\/\/catedraldevalencia.es\/va\/","name":"Catedral de Val\u00e8ncia","description":"La Catedral del Sant Calze","potentialAction":[{"@type":"SearchAction","target":{"@type":"EntryPoint","urlTemplate":"https:\/\/catedraldevalencia.es\/va\/?s={search_term_string}"},"query-input":{"@type":"PropertyValueSpecification","valueRequired":true,"valueName":"search_term_string"}}],"inLanguage":"ca"}]}},"_links":{"self":[{"href":"https:\/\/catedraldevalencia.es\/va\/wp-json\/wp\/v2\/pages\/90","targetHints":{"allow":["GET"]}}],"collection":[{"href":"https:\/\/catedraldevalencia.es\/va\/wp-json\/wp\/v2\/pages"}],"about":[{"href":"https:\/\/catedraldevalencia.es\/va\/wp-json\/wp\/v2\/types\/page"}],"author":[{"embeddable":true,"href":"https:\/\/catedraldevalencia.es\/va\/wp-json\/wp\/v2\/users\/1"}],"replies":[{"embeddable":true,"href":"https:\/\/catedraldevalencia.es\/va\/wp-json\/wp\/v2\/comments?post=90"}],"version-history":[{"count":0,"href":"https:\/\/catedraldevalencia.es\/va\/wp-json\/wp\/v2\/pages\/90\/revisions"}],"up":[{"embeddable":true,"href":"https:\/\/catedraldevalencia.es\/va\/wp-json\/wp\/v2\/pages\/25992"}],"wp:featuredmedia":[{"embeddable":true,"href":"https:\/\/catedraldevalencia.es\/va\/wp-json\/wp\/v2\/media\/4597"}],"wp:attachment":[{"href":"https:\/\/catedraldevalencia.es\/va\/wp-json\/wp\/v2\/media?parent=90"}],"curies":[{"name":"wp","href":"https:\/\/api.w.org\/{rel}","templated":true}]}}