{"id":91,"date":"2017-11-02T11:40:59","date_gmt":"2017-11-02T11:40:59","guid":{"rendered":"https:\/\/catedraldevalencia.es\/va\/?page_id=91"},"modified":"2025-04-23T16:49:56","modified_gmt":"2025-04-23T16:49:56","slug":"politica-de-galetes","status":"publish","type":"page","link":"https:\/\/catedraldevalencia.es\/va\/legal\/politica-de-galetes\/","title":{"rendered":"Pol\u00edtica de galetes"},"content":{"rendered":"<p>[et_pb_section admin_label=&#8221;Secci\u00f3&#8221; fullwidth=&#8221;off&#8221; specialty=&#8221;on&#8221; module_id=&#8221;row-info&#8221; transparent_background=&#8221;on&#8221; background_color=&#8221;#ffffff&#8221; allow_player_pause=&#8221;off&#8221; inner_shadow=&#8221;off&#8221; parallax=&#8221;off&#8221; parallax_method=&#8221;off&#8221; padding_mobile=&#8221;off&#8221; make_fullwidth=&#8221;off&#8221; use_custom_width=&#8221;off&#8221; width_unit=&#8221;on&#8221; make_equal=&#8221;on&#8221; use_custom_gutter=&#8221;off&#8221; parallax_1=&#8221;off&#8221; parallax_method_1=&#8221;off&#8221; parallax_2=&#8221;off&#8221; parallax_method_2=&#8221;off&#8221; module_id_1=&#8221;col-text&#8221; module_id_2=&#8221;col-sidebar&#8221;]\n[et_pb_column type=&#8221;3_4&#8243; specialty_columns=&#8221;3&#8243;]\n[et_pb_row_inner admin_label=&#8221;Fila&#8221; padding_mobile=&#8221;off&#8221; use_custom_gutter=&#8221;off&#8221; column_padding_mobile=&#8221;on&#8221; make_equal=&#8221;off&#8221; parallax_1=&#8221;off&#8221; parallax_method_1=&#8221;off&#8221; module_id=&#8221;row-1&#8243;]\n[et_pb_column_inner type=&#8221;4_4&#8243; saved_specialty_column_type=&#8221;3_4&#8243;]\n[et_pb_text admin_label=&#8221;Text &#8211; Pol\u00edtica de galetes&#8221; background_layout=&#8221;light&#8221; text_orientation=&#8221;left&#8221; use_border_color=&#8221;off&#8221; border_color=&#8221;#ffffff&#8221; border_style=&#8221;solid&#8221; module_id=&#8221;txt-1&#8243;]<\/p>\n<h3 class=\"section-title\">Informaci\u00f3<\/h3>\n<h1 class=\"main-title\">Pol\u00edtica de galetes<\/h1>\n<p class=\"lead\">Usem galetes per millorar la seua experi\u00e8ncia de navegaci\u00f3.<\/p>\n<p>[\/et_pb_text]\n[\/et_pb_column_inner]\n[\/et_pb_row_inner]\n[et_pb_row_inner admin_label=&#8221;Fila&#8221; padding_mobile=&#8221;off&#8221; use_custom_gutter=&#8221;off&#8221; column_padding_mobile=&#8221;on&#8221; make_equal=&#8221;off&#8221; parallax_1=&#8221;off&#8221; parallax_method_1=&#8221;off&#8221; module_id=&#8221;row-2&#8243;]\n[et_pb_column_inner type=&#8221;4_4&#8243; saved_specialty_column_type=&#8221;3_4&#8243;]\n[et_pb_text admin_label=&#8221;Text &#8211; 1 &#8211; Qu\u00e8 \u00e9s una Galeta&#8221; background_layout=&#8221;light&#8221; text_orientation=&#8221;left&#8221; use_border_color=&#8221;off&#8221; border_color=&#8221;#ffffff&#8221; border_style=&#8221;solid&#8221; module_id=&#8221;txt-8&#8243;]<\/p>\n<h2>1. Qu\u00e8 \u00e9s una Galeta<\/h2>\n<p>Una galeta \u00e9s un arxiu de text enviat al seu ordinador, tel\u00e8fon intel\u00b7ligent, tauleta t\u00e0ctil o qualsevol altre dispositiu quan visita un lloc web. Entre altres coses, les galetes s&#8217;usen per permetre i millorar certes funcions d&#8217;una p\u00e0gina web, crear estad\u00edstiques an\u00f2nimes de l&#8217;\u00fas del lloc pels usuaris en general, unes altres serveixen per a una navegaci\u00f3 m\u00e9s eficient i hi ha galetes que permeten identificar les prefer\u00e8ncies de l&#8217;usuari.<br><small>Pot trobar m\u00e9s informaci\u00f3 de les galetes en <a href=\"https:\/\/www.allaboutcookies.org\" target=\"_blank\" rel=\"noopener noreferrer\">www.allaboutcookies.org<\/a> o <a href=\"https:\/\/www.aboutcookies.org\" target=\"_blank\" rel=\"noopener noreferrer\">www.aboutcookies.org<\/a>.<\/small><\/p>\n<p>[\/et_pb_text]\n[et_pb_text admin_label=&#8221;Text &#8211; 2 &#8211; Quines galetes utilitzem i per a qu\u00e8&#8221; background_layout=&#8221;light&#8221; text_orientation=&#8221;left&#8221; use_border_color=&#8221;off&#8221; border_color=&#8221;#ffffff&#8221; border_style=&#8221;solid&#8221; module_id=&#8221;txt-8&#8243;]<\/p>\n<h2>2. Quines galetes utilitzem i per a qu\u00e8<\/h2>\n<h3>Galetes estrictament necess\u00e0ries.<\/h3>\n<p>Aquest lloc web utilitza galetes de car\u00e0cter t\u00e8cnic que permeten un correcte \u00fas de la p\u00e0gina web.<\/p>\n<h3>Sessi\u00f3 (PHPSESSID).<\/h3>\n<p>La galeta de sessi\u00f3 \u00e9s necess\u00e0ria per seguir el seu progr\u00e9s a trav\u00e9s de la p\u00e0gina web. \u00c9s essencial per assegurar que qualsevol informaci\u00f3 que vost\u00e9 ingresse o navegaci\u00f3 que realitze siguen recordats pel lloc web. Sense aquesta galeta, cada p\u00e0gina visitada ho tractaria com un nou visitant. Aquesta galeta no ho identifica personalment, nom\u00e9s serveix per al funcionament de la web.<\/p>\n<h3>Consentiment de galetes.<\/h3>\n<p>Quan entra per primera vegada a la p\u00e0gina web, es mostra un missatge en la part superior del lloc informant-lo que s&#8217;utilitzen galetes per a un \u00f2ptim funcionament d&#8217;aquest. Aquesta galeta \u00e9s important perqu\u00e8, en les seues posteriors visites, la p\u00e0gina guarde la seua prefer\u00e8ncia i no li torne a mostrar el missatge cada vegada que la visita.<\/p>\n<h3>Galetes d&#8217;an\u00e0lisis.<\/h3>\n<p>Utilitzem Google Analytics per recopilar informaci\u00f3 sobre com els usuaris usen la p\u00e0gina web. Les dades que es recullen s\u00f3n an\u00f2nimes i nom\u00e9s serveixen per mesurar i avaluar si el lloc web respon a les necessitats dels nostres clients i afegir millores.<\/p>\n<h3>Google analytics.<\/h3>\n<p>Google Analytics capta informaci\u00f3 an\u00f2nima sobre la quantitat d&#8217;usuaris que visiten la p\u00e0gina web, el temps que estan en el lloc, com van arribar al mateix i quines p\u00e0gines consulten, entre altres dades \u00fatils que ajuden a brindar una millor experi\u00e8ncia a l&#8217;usuari. No recopilem ni guardem informaci\u00f3 personal (per exemple, nom o direcci\u00f3) per la qual cosa aquesta informaci\u00f3 no pot ser utilitzada per identificar qui \u00e9s vost\u00e9. Tampoc permetem que Google utilitze o compartisca les nostres dades d&#8217;an\u00e0lisis.<br><small>Pot accedir a la pol\u00edtica de privacitat de Google Analytics ac\u00ed <a href=\"https:\/\/www.google.com\/analytics\/learn\/privacy.html?hl=es\" target=\"_blank\" rel=\"noopener noreferrer\">https:\/\/www.google.com\/analytics\/learn\/privacy.html?hl=es<\/a><\/small><\/p>\n<p>[\/et_pb_text]\n[et_pb_text admin_label=&#8221;Text &#8211; 3 &#8211; Com pot configurar les seues Galetes&#8221; background_layout=&#8221;light&#8221; text_orientation=&#8221;left&#8221; use_border_color=&#8221;off&#8221; border_color=&#8221;#ffffff&#8221; border_style=&#8221;solid&#8221; module_id=&#8221;txt-8&#8243;]<\/p>\n<h2>3. Com pot configurar les seues Galetes<\/h2>\n<p>Els navegadors dels ordinadors, tel\u00e8fons intel\u00b7ligents i tauletes t\u00e0ctils permeten acceptar o no les galetes. Si desitja modificar les galetes per a aquesta p\u00e0gina o per a qualsevol altra, llija atentament la secci\u00f3 <strong>\u201cAjuda\u201d<\/strong> del seu navegador per con\u00e9ixer m\u00e9s sobre la seua configuraci\u00f3. Si opta per desactivar-les, podr\u00e0 continuar visitant la nostra p\u00e0gina, encara que pot ser que la seua navegaci\u00f3 no siga la m\u00e9s \u00f2ptima i algunes utilitats o aplicacions no funcionen correctament.<\/p>\n<h4>Pot trobar m\u00e9s informaci\u00f3 sobre com controlar les galetes en els seg\u00fcents enlla\u00e7os:<\/h4>\n<p>[\/et_pb_text]\n[et_pb_list admin_label=&#8221;Llistat &#8211; Configuraci\u00f3 de galetes&#8221; horizontal_line=&#8221;on&#8221; use_border_color=&#8221;off&#8221; border_color=&#8221;#ffffff&#8221; border_style=&#8221;solid&#8221; module_id=&#8221;lists&#8221;]\n[et_pb_list_item title=&#8221;Firefox&#8221; button_link=&#8221;https:\/\/support.mozilla.org\/es\/kb\/habilitar-y-deshabilitar-cookies-que-los-sitios-we&#8221; use_icon=&#8221;off&#8221; custom_icon=&#8221;off&#8221; animation=&#8221;top&#8221; button_text=&#8221;Anar al tutorial&#8221;]\n<a href=\"https:\/\/support.mozilla.org\/es\/kb\/habilitar-y-deshabilitar-cookies-que-los-sitios-we\" target=\"_blank\" rel=\"noopener noreferrer\">Habilitar i deshabilitar galetes que els llocs web utilitzen per rastrejar les teues prefer\u00e8ncies <small>https:\/\/support.mozilla.org\/es\/kb\/habilitar-y-deshabilitar-cookies-que-los-sitios-we<\/small><\/a>\n[\/et_pb_list_item]\n[et_pb_list_item title=&#8221;Chrome&#8221; button_link=&#8221;https:\/\/support.google.com\/chrome\/answer\/95647?co=GENIE.Platform%3DDesktop&amp;oco=1&#8243; use_icon=&#8221;off&#8221; custom_icon=&#8221;off&#8221; animation=&#8221;top&#8221; button_text=&#8221;Anar al tutorial&#8221;]\n<a href=\"https:\/\/support.google.com\/chrome\/answer\/95647?co=GENIE.Platform%3DDesktop&amp;oco=1\" target=\"_blank\" rel=\"noopener noreferrer\">Esborrar, habilitar i administrar galetes en Chrome <small>https:\/\/support.google.com\/chrome\/answer\/95647?co=GENIE.Platform%3DDesktop&amp;oco=1<\/small><\/a>\n[\/et_pb_list_item]\n[et_pb_list_item title=&#8221;Edge&#8221; button_link=&#8221;https:\/\/support.microsoft.com\/es-es\/help\/4468242\/microsoft-edge-browsing-data-and-privacy-microsoft-privacy&#8221; use_icon=&#8221;off&#8221; custom_icon=&#8221;off&#8221; animation=&#8221;top&#8221; button_text=&#8221;Anar al tutorial&#8221;]\n<a href=\"https:\/\/support.microsoft.com\/es-es\/help\/4468242\/microsoft-edge-browsing-data-and-privacy-microsoft-privacy\" target=\"_blank\" rel=\"noopener noreferrer\">Microsoft Edge, dades de navegaci\u00f3 i privacitat <small>https:\/\/support.microsoft.com\/es-es\/help\/4468242\/microsoft-edge-browsing-data-and-privacy-microsoft-privacy<\/small><\/a>\n[\/et_pb_list_item]\n[et_pb_list_item title=&#8221;Safari&#8221; button_link=&#8221;http:\/\/support.apple.com\/kb\/ph5042&#8243; use_icon=&#8221;off&#8221; custom_icon=&#8221;off&#8221; animation=&#8221;top&#8221; button_text=&#8221;Anar al tutorial&#8221;]\n<a href=\"http:\/\/support.apple.com\/kb\/ph5042\" target=\"_blank\" rel=\"noopener noreferrer\">Gestionar galetes i dades de llocs web en Safari en el Mac Gestionar galetes i dades de llocs web en Safari en el Mac <small>http:\/\/support.apple.com\/kb\/ph5042<\/small><\/a>\n[\/et_pb_list_item]\n[et_pb_list_item title=&#8221;IOS&#8221; button_link=&#8221;https:\/\/support.apple.com\/es-es\/HT201265&#8243; use_icon=&#8221;off&#8221; custom_icon=&#8221;off&#8221; animation=&#8221;top&#8221; button_text=&#8221;Anar al tutorial&#8221;]\n<a href=\"https:\/\/support.apple.com\/es-es\/HT201265\" target=\"_blank\" rel=\"noopener noreferrer\">Esborrar l&#8217;historial i les galetes de Safari en l&#8217;iPhone, iPad o iPod touch <small>https:\/\/support.apple.com\/es-es\/HT201265<\/small><\/a>\n[\/et_pb_list_item]\n[et_pb_list_item title=&#8221;Android&#8221; button_link=&#8221;https:\/\/support.google.com\/chrome\/answer\/95647?co=GENIE.Platform%3DAndroid&amp;oco=1&#8243; use_icon=&#8221;off&#8221; custom_icon=&#8221;off&#8221; animation=&#8221;top&#8221; button_text=&#8221;Anar al tutorial&#8221;]\n<a href=\"https:\/\/support.google.com\/chrome\/answer\/95647?co=GENIE.Platform%3DAndroid&amp;oco=1\" target=\"_blank\" rel=\"noopener noreferrer\">Com esborrar, habilitar i administrar galetes en Chrome <small>https:\/\/support.google.com\/chrome\/answer\/95647?co=GENIE.Platform%3DAndroid&amp;oco=1<\/small><\/a>\n[\/et_pb_list_item]\n[\/et_pb_list]\n[\/et_pb_column_inner]\n[\/et_pb_row_inner]\n[\/et_pb_column]\n[et_pb_column type=&#8221;1_4&#8243;]\n[et_pb_sidebar admin_label=&#8221;Barra lateral&#8221; orientation=&#8221;right&#8221; area=&#8221;et_pb_widget_area_3&#8243; background_layout=&#8221;light&#8221; remove_border=&#8221;off&#8221;]\n[\/et_pb_sidebar]\n[\/et_pb_column]\n[\/et_pb_section]<\/p>\n","protected":false},"excerpt":{"rendered":"<p>[et_pb_section admin_label=&#8221;Secci\u00f3&#8221; fullwidth=&#8221;off&#8221; specialty=&#8221;on&#8221; module_id=&#8221;row-info&#8221; transparent_background=&#8221;on&#8221; background_color=&#8221;#ffffff&#8221; allow_player_pause=&#8221;off&#8221; inner_shadow=&#8221;off&#8221; parallax=&#8221;off&#8221; parallax_method=&#8221;off&#8221; padding_mobile=&#8221;off&#8221; make_fullwidth=&#8221;off&#8221; use_custom_width=&#8221;off&#8221; width_unit=&#8221;on&#8221; make_equal=&#8221;on&#8221; use_custom_gutter=&#8221;off&#8221; parallax_1=&#8221;off&#8221; parallax_method_1=&#8221;off&#8221; parallax_2=&#8221;off&#8221; parallax_method_2=&#8221;off&#8221; module_id_1=&#8221;col-text&#8221; module_id_2=&#8221;col-sidebar&#8221;] [et_pb_column type=&#8221;3_4&#8243; specialty_columns=&#8221;3&#8243;] [et_pb_row_inner admin_label=&#8221;Fila&#8221; padding_mobile=&#8221;off&#8221; use_custom_gutter=&#8221;off&#8221; column_padding_mobile=&#8221;on&#8221; make_equal=&#8221;off&#8221; parallax_1=&#8221;off&#8221; parallax_method_1=&#8221;off&#8221; module_id=&#8221;row-1&#8243;] [et_pb_column_inner type=&#8221;4_4&#8243; saved_specialty_column_type=&#8221;3_4&#8243;] [et_pb_text admin_label=&#8221;Text &#8211; Pol\u00edtica de galetes&#8221; background_layout=&#8221;light&#8221; text_orientation=&#8221;left&#8221; use_border_color=&#8221;off&#8221; border_color=&#8221;#ffffff&#8221; border_style=&#8221;solid&#8221; module_id=&#8221;txt-1&#8243;] Informaci\u00f3 Pol\u00edtica de galetes Usem [&hellip;]<\/p>\n","protected":false},"author":1,"featured_media":4598,"parent":25992,"menu_order":3,"comment_status":"closed","ping_status":"closed","template":"page-legal.php","meta":{"footnotes":""},"class_list":["post-91","page","type-page","status-publish","has-post-thumbnail","hentry"],"yoast_head":"<!-- This site is optimized with the Yoast SEO plugin v27.3 - https:\/\/yoast.com\/product\/yoast-seo-wordpress\/ -->\n<title>Pol\u00edtica de galetes - Catedral de Val\u00e8ncia<\/title>\n<meta name=\"robots\" content=\"index, follow, max-snippet:-1, max-image-preview:large, max-video-preview:-1\" \/>\n<link rel=\"canonical\" href=\"https:\/\/catedraldevalencia.es\/va\/legal\/politica-de-galetes\/\" \/>\n<meta property=\"og:locale\" content=\"ca_ES\" \/>\n<meta property=\"og:type\" content=\"article\" \/>\n<meta property=\"og:title\" content=\"Pol\u00edtica de galetes - Catedral de Val\u00e8ncia\" \/>\n<meta property=\"og:description\" content=\"[et_pb_section admin_label=&#8221;Secci\u00f3&#8221; fullwidth=&#8221;off&#8221; specialty=&#8221;on&#8221; module_id=&#8221;row-info&#8221; transparent_background=&#8221;on&#8221; background_color=&#8221;#ffffff&#8221; allow_player_pause=&#8221;off&#8221; inner_shadow=&#8221;off&#8221; parallax=&#8221;off&#8221; parallax_method=&#8221;off&#8221; padding_mobile=&#8221;off&#8221; make_fullwidth=&#8221;off&#8221; use_custom_width=&#8221;off&#8221; width_unit=&#8221;on&#8221; make_equal=&#8221;on&#8221; use_custom_gutter=&#8221;off&#8221; parallax_1=&#8221;off&#8221; parallax_method_1=&#8221;off&#8221; parallax_2=&#8221;off&#8221; parallax_method_2=&#8221;off&#8221; module_id_1=&#8221;col-text&#8221; module_id_2=&#8221;col-sidebar&#8221;] [et_pb_column type=&#8221;3_4&#8243; specialty_columns=&#8221;3&#8243;] [et_pb_row_inner admin_label=&#8221;Fila&#8221; padding_mobile=&#8221;off&#8221; use_custom_gutter=&#8221;off&#8221; column_padding_mobile=&#8221;on&#8221; make_equal=&#8221;off&#8221; parallax_1=&#8221;off&#8221; parallax_method_1=&#8221;off&#8221; module_id=&#8221;row-1&#8243;] [et_pb_column_inner type=&#8221;4_4&#8243; saved_specialty_column_type=&#8221;3_4&#8243;] [et_pb_text admin_label=&#8221;Text &#8211; Pol\u00edtica de galetes&#8221; background_layout=&#8221;light&#8221; text_orientation=&#8221;left&#8221; use_border_color=&#8221;off&#8221; border_color=&#8221;#ffffff&#8221; border_style=&#8221;solid&#8221; module_id=&#8221;txt-1&#8243;] Informaci\u00f3 Pol\u00edtica de galetes Usem [&hellip;]\" \/>\n<meta property=\"og:url\" content=\"https:\/\/catedraldevalencia.es\/va\/legal\/politica-de-galetes\/\" \/>\n<meta property=\"og:site_name\" content=\"Catedral de Val\u00e8ncia\" \/>\n<meta property=\"article:modified_time\" content=\"2025-04-23T16:49:56+00:00\" \/>\n<meta property=\"og:image\" content=\"https:\/\/catedraldevalencia.es\/va\/wp-content\/uploads\/2019\/12\/ft-cookies-policy.jpg\" \/>\n\t<meta property=\"og:image:width\" content=\"700\" \/>\n\t<meta property=\"og:image:height\" content=\"525\" \/>\n\t<meta property=\"og:image:type\" content=\"image\/jpeg\" \/>\n<meta name=\"twitter:card\" content=\"summary_large_image\" \/>\n<meta name=\"twitter:label1\" content=\"Est. reading time\" \/>\n\t<meta name=\"twitter:data1\" content=\"5 minutes\" \/>\n<script type=\"application\/ld+json\" class=\"yoast-schema-graph\">{\"@context\":\"https:\\\/\\\/schema.org\",\"@graph\":[{\"@type\":\"WebPage\",\"@id\":\"https:\\\/\\\/catedraldevalencia.es\\\/va\\\/legal\\\/politica-de-galetes\\\/\",\"url\":\"https:\\\/\\\/catedraldevalencia.es\\\/va\\\/legal\\\/politica-de-galetes\\\/\",\"name\":\"Pol\u00edtica de galetes - Catedral de Val\u00e8ncia\",\"isPartOf\":{\"@id\":\"https:\\\/\\\/catedraldevalencia.es\\\/va\\\/#website\"},\"primaryImageOfPage\":{\"@id\":\"https:\\\/\\\/catedraldevalencia.es\\\/va\\\/legal\\\/politica-de-galetes\\\/#primaryimage\"},\"image\":{\"@id\":\"https:\\\/\\\/catedraldevalencia.es\\\/va\\\/legal\\\/politica-de-galetes\\\/#primaryimage\"},\"thumbnailUrl\":\"https:\\\/\\\/catedraldevalencia.es\\\/va\\\/wp-content\\\/uploads\\\/2019\\\/12\\\/ft-cookies-policy.jpg\",\"datePublished\":\"2017-11-02T11:40:59+00:00\",\"dateModified\":\"2025-04-23T16:49:56+00:00\",\"breadcrumb\":{\"@id\":\"https:\\\/\\\/catedraldevalencia.es\\\/va\\\/legal\\\/politica-de-galetes\\\/#breadcrumb\"},\"inLanguage\":\"ca\",\"potentialAction\":[{\"@type\":\"ReadAction\",\"target\":[\"https:\\\/\\\/catedraldevalencia.es\\\/va\\\/legal\\\/politica-de-galetes\\\/\"]}]},{\"@type\":\"ImageObject\",\"inLanguage\":\"ca\",\"@id\":\"https:\\\/\\\/catedraldevalencia.es\\\/va\\\/legal\\\/politica-de-galetes\\\/#primaryimage\",\"url\":\"https:\\\/\\\/catedraldevalencia.es\\\/va\\\/wp-content\\\/uploads\\\/2019\\\/12\\\/ft-cookies-policy.jpg\",\"contentUrl\":\"https:\\\/\\\/catedraldevalencia.es\\\/va\\\/wp-content\\\/uploads\\\/2019\\\/12\\\/ft-cookies-policy.jpg\",\"width\":700,\"height\":525},{\"@type\":\"BreadcrumbList\",\"@id\":\"https:\\\/\\\/catedraldevalencia.es\\\/va\\\/legal\\\/politica-de-galetes\\\/#breadcrumb\",\"itemListElement\":[{\"@type\":\"ListItem\",\"position\":1,\"name\":\"Portada\",\"item\":\"https:\\\/\\\/catedraldevalencia.es\\\/va\\\/\"},{\"@type\":\"ListItem\",\"position\":2,\"name\":\"Legal\",\"item\":\"https:\\\/\\\/catedraldevalencia.es\\\/va\\\/legal\\\/\"},{\"@type\":\"ListItem\",\"position\":3,\"name\":\"Pol\u00edtica de galetes\"}]},{\"@type\":\"WebSite\",\"@id\":\"https:\\\/\\\/catedraldevalencia.es\\\/va\\\/#website\",\"url\":\"https:\\\/\\\/catedraldevalencia.es\\\/va\\\/\",\"name\":\"Catedral de Val\u00e8ncia\",\"description\":\"La Catedral del Sant Calze\",\"potentialAction\":[{\"@type\":\"SearchAction\",\"target\":{\"@type\":\"EntryPoint\",\"urlTemplate\":\"https:\\\/\\\/catedraldevalencia.es\\\/va\\\/?s={search_term_string}\"},\"query-input\":{\"@type\":\"PropertyValueSpecification\",\"valueRequired\":true,\"valueName\":\"search_term_string\"}}],\"inLanguage\":\"ca\"}]}<\/script>\n<!-- \/ Yoast SEO plugin. -->","yoast_head_json":{"title":"Pol\u00edtica de galetes - Catedral de Val\u00e8ncia","robots":{"index":"index","follow":"follow","max-snippet":"max-snippet:-1","max-image-preview":"max-image-preview:large","max-video-preview":"max-video-preview:-1"},"canonical":"https:\/\/catedraldevalencia.es\/va\/legal\/politica-de-galetes\/","og_locale":"ca_ES","og_type":"article","og_title":"Pol\u00edtica de galetes - Catedral de Val\u00e8ncia","og_description":"[et_pb_section admin_label=&#8221;Secci\u00f3&#8221; fullwidth=&#8221;off&#8221; specialty=&#8221;on&#8221; module_id=&#8221;row-info&#8221; transparent_background=&#8221;on&#8221; background_color=&#8221;#ffffff&#8221; allow_player_pause=&#8221;off&#8221; inner_shadow=&#8221;off&#8221; parallax=&#8221;off&#8221; parallax_method=&#8221;off&#8221; padding_mobile=&#8221;off&#8221; make_fullwidth=&#8221;off&#8221; use_custom_width=&#8221;off&#8221; width_unit=&#8221;on&#8221; make_equal=&#8221;on&#8221; use_custom_gutter=&#8221;off&#8221; parallax_1=&#8221;off&#8221; parallax_method_1=&#8221;off&#8221; parallax_2=&#8221;off&#8221; parallax_method_2=&#8221;off&#8221; module_id_1=&#8221;col-text&#8221; module_id_2=&#8221;col-sidebar&#8221;] [et_pb_column type=&#8221;3_4&#8243; specialty_columns=&#8221;3&#8243;] [et_pb_row_inner admin_label=&#8221;Fila&#8221; padding_mobile=&#8221;off&#8221; use_custom_gutter=&#8221;off&#8221; column_padding_mobile=&#8221;on&#8221; make_equal=&#8221;off&#8221; parallax_1=&#8221;off&#8221; parallax_method_1=&#8221;off&#8221; module_id=&#8221;row-1&#8243;] [et_pb_column_inner type=&#8221;4_4&#8243; saved_specialty_column_type=&#8221;3_4&#8243;] [et_pb_text admin_label=&#8221;Text &#8211; Pol\u00edtica de galetes&#8221; background_layout=&#8221;light&#8221; text_orientation=&#8221;left&#8221; use_border_color=&#8221;off&#8221; border_color=&#8221;#ffffff&#8221; border_style=&#8221;solid&#8221; module_id=&#8221;txt-1&#8243;] Informaci\u00f3 Pol\u00edtica de galetes Usem [&hellip;]","og_url":"https:\/\/catedraldevalencia.es\/va\/legal\/politica-de-galetes\/","og_site_name":"Catedral de Val\u00e8ncia","article_modified_time":"2025-04-23T16:49:56+00:00","og_image":[{"width":700,"height":525,"url":"https:\/\/catedraldevalencia.es\/va\/wp-content\/uploads\/2019\/12\/ft-cookies-policy.jpg","type":"image\/jpeg"}],"twitter_card":"summary_large_image","twitter_misc":{"Est. reading time":"5 minutes"},"schema":{"@context":"https:\/\/schema.org","@graph":[{"@type":"WebPage","@id":"https:\/\/catedraldevalencia.es\/va\/legal\/politica-de-galetes\/","url":"https:\/\/catedraldevalencia.es\/va\/legal\/politica-de-galetes\/","name":"Pol\u00edtica de galetes - Catedral de Val\u00e8ncia","isPartOf":{"@id":"https:\/\/catedraldevalencia.es\/va\/#website"},"primaryImageOfPage":{"@id":"https:\/\/catedraldevalencia.es\/va\/legal\/politica-de-galetes\/#primaryimage"},"image":{"@id":"https:\/\/catedraldevalencia.es\/va\/legal\/politica-de-galetes\/#primaryimage"},"thumbnailUrl":"https:\/\/catedraldevalencia.es\/va\/wp-content\/uploads\/2019\/12\/ft-cookies-policy.jpg","datePublished":"2017-11-02T11:40:59+00:00","dateModified":"2025-04-23T16:49:56+00:00","breadcrumb":{"@id":"https:\/\/catedraldevalencia.es\/va\/legal\/politica-de-galetes\/#breadcrumb"},"inLanguage":"ca","potentialAction":[{"@type":"ReadAction","target":["https:\/\/catedraldevalencia.es\/va\/legal\/politica-de-galetes\/"]}]},{"@type":"ImageObject","inLanguage":"ca","@id":"https:\/\/catedraldevalencia.es\/va\/legal\/politica-de-galetes\/#primaryimage","url":"https:\/\/catedraldevalencia.es\/va\/wp-content\/uploads\/2019\/12\/ft-cookies-policy.jpg","contentUrl":"https:\/\/catedraldevalencia.es\/va\/wp-content\/uploads\/2019\/12\/ft-cookies-policy.jpg","width":700,"height":525},{"@type":"BreadcrumbList","@id":"https:\/\/catedraldevalencia.es\/va\/legal\/politica-de-galetes\/#breadcrumb","itemListElement":[{"@type":"ListItem","position":1,"name":"Portada","item":"https:\/\/catedraldevalencia.es\/va\/"},{"@type":"ListItem","position":2,"name":"Legal","item":"https:\/\/catedraldevalencia.es\/va\/legal\/"},{"@type":"ListItem","position":3,"name":"Pol\u00edtica de galetes"}]},{"@type":"WebSite","@id":"https:\/\/catedraldevalencia.es\/va\/#website","url":"https:\/\/catedraldevalencia.es\/va\/","name":"Catedral de Val\u00e8ncia","description":"La Catedral del Sant Calze","potentialAction":[{"@type":"SearchAction","target":{"@type":"EntryPoint","urlTemplate":"https:\/\/catedraldevalencia.es\/va\/?s={search_term_string}"},"query-input":{"@type":"PropertyValueSpecification","valueRequired":true,"valueName":"search_term_string"}}],"inLanguage":"ca"}]}},"_links":{"self":[{"href":"https:\/\/catedraldevalencia.es\/va\/wp-json\/wp\/v2\/pages\/91","targetHints":{"allow":["GET"]}}],"collection":[{"href":"https:\/\/catedraldevalencia.es\/va\/wp-json\/wp\/v2\/pages"}],"about":[{"href":"https:\/\/catedraldevalencia.es\/va\/wp-json\/wp\/v2\/types\/page"}],"author":[{"embeddable":true,"href":"https:\/\/catedraldevalencia.es\/va\/wp-json\/wp\/v2\/users\/1"}],"replies":[{"embeddable":true,"href":"https:\/\/catedraldevalencia.es\/va\/wp-json\/wp\/v2\/comments?post=91"}],"version-history":[{"count":0,"href":"https:\/\/catedraldevalencia.es\/va\/wp-json\/wp\/v2\/pages\/91\/revisions"}],"up":[{"embeddable":true,"href":"https:\/\/catedraldevalencia.es\/va\/wp-json\/wp\/v2\/pages\/25992"}],"wp:featuredmedia":[{"embeddable":true,"href":"https:\/\/catedraldevalencia.es\/va\/wp-json\/wp\/v2\/media\/4598"}],"wp:attachment":[{"href":"https:\/\/catedraldevalencia.es\/va\/wp-json\/wp\/v2\/media?parent=91"}],"curies":[{"name":"wp","href":"https:\/\/api.w.org\/{rel}","templated":true}]}}