{"id":94,"date":"2017-11-02T12:08:22","date_gmt":"2017-11-02T12:08:22","guid":{"rendered":"https:\/\/catedraldevalencia.es\/va\/?page_id=94"},"modified":"2026-01-08T09:01:07","modified_gmt":"2026-01-08T09:01:07","slug":"estatuts","status":"publish","type":"page","link":"https:\/\/catedraldevalencia.es\/va\/la-catedral\/el-capitol-metropolita\/estatuts\/","title":{"rendered":"Estatuts del Cap\u00edtol"},"content":{"rendered":"<p>[et_pb_section admin_label=&#8221;Cap\u00e7alera&#8221; fullwidth=&#8221;on&#8221; transparent_background=&#8221;on&#8221; allow_player_pause=&#8221;off&#8221; inner_shadow=&#8221;off&#8221; parallax=&#8221;off&#8221; parallax_method=&#8221;off&#8221; padding_mobile=&#8221;off&#8221; make_fullwidth=&#8221;off&#8221; use_custom_width=&#8221;off&#8221; width_unit=&#8221;on&#8221; make_equal=&#8221;off&#8221; use_custom_gutter=&#8221;off&#8221; module_id=&#8221;marquee&#8221; module_class=&#8221;medium animated&#8221; background_color=&#8221;#ffffff&#8221; background_image=&#8221;https:\/\/catedraldevalencia.es\/va\/wp-content\/uploads\/2019\/11\/hd-chapter-statutes.jpg&#8221;][et_pb_fullwidth_header admin_label=&#8221;Cap\u00e7alera &#8211; Estatuts&#8221; title=&#8221;Estatuts&#8221; subhead=&#8221;El Cap\u00edtol Metropolit\u00e0&#8221; background_layout=&#8221;dark&#8221; text_orientation=&#8221;left&#8221; header_fullscreen=&#8221;off&#8221; header_scroll_down=&#8221;off&#8221; parallax=&#8221;off&#8221; parallax_method=&#8221;off&#8221; content_orientation=&#8221;center&#8221; image_orientation=&#8221;center&#8221; custom_button_one=&#8221;off&#8221; button_one_letter_spacing=&#8221;0&#8243; button_one_use_icon=&#8221;default&#8221; button_one_icon_placement=&#8221;right&#8221; button_one_on_hover=&#8221;on&#8221; button_one_letter_spacing_hover=&#8221;0&#8243; custom_button_two=&#8221;off&#8221; button_two_letter_spacing=&#8221;0&#8243; button_two_use_icon=&#8221;default&#8221; button_two_icon_placement=&#8221;right&#8221; button_two_on_hover=&#8221;on&#8221; button_two_letter_spacing_hover=&#8221;0&#8243; background_overlay_color=&#8221;rgba(27,27,27,0)&#8221;]<\/p>\n<p>[\/et_pb_fullwidth_header][\/et_pb_section][et_pb_section admin_label=&#8221;Secci\u00f3 1&#8243; transparent_background=&#8221;on&#8221; background_color=&#8221;#ffffff&#8221; allow_player_pause=&#8221;off&#8221; inner_shadow=&#8221;off&#8221; parallax=&#8221;off&#8221; parallax_method=&#8221;off&#8221; padding_mobile=&#8221;off&#8221; make_fullwidth=&#8221;off&#8221; use_custom_width=&#8221;off&#8221; width_unit=&#8221;on&#8221; make_equal=&#8221;off&#8221; use_custom_gutter=&#8221;off&#8221; module_id=&#8221;row-1&#8243;][et_pb_row admin_label=&#8221;row&#8221; make_fullwidth=&#8221;off&#8221; use_custom_width=&#8221;off&#8221; width_unit=&#8221;on&#8221; use_custom_gutter=&#8221;on&#8221; padding_mobile=&#8221;off&#8221; allow_player_pause=&#8221;off&#8221; parallax=&#8221;off&#8221; parallax_method=&#8221;off&#8221; make_equal=&#8221;off&#8221; parallax_1=&#8221;off&#8221; parallax_method_1=&#8221;off&#8221; column_padding_mobile=&#8221;on&#8221; gutter_width=&#8221;2&#8243; parallax_2=&#8221;off&#8221; parallax_method_2=&#8221;off&#8221; module_class_1=&#8221;col-1&#8243; module_class_2=&#8221;col-2&#8243;][et_pb_column type=&#8221;1_5&#8243;][et_pb_image admin_label=&#8221;Emblema&#8221; src=&#8221;https:\/\/catedraldevalencia.es\/va\/wp-content\/uploads\/2019\/11\/emblema-cabildo-metropolitano-valencia.png&#8221; alt=&#8221;El Cap\u00edtol Metropolit\u00e0 de Val\u00e8ncia&#8221; title_text=&#8221;El Cap\u00edtol Metropolit\u00e0 de Val\u00e8ncia&#8221; show_in_lightbox=&#8221;off&#8221; url_new_window=&#8221;off&#8221; use_overlay=&#8221;on&#8221; animation=&#8221;bottom&#8221; sticky=&#8221;on&#8221; align=&#8221;left&#8221; force_fullwidth=&#8221;off&#8221; always_center_on_mobile=&#8221;on&#8221; use_border_color=&#8221;off&#8221; border_color=&#8221;#ffffff&#8221; border_style=&#8221;solid&#8221; hover_overlay_color=&#8221;rgba(238,227,188,0.78)&#8221; hover_icon=&#8221;%%51%%&#8221;]<\/p>\n<p>[\/et_pb_image][\/et_pb_column][et_pb_column type=&#8221;4_5&#8243;][et_pb_text admin_label=&#8221;Text &#8211; Estatuts del Cap\u00edtol&#8221; background_layout=&#8221;light&#8221; text_orientation=&#8221;left&#8221; use_border_color=&#8221;off&#8221; border_color=&#8221;#ffffff&#8221; border_style=&#8221;solid&#8221;]<\/p>\n<p class=\"lead\">Estatuts de la Santa Esgl\u00e9sia Catedral\nBas\u00edlica Metropolitana de Santa Maria de Val\u00e8ncia <br><small>2024<\/small><\/p>\n<p>[\/et_pb_text][\/et_pb_column][\/et_pb_row][\/et_pb_section][et_pb_section admin_label=&#8221;Secci\u00f3 2&#8243; fullwidth=&#8221;off&#8221; specialty=&#8221;off&#8221; transparent_background=&#8221;on&#8221; background_color=&#8221;#ffffff&#8221; allow_player_pause=&#8221;off&#8221; inner_shadow=&#8221;off&#8221; parallax=&#8221;off&#8221; parallax_method=&#8221;off&#8221; padding_mobile=&#8221;off&#8221; make_fullwidth=&#8221;off&#8221; use_custom_width=&#8221;off&#8221; width_unit=&#8221;on&#8221; make_equal=&#8221;off&#8221; use_custom_gutter=&#8221;off&#8221; module_id=&#8221;row-2&#8243;][et_pb_row admin_label=&#8221;Fila&#8221; make_fullwidth=&#8221;off&#8221; use_custom_width=&#8221;off&#8221; width_unit=&#8221;on&#8221; custom_width_px=&#8221;880px&#8221; use_custom_gutter=&#8221;off&#8221; padding_mobile=&#8221;off&#8221; allow_player_pause=&#8221;off&#8221; parallax=&#8221;off&#8221; parallax_method=&#8221;off&#8221; make_equal=&#8221;off&#8221; parallax_1=&#8221;off&#8221; parallax_method_1=&#8221;off&#8221; column_padding_mobile=&#8221;on&#8221; module_class=&#8221;boxed&#8221;][et_pb_column type=&#8221;4_4&#8243;][et_pb_text admin_label=&#8221;\u00cdndex&#8221; background_layout=&#8221;light&#8221; text_orientation=&#8221;left&#8221; use_border_color=&#8221;off&#8221; border_color=&#8221;#ffffff&#8221; border_style=&#8221;solid&#8221;]<\/p>\n<h3>\u00cdndex<\/h3>\n<p>[\/et_pb_text][et_pb_list admin_label=&#8221;Listado&#8221; horizontal_line=&#8221;on&#8221; use_border_color=&#8221;off&#8221; border_color=&#8221;#ffffff&#8221; border_style=&#8221;solid&#8221; numbered_list=&#8221;off&#8221; is_button_link=&#8221;on&#8221;]<\/p>\n<p>[et_pb_list_item title=&#8221;1. L&#8217;Esgl\u00e9sia Catedral en l\u2019Arxidi\u00f2cesi de Val\u00e8ncia&#8221; use_icon=&#8221;off&#8221; custom_icon=&#8221;off&#8221; animation=&#8221;top&#8221; show_in_lightbox=&#8221;off&#8221; use_overlay=&#8221;off&#8221;]<\/p>\n<p>[\/et_pb_list_item][et_pb_list_item title=&#8221;2. Naturalesa del Cap\u00edtol&#8221; use_icon=&#8221;off&#8221; custom_icon=&#8221;off&#8221; animation=&#8221;top&#8221; show_in_lightbox=&#8221;off&#8221; use_overlay=&#8221;off&#8221;]<\/p>\n<p>[\/et_pb_list_item][et_pb_list_item title=&#8221;3. Fins i Funcions del Cap\u00edtol&#8221; use_icon=&#8221;off&#8221; custom_icon=&#8221;off&#8221; animation=&#8221;top&#8221; show_in_lightbox=&#8221;off&#8221; use_overlay=&#8221;off&#8221;]<\/p>\n<p>[\/et_pb_list_item][et_pb_list_item title=&#8221;4. Constituci\u00f3&#8221; use_icon=&#8221;off&#8221; custom_icon=&#8221;off&#8221; animation=&#8221;top&#8221; show_in_lightbox=&#8221;off&#8221; use_overlay=&#8221;off&#8221;]<\/p>\n<ul>\n<li><strong>Cap\u00edtol I.<\/strong> Membres del Cap\u00edtol.<\/li>\n<li><strong>Cap\u00edtol II.<\/strong> Incorporaci\u00f3 al Cap\u00edtol.<\/li>\n<li><strong>Cap\u00edtol III.<\/strong> Cessament i Jubilaci\u00f3 dels Capitulars.<\/li>\n<li><strong>Cap\u00edtol IV.<\/strong> Dels Capitulars Malalts.<\/li>\n<li><strong>Cap\u00edtol V.<\/strong> Presid\u00e8ncia del Cap\u00edtol.<\/li>\n<li><strong>Cap\u00edtol VI.<\/strong> Dels Oficis i C\u00e0rrecs dels Capitulars.<\/li>\n<li><strong>Cap\u00edtol VII.<\/strong> De les Comissions Capitulars.<\/li>\n<li><strong>Cap\u00edtol VIII.<\/strong> La Germandat Canonical.<\/li>\n<\/ul>\n<p>[\/et_pb_list_item][et_pb_list_item title=&#8221;5. Funcionament del Cap\u00edtol&#8221; use_icon=&#8221;off&#8221; custom_icon=&#8221;off&#8221; animation=&#8221;top&#8221; show_in_lightbox=&#8221;off&#8221; use_overlay=&#8221;off&#8221;]<\/p>\n<ul>\n<li><strong>Cap\u00edtol I.<\/strong> Drets i Obligacions dels Capitulars.<\/li>\n<li><strong>Cap\u00edtol II.<\/strong> Sessions Capitulars <em>(Cfr. Eccv Art. 34)<\/em>.<\/li>\n<li><strong>Cap\u00edtol III.<\/strong> Vacances i Abs\u00e8ncies del Cor i de la Catedral.<\/li>\n<li><strong>Cap\u00edtol IV.<\/strong> H\u00e0bit Coral.<\/li>\n<\/ul>\n<p>[\/et_pb_list_item][et_pb_list_item title=&#8221;6. Del Patrimoni, Administraci\u00f3 i Distribucions de la Catedral i del Cap\u00edtol&#8221; use_icon=&#8221;off&#8221; custom_icon=&#8221;off&#8221; animation=&#8221;top&#8221; show_in_lightbox=&#8221;off&#8221; use_overlay=&#8221;off&#8221;]<\/p>\n<ul>\n<li><strong>Cap\u00edtol I.<\/strong> Del Patrimoni.<\/li>\n<li><strong>Cap\u00edtol II.<\/strong> De l\u2019Administraci\u00f3.<\/li>\n<li><strong>Cap\u00edtol III.<\/strong> De les Retribucions.<\/li>\n<\/ul>\n<p>[\/et_pb_list_item][et_pb_list_item title=&#8221;7. Relacions del Cap\u00edtol&#8221; use_icon=&#8221;off&#8221; custom_icon=&#8221;off&#8221; animation=&#8221;top&#8221; show_in_lightbox=&#8221;off&#8221; use_overlay=&#8221;off&#8221;]<\/p>\n<ul>\n<li><strong>Cap\u00edtol I.<\/strong> Amb l\u2019Arquebisbe.<\/li>\n<li><strong>Cap\u00edtol II.<\/strong> Amb la C\u00faria Metropolitana i l\u2019Arxidi\u00f2cesi.<\/li>\n<li><strong>Cap\u00edtol III.<\/strong> Amb les Autoritats, Corporacions i Altres Entitats.<\/li>\n<\/ul>\n<p>[\/et_pb_list_item][et_pb_list_item title=&#8221;8. Disposicions Finals&#8221; use_icon=&#8221;off&#8221; custom_icon=&#8221;off&#8221; animation=&#8221;top&#8221; show_in_lightbox=&#8221;off&#8221; use_overlay=&#8221;off&#8221;]<\/p>\n<p>[\/et_pb_list_item][et_pb_list_item title=&#8221;9. Disposicions Transit\u00f2ries&#8221; use_icon=&#8221;off&#8221; custom_icon=&#8221;off&#8221; animation=&#8221;top&#8221; show_in_lightbox=&#8221;off&#8221; use_overlay=&#8221;off&#8221;]<\/p>\n<p>[\/et_pb_list_item]<\/p>\n<p>[\/et_pb_list][\/et_pb_column][\/et_pb_row][et_pb_row admin_label=&#8221;Fila&#8221; make_fullwidth=&#8221;off&#8221; use_custom_width=&#8221;off&#8221; width_unit=&#8221;on&#8221; use_custom_gutter=&#8221;off&#8221; padding_mobile=&#8221;off&#8221; allow_player_pause=&#8221;off&#8221; parallax=&#8221;off&#8221; parallax_method=&#8221;off&#8221; make_equal=&#8221;off&#8221; parallax_1=&#8221;off&#8221; parallax_method_1=&#8221;off&#8221; column_padding_mobile=&#8221;on&#8221; module_id=&#8221;related&#8221;][et_pb_column type=&#8221;4_4&#8243;][et_pb_text admin_label=&#8221;Relacionat &#8211; Text&#8221; background_layout=&#8221;light&#8221; text_orientation=&#8221;left&#8221; use_border_color=&#8221;off&#8221; border_color=&#8221;#ffffff&#8221; border_style=&#8221;solid&#8221;]<\/p>\n<h5>Relacionat<\/h5>\n<p>[\/et_pb_text][et_pb_list admin_label=&#8221;Relacionat &#8211; llistat&#8221; horizontal_line=&#8221;on&#8221; use_border_color=&#8221;off&#8221; border_color=&#8221;#ffffff&#8221; border_style=&#8221;solid&#8221; numbered_list=&#8221;on&#8221; is_button_link=&#8221;on&#8221;]<\/p>\n<p>[et_pb_list_item title=&#8221;Llista completa del Cap\u00edtol Metropolit\u00e0 de Val\u00e8ncia&#8221; use_icon=&#8221;off&#8221; custom_icon=&#8221;off&#8221; animation=&#8221;top&#8221; button_link=&#8221;https:\/\/catedraldevalencia.es\/va\/la-catedral\/el-capitol-metropolita\/llista-completa-capitol-metropolita\/&#8221; show_in_lightbox=&#8221;off&#8221; use_overlay=&#8221;off&#8221;]<\/p>\n<p>Cap\u00edtol de canonges i canonges honoraris.<\/p>\n<p>[\/et_pb_list_item]<\/p>\n<p>[\/et_pb_list][\/et_pb_column][\/et_pb_row][\/et_pb_section]<\/p>\n","protected":false},"excerpt":{"rendered":"<p>[et_pb_section admin_label=&#8221;Cap\u00e7alera&#8221; fullwidth=&#8221;on&#8221; transparent_background=&#8221;on&#8221; allow_player_pause=&#8221;off&#8221; inner_shadow=&#8221;off&#8221; parallax=&#8221;off&#8221; parallax_method=&#8221;off&#8221; padding_mobile=&#8221;off&#8221; make_fullwidth=&#8221;off&#8221; use_custom_width=&#8221;off&#8221; width_unit=&#8221;on&#8221; make_equal=&#8221;off&#8221; use_custom_gutter=&#8221;off&#8221; module_id=&#8221;marquee&#8221; module_class=&#8221;medium animated&#8221; background_color=&#8221;#ffffff&#8221; background_image=&#8221;https:\/\/catedraldevalencia.es\/va\/wp-content\/uploads\/2019\/11\/hd-chapter-statutes.jpg&#8221;][et_pb_fullwidth_header admin_label=&#8221;Cap\u00e7alera &#8211; Estatuts&#8221; title=&#8221;Estatuts&#8221; subhead=&#8221;El Cap\u00edtol Metropolit\u00e0&#8221; background_layout=&#8221;dark&#8221; text_orientation=&#8221;left&#8221; header_fullscreen=&#8221;off&#8221; header_scroll_down=&#8221;off&#8221; parallax=&#8221;off&#8221; parallax_method=&#8221;off&#8221; content_orientation=&#8221;center&#8221; image_orientation=&#8221;center&#8221; custom_button_one=&#8221;off&#8221; button_one_letter_spacing=&#8221;0&#8243; button_one_use_icon=&#8221;default&#8221; button_one_icon_placement=&#8221;right&#8221; button_one_on_hover=&#8221;on&#8221; button_one_letter_spacing_hover=&#8221;0&#8243; custom_button_two=&#8221;off&#8221; button_two_letter_spacing=&#8221;0&#8243; button_two_use_icon=&#8221;default&#8221; button_two_icon_placement=&#8221;right&#8221; button_two_on_hover=&#8221;on&#8221; button_two_letter_spacing_hover=&#8221;0&#8243; background_overlay_color=&#8221;rgba(27,27,27,0)&#8221;] [\/et_pb_fullwidth_header][\/et_pb_section][et_pb_section admin_label=&#8221;Secci\u00f3 1&#8243; transparent_background=&#8221;on&#8221; background_color=&#8221;#ffffff&#8221; allow_player_pause=&#8221;off&#8221; inner_shadow=&#8221;off&#8221; parallax=&#8221;off&#8221; [&hellip;]<\/p>\n","protected":false},"author":1,"featured_media":4108,"parent":63,"menu_order":2,"comment_status":"closed","ping_status":"closed","template":"page-chapter-council-download.php","meta":{"footnotes":""},"class_list":["post-94","page","type-page","status-publish","has-post-thumbnail","hentry"],"yoast_head":"<!-- This site is optimized with the Yoast SEO plugin v27.3 - https:\/\/yoast.com\/product\/yoast-seo-wordpress\/ -->\n<title>Estatuts del Cap\u00edtol - Catedral de Val\u00e8ncia<\/title>\n<meta name=\"robots\" content=\"index, follow, max-snippet:-1, max-image-preview:large, max-video-preview:-1\" \/>\n<link rel=\"canonical\" href=\"https:\/\/catedraldevalencia.es\/va\/la-catedral\/el-capitol-metropolita\/estatuts\/\" \/>\n<meta property=\"og:locale\" content=\"ca_ES\" \/>\n<meta property=\"og:type\" content=\"article\" \/>\n<meta property=\"og:title\" content=\"Estatuts del Cap\u00edtol - Catedral de Val\u00e8ncia\" \/>\n<meta property=\"og:description\" content=\"[et_pb_section admin_label=&#8221;Cap\u00e7alera&#8221; fullwidth=&#8221;on&#8221; transparent_background=&#8221;on&#8221; allow_player_pause=&#8221;off&#8221; inner_shadow=&#8221;off&#8221; parallax=&#8221;off&#8221; parallax_method=&#8221;off&#8221; padding_mobile=&#8221;off&#8221; make_fullwidth=&#8221;off&#8221; use_custom_width=&#8221;off&#8221; width_unit=&#8221;on&#8221; make_equal=&#8221;off&#8221; use_custom_gutter=&#8221;off&#8221; module_id=&#8221;marquee&#8221; module_class=&#8221;medium animated&#8221; background_color=&#8221;#ffffff&#8221; background_image=&#8221;https:\/\/catedraldevalencia.es\/va\/wp-content\/uploads\/2019\/11\/hd-chapter-statutes.jpg&#8221;][et_pb_fullwidth_header admin_label=&#8221;Cap\u00e7alera &#8211; Estatuts&#8221; title=&#8221;Estatuts&#8221; subhead=&#8221;El Cap\u00edtol Metropolit\u00e0&#8221; background_layout=&#8221;dark&#8221; text_orientation=&#8221;left&#8221; header_fullscreen=&#8221;off&#8221; header_scroll_down=&#8221;off&#8221; parallax=&#8221;off&#8221; parallax_method=&#8221;off&#8221; content_orientation=&#8221;center&#8221; image_orientation=&#8221;center&#8221; custom_button_one=&#8221;off&#8221; button_one_letter_spacing=&#8221;0&#8243; button_one_use_icon=&#8221;default&#8221; button_one_icon_placement=&#8221;right&#8221; button_one_on_hover=&#8221;on&#8221; button_one_letter_spacing_hover=&#8221;0&#8243; custom_button_two=&#8221;off&#8221; button_two_letter_spacing=&#8221;0&#8243; button_two_use_icon=&#8221;default&#8221; button_two_icon_placement=&#8221;right&#8221; button_two_on_hover=&#8221;on&#8221; button_two_letter_spacing_hover=&#8221;0&#8243; background_overlay_color=&#8221;rgba(27,27,27,0)&#8221;] [\/et_pb_fullwidth_header][\/et_pb_section][et_pb_section admin_label=&#8221;Secci\u00f3 1&#8243; transparent_background=&#8221;on&#8221; background_color=&#8221;#ffffff&#8221; allow_player_pause=&#8221;off&#8221; inner_shadow=&#8221;off&#8221; parallax=&#8221;off&#8221; [&hellip;]\" \/>\n<meta property=\"og:url\" content=\"https:\/\/catedraldevalencia.es\/va\/la-catedral\/el-capitol-metropolita\/estatuts\/\" \/>\n<meta property=\"og:site_name\" content=\"Catedral de Val\u00e8ncia\" \/>\n<meta property=\"article:modified_time\" content=\"2026-01-08T09:01:07+00:00\" \/>\n<meta property=\"og:image\" content=\"https:\/\/catedraldevalencia.es\/va\/wp-content\/uploads\/2019\/11\/ft-chapter-statutes.jpg\" \/>\n\t<meta property=\"og:image:width\" content=\"700\" \/>\n\t<meta property=\"og:image:height\" content=\"525\" \/>\n\t<meta property=\"og:image:type\" content=\"image\/jpeg\" \/>\n<meta name=\"twitter:card\" content=\"summary_large_image\" \/>\n<meta name=\"twitter:label1\" content=\"Est. reading time\" \/>\n\t<meta name=\"twitter:data1\" content=\"3 minutes\" \/>\n<script type=\"application\/ld+json\" class=\"yoast-schema-graph\">{\"@context\":\"https:\\\/\\\/schema.org\",\"@graph\":[{\"@type\":\"WebPage\",\"@id\":\"https:\\\/\\\/catedraldevalencia.es\\\/va\\\/la-catedral\\\/el-capitol-metropolita\\\/estatuts\\\/\",\"url\":\"https:\\\/\\\/catedraldevalencia.es\\\/va\\\/la-catedral\\\/el-capitol-metropolita\\\/estatuts\\\/\",\"name\":\"Estatuts del Cap\u00edtol - Catedral de Val\u00e8ncia\",\"isPartOf\":{\"@id\":\"https:\\\/\\\/catedraldevalencia.es\\\/va\\\/#website\"},\"primaryImageOfPage\":{\"@id\":\"https:\\\/\\\/catedraldevalencia.es\\\/va\\\/la-catedral\\\/el-capitol-metropolita\\\/estatuts\\\/#primaryimage\"},\"image\":{\"@id\":\"https:\\\/\\\/catedraldevalencia.es\\\/va\\\/la-catedral\\\/el-capitol-metropolita\\\/estatuts\\\/#primaryimage\"},\"thumbnailUrl\":\"https:\\\/\\\/catedraldevalencia.es\\\/va\\\/wp-content\\\/uploads\\\/2019\\\/11\\\/ft-chapter-statutes.jpg\",\"datePublished\":\"2017-11-02T12:08:22+00:00\",\"dateModified\":\"2026-01-08T09:01:07+00:00\",\"breadcrumb\":{\"@id\":\"https:\\\/\\\/catedraldevalencia.es\\\/va\\\/la-catedral\\\/el-capitol-metropolita\\\/estatuts\\\/#breadcrumb\"},\"inLanguage\":\"ca\",\"potentialAction\":[{\"@type\":\"ReadAction\",\"target\":[\"https:\\\/\\\/catedraldevalencia.es\\\/va\\\/la-catedral\\\/el-capitol-metropolita\\\/estatuts\\\/\"]}]},{\"@type\":\"ImageObject\",\"inLanguage\":\"ca\",\"@id\":\"https:\\\/\\\/catedraldevalencia.es\\\/va\\\/la-catedral\\\/el-capitol-metropolita\\\/estatuts\\\/#primaryimage\",\"url\":\"https:\\\/\\\/catedraldevalencia.es\\\/va\\\/wp-content\\\/uploads\\\/2019\\\/11\\\/ft-chapter-statutes.jpg\",\"contentUrl\":\"https:\\\/\\\/catedraldevalencia.es\\\/va\\\/wp-content\\\/uploads\\\/2019\\\/11\\\/ft-chapter-statutes.jpg\",\"width\":700,\"height\":525},{\"@type\":\"BreadcrumbList\",\"@id\":\"https:\\\/\\\/catedraldevalencia.es\\\/va\\\/la-catedral\\\/el-capitol-metropolita\\\/estatuts\\\/#breadcrumb\",\"itemListElement\":[{\"@type\":\"ListItem\",\"position\":1,\"name\":\"Portada\",\"item\":\"https:\\\/\\\/catedraldevalencia.es\\\/va\\\/\"},{\"@type\":\"ListItem\",\"position\":2,\"name\":\"La Catedral\",\"item\":\"https:\\\/\\\/catedraldevalencia.es\\\/va\\\/la-catedral\\\/\"},{\"@type\":\"ListItem\",\"position\":3,\"name\":\"El Cap\u00edtol Metropolit\u00e0\",\"item\":\"https:\\\/\\\/catedraldevalencia.es\\\/va\\\/la-catedral\\\/el-capitol-metropolita\\\/\"},{\"@type\":\"ListItem\",\"position\":4,\"name\":\"Estatuts del Cap\u00edtol\"}]},{\"@type\":\"WebSite\",\"@id\":\"https:\\\/\\\/catedraldevalencia.es\\\/va\\\/#website\",\"url\":\"https:\\\/\\\/catedraldevalencia.es\\\/va\\\/\",\"name\":\"Catedral de Val\u00e8ncia\",\"description\":\"La Catedral del Sant Calze\",\"potentialAction\":[{\"@type\":\"SearchAction\",\"target\":{\"@type\":\"EntryPoint\",\"urlTemplate\":\"https:\\\/\\\/catedraldevalencia.es\\\/va\\\/?s={search_term_string}\"},\"query-input\":{\"@type\":\"PropertyValueSpecification\",\"valueRequired\":true,\"valueName\":\"search_term_string\"}}],\"inLanguage\":\"ca\"}]}<\/script>\n<!-- \/ Yoast SEO plugin. -->","yoast_head_json":{"title":"Estatuts del Cap\u00edtol - Catedral de Val\u00e8ncia","robots":{"index":"index","follow":"follow","max-snippet":"max-snippet:-1","max-image-preview":"max-image-preview:large","max-video-preview":"max-video-preview:-1"},"canonical":"https:\/\/catedraldevalencia.es\/va\/la-catedral\/el-capitol-metropolita\/estatuts\/","og_locale":"ca_ES","og_type":"article","og_title":"Estatuts del Cap\u00edtol - Catedral de Val\u00e8ncia","og_description":"[et_pb_section admin_label=&#8221;Cap\u00e7alera&#8221; fullwidth=&#8221;on&#8221; transparent_background=&#8221;on&#8221; allow_player_pause=&#8221;off&#8221; inner_shadow=&#8221;off&#8221; parallax=&#8221;off&#8221; parallax_method=&#8221;off&#8221; padding_mobile=&#8221;off&#8221; make_fullwidth=&#8221;off&#8221; use_custom_width=&#8221;off&#8221; width_unit=&#8221;on&#8221; make_equal=&#8221;off&#8221; use_custom_gutter=&#8221;off&#8221; module_id=&#8221;marquee&#8221; module_class=&#8221;medium animated&#8221; background_color=&#8221;#ffffff&#8221; background_image=&#8221;https:\/\/catedraldevalencia.es\/va\/wp-content\/uploads\/2019\/11\/hd-chapter-statutes.jpg&#8221;][et_pb_fullwidth_header admin_label=&#8221;Cap\u00e7alera &#8211; Estatuts&#8221; title=&#8221;Estatuts&#8221; subhead=&#8221;El Cap\u00edtol Metropolit\u00e0&#8221; background_layout=&#8221;dark&#8221; text_orientation=&#8221;left&#8221; header_fullscreen=&#8221;off&#8221; header_scroll_down=&#8221;off&#8221; parallax=&#8221;off&#8221; parallax_method=&#8221;off&#8221; content_orientation=&#8221;center&#8221; image_orientation=&#8221;center&#8221; custom_button_one=&#8221;off&#8221; button_one_letter_spacing=&#8221;0&#8243; button_one_use_icon=&#8221;default&#8221; button_one_icon_placement=&#8221;right&#8221; button_one_on_hover=&#8221;on&#8221; button_one_letter_spacing_hover=&#8221;0&#8243; custom_button_two=&#8221;off&#8221; button_two_letter_spacing=&#8221;0&#8243; button_two_use_icon=&#8221;default&#8221; button_two_icon_placement=&#8221;right&#8221; button_two_on_hover=&#8221;on&#8221; button_two_letter_spacing_hover=&#8221;0&#8243; background_overlay_color=&#8221;rgba(27,27,27,0)&#8221;] [\/et_pb_fullwidth_header][\/et_pb_section][et_pb_section admin_label=&#8221;Secci\u00f3 1&#8243; transparent_background=&#8221;on&#8221; background_color=&#8221;#ffffff&#8221; allow_player_pause=&#8221;off&#8221; inner_shadow=&#8221;off&#8221; parallax=&#8221;off&#8221; [&hellip;]","og_url":"https:\/\/catedraldevalencia.es\/va\/la-catedral\/el-capitol-metropolita\/estatuts\/","og_site_name":"Catedral de Val\u00e8ncia","article_modified_time":"2026-01-08T09:01:07+00:00","og_image":[{"width":700,"height":525,"url":"https:\/\/catedraldevalencia.es\/va\/wp-content\/uploads\/2019\/11\/ft-chapter-statutes.jpg","type":"image\/jpeg"}],"twitter_card":"summary_large_image","twitter_misc":{"Est. reading time":"3 minutes"},"schema":{"@context":"https:\/\/schema.org","@graph":[{"@type":"WebPage","@id":"https:\/\/catedraldevalencia.es\/va\/la-catedral\/el-capitol-metropolita\/estatuts\/","url":"https:\/\/catedraldevalencia.es\/va\/la-catedral\/el-capitol-metropolita\/estatuts\/","name":"Estatuts del Cap\u00edtol - Catedral de Val\u00e8ncia","isPartOf":{"@id":"https:\/\/catedraldevalencia.es\/va\/#website"},"primaryImageOfPage":{"@id":"https:\/\/catedraldevalencia.es\/va\/la-catedral\/el-capitol-metropolita\/estatuts\/#primaryimage"},"image":{"@id":"https:\/\/catedraldevalencia.es\/va\/la-catedral\/el-capitol-metropolita\/estatuts\/#primaryimage"},"thumbnailUrl":"https:\/\/catedraldevalencia.es\/va\/wp-content\/uploads\/2019\/11\/ft-chapter-statutes.jpg","datePublished":"2017-11-02T12:08:22+00:00","dateModified":"2026-01-08T09:01:07+00:00","breadcrumb":{"@id":"https:\/\/catedraldevalencia.es\/va\/la-catedral\/el-capitol-metropolita\/estatuts\/#breadcrumb"},"inLanguage":"ca","potentialAction":[{"@type":"ReadAction","target":["https:\/\/catedraldevalencia.es\/va\/la-catedral\/el-capitol-metropolita\/estatuts\/"]}]},{"@type":"ImageObject","inLanguage":"ca","@id":"https:\/\/catedraldevalencia.es\/va\/la-catedral\/el-capitol-metropolita\/estatuts\/#primaryimage","url":"https:\/\/catedraldevalencia.es\/va\/wp-content\/uploads\/2019\/11\/ft-chapter-statutes.jpg","contentUrl":"https:\/\/catedraldevalencia.es\/va\/wp-content\/uploads\/2019\/11\/ft-chapter-statutes.jpg","width":700,"height":525},{"@type":"BreadcrumbList","@id":"https:\/\/catedraldevalencia.es\/va\/la-catedral\/el-capitol-metropolita\/estatuts\/#breadcrumb","itemListElement":[{"@type":"ListItem","position":1,"name":"Portada","item":"https:\/\/catedraldevalencia.es\/va\/"},{"@type":"ListItem","position":2,"name":"La Catedral","item":"https:\/\/catedraldevalencia.es\/va\/la-catedral\/"},{"@type":"ListItem","position":3,"name":"El Cap\u00edtol Metropolit\u00e0","item":"https:\/\/catedraldevalencia.es\/va\/la-catedral\/el-capitol-metropolita\/"},{"@type":"ListItem","position":4,"name":"Estatuts del Cap\u00edtol"}]},{"@type":"WebSite","@id":"https:\/\/catedraldevalencia.es\/va\/#website","url":"https:\/\/catedraldevalencia.es\/va\/","name":"Catedral de Val\u00e8ncia","description":"La Catedral del Sant Calze","potentialAction":[{"@type":"SearchAction","target":{"@type":"EntryPoint","urlTemplate":"https:\/\/catedraldevalencia.es\/va\/?s={search_term_string}"},"query-input":{"@type":"PropertyValueSpecification","valueRequired":true,"valueName":"search_term_string"}}],"inLanguage":"ca"}]}},"_links":{"self":[{"href":"https:\/\/catedraldevalencia.es\/va\/wp-json\/wp\/v2\/pages\/94","targetHints":{"allow":["GET"]}}],"collection":[{"href":"https:\/\/catedraldevalencia.es\/va\/wp-json\/wp\/v2\/pages"}],"about":[{"href":"https:\/\/catedraldevalencia.es\/va\/wp-json\/wp\/v2\/types\/page"}],"author":[{"embeddable":true,"href":"https:\/\/catedraldevalencia.es\/va\/wp-json\/wp\/v2\/users\/1"}],"replies":[{"embeddable":true,"href":"https:\/\/catedraldevalencia.es\/va\/wp-json\/wp\/v2\/comments?post=94"}],"version-history":[{"count":0,"href":"https:\/\/catedraldevalencia.es\/va\/wp-json\/wp\/v2\/pages\/94\/revisions"}],"up":[{"embeddable":true,"href":"https:\/\/catedraldevalencia.es\/va\/wp-json\/wp\/v2\/pages\/63"}],"wp:featuredmedia":[{"embeddable":true,"href":"https:\/\/catedraldevalencia.es\/va\/wp-json\/wp\/v2\/media\/4108"}],"wp:attachment":[{"href":"https:\/\/catedraldevalencia.es\/va\/wp-json\/wp\/v2\/media?parent=94"}],"curies":[{"name":"wp","href":"https:\/\/api.w.org\/{rel}","templated":true}]}}