{"id":95,"date":"2017-11-02T13:16:34","date_gmt":"2017-11-02T13:16:34","guid":{"rendered":"https:\/\/catedraldevalencia.es\/va\/?page_id=95"},"modified":"2025-04-18T17:45:32","modified_gmt":"2025-04-18T17:45:32","slug":"llista-completa-capitol-metropolita","status":"publish","type":"page","link":"https:\/\/catedraldevalencia.es\/va\/la-catedral\/el-capitol-metropolita\/llista-completa-capitol-metropolita\/","title":{"rendered":"Llista completa"},"content":{"rendered":"<p>[et_pb_section admin_label=&#8221;Cap\u00e7alera&#8221; fullwidth=&#8221;on&#8221; transparent_background=&#8221;on&#8221; allow_player_pause=&#8221;off&#8221; inner_shadow=&#8221;off&#8221; parallax=&#8221;off&#8221; parallax_method=&#8221;off&#8221; padding_mobile=&#8221;off&#8221; make_fullwidth=&#8221;off&#8221; use_custom_width=&#8221;off&#8221; width_unit=&#8221;on&#8221; make_equal=&#8221;off&#8221; use_custom_gutter=&#8221;off&#8221; module_id=&#8221;marquee&#8221; module_class=&#8221;medium animated&#8221; background_color=&#8221;#ffffff&#8221; background_image=&#8221;https:\/\/catedraldevalencia.es\/va\/wp-content\/uploads\/2018\/10\/hd-chapter-complete-list.jpg&#8221;][et_pb_fullwidth_header admin_label=&#8221;Cap\u00e7alera &#8211; El Cap\u00edtol &#8211; Llistat Complet&#8221; title=&#8221;Llistat complet&#8221; subhead=&#8221;El Cap\u00edtol Metropolit\u00e0&#8221; background_layout=&#8221;dark&#8221; text_orientation=&#8221;left&#8221; header_fullscreen=&#8221;off&#8221; header_scroll_down=&#8221;off&#8221; parallax=&#8221;off&#8221; parallax_method=&#8221;off&#8221; content_orientation=&#8221;center&#8221; image_orientation=&#8221;center&#8221; custom_button_one=&#8221;off&#8221; button_one_letter_spacing=&#8221;0&#8243; button_one_use_icon=&#8221;default&#8221; button_one_icon_placement=&#8221;right&#8221; button_one_on_hover=&#8221;on&#8221; button_one_letter_spacing_hover=&#8221;0&#8243; custom_button_two=&#8221;off&#8221; button_two_letter_spacing=&#8221;0&#8243; button_two_use_icon=&#8221;default&#8221; button_two_icon_placement=&#8221;right&#8221; button_two_on_hover=&#8221;on&#8221; button_two_letter_spacing_hover=&#8221;0&#8243; background_overlay_color=&#8221;rgba(27,27,27,0)&#8221;]<\/p>\n<p>[\/et_pb_fullwidth_header][\/et_pb_section][et_pb_section admin_label=&#8221;Secci\u00f3&#8221; transparent_background=&#8221;on&#8221; background_color=&#8221;#ffffff&#8221; allow_player_pause=&#8221;off&#8221; inner_shadow=&#8221;off&#8221; parallax=&#8221;off&#8221; parallax_method=&#8221;off&#8221; padding_mobile=&#8221;off&#8221; make_fullwidth=&#8221;off&#8221; use_custom_width=&#8221;off&#8221; width_unit=&#8221;on&#8221; make_equal=&#8221;off&#8221; use_custom_gutter=&#8221;off&#8221; module_id=&#8221;row-1&#8243;][et_pb_row admin_label=&#8221;Fila&#8221; make_fullwidth=&#8221;off&#8221; use_custom_width=&#8221;off&#8221; width_unit=&#8221;on&#8221; use_custom_gutter=&#8221;off&#8221; padding_mobile=&#8221;off&#8221; allow_player_pause=&#8221;off&#8221; parallax=&#8221;off&#8221; parallax_method=&#8221;off&#8221; make_equal=&#8221;off&#8221; parallax_1=&#8221;off&#8221; parallax_method_1=&#8221;off&#8221; column_padding_mobile=&#8221;on&#8221; module_id=&#8221;int_row_1&#8243;][et_pb_column type=&#8221;4_4&#8243;][et_pb_text admin_label=&#8221;Cap\u00edtol de Canonges &#8211; Text&#8221; background_layout=&#8221;light&#8221; text_orientation=&#8221;left&#8221; use_border_color=&#8221;off&#8221; border_color=&#8221;#ffffff&#8221; border_style=&#8221;solid&#8221;]<\/p>\n<h2>Cap\u00edtol de Canonges<\/h2>\n<p>[\/et_pb_text][\/et_pb_column][\/et_pb_row][et_pb_row admin_label=&#8221;row&#8221; make_fullwidth=&#8221;off&#8221; use_custom_width=&#8221;off&#8221; width_unit=&#8221;on&#8221; use_custom_gutter=&#8221;off&#8221; padding_mobile=&#8221;off&#8221; allow_player_pause=&#8221;off&#8221; parallax=&#8221;off&#8221; parallax_method=&#8221;off&#8221; make_equal=&#8221;on&#8221; parallax_1=&#8221;off&#8221; parallax_method_1=&#8221;off&#8221; column_padding_mobile=&#8221;on&#8221; module_id=&#8221;int_row_2&#8243; parallax_2=&#8221;off&#8221; parallax_method_2=&#8221;off&#8221;][et_pb_column type=&#8221;1_3&#8243;][et_pb_text admin_label=&#8221;De\u00e1n &#8211; Ilmo. Sr. &#8211; Texto&#8221; background_layout=&#8221;light&#8221; text_orientation=&#8221;left&#8221; use_border_color=&#8221;off&#8221; border_color=&#8221;#ffffff&#8221; border_style=&#8221;solid&#8221;]<\/p>\n<h3>Deg\u00e0<\/h3>\n<h4 class=\"pretitle\">Il\u00b7lm. Sr.<\/h4>\n<p>[\/et_pb_text][et_pb_code admin_label=&#8221;Llistat Deg\u00e0 (shortcode)&#8221; module_id=&#8221;col_dean&#8221;]<div id=\"chapter-list\">\n<ul class=\"dean\">\n<li>\n<h5>D. Vicente Fontestad Pastor<\/h5><em>Deg\u00e0-president<\/em><\/li><\/ul><\/div>[\/et_pb_code][\/et_pb_column][et_pb_column type=&#8221;2_3&#8243;][et_pb_text admin_label=&#8221;Can\u00f3nigos &#8211; MM. II. Sres. &#8211; Texto&#8221; background_layout=&#8221;light&#8221; text_orientation=&#8221;left&#8221; use_border_color=&#8221;off&#8221; border_color=&#8221;#ffffff&#8221; border_style=&#8221;solid&#8221;]<\/p>\n<h3>Canonges<\/h3>\n<h4 class=\"pretitle\">MM. II. Srs.<\/h4>\n<p>[\/et_pb_text][et_pb_code admin_label=&#8221;Llistat Canonges (shortcode)&#8221; module_id=&#8221;col_canons&#8221;]<div id=\"chapter-list\">\n<ul class=\"canonigos\">\n<li>\n<h5>D. Antonio Andr\u00e9s Ferrandis<\/h5><em>Visitador de malalts<\/em><\/li>\n<li>\n<h5>D. Vicente Pons Al\u00f3s<\/h5><em>Arxiver - Bibliotecari<\/em><em>Vicepresident<\/em><\/li>\n<li>\n<h5>D. Jorge Jos\u00e9 Mir\u00f3 Mir\u00f3<\/h5><em>Magistral<\/em><em>S\u00edndic - Administrador<\/em><\/li>\n<li>\n<h5>D. \u00c1lvaro Almenar Picallo<\/h5><em>Custodi del Culte del Sant Calze<\/em><em>Encarregat del protocol<\/em><\/li>\n<li>\n<h5>D. Aquilino Mart\u00ednez Gallego<\/h5><em>Organista<\/em><em>Prefecte de M\u00fasica Sacra<\/em><\/li>\n<li>\n<h5>D. Juan Dami\u00e1n Gand\u00eda Barber<\/h5><em>Jutge Comptador<\/em><\/li>\n<li>\n<h5>D. Jos\u00e9 Francisco Castell\u00f3 Colomer<\/h5><em>Assessor jur\u00eddic<\/em><em>Jutge Comptador<\/em><em>Secretari del cap\u00edtol<\/em><\/li>\n<li>\n<h5>D. Jorge Morant Morant<\/h5><em>Penitenciari<\/em><em>Visitador de malalts<\/em><\/li>\n<li>\n<h5>D. Jos\u00e9 Verdeguer Garc\u00eda<\/h5><em>Fabricaner<\/em><em>Curador de Patrimoni Art\u00edstic<\/em><em>Delegat per a la Informaci\u00f3 i Relacions P\u00fabliques<\/em><em>Director del Museu de la Catedral<\/em><\/li>\n<li>\n<h5>D. Benjam\u00edn Mart\u00ednez Galva\u00f1<\/h5><em>Oficina de Pastoral<\/em><em>Prefecte de Pastoral<\/em><\/li>\n<li>\n<h5>D. Jos\u00e9 Canet Canet<\/h5><em>Prefecte de Lit\u00fargia<\/em><\/li>\n<li>\n<h5>D. Rafael Cerd\u00e1 Capuz<\/h5><\/li>\n<li>\n<h5>D. Jaime Gonz\u00e1lez Argente<\/h5><em>Jutge de Punt<\/em><\/li>\n<li>\n<h5>D. Mariano Trenco Albiach<\/h5><\/li>\n<li>\n<h5>D. Santiago Pons Dom\u00e9nech<\/h5><\/li><\/ul><\/div>[\/et_pb_code][\/et_pb_column][\/et_pb_row][et_pb_row admin_label=&#8221;row&#8221; make_fullwidth=&#8221;off&#8221; use_custom_width=&#8221;off&#8221; width_unit=&#8221;on&#8221; use_custom_gutter=&#8221;off&#8221; padding_mobile=&#8221;off&#8221; allow_player_pause=&#8221;off&#8221; parallax=&#8221;off&#8221; parallax_method=&#8221;off&#8221; make_equal=&#8221;on&#8221; parallax_1=&#8221;off&#8221; parallax_method_1=&#8221;off&#8221; column_padding_mobile=&#8221;on&#8221; module_id=&#8221;int_row_3&#8243; parallax_2=&#8221;off&#8221; parallax_method_2=&#8221;off&#8221;][et_pb_column type=&#8221;1_3&#8243;][\/et_pb_column][et_pb_column type=&#8221;2_3&#8243;][et_pb_text admin_label=&#8221;Canonges Em\u00e8rits &#8211; MM. II. Sres. &#8211; Text&#8221; background_layout=&#8221;light&#8221; text_orientation=&#8221;left&#8221; use_border_color=&#8221;off&#8221; border_color=&#8221;#ffffff&#8221; border_style=&#8221;solid&#8221;]<\/p>\n<h3>Canonges Em\u00e8rits<\/h3>\n<h4 class=\"pretitle\">MM. II. Sres.<\/h4>\n<p>[\/et_pb_text][et_pb_code admin_label=&#8221;Llistat Canonges Em\u00e8rits (shortcode)&#8221;]<div id=\"chapter-list\">\n<ul class=\"canonigos-emeritos\">\n<li>\n<h5>D. Emilio Aliaga Girb\u00e9s<\/h5><\/li>\n<li>\n<h5>D. Jaime Sancho Andreu<\/h5><\/li>\n<li>\n<h5>D. Ram\u00f3n Fita Revert<\/h5><\/li>\n<li>\n<h5>D. Adolfo Barrachina Carbonell<\/h5><\/li>\n<li>\n<h5>D. Miguel Bou Pi\u00f1\u00f3n<\/h5><\/li>\n<li>\n<h5>D. Arturo Llin Ch\u00e1fer<\/h5><\/li>\n<li>\n<h5>D. Jos\u00e9 P\u00e9rez Leal<\/h5><\/li>\n<li>\n<h5>D. Arturo Climent Bonaf\u00e9<\/h5><\/li><\/ul><\/div>[\/et_pb_code][\/et_pb_column][\/et_pb_row][et_pb_row admin_label=&#8221;row&#8221; make_fullwidth=&#8221;off&#8221; use_custom_width=&#8221;off&#8221; width_unit=&#8221;on&#8221; use_custom_gutter=&#8221;off&#8221; padding_mobile=&#8221;off&#8221; allow_player_pause=&#8221;off&#8221; parallax=&#8221;off&#8221; parallax_method=&#8221;off&#8221; make_equal=&#8221;on&#8221; parallax_1=&#8221;off&#8221; parallax_method_1=&#8221;off&#8221; column_padding_mobile=&#8221;on&#8221; module_id=&#8221;int_row_3&#8243; parallax_2=&#8221;off&#8221; parallax_method_2=&#8221;off&#8221;][et_pb_column type=&#8221;1_3&#8243;][\/et_pb_column][et_pb_column type=&#8221;2_3&#8243;][et_pb_text admin_label=&#8221;Canonges Honoraris &#8211; MM. II. Srs. &#8211; Text&#8221; background_layout=&#8221;light&#8221; text_orientation=&#8221;left&#8221; use_border_color=&#8221;off&#8221; border_color=&#8221;#ffffff&#8221; border_style=&#8221;solid&#8221;]<\/p>\n<h3>Canonges Honoraris<\/h3>\n<h4 class=\"pretitle\">MM. II. Srs.<\/h4>\n<p>[\/et_pb_text][et_pb_code admin_label=&#8221;Llistat Canonges Honoraris (shortcode)&#8221;]<div id=\"chapter-list\">\n<ul class=\"canonigos-honorarios\">\n<li>\n<h5>D. Juan Ant\u00f3n Alonso<\/h5><\/li>\n<li>\n<h5>D. Juan Ricardo Company Marqu\u00e9s<\/h5><\/li>\n<li>\n<h5>D. Gil Herrero Ant\u00f3n<\/h5><\/li>\n<li>\n<h5>D. Juan Jos\u00e9 Garrido Zaragoz\u00e1<\/h5><\/li><\/ul><\/div>[\/et_pb_code][\/et_pb_column][\/et_pb_row][et_pb_row admin_label=&#8221;Fila&#8221; make_fullwidth=&#8221;off&#8221; use_custom_width=&#8221;off&#8221; width_unit=&#8221;on&#8221; use_custom_gutter=&#8221;off&#8221; padding_mobile=&#8221;off&#8221; allow_player_pause=&#8221;off&#8221; parallax=&#8221;off&#8221; parallax_method=&#8221;off&#8221; make_equal=&#8221;off&#8221; parallax_1=&#8221;off&#8221; parallax_method_1=&#8221;off&#8221; column_padding_mobile=&#8221;on&#8221; module_id=&#8221;related&#8221;][et_pb_column type=&#8221;4_4&#8243;][et_pb_text admin_label=&#8221;Relacionat &#8211; Text&#8221; background_layout=&#8221;light&#8221; text_orientation=&#8221;left&#8221; use_border_color=&#8221;off&#8221; border_color=&#8221;#ffffff&#8221; border_style=&#8221;solid&#8221;]<\/p>\n<h5>Relacionat<\/h5>\n<p>[\/et_pb_text][et_pb_list admin_label=&#8221;Relacionat &#8211; Llistat&#8221; horizontal_line=&#8221;on&#8221; use_border_color=&#8221;off&#8221; border_color=&#8221;#ffffff&#8221; border_style=&#8221;solid&#8221; numbered_list=&#8221;off&#8221; is_button_link=&#8221;on&#8221;]<\/p>\n<p>[et_pb_list_item title=&#8221;Estatuts de la Santa Esgl\u00e9sia Catedral Bas\u00edlica Metropolitana de Santa Maria de Val\u00e8ncia.&#8221; use_icon=&#8221;off&#8221; custom_icon=&#8221;off&#8221; animation=&#8221;top&#8221; button_link=&#8221;https:\/\/catedraldevalencia.es\/va\/la-catedral\/el-capitol-metropolita\/estatuts\/&#8221;]\nDescarregar en Format PDF <em>(183 kb)<\/em>\n[\/et_pb_list_item]<\/p>\n<p>[\/et_pb_list][\/et_pb_column][\/et_pb_row][\/et_pb_section]<\/p>\n","protected":false},"excerpt":{"rendered":"<p>[et_pb_section admin_label=&#8221;Cap\u00e7alera&#8221; fullwidth=&#8221;on&#8221; transparent_background=&#8221;on&#8221; allow_player_pause=&#8221;off&#8221; inner_shadow=&#8221;off&#8221; parallax=&#8221;off&#8221; parallax_method=&#8221;off&#8221; padding_mobile=&#8221;off&#8221; make_fullwidth=&#8221;off&#8221; use_custom_width=&#8221;off&#8221; width_unit=&#8221;on&#8221; make_equal=&#8221;off&#8221; use_custom_gutter=&#8221;off&#8221; module_id=&#8221;marquee&#8221; module_class=&#8221;medium animated&#8221; background_color=&#8221;#ffffff&#8221; background_image=&#8221;https:\/\/catedraldevalencia.es\/va\/wp-content\/uploads\/2018\/10\/hd-chapter-complete-list.jpg&#8221;][et_pb_fullwidth_header admin_label=&#8221;Cap\u00e7alera &#8211; El Cap\u00edtol &#8211; Llistat Complet&#8221; title=&#8221;Llistat complet&#8221; subhead=&#8221;El Cap\u00edtol Metropolit\u00e0&#8221; background_layout=&#8221;dark&#8221; text_orientation=&#8221;left&#8221; header_fullscreen=&#8221;off&#8221; header_scroll_down=&#8221;off&#8221; parallax=&#8221;off&#8221; parallax_method=&#8221;off&#8221; content_orientation=&#8221;center&#8221; image_orientation=&#8221;center&#8221; custom_button_one=&#8221;off&#8221; button_one_letter_spacing=&#8221;0&#8243; button_one_use_icon=&#8221;default&#8221; button_one_icon_placement=&#8221;right&#8221; button_one_on_hover=&#8221;on&#8221; button_one_letter_spacing_hover=&#8221;0&#8243; custom_button_two=&#8221;off&#8221; button_two_letter_spacing=&#8221;0&#8243; button_two_use_icon=&#8221;default&#8221; button_two_icon_placement=&#8221;right&#8221; button_two_on_hover=&#8221;on&#8221; button_two_letter_spacing_hover=&#8221;0&#8243; background_overlay_color=&#8221;rgba(27,27,27,0)&#8221;] [\/et_pb_fullwidth_header][\/et_pb_section][et_pb_section admin_label=&#8221;Secci\u00f3&#8221; transparent_background=&#8221;on&#8221; [&hellip;]<\/p>\n","protected":false},"author":1,"featured_media":3462,"parent":63,"menu_order":3,"comment_status":"closed","ping_status":"closed","template":"page-chapter-council.php","meta":{"footnotes":""},"class_list":["post-95","page","type-page","status-publish","has-post-thumbnail","hentry"],"yoast_head":"<!-- This site is optimized with the Yoast SEO plugin v27.3 - https:\/\/yoast.com\/product\/yoast-seo-wordpress\/ -->\n<title>Llista completa - Catedral de Val\u00e8ncia<\/title>\n<meta name=\"robots\" content=\"index, follow, max-snippet:-1, max-image-preview:large, max-video-preview:-1\" \/>\n<link rel=\"canonical\" href=\"https:\/\/catedraldevalencia.es\/va\/la-catedral\/el-capitol-metropolita\/llista-completa-capitol-metropolita\/\" \/>\n<meta property=\"og:locale\" content=\"ca_ES\" \/>\n<meta property=\"og:type\" content=\"article\" \/>\n<meta property=\"og:title\" content=\"Llista completa - Catedral de Val\u00e8ncia\" \/>\n<meta property=\"og:description\" content=\"[et_pb_section admin_label=&#8221;Cap\u00e7alera&#8221; fullwidth=&#8221;on&#8221; transparent_background=&#8221;on&#8221; allow_player_pause=&#8221;off&#8221; inner_shadow=&#8221;off&#8221; parallax=&#8221;off&#8221; parallax_method=&#8221;off&#8221; padding_mobile=&#8221;off&#8221; make_fullwidth=&#8221;off&#8221; use_custom_width=&#8221;off&#8221; width_unit=&#8221;on&#8221; make_equal=&#8221;off&#8221; use_custom_gutter=&#8221;off&#8221; module_id=&#8221;marquee&#8221; module_class=&#8221;medium animated&#8221; background_color=&#8221;#ffffff&#8221; background_image=&#8221;https:\/\/catedraldevalencia.es\/va\/wp-content\/uploads\/2018\/10\/hd-chapter-complete-list.jpg&#8221;][et_pb_fullwidth_header admin_label=&#8221;Cap\u00e7alera &#8211; El Cap\u00edtol &#8211; Llistat Complet&#8221; title=&#8221;Llistat complet&#8221; subhead=&#8221;El Cap\u00edtol Metropolit\u00e0&#8221; background_layout=&#8221;dark&#8221; text_orientation=&#8221;left&#8221; header_fullscreen=&#8221;off&#8221; header_scroll_down=&#8221;off&#8221; parallax=&#8221;off&#8221; parallax_method=&#8221;off&#8221; content_orientation=&#8221;center&#8221; image_orientation=&#8221;center&#8221; custom_button_one=&#8221;off&#8221; button_one_letter_spacing=&#8221;0&#8243; button_one_use_icon=&#8221;default&#8221; button_one_icon_placement=&#8221;right&#8221; button_one_on_hover=&#8221;on&#8221; button_one_letter_spacing_hover=&#8221;0&#8243; custom_button_two=&#8221;off&#8221; button_two_letter_spacing=&#8221;0&#8243; button_two_use_icon=&#8221;default&#8221; button_two_icon_placement=&#8221;right&#8221; button_two_on_hover=&#8221;on&#8221; button_two_letter_spacing_hover=&#8221;0&#8243; background_overlay_color=&#8221;rgba(27,27,27,0)&#8221;] [\/et_pb_fullwidth_header][\/et_pb_section][et_pb_section admin_label=&#8221;Secci\u00f3&#8221; transparent_background=&#8221;on&#8221; [&hellip;]\" \/>\n<meta property=\"og:url\" content=\"https:\/\/catedraldevalencia.es\/va\/la-catedral\/el-capitol-metropolita\/llista-completa-capitol-metropolita\/\" \/>\n<meta property=\"og:site_name\" content=\"Catedral de Val\u00e8ncia\" \/>\n<meta property=\"article:modified_time\" content=\"2025-04-18T17:45:32+00:00\" \/>\n<meta property=\"og:image\" content=\"https:\/\/catedraldevalencia.es\/va\/wp-content\/uploads\/2018\/10\/ft-complete-list.jpg\" \/>\n\t<meta property=\"og:image:width\" content=\"700\" \/>\n\t<meta property=\"og:image:height\" content=\"525\" \/>\n\t<meta property=\"og:image:type\" content=\"image\/jpeg\" \/>\n<meta name=\"twitter:card\" content=\"summary_large_image\" \/>\n<meta name=\"twitter:label1\" content=\"Est. reading time\" \/>\n\t<meta name=\"twitter:data1\" content=\"2 minutes\" \/>\n<script type=\"application\/ld+json\" class=\"yoast-schema-graph\">{\"@context\":\"https:\\\/\\\/schema.org\",\"@graph\":[{\"@type\":\"WebPage\",\"@id\":\"https:\\\/\\\/catedraldevalencia.es\\\/va\\\/la-catedral\\\/el-capitol-metropolita\\\/llista-completa-capitol-metropolita\\\/\",\"url\":\"https:\\\/\\\/catedraldevalencia.es\\\/va\\\/la-catedral\\\/el-capitol-metropolita\\\/llista-completa-capitol-metropolita\\\/\",\"name\":\"Llista completa - Catedral de Val\u00e8ncia\",\"isPartOf\":{\"@id\":\"https:\\\/\\\/catedraldevalencia.es\\\/va\\\/#website\"},\"primaryImageOfPage\":{\"@id\":\"https:\\\/\\\/catedraldevalencia.es\\\/va\\\/la-catedral\\\/el-capitol-metropolita\\\/llista-completa-capitol-metropolita\\\/#primaryimage\"},\"image\":{\"@id\":\"https:\\\/\\\/catedraldevalencia.es\\\/va\\\/la-catedral\\\/el-capitol-metropolita\\\/llista-completa-capitol-metropolita\\\/#primaryimage\"},\"thumbnailUrl\":\"https:\\\/\\\/catedraldevalencia.es\\\/va\\\/wp-content\\\/uploads\\\/2018\\\/10\\\/ft-complete-list.jpg\",\"datePublished\":\"2017-11-02T13:16:34+00:00\",\"dateModified\":\"2025-04-18T17:45:32+00:00\",\"breadcrumb\":{\"@id\":\"https:\\\/\\\/catedraldevalencia.es\\\/va\\\/la-catedral\\\/el-capitol-metropolita\\\/llista-completa-capitol-metropolita\\\/#breadcrumb\"},\"inLanguage\":\"ca\",\"potentialAction\":[{\"@type\":\"ReadAction\",\"target\":[\"https:\\\/\\\/catedraldevalencia.es\\\/va\\\/la-catedral\\\/el-capitol-metropolita\\\/llista-completa-capitol-metropolita\\\/\"]}]},{\"@type\":\"ImageObject\",\"inLanguage\":\"ca\",\"@id\":\"https:\\\/\\\/catedraldevalencia.es\\\/va\\\/la-catedral\\\/el-capitol-metropolita\\\/llista-completa-capitol-metropolita\\\/#primaryimage\",\"url\":\"https:\\\/\\\/catedraldevalencia.es\\\/va\\\/wp-content\\\/uploads\\\/2018\\\/10\\\/ft-complete-list.jpg\",\"contentUrl\":\"https:\\\/\\\/catedraldevalencia.es\\\/va\\\/wp-content\\\/uploads\\\/2018\\\/10\\\/ft-complete-list.jpg\",\"width\":700,\"height\":525},{\"@type\":\"BreadcrumbList\",\"@id\":\"https:\\\/\\\/catedraldevalencia.es\\\/va\\\/la-catedral\\\/el-capitol-metropolita\\\/llista-completa-capitol-metropolita\\\/#breadcrumb\",\"itemListElement\":[{\"@type\":\"ListItem\",\"position\":1,\"name\":\"Portada\",\"item\":\"https:\\\/\\\/catedraldevalencia.es\\\/va\\\/\"},{\"@type\":\"ListItem\",\"position\":2,\"name\":\"La Catedral\",\"item\":\"https:\\\/\\\/catedraldevalencia.es\\\/va\\\/la-catedral\\\/\"},{\"@type\":\"ListItem\",\"position\":3,\"name\":\"El Cap\u00edtol Metropolit\u00e0\",\"item\":\"https:\\\/\\\/catedraldevalencia.es\\\/va\\\/la-catedral\\\/el-capitol-metropolita\\\/\"},{\"@type\":\"ListItem\",\"position\":4,\"name\":\"Llista completa\"}]},{\"@type\":\"WebSite\",\"@id\":\"https:\\\/\\\/catedraldevalencia.es\\\/va\\\/#website\",\"url\":\"https:\\\/\\\/catedraldevalencia.es\\\/va\\\/\",\"name\":\"Catedral de Val\u00e8ncia\",\"description\":\"La Catedral del Sant Calze\",\"potentialAction\":[{\"@type\":\"SearchAction\",\"target\":{\"@type\":\"EntryPoint\",\"urlTemplate\":\"https:\\\/\\\/catedraldevalencia.es\\\/va\\\/?s={search_term_string}\"},\"query-input\":{\"@type\":\"PropertyValueSpecification\",\"valueRequired\":true,\"valueName\":\"search_term_string\"}}],\"inLanguage\":\"ca\"}]}<\/script>\n<!-- \/ Yoast SEO plugin. -->","yoast_head_json":{"title":"Llista completa - Catedral de Val\u00e8ncia","robots":{"index":"index","follow":"follow","max-snippet":"max-snippet:-1","max-image-preview":"max-image-preview:large","max-video-preview":"max-video-preview:-1"},"canonical":"https:\/\/catedraldevalencia.es\/va\/la-catedral\/el-capitol-metropolita\/llista-completa-capitol-metropolita\/","og_locale":"ca_ES","og_type":"article","og_title":"Llista completa - Catedral de Val\u00e8ncia","og_description":"[et_pb_section admin_label=&#8221;Cap\u00e7alera&#8221; fullwidth=&#8221;on&#8221; transparent_background=&#8221;on&#8221; allow_player_pause=&#8221;off&#8221; inner_shadow=&#8221;off&#8221; parallax=&#8221;off&#8221; parallax_method=&#8221;off&#8221; padding_mobile=&#8221;off&#8221; make_fullwidth=&#8221;off&#8221; use_custom_width=&#8221;off&#8221; width_unit=&#8221;on&#8221; make_equal=&#8221;off&#8221; use_custom_gutter=&#8221;off&#8221; module_id=&#8221;marquee&#8221; module_class=&#8221;medium animated&#8221; background_color=&#8221;#ffffff&#8221; background_image=&#8221;https:\/\/catedraldevalencia.es\/va\/wp-content\/uploads\/2018\/10\/hd-chapter-complete-list.jpg&#8221;][et_pb_fullwidth_header admin_label=&#8221;Cap\u00e7alera &#8211; El Cap\u00edtol &#8211; Llistat Complet&#8221; title=&#8221;Llistat complet&#8221; subhead=&#8221;El Cap\u00edtol Metropolit\u00e0&#8221; background_layout=&#8221;dark&#8221; text_orientation=&#8221;left&#8221; header_fullscreen=&#8221;off&#8221; header_scroll_down=&#8221;off&#8221; parallax=&#8221;off&#8221; parallax_method=&#8221;off&#8221; content_orientation=&#8221;center&#8221; image_orientation=&#8221;center&#8221; custom_button_one=&#8221;off&#8221; button_one_letter_spacing=&#8221;0&#8243; button_one_use_icon=&#8221;default&#8221; button_one_icon_placement=&#8221;right&#8221; button_one_on_hover=&#8221;on&#8221; button_one_letter_spacing_hover=&#8221;0&#8243; custom_button_two=&#8221;off&#8221; button_two_letter_spacing=&#8221;0&#8243; button_two_use_icon=&#8221;default&#8221; button_two_icon_placement=&#8221;right&#8221; button_two_on_hover=&#8221;on&#8221; button_two_letter_spacing_hover=&#8221;0&#8243; background_overlay_color=&#8221;rgba(27,27,27,0)&#8221;] [\/et_pb_fullwidth_header][\/et_pb_section][et_pb_section admin_label=&#8221;Secci\u00f3&#8221; transparent_background=&#8221;on&#8221; [&hellip;]","og_url":"https:\/\/catedraldevalencia.es\/va\/la-catedral\/el-capitol-metropolita\/llista-completa-capitol-metropolita\/","og_site_name":"Catedral de Val\u00e8ncia","article_modified_time":"2025-04-18T17:45:32+00:00","og_image":[{"width":700,"height":525,"url":"https:\/\/catedraldevalencia.es\/va\/wp-content\/uploads\/2018\/10\/ft-complete-list.jpg","type":"image\/jpeg"}],"twitter_card":"summary_large_image","twitter_misc":{"Est. reading time":"2 minutes"},"schema":{"@context":"https:\/\/schema.org","@graph":[{"@type":"WebPage","@id":"https:\/\/catedraldevalencia.es\/va\/la-catedral\/el-capitol-metropolita\/llista-completa-capitol-metropolita\/","url":"https:\/\/catedraldevalencia.es\/va\/la-catedral\/el-capitol-metropolita\/llista-completa-capitol-metropolita\/","name":"Llista completa - Catedral de Val\u00e8ncia","isPartOf":{"@id":"https:\/\/catedraldevalencia.es\/va\/#website"},"primaryImageOfPage":{"@id":"https:\/\/catedraldevalencia.es\/va\/la-catedral\/el-capitol-metropolita\/llista-completa-capitol-metropolita\/#primaryimage"},"image":{"@id":"https:\/\/catedraldevalencia.es\/va\/la-catedral\/el-capitol-metropolita\/llista-completa-capitol-metropolita\/#primaryimage"},"thumbnailUrl":"https:\/\/catedraldevalencia.es\/va\/wp-content\/uploads\/2018\/10\/ft-complete-list.jpg","datePublished":"2017-11-02T13:16:34+00:00","dateModified":"2025-04-18T17:45:32+00:00","breadcrumb":{"@id":"https:\/\/catedraldevalencia.es\/va\/la-catedral\/el-capitol-metropolita\/llista-completa-capitol-metropolita\/#breadcrumb"},"inLanguage":"ca","potentialAction":[{"@type":"ReadAction","target":["https:\/\/catedraldevalencia.es\/va\/la-catedral\/el-capitol-metropolita\/llista-completa-capitol-metropolita\/"]}]},{"@type":"ImageObject","inLanguage":"ca","@id":"https:\/\/catedraldevalencia.es\/va\/la-catedral\/el-capitol-metropolita\/llista-completa-capitol-metropolita\/#primaryimage","url":"https:\/\/catedraldevalencia.es\/va\/wp-content\/uploads\/2018\/10\/ft-complete-list.jpg","contentUrl":"https:\/\/catedraldevalencia.es\/va\/wp-content\/uploads\/2018\/10\/ft-complete-list.jpg","width":700,"height":525},{"@type":"BreadcrumbList","@id":"https:\/\/catedraldevalencia.es\/va\/la-catedral\/el-capitol-metropolita\/llista-completa-capitol-metropolita\/#breadcrumb","itemListElement":[{"@type":"ListItem","position":1,"name":"Portada","item":"https:\/\/catedraldevalencia.es\/va\/"},{"@type":"ListItem","position":2,"name":"La Catedral","item":"https:\/\/catedraldevalencia.es\/va\/la-catedral\/"},{"@type":"ListItem","position":3,"name":"El Cap\u00edtol Metropolit\u00e0","item":"https:\/\/catedraldevalencia.es\/va\/la-catedral\/el-capitol-metropolita\/"},{"@type":"ListItem","position":4,"name":"Llista completa"}]},{"@type":"WebSite","@id":"https:\/\/catedraldevalencia.es\/va\/#website","url":"https:\/\/catedraldevalencia.es\/va\/","name":"Catedral de Val\u00e8ncia","description":"La Catedral del Sant Calze","potentialAction":[{"@type":"SearchAction","target":{"@type":"EntryPoint","urlTemplate":"https:\/\/catedraldevalencia.es\/va\/?s={search_term_string}"},"query-input":{"@type":"PropertyValueSpecification","valueRequired":true,"valueName":"search_term_string"}}],"inLanguage":"ca"}]}},"_links":{"self":[{"href":"https:\/\/catedraldevalencia.es\/va\/wp-json\/wp\/v2\/pages\/95","targetHints":{"allow":["GET"]}}],"collection":[{"href":"https:\/\/catedraldevalencia.es\/va\/wp-json\/wp\/v2\/pages"}],"about":[{"href":"https:\/\/catedraldevalencia.es\/va\/wp-json\/wp\/v2\/types\/page"}],"author":[{"embeddable":true,"href":"https:\/\/catedraldevalencia.es\/va\/wp-json\/wp\/v2\/users\/1"}],"replies":[{"embeddable":true,"href":"https:\/\/catedraldevalencia.es\/va\/wp-json\/wp\/v2\/comments?post=95"}],"version-history":[{"count":0,"href":"https:\/\/catedraldevalencia.es\/va\/wp-json\/wp\/v2\/pages\/95\/revisions"}],"up":[{"embeddable":true,"href":"https:\/\/catedraldevalencia.es\/va\/wp-json\/wp\/v2\/pages\/63"}],"wp:featuredmedia":[{"embeddable":true,"href":"https:\/\/catedraldevalencia.es\/va\/wp-json\/wp\/v2\/media\/3462"}],"wp:attachment":[{"href":"https:\/\/catedraldevalencia.es\/va\/wp-json\/wp\/v2\/media?parent=95"}],"curies":[{"name":"wp","href":"https:\/\/api.w.org\/{rel}","templated":true}]}}